{"id":3453,"date":"2026-03-05T14:02:05","date_gmt":"2026-03-05T13:02:05","guid":{"rendered":"https:\/\/mavisel.com\/?post_type=product&#038;p=3453"},"modified":"2026-03-11T12:08:45","modified_gmt":"2026-03-11T11:08:45","slug":"camisola-zen-garden","status":"publish","type":"product","link":"https:\/\/mavisel.com\/?product=camisola-zen-garden","title":{"rendered":"Camisola Zen Garden"},"content":{"rendered":"<p>Camisola Zen Garden de <strong>100% viscosa<\/strong>, con largo por encima de las rodillas y <strong>mangas hasta el codo<\/strong>. Cuenta con <strong>cord\u00f3n para atar<\/strong> que permite ajustar la prenda a la silueta de manera c\u00f3moda y favorecedora. Presenta el caracter\u00edstico <strong>dise\u00f1o Zen Garden<\/strong>, inspirado en el top tri\u00e1ngulo con <strong>adorno en el escote<\/strong> y <strong>fruncido lateral con tablas<\/strong>, que aporta volumen y realza la figura con un toque femenino y sofisticado. Una pieza ligera, elegante y vers\u00e1til, perfecta para lucir un look veraniego y estilizado sobre el bikini o ba\u00f1ador en la playa o la piscina.<\/p>\n<p>Puedes completar tu look playero con el <strong><a href=\"https:\/\/mavisel.com\/producto\/top-bikini-zen-garden-con-aro-y-tirante-doble\/\">Top BbIkini Zen Garden con aro y tirante doble<\/a><\/strong>,\u00a0 el <strong><a href=\"https:\/\/mavisel.com\/producto\/top-bikini-zen-garden-triangulo\/\">Top Bikini Zen Garden Tri\u00e1ngulo<\/a><\/strong>, o si prefieres los ba\u00f1adores tienes las opciones del <strong><a href=\"https:\/\/mavisel.com\/producto\/banador-zen-garden-corte-pico-con-adorno\/\">Ba\u00f1ador Zen Garden Corte pico con adorno<\/a><\/strong>y el\u00a0 <strong><a href=\"https:\/\/mavisel.com\/producto\/banador-zen-garden-corte-pico\/\">Ba\u00f1ador Zen Garden Corte pico.<\/a><\/strong><\/p>\n","protected":false},"excerpt":{"rendered":"<p>Camisola Zen Garden de <strong>100% viscosa<\/strong> con <strong>cord\u00f3n para atar<\/strong>, <strong>mangas hasta el codo<\/strong> y largo por encima de las rodillas, con <strong>dise\u00f1o inspirado en fruncido lateral y adorno en el escote<\/strong>. Un look femenino, elegante y veraniego.<\/p>\n","protected":false},"featured_media":3529,"comment_status":"open","ping_status":"closed","template":"","meta":[],"product_brand":[70],"product_cat":[177,188],"product_tag":[],"class_list":{"0":"post-3453","1":"product","2":"type-product","3":"status-publish","4":"has-post-thumbnail","6":"product_brand-mavisel","7":"product_cat-ropa-de-playa","8":"product_cat-camisola","9":"pa_color-estampado","10":"pa_talla-u","12":"first","13":"instock","14":"shipping-taxable","15":"product-type-variable"},"yoast_head":"<!-- This site is optimized with the Yoast SEO plugin v26.8 - https:\/\/yoast.com\/product\/yoast-seo-wordpress\/ -->\n<title>Camisola Zen Garden - Mavisel<\/title>\n<meta name=\"description\" content=\"Camisola Zen Garden de 100% viscosa con cord\u00f3n para atar, mangas hasta el codo y largo por encima de las rodillas, con dise\u00f1o inspirado en fruncido lateral y adorno en el escote. Un look femenino, elegante y veraniego.\" \/>\n<meta name=\"robots\" content=\"index, follow, max-snippet:-1, max-image-preview:large, max-video-preview:-1\" \/>\n<link rel=\"canonical\" href=\"https:\/\/mavisel.com\/producto\/camisola-zen-garden\/\" \/>\n<meta property=\"og:locale\" content=\"es_ES\" \/>\n<meta property=\"og:type\" content=\"article\" \/>\n<meta property=\"og:title\" content=\"Camisola Zen Garden - Mavisel\" \/>\n<meta property=\"og:description\" content=\"Camisola Zen Garden de 100% viscosa con cord\u00f3n para atar, mangas hasta el codo y largo por encima de las rodillas, con dise\u00f1o inspirado en fruncido lateral y adorno en el escote. Un look femenino, elegante y veraniego.\" \/>\n<meta property=\"og:url\" content=\"https:\/\/mavisel.com\/producto\/camisola-zen-garden\/\" \/>\n<meta property=\"og:site_name\" content=\"Mavisel\" \/>\n<meta property=\"article:modified_time\" content=\"2026-03-11T11:08:45+00:00\" \/>\n<meta property=\"og:image\" content=\"https:\/\/mavisel.com\/wp-content\/uploads\/2026\/03\/622-2701B-banador-zen-garden-cp-1-camisola.png\" \/>\n\t<meta property=\"og:image:width\" content=\"338\" \/>\n\t<meta property=\"og:image:height\" content=\"522\" \/>\n\t<meta property=\"og:image:type\" content=\"image\/png\" \/>\n<meta name=\"twitter:card\" content=\"summary_large_image\" \/>\n<meta name=\"twitter:label1\" content=\"Tiempo de lectura\" \/>\n\t<meta name=\"twitter:data1\" content=\"1 minuto\" \/>\n<script type=\"application\/ld+json\" class=\"yoast-schema-graph\">{\"@context\":\"https:\/\/schema.org\",\"@graph\":[{\"@type\":\"WebPage\",\"@id\":\"https:\/\/mavisel.com\/producto\/camisola-zen-garden\/\",\"url\":\"https:\/\/mavisel.com\/producto\/camisola-zen-garden\/\",\"name\":\"Camisola Zen Garden - Mavisel\",\"isPartOf\":{\"@id\":\"http:\/\/mavisel.com\/#website\"},\"primaryImageOfPage\":{\"@id\":\"https:\/\/mavisel.com\/producto\/camisola-zen-garden\/#primaryimage\"},\"image\":{\"@id\":\"https:\/\/mavisel.com\/producto\/camisola-zen-garden\/#primaryimage\"},\"thumbnailUrl\":\"https:\/\/mavisel.com\/wp-content\/uploads\/2026\/03\/622-2701B-banador-zen-garden-cp-1-camisola.png\",\"datePublished\":\"2026-03-05T13:02:05+00:00\",\"dateModified\":\"2026-03-11T11:08:45+00:00\",\"description\":\"Camisola Zen Garden de 100% viscosa con cord\u00f3n para atar, mangas hasta el codo y largo por encima de las rodillas, con dise\u00f1o inspirado en fruncido lateral y adorno en el escote. Un look femenino, elegante y veraniego.\",\"breadcrumb\":{\"@id\":\"https:\/\/mavisel.com\/producto\/camisola-zen-garden\/#breadcrumb\"},\"inLanguage\":\"es\",\"potentialAction\":[{\"@type\":\"ReadAction\",\"target\":[\"https:\/\/mavisel.com\/producto\/camisola-zen-garden\/\"]}]},{\"@type\":\"ImageObject\",\"inLanguage\":\"es\",\"@id\":\"https:\/\/mavisel.com\/producto\/camisola-zen-garden\/#primaryimage\",\"url\":\"https:\/\/mavisel.com\/wp-content\/uploads\/2026\/03\/622-2701B-banador-zen-garden-cp-1-camisola.png\",\"contentUrl\":\"https:\/\/mavisel.com\/wp-content\/uploads\/2026\/03\/622-2701B-banador-zen-garden-cp-1-camisola.png\",\"width\":338,\"height\":522,\"caption\":\"Csmidols y ba\u00f1ador Zen Garden\"},{\"@type\":\"BreadcrumbList\",\"@id\":\"https:\/\/mavisel.com\/producto\/camisola-zen-garden\/#breadcrumb\",\"itemListElement\":[{\"@type\":\"ListItem\",\"position\":1,\"name\":\"Portada\",\"item\":\"https:\/\/mavisel.com\/\"},{\"@type\":\"ListItem\",\"position\":2,\"name\":\"Home\",\"item\":\"https:\/\/mavisel.com\/\"},{\"@type\":\"ListItem\",\"position\":3,\"name\":\"Camisola Zen Garden\"}]},{\"@type\":\"WebSite\",\"@id\":\"http:\/\/mavisel.com\/#website\",\"url\":\"http:\/\/mavisel.com\/\",\"name\":\"Mavisel\",\"description\":\"Marca espa\u00f1ola de moda de ba\u00f1o para mujer\",\"publisher\":{\"@id\":\"http:\/\/mavisel.com\/#organization\"},\"potentialAction\":[{\"@type\":\"SearchAction\",\"target\":{\"@type\":\"EntryPoint\",\"urlTemplate\":\"http:\/\/mavisel.com\/?s={search_term_string}\"},\"query-input\":{\"@type\":\"PropertyValueSpecification\",\"valueRequired\":true,\"valueName\":\"search_term_string\"}}],\"inLanguage\":\"es\"},{\"@type\":\"Organization\",\"@id\":\"http:\/\/mavisel.com\/#organization\",\"name\":\"Mavisel\",\"url\":\"http:\/\/mavisel.com\/\",\"logo\":{\"@type\":\"ImageObject\",\"inLanguage\":\"es\",\"@id\":\"http:\/\/mavisel.com\/#\/schema\/logo\/image\/\",\"url\":\"https:\/\/mavisel.com\/wp-content\/uploads\/2024\/09\/cropped-cropped-MAVISEL-1.png\",\"contentUrl\":\"https:\/\/mavisel.com\/wp-content\/uploads\/2024\/09\/cropped-cropped-MAVISEL-1.png\",\"width\":512,\"height\":213,\"caption\":\"Mavisel\"},\"image\":{\"@id\":\"http:\/\/mavisel.com\/#\/schema\/logo\/image\/\"}}]}<\/script>\n<!-- \/ Yoast SEO plugin. -->","yoast_head_json":{"title":"Camisola Zen Garden - Mavisel","description":"Camisola Zen Garden de 100% viscosa con cord\u00f3n para atar, mangas hasta el codo y largo por encima de las rodillas, con dise\u00f1o inspirado en fruncido lateral y adorno en el escote. Un look femenino, elegante y veraniego.","robots":{"index":"index","follow":"follow","max-snippet":"max-snippet:-1","max-image-preview":"max-image-preview:large","max-video-preview":"max-video-preview:-1"},"canonical":"https:\/\/mavisel.com\/producto\/camisola-zen-garden\/","og_locale":"es_ES","og_type":"article","og_title":"Camisola Zen Garden - Mavisel","og_description":"Camisola Zen Garden de 100% viscosa con cord\u00f3n para atar, mangas hasta el codo y largo por encima de las rodillas, con dise\u00f1o inspirado en fruncido lateral y adorno en el escote. Un look femenino, elegante y veraniego.","og_url":"https:\/\/mavisel.com\/producto\/camisola-zen-garden\/","og_site_name":"Mavisel","article_modified_time":"2026-03-11T11:08:45+00:00","og_image":[{"width":338,"height":522,"url":"https:\/\/mavisel.com\/wp-content\/uploads\/2026\/03\/622-2701B-banador-zen-garden-cp-1-camisola.png","type":"image\/png"}],"twitter_card":"summary_large_image","twitter_misc":{"Tiempo de lectura":"1 minuto"},"schema":{"@context":"https:\/\/schema.org","@graph":[{"@type":"WebPage","@id":"https:\/\/mavisel.com\/producto\/camisola-zen-garden\/","url":"https:\/\/mavisel.com\/producto\/camisola-zen-garden\/","name":"Camisola Zen Garden - Mavisel","isPartOf":{"@id":"http:\/\/mavisel.com\/#website"},"primaryImageOfPage":{"@id":"https:\/\/mavisel.com\/producto\/camisola-zen-garden\/#primaryimage"},"image":{"@id":"https:\/\/mavisel.com\/producto\/camisola-zen-garden\/#primaryimage"},"thumbnailUrl":"https:\/\/mavisel.com\/wp-content\/uploads\/2026\/03\/622-2701B-banador-zen-garden-cp-1-camisola.png","datePublished":"2026-03-05T13:02:05+00:00","dateModified":"2026-03-11T11:08:45+00:00","description":"Camisola Zen Garden de 100% viscosa con cord\u00f3n para atar, mangas hasta el codo y largo por encima de las rodillas, con dise\u00f1o inspirado en fruncido lateral y adorno en el escote. Un look femenino, elegante y veraniego.","breadcrumb":{"@id":"https:\/\/mavisel.com\/producto\/camisola-zen-garden\/#breadcrumb"},"inLanguage":"es","potentialAction":[{"@type":"ReadAction","target":["https:\/\/mavisel.com\/producto\/camisola-zen-garden\/"]}]},{"@type":"ImageObject","inLanguage":"es","@id":"https:\/\/mavisel.com\/producto\/camisola-zen-garden\/#primaryimage","url":"https:\/\/mavisel.com\/wp-content\/uploads\/2026\/03\/622-2701B-banador-zen-garden-cp-1-camisola.png","contentUrl":"https:\/\/mavisel.com\/wp-content\/uploads\/2026\/03\/622-2701B-banador-zen-garden-cp-1-camisola.png","width":338,"height":522,"caption":"Csmidols y ba\u00f1ador Zen Garden"},{"@type":"BreadcrumbList","@id":"https:\/\/mavisel.com\/producto\/camisola-zen-garden\/#breadcrumb","itemListElement":[{"@type":"ListItem","position":1,"name":"Portada","item":"https:\/\/mavisel.com\/"},{"@type":"ListItem","position":2,"name":"Home","item":"https:\/\/mavisel.com\/"},{"@type":"ListItem","position":3,"name":"Camisola Zen Garden"}]},{"@type":"WebSite","@id":"http:\/\/mavisel.com\/#website","url":"http:\/\/mavisel.com\/","name":"Mavisel","description":"Marca espa\u00f1ola de moda de ba\u00f1o para mujer","publisher":{"@id":"http:\/\/mavisel.com\/#organization"},"potentialAction":[{"@type":"SearchAction","target":{"@type":"EntryPoint","urlTemplate":"http:\/\/mavisel.com\/?s={search_term_string}"},"query-input":{"@type":"PropertyValueSpecification","valueRequired":true,"valueName":"search_term_string"}}],"inLanguage":"es"},{"@type":"Organization","@id":"http:\/\/mavisel.com\/#organization","name":"Mavisel","url":"http:\/\/mavisel.com\/","logo":{"@type":"ImageObject","inLanguage":"es","@id":"http:\/\/mavisel.com\/#\/schema\/logo\/image\/","url":"https:\/\/mavisel.com\/wp-content\/uploads\/2024\/09\/cropped-cropped-MAVISEL-1.png","contentUrl":"https:\/\/mavisel.com\/wp-content\/uploads\/2024\/09\/cropped-cropped-MAVISEL-1.png","width":512,"height":213,"caption":"Mavisel"},"image":{"@id":"http:\/\/mavisel.com\/#\/schema\/logo\/image\/"}}]}},"_links":{"self":[{"href":"https:\/\/mavisel.com\/index.php?rest_route=\/wp\/v2\/product\/3453","targetHints":{"allow":["GET"]}}],"collection":[{"href":"https:\/\/mavisel.com\/index.php?rest_route=\/wp\/v2\/product"}],"about":[{"href":"https:\/\/mavisel.com\/index.php?rest_route=\/wp\/v2\/types\/product"}],"replies":[{"embeddable":true,"href":"https:\/\/mavisel.com\/index.php?rest_route=%2Fwp%2Fv2%2Fcomments&post=3453"}],"wp:featuredmedia":[{"embeddable":true,"href":"https:\/\/mavisel.com\/index.php?rest_route=\/wp\/v2\/media\/3529"}],"wp:attachment":[{"href":"https:\/\/mavisel.com\/index.php?rest_route=%2Fwp%2Fv2%2Fmedia&parent=3453"}],"wp:term":[{"taxonomy":"product_brand","embeddable":true,"href":"https:\/\/mavisel.com\/index.php?rest_route=%2Fwp%2Fv2%2Fproduct_brand&post=3453"},{"taxonomy":"product_cat","embeddable":true,"href":"https:\/\/mavisel.com\/index.php?rest_route=%2Fwp%2Fv2%2Fproduct_cat&post=3453"},{"taxonomy":"product_tag","embeddable":true,"href":"https:\/\/mavisel.com\/index.php?rest_route=%2Fwp%2Fv2%2Fproduct_tag&post=3453"}],"curies":[{"name":"wp","href":"https:\/\/api.w.org\/{rel}","templated":true}]}}