{"id":3425,"date":"2026-03-05T14:01:58","date_gmt":"2026-03-05T13:01:58","guid":{"rendered":"https:\/\/mavisel.com\/?post_type=product&#038;p=3425"},"modified":"2026-03-12T14:24:29","modified_gmt":"2026-03-12T13:24:29","slug":"top-tankini-goldblackwhite-corte-pico","status":"publish","type":"product","link":"https:\/\/mavisel.com\/?product=top-tankini-goldblackwhite-corte-pico","title":{"rendered":"Top Tankini Gold,Black&#038;White Geom\u00e9trico Corte pico"},"content":{"rendered":"<p>Top tankini Gold, Black &amp; White Geom\u00e9trico <strong>corte pico<\/strong> que estiliza el escote y realza la silueta. Presenta una <strong>anilla en el escote<\/strong> que a\u00f1ade un detalle moderno y sofisticado. La parte superior es <strong>negra con l\u00edneas blancas<\/strong> siguiendo un dise\u00f1o geom\u00e9trico similar al tri\u00e1ngulo anterior, mientras que la parte inferior combina <strong>fondo negro con l\u00edneas horizontales y verticales blancas formando cuadrados<\/strong>, creando un look elegante, contempor\u00e1neo y llamativo. Una pieza vers\u00e1til y favorecedora, perfecta para lucir estilo veraniego en la playa o la piscina.<\/p>\n<p>Tambi\u00e9n est\u00e1n disponibles los modelos<strong><a href=\"https:\/\/mavisel.com\/producto\/top-bikini-goldblackwhite-geometrico-triangulo\/\">\u00a0 Top Bikini Gold,Black&amp;White Geom\u00e9trico Tri\u00e1ngulo<\/a><\/strong>,\u00a0 <strong><a href=\"https:\/\/mavisel.com\/producto\/banador-goldblackwhite-geometrico-corte-pico-con-adorno\/\">Ba\u00f1ador Gold,Black&amp;White Geom\u00e9trico Corte pico con adorno<\/a><\/strong> y el\u00a0 <strong><a href=\"https:\/\/mavisel.com\/producto\/banador-goldblackwhite-geometrico-corte-pico\/\">Ba\u00f1ador Gold,Black&amp;White Geom\u00e9trico Corte pico.\u00a0<\/a><\/strong><\/p>\n","protected":false},"excerpt":{"rendered":"<p>Top tankini Gold, Black &amp; White corte pico con <strong>anilla en el escote<\/strong>. Parte superior negra con l\u00edneas blancas y parte inferior negra con l\u00edneas formando cuadrados. Un dise\u00f1o moderno, elegante y favorecedor.<\/p>\n","protected":false},"featured_media":3610,"comment_status":"open","ping_status":"closed","template":"","meta":[],"product_brand":[70],"product_cat":[163,201,202],"product_tag":[],"class_list":{"0":"post-3425","1":"product","2":"type-product","3":"status-publish","4":"has-post-thumbnail","6":"product_brand-mavisel","7":"product_cat-moda-de-bano","8":"product_cat-tankinis","9":"product_cat-corte-pico-tankinis","10":"pa_color-estampado","11":"pa_talla-talla-95c","12":"pa_talla-talla-100c","13":"pa_talla-talla-105c","14":"pa_talla-talla-110c","16":"first","17":"instock","18":"shipping-taxable","19":"product-type-variable"},"yoast_head":"<!-- This site is optimized with the Yoast SEO plugin v26.8 - https:\/\/yoast.com\/product\/yoast-seo-wordpress\/ -->\n<title>Top Tankini Gold,Black&amp;White Geom\u00e9trico Corte pico - Mavisel<\/title>\n<meta name=\"description\" content=\"Top tankini Gold, Black &amp; White corte pico con anilla en el escote. Parte superior negra con l\u00edneas blancas y parte inferior negra con l\u00edneas formando cuadrados. Un dise\u00f1o moderno, elegante y favorecedor.\" \/>\n<meta name=\"robots\" content=\"index, follow, max-snippet:-1, max-image-preview:large, max-video-preview:-1\" \/>\n<link rel=\"canonical\" href=\"https:\/\/mavisel.com\/producto\/top-tankini-goldblackwhite-corte-pico\/\" \/>\n<meta property=\"og:locale\" content=\"es_ES\" \/>\n<meta property=\"og:type\" content=\"article\" \/>\n<meta property=\"og:title\" content=\"Top Tankini Gold,Black&amp;White Geom\u00e9trico Corte pico - Mavisel\" \/>\n<meta property=\"og:description\" content=\"Top tankini Gold, Black &amp; White corte pico con anilla en el escote. Parte superior negra con l\u00edneas blancas y parte inferior negra con l\u00edneas formando cuadrados. Un dise\u00f1o moderno, elegante y favorecedor.\" \/>\n<meta property=\"og:url\" content=\"https:\/\/mavisel.com\/producto\/top-tankini-goldblackwhite-corte-pico\/\" \/>\n<meta property=\"og:site_name\" content=\"Mavisel\" \/>\n<meta property=\"article:modified_time\" content=\"2026-03-12T13:24:29+00:00\" \/>\n<meta property=\"og:image\" content=\"https:\/\/mavisel.com\/wp-content\/uploads\/2026\/03\/641-2994C-tankini-geometrico-cp.png\" \/>\n\t<meta property=\"og:image:width\" content=\"269\" \/>\n\t<meta property=\"og:image:height\" content=\"526\" \/>\n\t<meta property=\"og:image:type\" content=\"image\/png\" \/>\n<meta name=\"twitter:card\" content=\"summary_large_image\" \/>\n<meta name=\"twitter:label1\" content=\"Tiempo de lectura\" \/>\n\t<meta name=\"twitter:data1\" content=\"1 minuto\" \/>\n<script type=\"application\/ld+json\" class=\"yoast-schema-graph\">{\"@context\":\"https:\/\/schema.org\",\"@graph\":[{\"@type\":\"WebPage\",\"@id\":\"https:\/\/mavisel.com\/producto\/top-tankini-goldblackwhite-corte-pico\/\",\"url\":\"https:\/\/mavisel.com\/producto\/top-tankini-goldblackwhite-corte-pico\/\",\"name\":\"Top Tankini Gold,Black&White Geom\u00e9trico Corte pico - Mavisel\",\"isPartOf\":{\"@id\":\"http:\/\/mavisel.com\/#website\"},\"primaryImageOfPage\":{\"@id\":\"https:\/\/mavisel.com\/producto\/top-tankini-goldblackwhite-corte-pico\/#primaryimage\"},\"image\":{\"@id\":\"https:\/\/mavisel.com\/producto\/top-tankini-goldblackwhite-corte-pico\/#primaryimage\"},\"thumbnailUrl\":\"https:\/\/mavisel.com\/wp-content\/uploads\/2026\/03\/641-2994C-tankini-geometrico-cp.png\",\"datePublished\":\"2026-03-05T13:01:58+00:00\",\"dateModified\":\"2026-03-12T13:24:29+00:00\",\"description\":\"Top tankini Gold, Black & White corte pico con anilla en el escote. Parte superior negra con l\u00edneas blancas y parte inferior negra con l\u00edneas formando cuadrados. Un dise\u00f1o moderno, elegante y favorecedor.\",\"breadcrumb\":{\"@id\":\"https:\/\/mavisel.com\/producto\/top-tankini-goldblackwhite-corte-pico\/#breadcrumb\"},\"inLanguage\":\"es\",\"potentialAction\":[{\"@type\":\"ReadAction\",\"target\":[\"https:\/\/mavisel.com\/producto\/top-tankini-goldblackwhite-corte-pico\/\"]}]},{\"@type\":\"ImageObject\",\"inLanguage\":\"es\",\"@id\":\"https:\/\/mavisel.com\/producto\/top-tankini-goldblackwhite-corte-pico\/#primaryimage\",\"url\":\"https:\/\/mavisel.com\/wp-content\/uploads\/2026\/03\/641-2994C-tankini-geometrico-cp.png\",\"contentUrl\":\"https:\/\/mavisel.com\/wp-content\/uploads\/2026\/03\/641-2994C-tankini-geometrico-cp.png\",\"width\":269,\"height\":526,\"caption\":\"Tankini Gold, Black & White Geom\u00e9trico Corte pico\"},{\"@type\":\"BreadcrumbList\",\"@id\":\"https:\/\/mavisel.com\/producto\/top-tankini-goldblackwhite-corte-pico\/#breadcrumb\",\"itemListElement\":[{\"@type\":\"ListItem\",\"position\":1,\"name\":\"Portada\",\"item\":\"https:\/\/mavisel.com\/\"},{\"@type\":\"ListItem\",\"position\":2,\"name\":\"Home\",\"item\":\"https:\/\/mavisel.com\/\"},{\"@type\":\"ListItem\",\"position\":3,\"name\":\"Top Tankini Gold,Black&#038;White Geom\u00e9trico Corte pico\"}]},{\"@type\":\"WebSite\",\"@id\":\"http:\/\/mavisel.com\/#website\",\"url\":\"http:\/\/mavisel.com\/\",\"name\":\"Mavisel\",\"description\":\"Marca espa\u00f1ola de moda de ba\u00f1o para mujer\",\"publisher\":{\"@id\":\"http:\/\/mavisel.com\/#organization\"},\"potentialAction\":[{\"@type\":\"SearchAction\",\"target\":{\"@type\":\"EntryPoint\",\"urlTemplate\":\"http:\/\/mavisel.com\/?s={search_term_string}\"},\"query-input\":{\"@type\":\"PropertyValueSpecification\",\"valueRequired\":true,\"valueName\":\"search_term_string\"}}],\"inLanguage\":\"es\"},{\"@type\":\"Organization\",\"@id\":\"http:\/\/mavisel.com\/#organization\",\"name\":\"Mavisel\",\"url\":\"http:\/\/mavisel.com\/\",\"logo\":{\"@type\":\"ImageObject\",\"inLanguage\":\"es\",\"@id\":\"http:\/\/mavisel.com\/#\/schema\/logo\/image\/\",\"url\":\"https:\/\/mavisel.com\/wp-content\/uploads\/2024\/09\/cropped-cropped-MAVISEL-1.png\",\"contentUrl\":\"https:\/\/mavisel.com\/wp-content\/uploads\/2024\/09\/cropped-cropped-MAVISEL-1.png\",\"width\":512,\"height\":213,\"caption\":\"Mavisel\"},\"image\":{\"@id\":\"http:\/\/mavisel.com\/#\/schema\/logo\/image\/\"}}]}<\/script>\n<!-- \/ Yoast SEO plugin. -->","yoast_head_json":{"title":"Top Tankini Gold,Black&White Geom\u00e9trico Corte pico - Mavisel","description":"Top tankini Gold, Black & White corte pico con anilla en el escote. Parte superior negra con l\u00edneas blancas y parte inferior negra con l\u00edneas formando cuadrados. Un dise\u00f1o moderno, elegante y favorecedor.","robots":{"index":"index","follow":"follow","max-snippet":"max-snippet:-1","max-image-preview":"max-image-preview:large","max-video-preview":"max-video-preview:-1"},"canonical":"https:\/\/mavisel.com\/producto\/top-tankini-goldblackwhite-corte-pico\/","og_locale":"es_ES","og_type":"article","og_title":"Top Tankini Gold,Black&White Geom\u00e9trico Corte pico - Mavisel","og_description":"Top tankini Gold, Black & White corte pico con anilla en el escote. Parte superior negra con l\u00edneas blancas y parte inferior negra con l\u00edneas formando cuadrados. Un dise\u00f1o moderno, elegante y favorecedor.","og_url":"https:\/\/mavisel.com\/producto\/top-tankini-goldblackwhite-corte-pico\/","og_site_name":"Mavisel","article_modified_time":"2026-03-12T13:24:29+00:00","og_image":[{"width":269,"height":526,"url":"https:\/\/mavisel.com\/wp-content\/uploads\/2026\/03\/641-2994C-tankini-geometrico-cp.png","type":"image\/png"}],"twitter_card":"summary_large_image","twitter_misc":{"Tiempo de lectura":"1 minuto"},"schema":{"@context":"https:\/\/schema.org","@graph":[{"@type":"WebPage","@id":"https:\/\/mavisel.com\/producto\/top-tankini-goldblackwhite-corte-pico\/","url":"https:\/\/mavisel.com\/producto\/top-tankini-goldblackwhite-corte-pico\/","name":"Top Tankini Gold,Black&White Geom\u00e9trico Corte pico - Mavisel","isPartOf":{"@id":"http:\/\/mavisel.com\/#website"},"primaryImageOfPage":{"@id":"https:\/\/mavisel.com\/producto\/top-tankini-goldblackwhite-corte-pico\/#primaryimage"},"image":{"@id":"https:\/\/mavisel.com\/producto\/top-tankini-goldblackwhite-corte-pico\/#primaryimage"},"thumbnailUrl":"https:\/\/mavisel.com\/wp-content\/uploads\/2026\/03\/641-2994C-tankini-geometrico-cp.png","datePublished":"2026-03-05T13:01:58+00:00","dateModified":"2026-03-12T13:24:29+00:00","description":"Top tankini Gold, Black & White corte pico con anilla en el escote. Parte superior negra con l\u00edneas blancas y parte inferior negra con l\u00edneas formando cuadrados. Un dise\u00f1o moderno, elegante y favorecedor.","breadcrumb":{"@id":"https:\/\/mavisel.com\/producto\/top-tankini-goldblackwhite-corte-pico\/#breadcrumb"},"inLanguage":"es","potentialAction":[{"@type":"ReadAction","target":["https:\/\/mavisel.com\/producto\/top-tankini-goldblackwhite-corte-pico\/"]}]},{"@type":"ImageObject","inLanguage":"es","@id":"https:\/\/mavisel.com\/producto\/top-tankini-goldblackwhite-corte-pico\/#primaryimage","url":"https:\/\/mavisel.com\/wp-content\/uploads\/2026\/03\/641-2994C-tankini-geometrico-cp.png","contentUrl":"https:\/\/mavisel.com\/wp-content\/uploads\/2026\/03\/641-2994C-tankini-geometrico-cp.png","width":269,"height":526,"caption":"Tankini Gold, Black & White Geom\u00e9trico Corte pico"},{"@type":"BreadcrumbList","@id":"https:\/\/mavisel.com\/producto\/top-tankini-goldblackwhite-corte-pico\/#breadcrumb","itemListElement":[{"@type":"ListItem","position":1,"name":"Portada","item":"https:\/\/mavisel.com\/"},{"@type":"ListItem","position":2,"name":"Home","item":"https:\/\/mavisel.com\/"},{"@type":"ListItem","position":3,"name":"Top Tankini Gold,Black&#038;White Geom\u00e9trico Corte pico"}]},{"@type":"WebSite","@id":"http:\/\/mavisel.com\/#website","url":"http:\/\/mavisel.com\/","name":"Mavisel","description":"Marca espa\u00f1ola de moda de ba\u00f1o para mujer","publisher":{"@id":"http:\/\/mavisel.com\/#organization"},"potentialAction":[{"@type":"SearchAction","target":{"@type":"EntryPoint","urlTemplate":"http:\/\/mavisel.com\/?s={search_term_string}"},"query-input":{"@type":"PropertyValueSpecification","valueRequired":true,"valueName":"search_term_string"}}],"inLanguage":"es"},{"@type":"Organization","@id":"http:\/\/mavisel.com\/#organization","name":"Mavisel","url":"http:\/\/mavisel.com\/","logo":{"@type":"ImageObject","inLanguage":"es","@id":"http:\/\/mavisel.com\/#\/schema\/logo\/image\/","url":"https:\/\/mavisel.com\/wp-content\/uploads\/2024\/09\/cropped-cropped-MAVISEL-1.png","contentUrl":"https:\/\/mavisel.com\/wp-content\/uploads\/2024\/09\/cropped-cropped-MAVISEL-1.png","width":512,"height":213,"caption":"Mavisel"},"image":{"@id":"http:\/\/mavisel.com\/#\/schema\/logo\/image\/"}}]}},"_links":{"self":[{"href":"https:\/\/mavisel.com\/index.php?rest_route=\/wp\/v2\/product\/3425","targetHints":{"allow":["GET"]}}],"collection":[{"href":"https:\/\/mavisel.com\/index.php?rest_route=\/wp\/v2\/product"}],"about":[{"href":"https:\/\/mavisel.com\/index.php?rest_route=\/wp\/v2\/types\/product"}],"replies":[{"embeddable":true,"href":"https:\/\/mavisel.com\/index.php?rest_route=%2Fwp%2Fv2%2Fcomments&post=3425"}],"wp:featuredmedia":[{"embeddable":true,"href":"https:\/\/mavisel.com\/index.php?rest_route=\/wp\/v2\/media\/3610"}],"wp:attachment":[{"href":"https:\/\/mavisel.com\/index.php?rest_route=%2Fwp%2Fv2%2Fmedia&parent=3425"}],"wp:term":[{"taxonomy":"product_brand","embeddable":true,"href":"https:\/\/mavisel.com\/index.php?rest_route=%2Fwp%2Fv2%2Fproduct_brand&post=3425"},{"taxonomy":"product_cat","embeddable":true,"href":"https:\/\/mavisel.com\/index.php?rest_route=%2Fwp%2Fv2%2Fproduct_cat&post=3425"},{"taxonomy":"product_tag","embeddable":true,"href":"https:\/\/mavisel.com\/index.php?rest_route=%2Fwp%2Fv2%2Fproduct_tag&post=3425"}],"curies":[{"name":"wp","href":"https:\/\/api.w.org\/{rel}","templated":true}]}}