{"id":3365,"date":"2026-03-05T14:01:43","date_gmt":"2026-03-05T13:01:43","guid":{"rendered":"https:\/\/mavisel.com\/?post_type=product&#038;p=3365"},"modified":"2026-03-12T12:14:59","modified_gmt":"2026-03-12T11:14:59","slug":"top-bikini-marine-triangulo","status":"publish","type":"product","link":"https:\/\/mavisel.com\/?product=top-bikini-marine-triangulo","title":{"rendered":"Top Bikini Marine Tri\u00e1ngulo"},"content":{"rendered":"<p>Top bikini Marine con <strong>corte tri\u00e1ngulo<\/strong> que realza el escote y aporta un estilo femenino y favorecedor. Incorpora una <strong>anilla de resina roja<\/strong> en el centro del escote como detalle distintivo. Presenta un <strong>dise\u00f1o a rayas azul marino y blanco<\/strong> en la parte superior, mientras que la parte inferior a\u00f1ade una <strong>l\u00ednea roja<\/strong> que aporta contraste y un toque moderno. Una pieza elegante y llamativa, perfecta para lucir un look veraniego con estilo en la playa o la piscina.<\/p>\n<p>Tienes la opci\u00f3n del <strong><a href=\"https:\/\/mavisel.com\/producto\/top-bikini-marine-con-aro-y-doble-tirante\/\">Top Bikini Marine Con aro y doble tirante<\/a><\/strong>, o sino tienes las opciones del <strong><a href=\"https:\/\/mavisel.com\/producto\/banador-marine-escote-redondo\/\">Ba\u00f1ador Marine Escote redondo<\/a><\/strong> y el <strong><a href=\"https:\/\/mavisel.com\/producto\/banador-marine-corte-pico\/\">Ba\u00f1ador Marine Corte pico<\/a><\/strong>.<\/p>\n","protected":false},"excerpt":{"rendered":"<p>Top bikini Marine tri\u00e1ngulo con <strong>anilla de resina roja<\/strong>, <strong>dise\u00f1o a rayas azul marino y blanco<\/strong> y l\u00ednea roja en la parte inferior. Un dise\u00f1o moderno, elegante y veraniego.<\/p>\n","protected":false},"featured_media":3590,"comment_status":"open","ping_status":"closed","template":"","meta":[],"product_brand":[70],"product_cat":[34,163,167],"product_tag":[],"class_list":{"0":"post-3365","1":"product","2":"type-product","3":"status-publish","4":"has-post-thumbnail","6":"product_brand-mavisel","7":"product_cat-top-bikinis","8":"product_cat-moda-de-bano","9":"product_cat-triangulo","10":"pa_color-estampado","11":"pa_talla-talla-85c","12":"pa_talla-talla-90c","13":"pa_talla-talla-95c","14":"pa_talla-talla-100c","15":"pa_talla-talla-105c","17":"first","18":"instock","19":"shipping-taxable","20":"product-type-variable"},"yoast_head":"<!-- This site is optimized with the Yoast SEO plugin v26.8 - https:\/\/yoast.com\/product\/yoast-seo-wordpress\/ -->\n<title>Top Bikini Marine Tri\u00e1ngulo - Mavisel<\/title>\n<meta name=\"description\" content=\"Top bikini Marine tri\u00e1ngulo con anilla de resina roja, dise\u00f1o a rayas azul marino y blanco y l\u00ednea roja en la parte inferior. Un dise\u00f1o moderno, elegante y veraniego.\" \/>\n<meta name=\"robots\" content=\"index, follow, max-snippet:-1, max-image-preview:large, max-video-preview:-1\" \/>\n<link rel=\"canonical\" href=\"https:\/\/mavisel.com\/producto\/top-bikini-marine-triangulo\/\" \/>\n<meta property=\"og:locale\" content=\"es_ES\" \/>\n<meta property=\"og:type\" content=\"article\" \/>\n<meta property=\"og:title\" content=\"Top Bikini Marine Tri\u00e1ngulo - Mavisel\" \/>\n<meta property=\"og:description\" content=\"Top bikini Marine tri\u00e1ngulo con anilla de resina roja, dise\u00f1o a rayas azul marino y blanco y l\u00ednea roja en la parte inferior. Un dise\u00f1o moderno, elegante y veraniego.\" \/>\n<meta property=\"og:url\" content=\"https:\/\/mavisel.com\/producto\/top-bikini-marine-triangulo\/\" \/>\n<meta property=\"og:site_name\" content=\"Mavisel\" \/>\n<meta property=\"article:modified_time\" content=\"2026-03-12T11:14:59+00:00\" \/>\n<meta property=\"og:image\" content=\"https:\/\/mavisel.com\/wp-content\/uploads\/2026\/03\/632-1060C-top-bikini-marine-triangulo.png\" \/>\n\t<meta property=\"og:image:width\" content=\"252\" \/>\n\t<meta property=\"og:image:height\" content=\"480\" \/>\n\t<meta property=\"og:image:type\" content=\"image\/png\" \/>\n<meta name=\"twitter:card\" content=\"summary_large_image\" \/>\n<meta name=\"twitter:label1\" content=\"Tiempo de lectura\" \/>\n\t<meta name=\"twitter:data1\" content=\"1 minuto\" \/>\n<script type=\"application\/ld+json\" class=\"yoast-schema-graph\">{\"@context\":\"https:\/\/schema.org\",\"@graph\":[{\"@type\":\"WebPage\",\"@id\":\"https:\/\/mavisel.com\/producto\/top-bikini-marine-triangulo\/\",\"url\":\"https:\/\/mavisel.com\/producto\/top-bikini-marine-triangulo\/\",\"name\":\"Top Bikini Marine Tri\u00e1ngulo - Mavisel\",\"isPartOf\":{\"@id\":\"http:\/\/mavisel.com\/#website\"},\"primaryImageOfPage\":{\"@id\":\"https:\/\/mavisel.com\/producto\/top-bikini-marine-triangulo\/#primaryimage\"},\"image\":{\"@id\":\"https:\/\/mavisel.com\/producto\/top-bikini-marine-triangulo\/#primaryimage\"},\"thumbnailUrl\":\"https:\/\/mavisel.com\/wp-content\/uploads\/2026\/03\/632-1060C-top-bikini-marine-triangulo.png\",\"datePublished\":\"2026-03-05T13:01:43+00:00\",\"dateModified\":\"2026-03-12T11:14:59+00:00\",\"description\":\"Top bikini Marine tri\u00e1ngulo con anilla de resina roja, dise\u00f1o a rayas azul marino y blanco y l\u00ednea roja en la parte inferior. Un dise\u00f1o moderno, elegante y veraniego.\",\"breadcrumb\":{\"@id\":\"https:\/\/mavisel.com\/producto\/top-bikini-marine-triangulo\/#breadcrumb\"},\"inLanguage\":\"es\",\"potentialAction\":[{\"@type\":\"ReadAction\",\"target\":[\"https:\/\/mavisel.com\/producto\/top-bikini-marine-triangulo\/\"]}]},{\"@type\":\"ImageObject\",\"inLanguage\":\"es\",\"@id\":\"https:\/\/mavisel.com\/producto\/top-bikini-marine-triangulo\/#primaryimage\",\"url\":\"https:\/\/mavisel.com\/wp-content\/uploads\/2026\/03\/632-1060C-top-bikini-marine-triangulo.png\",\"contentUrl\":\"https:\/\/mavisel.com\/wp-content\/uploads\/2026\/03\/632-1060C-top-bikini-marine-triangulo.png\",\"width\":252,\"height\":480,\"caption\":\"Top Bikini Marine Tri\u00e1ngulo\"},{\"@type\":\"BreadcrumbList\",\"@id\":\"https:\/\/mavisel.com\/producto\/top-bikini-marine-triangulo\/#breadcrumb\",\"itemListElement\":[{\"@type\":\"ListItem\",\"position\":1,\"name\":\"Portada\",\"item\":\"https:\/\/mavisel.com\/\"},{\"@type\":\"ListItem\",\"position\":2,\"name\":\"Home\",\"item\":\"https:\/\/mavisel.com\/\"},{\"@type\":\"ListItem\",\"position\":3,\"name\":\"Top Bikini Marine Tri\u00e1ngulo\"}]},{\"@type\":\"WebSite\",\"@id\":\"http:\/\/mavisel.com\/#website\",\"url\":\"http:\/\/mavisel.com\/\",\"name\":\"Mavisel\",\"description\":\"Marca espa\u00f1ola de moda de ba\u00f1o para mujer\",\"publisher\":{\"@id\":\"http:\/\/mavisel.com\/#organization\"},\"potentialAction\":[{\"@type\":\"SearchAction\",\"target\":{\"@type\":\"EntryPoint\",\"urlTemplate\":\"http:\/\/mavisel.com\/?s={search_term_string}\"},\"query-input\":{\"@type\":\"PropertyValueSpecification\",\"valueRequired\":true,\"valueName\":\"search_term_string\"}}],\"inLanguage\":\"es\"},{\"@type\":\"Organization\",\"@id\":\"http:\/\/mavisel.com\/#organization\",\"name\":\"Mavisel\",\"url\":\"http:\/\/mavisel.com\/\",\"logo\":{\"@type\":\"ImageObject\",\"inLanguage\":\"es\",\"@id\":\"http:\/\/mavisel.com\/#\/schema\/logo\/image\/\",\"url\":\"https:\/\/mavisel.com\/wp-content\/uploads\/2024\/09\/cropped-cropped-MAVISEL-1.png\",\"contentUrl\":\"https:\/\/mavisel.com\/wp-content\/uploads\/2024\/09\/cropped-cropped-MAVISEL-1.png\",\"width\":512,\"height\":213,\"caption\":\"Mavisel\"},\"image\":{\"@id\":\"http:\/\/mavisel.com\/#\/schema\/logo\/image\/\"}}]}<\/script>\n<!-- \/ Yoast SEO plugin. -->","yoast_head_json":{"title":"Top Bikini Marine Tri\u00e1ngulo - Mavisel","description":"Top bikini Marine tri\u00e1ngulo con anilla de resina roja, dise\u00f1o a rayas azul marino y blanco y l\u00ednea roja en la parte inferior. Un dise\u00f1o moderno, elegante y veraniego.","robots":{"index":"index","follow":"follow","max-snippet":"max-snippet:-1","max-image-preview":"max-image-preview:large","max-video-preview":"max-video-preview:-1"},"canonical":"https:\/\/mavisel.com\/producto\/top-bikini-marine-triangulo\/","og_locale":"es_ES","og_type":"article","og_title":"Top Bikini Marine Tri\u00e1ngulo - Mavisel","og_description":"Top bikini Marine tri\u00e1ngulo con anilla de resina roja, dise\u00f1o a rayas azul marino y blanco y l\u00ednea roja en la parte inferior. Un dise\u00f1o moderno, elegante y veraniego.","og_url":"https:\/\/mavisel.com\/producto\/top-bikini-marine-triangulo\/","og_site_name":"Mavisel","article_modified_time":"2026-03-12T11:14:59+00:00","og_image":[{"width":252,"height":480,"url":"https:\/\/mavisel.com\/wp-content\/uploads\/2026\/03\/632-1060C-top-bikini-marine-triangulo.png","type":"image\/png"}],"twitter_card":"summary_large_image","twitter_misc":{"Tiempo de lectura":"1 minuto"},"schema":{"@context":"https:\/\/schema.org","@graph":[{"@type":"WebPage","@id":"https:\/\/mavisel.com\/producto\/top-bikini-marine-triangulo\/","url":"https:\/\/mavisel.com\/producto\/top-bikini-marine-triangulo\/","name":"Top Bikini Marine Tri\u00e1ngulo - Mavisel","isPartOf":{"@id":"http:\/\/mavisel.com\/#website"},"primaryImageOfPage":{"@id":"https:\/\/mavisel.com\/producto\/top-bikini-marine-triangulo\/#primaryimage"},"image":{"@id":"https:\/\/mavisel.com\/producto\/top-bikini-marine-triangulo\/#primaryimage"},"thumbnailUrl":"https:\/\/mavisel.com\/wp-content\/uploads\/2026\/03\/632-1060C-top-bikini-marine-triangulo.png","datePublished":"2026-03-05T13:01:43+00:00","dateModified":"2026-03-12T11:14:59+00:00","description":"Top bikini Marine tri\u00e1ngulo con anilla de resina roja, dise\u00f1o a rayas azul marino y blanco y l\u00ednea roja en la parte inferior. Un dise\u00f1o moderno, elegante y veraniego.","breadcrumb":{"@id":"https:\/\/mavisel.com\/producto\/top-bikini-marine-triangulo\/#breadcrumb"},"inLanguage":"es","potentialAction":[{"@type":"ReadAction","target":["https:\/\/mavisel.com\/producto\/top-bikini-marine-triangulo\/"]}]},{"@type":"ImageObject","inLanguage":"es","@id":"https:\/\/mavisel.com\/producto\/top-bikini-marine-triangulo\/#primaryimage","url":"https:\/\/mavisel.com\/wp-content\/uploads\/2026\/03\/632-1060C-top-bikini-marine-triangulo.png","contentUrl":"https:\/\/mavisel.com\/wp-content\/uploads\/2026\/03\/632-1060C-top-bikini-marine-triangulo.png","width":252,"height":480,"caption":"Top Bikini Marine Tri\u00e1ngulo"},{"@type":"BreadcrumbList","@id":"https:\/\/mavisel.com\/producto\/top-bikini-marine-triangulo\/#breadcrumb","itemListElement":[{"@type":"ListItem","position":1,"name":"Portada","item":"https:\/\/mavisel.com\/"},{"@type":"ListItem","position":2,"name":"Home","item":"https:\/\/mavisel.com\/"},{"@type":"ListItem","position":3,"name":"Top Bikini Marine Tri\u00e1ngulo"}]},{"@type":"WebSite","@id":"http:\/\/mavisel.com\/#website","url":"http:\/\/mavisel.com\/","name":"Mavisel","description":"Marca espa\u00f1ola de moda de ba\u00f1o para mujer","publisher":{"@id":"http:\/\/mavisel.com\/#organization"},"potentialAction":[{"@type":"SearchAction","target":{"@type":"EntryPoint","urlTemplate":"http:\/\/mavisel.com\/?s={search_term_string}"},"query-input":{"@type":"PropertyValueSpecification","valueRequired":true,"valueName":"search_term_string"}}],"inLanguage":"es"},{"@type":"Organization","@id":"http:\/\/mavisel.com\/#organization","name":"Mavisel","url":"http:\/\/mavisel.com\/","logo":{"@type":"ImageObject","inLanguage":"es","@id":"http:\/\/mavisel.com\/#\/schema\/logo\/image\/","url":"https:\/\/mavisel.com\/wp-content\/uploads\/2024\/09\/cropped-cropped-MAVISEL-1.png","contentUrl":"https:\/\/mavisel.com\/wp-content\/uploads\/2024\/09\/cropped-cropped-MAVISEL-1.png","width":512,"height":213,"caption":"Mavisel"},"image":{"@id":"http:\/\/mavisel.com\/#\/schema\/logo\/image\/"}}]}},"_links":{"self":[{"href":"https:\/\/mavisel.com\/index.php?rest_route=\/wp\/v2\/product\/3365","targetHints":{"allow":["GET"]}}],"collection":[{"href":"https:\/\/mavisel.com\/index.php?rest_route=\/wp\/v2\/product"}],"about":[{"href":"https:\/\/mavisel.com\/index.php?rest_route=\/wp\/v2\/types\/product"}],"replies":[{"embeddable":true,"href":"https:\/\/mavisel.com\/index.php?rest_route=%2Fwp%2Fv2%2Fcomments&post=3365"}],"wp:featuredmedia":[{"embeddable":true,"href":"https:\/\/mavisel.com\/index.php?rest_route=\/wp\/v2\/media\/3590"}],"wp:attachment":[{"href":"https:\/\/mavisel.com\/index.php?rest_route=%2Fwp%2Fv2%2Fmedia&parent=3365"}],"wp:term":[{"taxonomy":"product_brand","embeddable":true,"href":"https:\/\/mavisel.com\/index.php?rest_route=%2Fwp%2Fv2%2Fproduct_brand&post=3365"},{"taxonomy":"product_cat","embeddable":true,"href":"https:\/\/mavisel.com\/index.php?rest_route=%2Fwp%2Fv2%2Fproduct_cat&post=3365"},{"taxonomy":"product_tag","embeddable":true,"href":"https:\/\/mavisel.com\/index.php?rest_route=%2Fwp%2Fv2%2Fproduct_tag&post=3365"}],"curies":[{"name":"wp","href":"https:\/\/api.w.org\/{rel}","templated":true}]}}