{"id":3333,"date":"2026-03-05T14:01:35","date_gmt":"2026-03-05T13:01:35","guid":{"rendered":"https:\/\/mavisel.com\/?post_type=product&#038;p=3333"},"modified":"2026-03-11T13:03:28","modified_gmt":"2026-03-11T12:03:28","slug":"top-bikini-zen-garden-medieval-triangulo","status":"publish","type":"product","link":"https:\/\/mavisel.com\/?product=top-bikini-zen-garden-medieval-triangulo","title":{"rendered":"Top Bikini Zen Garden Medieval Tri\u00e1ngulo"},"content":{"rendered":"<p>Top bikini Zen Garden Medieval con <strong>corte tri\u00e1ngulo<\/strong> que realza el escote y aporta un estilo femenino y favorecedor. Mantiene el mismo <strong>dise\u00f1o con fondo negro<\/strong> y <strong>estampado de flores en tonos verde, amarillo y rojo<\/strong>, creando un contraste elegante y sofisticado. Incorpora un <strong>volante debajo del pecho<\/strong> que aporta un detalle delicado y estiliza la silueta. Una pieza llamativa y c\u00f3moda, perfecta para lucir un look veraniego con personalidad y estilo en la playa o la piscina.<\/p>\n<p>Otros modelos son el <strong><a href=\"https:\/\/mavisel.com\/producto\/top-bikini-zen-garden-medieval-bandeau\/\">Top Bikini Zen Garden Medieval Bandeau<\/a><\/strong> y el <strong><a href=\"https:\/\/mavisel.com\/producto\/top-bikini-zen-garden-medieval-con-aro\/\">Top Bikini Zen Garden Medieval Con aro<\/a><\/strong>, a\u00fan as\u00ed, si eres de las que prefieres una sola prenda de ba\u00f1o tenemos el <strong><a href=\"https:\/\/mavisel.com\/producto\/banador-zen-garden-medieval-lazo-lateral\/\">Ba\u00f1ador Zen Garden Medieval Lazo Lateral<\/a><\/strong>.<\/p>\n","protected":false},"excerpt":{"rendered":"<p>Top bikini Zen Garden Medieval tri\u00e1ngulo con <strong>volante debajo del pecho<\/strong> y <strong>estampado floral<\/strong> en tonos verde, amarillo y rojo sobre fondo negro. Un dise\u00f1o femenino, elegante y con estilo.<\/p>\n","protected":false},"featured_media":3536,"comment_status":"open","ping_status":"closed","template":"","meta":[],"product_brand":[],"product_cat":[34,163,167],"product_tag":[],"class_list":{"0":"post-3333","1":"product","2":"type-product","3":"status-publish","4":"has-post-thumbnail","6":"product_cat-top-bikinis","7":"product_cat-moda-de-bano","8":"product_cat-triangulo","9":"pa_color-estampado","10":"pa_talla-talla-80b","11":"pa_talla-talla-85b","12":"pa_talla-talla-90b","13":"pa_talla-talla-95b","14":"pa_talla-talla-100b","16":"first","17":"instock","18":"shipping-taxable","19":"product-type-variable"},"yoast_head":"<!-- This site is optimized with the Yoast SEO plugin v26.8 - https:\/\/yoast.com\/product\/yoast-seo-wordpress\/ -->\n<title>Top Bikini Zen Garden Medieval Tri\u00e1ngulo - Mavisel<\/title>\n<meta name=\"description\" content=\"Top bikini Zen Garden Medieval tri\u00e1ngulo con volante debajo del pecho y estampado floral en tonos verde, amarillo y rojo sobre fondo negro. Un dise\u00f1o femenino, elegante y con estilo.\" \/>\n<meta name=\"robots\" content=\"index, follow, max-snippet:-1, max-image-preview:large, max-video-preview:-1\" \/>\n<link rel=\"canonical\" href=\"https:\/\/mavisel.com\/producto\/top-bikini-zen-garden-medieval-triangulo\/\" \/>\n<meta property=\"og:locale\" content=\"es_ES\" \/>\n<meta property=\"og:type\" content=\"article\" \/>\n<meta property=\"og:title\" content=\"Top Bikini Zen Garden Medieval Tri\u00e1ngulo - Mavisel\" \/>\n<meta property=\"og:description\" content=\"Top bikini Zen Garden Medieval tri\u00e1ngulo con volante debajo del pecho y estampado floral en tonos verde, amarillo y rojo sobre fondo negro. Un dise\u00f1o femenino, elegante y con estilo.\" \/>\n<meta property=\"og:url\" content=\"https:\/\/mavisel.com\/producto\/top-bikini-zen-garden-medieval-triangulo\/\" \/>\n<meta property=\"og:site_name\" content=\"Mavisel\" \/>\n<meta property=\"article:modified_time\" content=\"2026-03-11T12:03:28+00:00\" \/>\n<meta property=\"og:image\" content=\"https:\/\/mavisel.com\/wp-content\/uploads\/2026\/03\/624-1066B-top-bikini-zen-garden-medieval-triangulo-1.png\" \/>\n\t<meta property=\"og:image:width\" content=\"383\" \/>\n\t<meta property=\"og:image:height\" content=\"481\" \/>\n\t<meta property=\"og:image:type\" content=\"image\/png\" \/>\n<meta name=\"twitter:card\" content=\"summary_large_image\" \/>\n<meta name=\"twitter:label1\" content=\"Tiempo de lectura\" \/>\n\t<meta name=\"twitter:data1\" content=\"1 minuto\" \/>\n<script type=\"application\/ld+json\" class=\"yoast-schema-graph\">{\"@context\":\"https:\/\/schema.org\",\"@graph\":[{\"@type\":\"WebPage\",\"@id\":\"https:\/\/mavisel.com\/producto\/top-bikini-zen-garden-medieval-triangulo\/\",\"url\":\"https:\/\/mavisel.com\/producto\/top-bikini-zen-garden-medieval-triangulo\/\",\"name\":\"Top Bikini Zen Garden Medieval Tri\u00e1ngulo - Mavisel\",\"isPartOf\":{\"@id\":\"http:\/\/mavisel.com\/#website\"},\"primaryImageOfPage\":{\"@id\":\"https:\/\/mavisel.com\/producto\/top-bikini-zen-garden-medieval-triangulo\/#primaryimage\"},\"image\":{\"@id\":\"https:\/\/mavisel.com\/producto\/top-bikini-zen-garden-medieval-triangulo\/#primaryimage\"},\"thumbnailUrl\":\"https:\/\/mavisel.com\/wp-content\/uploads\/2026\/03\/624-1066B-top-bikini-zen-garden-medieval-triangulo-1.png\",\"datePublished\":\"2026-03-05T13:01:35+00:00\",\"dateModified\":\"2026-03-11T12:03:28+00:00\",\"description\":\"Top bikini Zen Garden Medieval tri\u00e1ngulo con volante debajo del pecho y estampado floral en tonos verde, amarillo y rojo sobre fondo negro. Un dise\u00f1o femenino, elegante y con estilo.\",\"breadcrumb\":{\"@id\":\"https:\/\/mavisel.com\/producto\/top-bikini-zen-garden-medieval-triangulo\/#breadcrumb\"},\"inLanguage\":\"es\",\"potentialAction\":[{\"@type\":\"ReadAction\",\"target\":[\"https:\/\/mavisel.com\/producto\/top-bikini-zen-garden-medieval-triangulo\/\"]}]},{\"@type\":\"ImageObject\",\"inLanguage\":\"es\",\"@id\":\"https:\/\/mavisel.com\/producto\/top-bikini-zen-garden-medieval-triangulo\/#primaryimage\",\"url\":\"https:\/\/mavisel.com\/wp-content\/uploads\/2026\/03\/624-1066B-top-bikini-zen-garden-medieval-triangulo-1.png\",\"contentUrl\":\"https:\/\/mavisel.com\/wp-content\/uploads\/2026\/03\/624-1066B-top-bikini-zen-garden-medieval-triangulo-1.png\",\"width\":383,\"height\":481,\"caption\":\"Top Bikini Zen Garden Tri\u00e1ngulo\"},{\"@type\":\"BreadcrumbList\",\"@id\":\"https:\/\/mavisel.com\/producto\/top-bikini-zen-garden-medieval-triangulo\/#breadcrumb\",\"itemListElement\":[{\"@type\":\"ListItem\",\"position\":1,\"name\":\"Portada\",\"item\":\"https:\/\/mavisel.com\/\"},{\"@type\":\"ListItem\",\"position\":2,\"name\":\"Home\",\"item\":\"https:\/\/mavisel.com\/\"},{\"@type\":\"ListItem\",\"position\":3,\"name\":\"Top Bikini Zen Garden Medieval Tri\u00e1ngulo\"}]},{\"@type\":\"WebSite\",\"@id\":\"http:\/\/mavisel.com\/#website\",\"url\":\"http:\/\/mavisel.com\/\",\"name\":\"Mavisel\",\"description\":\"Marca espa\u00f1ola de moda de ba\u00f1o para mujer\",\"publisher\":{\"@id\":\"http:\/\/mavisel.com\/#organization\"},\"potentialAction\":[{\"@type\":\"SearchAction\",\"target\":{\"@type\":\"EntryPoint\",\"urlTemplate\":\"http:\/\/mavisel.com\/?s={search_term_string}\"},\"query-input\":{\"@type\":\"PropertyValueSpecification\",\"valueRequired\":true,\"valueName\":\"search_term_string\"}}],\"inLanguage\":\"es\"},{\"@type\":\"Organization\",\"@id\":\"http:\/\/mavisel.com\/#organization\",\"name\":\"Mavisel\",\"url\":\"http:\/\/mavisel.com\/\",\"logo\":{\"@type\":\"ImageObject\",\"inLanguage\":\"es\",\"@id\":\"http:\/\/mavisel.com\/#\/schema\/logo\/image\/\",\"url\":\"https:\/\/mavisel.com\/wp-content\/uploads\/2024\/09\/cropped-cropped-MAVISEL-1.png\",\"contentUrl\":\"https:\/\/mavisel.com\/wp-content\/uploads\/2024\/09\/cropped-cropped-MAVISEL-1.png\",\"width\":512,\"height\":213,\"caption\":\"Mavisel\"},\"image\":{\"@id\":\"http:\/\/mavisel.com\/#\/schema\/logo\/image\/\"}}]}<\/script>\n<!-- \/ Yoast SEO plugin. -->","yoast_head_json":{"title":"Top Bikini Zen Garden Medieval Tri\u00e1ngulo - Mavisel","description":"Top bikini Zen Garden Medieval tri\u00e1ngulo con volante debajo del pecho y estampado floral en tonos verde, amarillo y rojo sobre fondo negro. Un dise\u00f1o femenino, elegante y con estilo.","robots":{"index":"index","follow":"follow","max-snippet":"max-snippet:-1","max-image-preview":"max-image-preview:large","max-video-preview":"max-video-preview:-1"},"canonical":"https:\/\/mavisel.com\/producto\/top-bikini-zen-garden-medieval-triangulo\/","og_locale":"es_ES","og_type":"article","og_title":"Top Bikini Zen Garden Medieval Tri\u00e1ngulo - Mavisel","og_description":"Top bikini Zen Garden Medieval tri\u00e1ngulo con volante debajo del pecho y estampado floral en tonos verde, amarillo y rojo sobre fondo negro. Un dise\u00f1o femenino, elegante y con estilo.","og_url":"https:\/\/mavisel.com\/producto\/top-bikini-zen-garden-medieval-triangulo\/","og_site_name":"Mavisel","article_modified_time":"2026-03-11T12:03:28+00:00","og_image":[{"width":383,"height":481,"url":"https:\/\/mavisel.com\/wp-content\/uploads\/2026\/03\/624-1066B-top-bikini-zen-garden-medieval-triangulo-1.png","type":"image\/png"}],"twitter_card":"summary_large_image","twitter_misc":{"Tiempo de lectura":"1 minuto"},"schema":{"@context":"https:\/\/schema.org","@graph":[{"@type":"WebPage","@id":"https:\/\/mavisel.com\/producto\/top-bikini-zen-garden-medieval-triangulo\/","url":"https:\/\/mavisel.com\/producto\/top-bikini-zen-garden-medieval-triangulo\/","name":"Top Bikini Zen Garden Medieval Tri\u00e1ngulo - Mavisel","isPartOf":{"@id":"http:\/\/mavisel.com\/#website"},"primaryImageOfPage":{"@id":"https:\/\/mavisel.com\/producto\/top-bikini-zen-garden-medieval-triangulo\/#primaryimage"},"image":{"@id":"https:\/\/mavisel.com\/producto\/top-bikini-zen-garden-medieval-triangulo\/#primaryimage"},"thumbnailUrl":"https:\/\/mavisel.com\/wp-content\/uploads\/2026\/03\/624-1066B-top-bikini-zen-garden-medieval-triangulo-1.png","datePublished":"2026-03-05T13:01:35+00:00","dateModified":"2026-03-11T12:03:28+00:00","description":"Top bikini Zen Garden Medieval tri\u00e1ngulo con volante debajo del pecho y estampado floral en tonos verde, amarillo y rojo sobre fondo negro. Un dise\u00f1o femenino, elegante y con estilo.","breadcrumb":{"@id":"https:\/\/mavisel.com\/producto\/top-bikini-zen-garden-medieval-triangulo\/#breadcrumb"},"inLanguage":"es","potentialAction":[{"@type":"ReadAction","target":["https:\/\/mavisel.com\/producto\/top-bikini-zen-garden-medieval-triangulo\/"]}]},{"@type":"ImageObject","inLanguage":"es","@id":"https:\/\/mavisel.com\/producto\/top-bikini-zen-garden-medieval-triangulo\/#primaryimage","url":"https:\/\/mavisel.com\/wp-content\/uploads\/2026\/03\/624-1066B-top-bikini-zen-garden-medieval-triangulo-1.png","contentUrl":"https:\/\/mavisel.com\/wp-content\/uploads\/2026\/03\/624-1066B-top-bikini-zen-garden-medieval-triangulo-1.png","width":383,"height":481,"caption":"Top Bikini Zen Garden Tri\u00e1ngulo"},{"@type":"BreadcrumbList","@id":"https:\/\/mavisel.com\/producto\/top-bikini-zen-garden-medieval-triangulo\/#breadcrumb","itemListElement":[{"@type":"ListItem","position":1,"name":"Portada","item":"https:\/\/mavisel.com\/"},{"@type":"ListItem","position":2,"name":"Home","item":"https:\/\/mavisel.com\/"},{"@type":"ListItem","position":3,"name":"Top Bikini Zen Garden Medieval Tri\u00e1ngulo"}]},{"@type":"WebSite","@id":"http:\/\/mavisel.com\/#website","url":"http:\/\/mavisel.com\/","name":"Mavisel","description":"Marca espa\u00f1ola de moda de ba\u00f1o para mujer","publisher":{"@id":"http:\/\/mavisel.com\/#organization"},"potentialAction":[{"@type":"SearchAction","target":{"@type":"EntryPoint","urlTemplate":"http:\/\/mavisel.com\/?s={search_term_string}"},"query-input":{"@type":"PropertyValueSpecification","valueRequired":true,"valueName":"search_term_string"}}],"inLanguage":"es"},{"@type":"Organization","@id":"http:\/\/mavisel.com\/#organization","name":"Mavisel","url":"http:\/\/mavisel.com\/","logo":{"@type":"ImageObject","inLanguage":"es","@id":"http:\/\/mavisel.com\/#\/schema\/logo\/image\/","url":"https:\/\/mavisel.com\/wp-content\/uploads\/2024\/09\/cropped-cropped-MAVISEL-1.png","contentUrl":"https:\/\/mavisel.com\/wp-content\/uploads\/2024\/09\/cropped-cropped-MAVISEL-1.png","width":512,"height":213,"caption":"Mavisel"},"image":{"@id":"http:\/\/mavisel.com\/#\/schema\/logo\/image\/"}}]}},"_links":{"self":[{"href":"https:\/\/mavisel.com\/index.php?rest_route=\/wp\/v2\/product\/3333","targetHints":{"allow":["GET"]}}],"collection":[{"href":"https:\/\/mavisel.com\/index.php?rest_route=\/wp\/v2\/product"}],"about":[{"href":"https:\/\/mavisel.com\/index.php?rest_route=\/wp\/v2\/types\/product"}],"replies":[{"embeddable":true,"href":"https:\/\/mavisel.com\/index.php?rest_route=%2Fwp%2Fv2%2Fcomments&post=3333"}],"wp:featuredmedia":[{"embeddable":true,"href":"https:\/\/mavisel.com\/index.php?rest_route=\/wp\/v2\/media\/3536"}],"wp:attachment":[{"href":"https:\/\/mavisel.com\/index.php?rest_route=%2Fwp%2Fv2%2Fmedia&parent=3333"}],"wp:term":[{"taxonomy":"product_brand","embeddable":true,"href":"https:\/\/mavisel.com\/index.php?rest_route=%2Fwp%2Fv2%2Fproduct_brand&post=3333"},{"taxonomy":"product_cat","embeddable":true,"href":"https:\/\/mavisel.com\/index.php?rest_route=%2Fwp%2Fv2%2Fproduct_cat&post=3333"},{"taxonomy":"product_tag","embeddable":true,"href":"https:\/\/mavisel.com\/index.php?rest_route=%2Fwp%2Fv2%2Fproduct_tag&post=3333"}],"curies":[{"name":"wp","href":"https:\/\/api.w.org\/{rel}","templated":true}]}}