{"id":3304,"date":"2026-03-05T14:01:29","date_gmt":"2026-03-05T13:01:29","guid":{"rendered":"https:\/\/mavisel.com\/?post_type=product&#038;p=3304"},"modified":"2026-03-11T13:53:37","modified_gmt":"2026-03-11T12:53:37","slug":"top-bikini-zen-garden-liso-bandeau","status":"publish","type":"product","link":"https:\/\/mavisel.com\/?product=top-bikini-zen-garden-liso-bandeau","title":{"rendered":"Top Bikini Zen Garden Liso Bandeau"},"content":{"rendered":"<p>Top bikini Zen Garden liso con <strong>corte bandeau<\/strong> que ofrece un estilo moderno y favorecedor para el escote. Presenta un <strong>vibrante color lima<\/strong> que aporta frescura y energ\u00eda al look veraniego. Su dise\u00f1o sencillo y elegante lo convierte en una pieza vers\u00e1til, perfecta para combinar con cualquier parte inferior y lucir un look veraniego lleno de estilo en la playa o la piscina.<\/p>\n<p>Tambi\u00e9n, tienes la posibilidad del<strong><a href=\"https:\/\/mavisel.com\/producto\/banador-zen-garden-liso-corte-pico-fruncido\/\"> Ba\u00f1ador Zen Garden Liso Corte pico fruncido <\/a><\/strong>o el<strong><a href=\"https:\/\/mavisel.com\/producto\/banador-zen-garden-liso-lazo-lateral\/\"> Ba\u00f1ador Zen Garden Liso Lazo lateral<\/a><\/strong> o si prefieres el <strong><a href=\"https:\/\/mavisel.com\/producto\/top-bikini-zen-garden-liso-estilo-top\/\">Top Bikini Zen Garden Liso Estilo top.<\/a><\/strong><\/p>\n","protected":false},"excerpt":{"rendered":"<p>Top bikini Zen Garden bandeau liso en <strong>color lima<\/strong>. Un dise\u00f1o sencillo, elegante y fresco, ideal para el verano.<\/p>\n","protected":false},"featured_media":3548,"comment_status":"open","ping_status":"closed","template":"","meta":[],"product_brand":[70],"product_cat":[163,168,198],"product_tag":[],"class_list":{"0":"post-3304","1":"product","2":"type-product","3":"status-publish","4":"has-post-thumbnail","6":"product_brand-mavisel","7":"product_cat-moda-de-bano","8":"product_cat-banadores","9":"product_cat-lazo-lateral-banadores","10":"pa_color-estampado","11":"pa_talla-talla-85c","12":"pa_talla-talla-90c","13":"pa_talla-talla-95c","14":"pa_talla-talla-100c","15":"pa_talla-talla-105c","17":"first","18":"instock","19":"shipping-taxable","20":"product-type-variable"},"yoast_head":"<!-- This site is optimized with the Yoast SEO plugin v26.8 - https:\/\/yoast.com\/product\/yoast-seo-wordpress\/ -->\n<title>Top Bikini Zen Garden Liso Bandeau - Mavisel<\/title>\n<meta name=\"description\" content=\"Top bikini Zen Garden bandeau liso en color lima. Un dise\u00f1o sencillo, elegante y fresco, ideal para el verano.\" \/>\n<meta name=\"robots\" content=\"index, follow, max-snippet:-1, max-image-preview:large, max-video-preview:-1\" \/>\n<link rel=\"canonical\" href=\"https:\/\/mavisel.com\/producto\/top-bikini-zen-garden-liso-bandeau\/\" \/>\n<meta property=\"og:locale\" content=\"es_ES\" \/>\n<meta property=\"og:type\" content=\"article\" \/>\n<meta property=\"og:title\" content=\"Top Bikini Zen Garden Liso Bandeau - Mavisel\" \/>\n<meta property=\"og:description\" content=\"Top bikini Zen Garden bandeau liso en color lima. Un dise\u00f1o sencillo, elegante y fresco, ideal para el verano.\" \/>\n<meta property=\"og:url\" content=\"https:\/\/mavisel.com\/producto\/top-bikini-zen-garden-liso-bandeau\/\" \/>\n<meta property=\"og:site_name\" content=\"Mavisel\" \/>\n<meta property=\"article:modified_time\" content=\"2026-03-11T12:53:37+00:00\" \/>\n<meta property=\"og:image\" content=\"https:\/\/mavisel.com\/wp-content\/uploads\/2026\/03\/623-1020C-top-bikini-bandeau-liso-zen-garden.png\" \/>\n\t<meta property=\"og:image:width\" content=\"262\" \/>\n\t<meta property=\"og:image:height\" content=\"486\" \/>\n\t<meta property=\"og:image:type\" content=\"image\/png\" \/>\n<meta name=\"twitter:card\" content=\"summary_large_image\" \/>\n<meta name=\"twitter:label1\" content=\"Tiempo de lectura\" \/>\n\t<meta name=\"twitter:data1\" content=\"1 minuto\" \/>\n<script type=\"application\/ld+json\" class=\"yoast-schema-graph\">{\"@context\":\"https:\/\/schema.org\",\"@graph\":[{\"@type\":\"WebPage\",\"@id\":\"https:\/\/mavisel.com\/producto\/top-bikini-zen-garden-liso-bandeau\/\",\"url\":\"https:\/\/mavisel.com\/producto\/top-bikini-zen-garden-liso-bandeau\/\",\"name\":\"Top Bikini Zen Garden Liso Bandeau - Mavisel\",\"isPartOf\":{\"@id\":\"http:\/\/mavisel.com\/#website\"},\"primaryImageOfPage\":{\"@id\":\"https:\/\/mavisel.com\/producto\/top-bikini-zen-garden-liso-bandeau\/#primaryimage\"},\"image\":{\"@id\":\"https:\/\/mavisel.com\/producto\/top-bikini-zen-garden-liso-bandeau\/#primaryimage\"},\"thumbnailUrl\":\"https:\/\/mavisel.com\/wp-content\/uploads\/2026\/03\/623-1020C-top-bikini-bandeau-liso-zen-garden.png\",\"datePublished\":\"2026-03-05T13:01:29+00:00\",\"dateModified\":\"2026-03-11T12:53:37+00:00\",\"description\":\"Top bikini Zen Garden bandeau liso en color lima. Un dise\u00f1o sencillo, elegante y fresco, ideal para el verano.\",\"breadcrumb\":{\"@id\":\"https:\/\/mavisel.com\/producto\/top-bikini-zen-garden-liso-bandeau\/#breadcrumb\"},\"inLanguage\":\"es\",\"potentialAction\":[{\"@type\":\"ReadAction\",\"target\":[\"https:\/\/mavisel.com\/producto\/top-bikini-zen-garden-liso-bandeau\/\"]}]},{\"@type\":\"ImageObject\",\"inLanguage\":\"es\",\"@id\":\"https:\/\/mavisel.com\/producto\/top-bikini-zen-garden-liso-bandeau\/#primaryimage\",\"url\":\"https:\/\/mavisel.com\/wp-content\/uploads\/2026\/03\/623-1020C-top-bikini-bandeau-liso-zen-garden.png\",\"contentUrl\":\"https:\/\/mavisel.com\/wp-content\/uploads\/2026\/03\/623-1020C-top-bikini-bandeau-liso-zen-garden.png\",\"width\":262,\"height\":486,\"caption\":\"Top bikini Zen Garden Liso Bandeau\"},{\"@type\":\"BreadcrumbList\",\"@id\":\"https:\/\/mavisel.com\/producto\/top-bikini-zen-garden-liso-bandeau\/#breadcrumb\",\"itemListElement\":[{\"@type\":\"ListItem\",\"position\":1,\"name\":\"Portada\",\"item\":\"https:\/\/mavisel.com\/\"},{\"@type\":\"ListItem\",\"position\":2,\"name\":\"Home\",\"item\":\"https:\/\/mavisel.com\/\"},{\"@type\":\"ListItem\",\"position\":3,\"name\":\"Top Bikini Zen Garden Liso Bandeau\"}]},{\"@type\":\"WebSite\",\"@id\":\"http:\/\/mavisel.com\/#website\",\"url\":\"http:\/\/mavisel.com\/\",\"name\":\"Mavisel\",\"description\":\"Marca espa\u00f1ola de moda de ba\u00f1o para mujer\",\"publisher\":{\"@id\":\"http:\/\/mavisel.com\/#organization\"},\"potentialAction\":[{\"@type\":\"SearchAction\",\"target\":{\"@type\":\"EntryPoint\",\"urlTemplate\":\"http:\/\/mavisel.com\/?s={search_term_string}\"},\"query-input\":{\"@type\":\"PropertyValueSpecification\",\"valueRequired\":true,\"valueName\":\"search_term_string\"}}],\"inLanguage\":\"es\"},{\"@type\":\"Organization\",\"@id\":\"http:\/\/mavisel.com\/#organization\",\"name\":\"Mavisel\",\"url\":\"http:\/\/mavisel.com\/\",\"logo\":{\"@type\":\"ImageObject\",\"inLanguage\":\"es\",\"@id\":\"http:\/\/mavisel.com\/#\/schema\/logo\/image\/\",\"url\":\"https:\/\/mavisel.com\/wp-content\/uploads\/2024\/09\/cropped-cropped-MAVISEL-1.png\",\"contentUrl\":\"https:\/\/mavisel.com\/wp-content\/uploads\/2024\/09\/cropped-cropped-MAVISEL-1.png\",\"width\":512,\"height\":213,\"caption\":\"Mavisel\"},\"image\":{\"@id\":\"http:\/\/mavisel.com\/#\/schema\/logo\/image\/\"}}]}<\/script>\n<!-- \/ Yoast SEO plugin. -->","yoast_head_json":{"title":"Top Bikini Zen Garden Liso Bandeau - Mavisel","description":"Top bikini Zen Garden bandeau liso en color lima. Un dise\u00f1o sencillo, elegante y fresco, ideal para el verano.","robots":{"index":"index","follow":"follow","max-snippet":"max-snippet:-1","max-image-preview":"max-image-preview:large","max-video-preview":"max-video-preview:-1"},"canonical":"https:\/\/mavisel.com\/producto\/top-bikini-zen-garden-liso-bandeau\/","og_locale":"es_ES","og_type":"article","og_title":"Top Bikini Zen Garden Liso Bandeau - Mavisel","og_description":"Top bikini Zen Garden bandeau liso en color lima. Un dise\u00f1o sencillo, elegante y fresco, ideal para el verano.","og_url":"https:\/\/mavisel.com\/producto\/top-bikini-zen-garden-liso-bandeau\/","og_site_name":"Mavisel","article_modified_time":"2026-03-11T12:53:37+00:00","og_image":[{"width":262,"height":486,"url":"https:\/\/mavisel.com\/wp-content\/uploads\/2026\/03\/623-1020C-top-bikini-bandeau-liso-zen-garden.png","type":"image\/png"}],"twitter_card":"summary_large_image","twitter_misc":{"Tiempo de lectura":"1 minuto"},"schema":{"@context":"https:\/\/schema.org","@graph":[{"@type":"WebPage","@id":"https:\/\/mavisel.com\/producto\/top-bikini-zen-garden-liso-bandeau\/","url":"https:\/\/mavisel.com\/producto\/top-bikini-zen-garden-liso-bandeau\/","name":"Top Bikini Zen Garden Liso Bandeau - Mavisel","isPartOf":{"@id":"http:\/\/mavisel.com\/#website"},"primaryImageOfPage":{"@id":"https:\/\/mavisel.com\/producto\/top-bikini-zen-garden-liso-bandeau\/#primaryimage"},"image":{"@id":"https:\/\/mavisel.com\/producto\/top-bikini-zen-garden-liso-bandeau\/#primaryimage"},"thumbnailUrl":"https:\/\/mavisel.com\/wp-content\/uploads\/2026\/03\/623-1020C-top-bikini-bandeau-liso-zen-garden.png","datePublished":"2026-03-05T13:01:29+00:00","dateModified":"2026-03-11T12:53:37+00:00","description":"Top bikini Zen Garden bandeau liso en color lima. Un dise\u00f1o sencillo, elegante y fresco, ideal para el verano.","breadcrumb":{"@id":"https:\/\/mavisel.com\/producto\/top-bikini-zen-garden-liso-bandeau\/#breadcrumb"},"inLanguage":"es","potentialAction":[{"@type":"ReadAction","target":["https:\/\/mavisel.com\/producto\/top-bikini-zen-garden-liso-bandeau\/"]}]},{"@type":"ImageObject","inLanguage":"es","@id":"https:\/\/mavisel.com\/producto\/top-bikini-zen-garden-liso-bandeau\/#primaryimage","url":"https:\/\/mavisel.com\/wp-content\/uploads\/2026\/03\/623-1020C-top-bikini-bandeau-liso-zen-garden.png","contentUrl":"https:\/\/mavisel.com\/wp-content\/uploads\/2026\/03\/623-1020C-top-bikini-bandeau-liso-zen-garden.png","width":262,"height":486,"caption":"Top bikini Zen Garden Liso Bandeau"},{"@type":"BreadcrumbList","@id":"https:\/\/mavisel.com\/producto\/top-bikini-zen-garden-liso-bandeau\/#breadcrumb","itemListElement":[{"@type":"ListItem","position":1,"name":"Portada","item":"https:\/\/mavisel.com\/"},{"@type":"ListItem","position":2,"name":"Home","item":"https:\/\/mavisel.com\/"},{"@type":"ListItem","position":3,"name":"Top Bikini Zen Garden Liso Bandeau"}]},{"@type":"WebSite","@id":"http:\/\/mavisel.com\/#website","url":"http:\/\/mavisel.com\/","name":"Mavisel","description":"Marca espa\u00f1ola de moda de ba\u00f1o para mujer","publisher":{"@id":"http:\/\/mavisel.com\/#organization"},"potentialAction":[{"@type":"SearchAction","target":{"@type":"EntryPoint","urlTemplate":"http:\/\/mavisel.com\/?s={search_term_string}"},"query-input":{"@type":"PropertyValueSpecification","valueRequired":true,"valueName":"search_term_string"}}],"inLanguage":"es"},{"@type":"Organization","@id":"http:\/\/mavisel.com\/#organization","name":"Mavisel","url":"http:\/\/mavisel.com\/","logo":{"@type":"ImageObject","inLanguage":"es","@id":"http:\/\/mavisel.com\/#\/schema\/logo\/image\/","url":"https:\/\/mavisel.com\/wp-content\/uploads\/2024\/09\/cropped-cropped-MAVISEL-1.png","contentUrl":"https:\/\/mavisel.com\/wp-content\/uploads\/2024\/09\/cropped-cropped-MAVISEL-1.png","width":512,"height":213,"caption":"Mavisel"},"image":{"@id":"http:\/\/mavisel.com\/#\/schema\/logo\/image\/"}}]}},"_links":{"self":[{"href":"https:\/\/mavisel.com\/index.php?rest_route=\/wp\/v2\/product\/3304","targetHints":{"allow":["GET"]}}],"collection":[{"href":"https:\/\/mavisel.com\/index.php?rest_route=\/wp\/v2\/product"}],"about":[{"href":"https:\/\/mavisel.com\/index.php?rest_route=\/wp\/v2\/types\/product"}],"replies":[{"embeddable":true,"href":"https:\/\/mavisel.com\/index.php?rest_route=%2Fwp%2Fv2%2Fcomments&post=3304"}],"wp:featuredmedia":[{"embeddable":true,"href":"https:\/\/mavisel.com\/index.php?rest_route=\/wp\/v2\/media\/3548"}],"wp:attachment":[{"href":"https:\/\/mavisel.com\/index.php?rest_route=%2Fwp%2Fv2%2Fmedia&parent=3304"}],"wp:term":[{"taxonomy":"product_brand","embeddable":true,"href":"https:\/\/mavisel.com\/index.php?rest_route=%2Fwp%2Fv2%2Fproduct_brand&post=3304"},{"taxonomy":"product_cat","embeddable":true,"href":"https:\/\/mavisel.com\/index.php?rest_route=%2Fwp%2Fv2%2Fproduct_cat&post=3304"},{"taxonomy":"product_tag","embeddable":true,"href":"https:\/\/mavisel.com\/index.php?rest_route=%2Fwp%2Fv2%2Fproduct_tag&post=3304"}],"curies":[{"name":"wp","href":"https:\/\/api.w.org\/{rel}","templated":true}]}}