{"id":3275,"date":"2026-03-05T14:01:23","date_gmt":"2026-03-05T13:01:23","guid":{"rendered":"https:\/\/mavisel.com\/?post_type=product&#038;p=3275"},"modified":"2026-03-11T10:52:52","modified_gmt":"2026-03-11T09:52:52","slug":"top-bikini-nature-leopardo-con-aro-y-diseno-distintivo","status":"publish","type":"product","link":"https:\/\/mavisel.com\/?product=top-bikini-nature-leopardo-con-aro-y-diseno-distintivo","title":{"rendered":"Top Bikini Nature Leopardo Con aro y dise\u00f1o distintivo"},"content":{"rendered":"<p>Top bikini Nature Leopardo con <strong>aro<\/strong> que proporciona sujeci\u00f3n y realza el escote de forma favorecedora. Presenta un <strong>dise\u00f1o distintivo con l\u00ednea dorada en el borde del escote<\/strong>, que a\u00f1ade un toque sofisticado y moderno al cl\u00e1sico <strong>estampado leopardo<\/strong> que cubre el resto de la prenda. Una pieza llamativa, elegante y femenina, ideal para lucir un estilo atrevido y con personalidad en la playa o la piscina.<\/p>\n<p>Si te gustan los ba\u00f1adores, tienes tambi\u00e9n la opci\u00f3n del <strong><a href=\"https:\/\/mavisel.com\/producto\/banador-nature-leopardo-corte-pico-con-diseno-distintivo\/\">Ba\u00f1ador Nature Leopardo Corte pico con detalle distintivo<\/a><\/strong> o el <strong><a href=\"https:\/\/mavisel.com\/producto\/banador-nature-leopardo-corte-pico\/\">Ba\u00f1ador Nature Leopardo Corte pico<\/a><\/strong> o si lo prefieres est\u00e1 disponible el <strong><a href=\"https:\/\/mavisel.com\/producto\/top-bikini-nature-leopardo-con-aro\/\">Top Bikini Nature Leopardo Con aro.<\/a><\/strong><\/p>\n","protected":false},"excerpt":{"rendered":"<p>Top bikini Nature Leopardo con <strong>aro<\/strong> y <strong>l\u00ednea dorada en el borde del escote<\/strong>, con estampado leopardo en el resto. Un dise\u00f1o elegante, femenino y atrevido para el verano.<\/p>\n","protected":false},"featured_media":3516,"comment_status":"open","ping_status":"closed","template":"","meta":[],"product_brand":[70],"product_cat":[34,163,164],"product_tag":[],"class_list":{"0":"post-3275","1":"product","2":"type-product","3":"status-publish","4":"has-post-thumbnail","6":"product_brand-mavisel","7":"product_cat-top-bikinis","8":"product_cat-moda-de-bano","9":"product_cat-con-aro","10":"pa_color-estampado","11":"pa_talla-talla-85c","12":"pa_talla-talla-90c","13":"pa_talla-talla-95c","14":"pa_talla-talla-100c","16":"first","17":"instock","18":"shipping-taxable","19":"product-type-variable"},"yoast_head":"<!-- This site is optimized with the Yoast SEO plugin v26.8 - https:\/\/yoast.com\/product\/yoast-seo-wordpress\/ -->\n<title>Top Bikini Nature Leopardo Con aro y dise\u00f1o distintivo - Mavisel<\/title>\n<meta name=\"description\" content=\"Top bikini Nature Leopardo con aro y l\u00ednea dorada en el borde del escote, con estampado leopardo en el resto. Un dise\u00f1o elegante, femenino y atrevido para el verano.\" \/>\n<meta name=\"robots\" content=\"index, follow, max-snippet:-1, max-image-preview:large, max-video-preview:-1\" \/>\n<link rel=\"canonical\" href=\"https:\/\/mavisel.com\/producto\/top-bikini-nature-leopardo-con-aro-y-diseno-distintivo\/\" \/>\n<meta property=\"og:locale\" content=\"es_ES\" \/>\n<meta property=\"og:type\" content=\"article\" \/>\n<meta property=\"og:title\" content=\"Top Bikini Nature Leopardo Con aro y dise\u00f1o distintivo - Mavisel\" \/>\n<meta property=\"og:description\" content=\"Top bikini Nature Leopardo con aro y l\u00ednea dorada en el borde del escote, con estampado leopardo en el resto. Un dise\u00f1o elegante, femenino y atrevido para el verano.\" \/>\n<meta property=\"og:url\" content=\"https:\/\/mavisel.com\/producto\/top-bikini-nature-leopardo-con-aro-y-diseno-distintivo\/\" \/>\n<meta property=\"og:site_name\" content=\"Mavisel\" \/>\n<meta property=\"article:modified_time\" content=\"2026-03-11T09:52:52+00:00\" \/>\n<meta property=\"og:image\" content=\"https:\/\/mavisel.com\/wp-content\/uploads\/2026\/03\/621-1091D-top-bikini-nature-leopardo-cay-detalle-1.png\" \/>\n\t<meta property=\"og:image:width\" content=\"295\" \/>\n\t<meta property=\"og:image:height\" content=\"500\" \/>\n\t<meta property=\"og:image:type\" content=\"image\/png\" \/>\n<meta name=\"twitter:card\" content=\"summary_large_image\" \/>\n<meta name=\"twitter:label1\" content=\"Tiempo de lectura\" \/>\n\t<meta name=\"twitter:data1\" content=\"1 minuto\" \/>\n<script type=\"application\/ld+json\" class=\"yoast-schema-graph\">{\"@context\":\"https:\/\/schema.org\",\"@graph\":[{\"@type\":\"WebPage\",\"@id\":\"https:\/\/mavisel.com\/producto\/top-bikini-nature-leopardo-con-aro-y-diseno-distintivo\/\",\"url\":\"https:\/\/mavisel.com\/producto\/top-bikini-nature-leopardo-con-aro-y-diseno-distintivo\/\",\"name\":\"Top Bikini Nature Leopardo Con aro y dise\u00f1o distintivo - Mavisel\",\"isPartOf\":{\"@id\":\"http:\/\/mavisel.com\/#website\"},\"primaryImageOfPage\":{\"@id\":\"https:\/\/mavisel.com\/producto\/top-bikini-nature-leopardo-con-aro-y-diseno-distintivo\/#primaryimage\"},\"image\":{\"@id\":\"https:\/\/mavisel.com\/producto\/top-bikini-nature-leopardo-con-aro-y-diseno-distintivo\/#primaryimage\"},\"thumbnailUrl\":\"https:\/\/mavisel.com\/wp-content\/uploads\/2026\/03\/621-1091D-top-bikini-nature-leopardo-cay-detalle-1.png\",\"datePublished\":\"2026-03-05T13:01:23+00:00\",\"dateModified\":\"2026-03-11T09:52:52+00:00\",\"description\":\"Top bikini Nature Leopardo con aro y l\u00ednea dorada en el borde del escote, con estampado leopardo en el resto. Un dise\u00f1o elegante, femenino y atrevido para el verano.\",\"breadcrumb\":{\"@id\":\"https:\/\/mavisel.com\/producto\/top-bikini-nature-leopardo-con-aro-y-diseno-distintivo\/#breadcrumb\"},\"inLanguage\":\"es\",\"potentialAction\":[{\"@type\":\"ReadAction\",\"target\":[\"https:\/\/mavisel.com\/producto\/top-bikini-nature-leopardo-con-aro-y-diseno-distintivo\/\"]}]},{\"@type\":\"ImageObject\",\"inLanguage\":\"es\",\"@id\":\"https:\/\/mavisel.com\/producto\/top-bikini-nature-leopardo-con-aro-y-diseno-distintivo\/#primaryimage\",\"url\":\"https:\/\/mavisel.com\/wp-content\/uploads\/2026\/03\/621-1091D-top-bikini-nature-leopardo-cay-detalle-1.png\",\"contentUrl\":\"https:\/\/mavisel.com\/wp-content\/uploads\/2026\/03\/621-1091D-top-bikini-nature-leopardo-cay-detalle-1.png\",\"width\":295,\"height\":500,\"caption\":\"Top bikini Nature Leopardo con aro ydetalle distintivo\"},{\"@type\":\"BreadcrumbList\",\"@id\":\"https:\/\/mavisel.com\/producto\/top-bikini-nature-leopardo-con-aro-y-diseno-distintivo\/#breadcrumb\",\"itemListElement\":[{\"@type\":\"ListItem\",\"position\":1,\"name\":\"Portada\",\"item\":\"https:\/\/mavisel.com\/\"},{\"@type\":\"ListItem\",\"position\":2,\"name\":\"Home\",\"item\":\"https:\/\/mavisel.com\/\"},{\"@type\":\"ListItem\",\"position\":3,\"name\":\"Top Bikini Nature Leopardo Con aro y dise\u00f1o distintivo\"}]},{\"@type\":\"WebSite\",\"@id\":\"http:\/\/mavisel.com\/#website\",\"url\":\"http:\/\/mavisel.com\/\",\"name\":\"Mavisel\",\"description\":\"Marca espa\u00f1ola de moda de ba\u00f1o para mujer\",\"publisher\":{\"@id\":\"http:\/\/mavisel.com\/#organization\"},\"potentialAction\":[{\"@type\":\"SearchAction\",\"target\":{\"@type\":\"EntryPoint\",\"urlTemplate\":\"http:\/\/mavisel.com\/?s={search_term_string}\"},\"query-input\":{\"@type\":\"PropertyValueSpecification\",\"valueRequired\":true,\"valueName\":\"search_term_string\"}}],\"inLanguage\":\"es\"},{\"@type\":\"Organization\",\"@id\":\"http:\/\/mavisel.com\/#organization\",\"name\":\"Mavisel\",\"url\":\"http:\/\/mavisel.com\/\",\"logo\":{\"@type\":\"ImageObject\",\"inLanguage\":\"es\",\"@id\":\"http:\/\/mavisel.com\/#\/schema\/logo\/image\/\",\"url\":\"https:\/\/mavisel.com\/wp-content\/uploads\/2024\/09\/cropped-cropped-MAVISEL-1.png\",\"contentUrl\":\"https:\/\/mavisel.com\/wp-content\/uploads\/2024\/09\/cropped-cropped-MAVISEL-1.png\",\"width\":512,\"height\":213,\"caption\":\"Mavisel\"},\"image\":{\"@id\":\"http:\/\/mavisel.com\/#\/schema\/logo\/image\/\"}}]}<\/script>\n<!-- \/ Yoast SEO plugin. -->","yoast_head_json":{"title":"Top Bikini Nature Leopardo Con aro y dise\u00f1o distintivo - Mavisel","description":"Top bikini Nature Leopardo con aro y l\u00ednea dorada en el borde del escote, con estampado leopardo en el resto. Un dise\u00f1o elegante, femenino y atrevido para el verano.","robots":{"index":"index","follow":"follow","max-snippet":"max-snippet:-1","max-image-preview":"max-image-preview:large","max-video-preview":"max-video-preview:-1"},"canonical":"https:\/\/mavisel.com\/producto\/top-bikini-nature-leopardo-con-aro-y-diseno-distintivo\/","og_locale":"es_ES","og_type":"article","og_title":"Top Bikini Nature Leopardo Con aro y dise\u00f1o distintivo - Mavisel","og_description":"Top bikini Nature Leopardo con aro y l\u00ednea dorada en el borde del escote, con estampado leopardo en el resto. Un dise\u00f1o elegante, femenino y atrevido para el verano.","og_url":"https:\/\/mavisel.com\/producto\/top-bikini-nature-leopardo-con-aro-y-diseno-distintivo\/","og_site_name":"Mavisel","article_modified_time":"2026-03-11T09:52:52+00:00","og_image":[{"width":295,"height":500,"url":"https:\/\/mavisel.com\/wp-content\/uploads\/2026\/03\/621-1091D-top-bikini-nature-leopardo-cay-detalle-1.png","type":"image\/png"}],"twitter_card":"summary_large_image","twitter_misc":{"Tiempo de lectura":"1 minuto"},"schema":{"@context":"https:\/\/schema.org","@graph":[{"@type":"WebPage","@id":"https:\/\/mavisel.com\/producto\/top-bikini-nature-leopardo-con-aro-y-diseno-distintivo\/","url":"https:\/\/mavisel.com\/producto\/top-bikini-nature-leopardo-con-aro-y-diseno-distintivo\/","name":"Top Bikini Nature Leopardo Con aro y dise\u00f1o distintivo - Mavisel","isPartOf":{"@id":"http:\/\/mavisel.com\/#website"},"primaryImageOfPage":{"@id":"https:\/\/mavisel.com\/producto\/top-bikini-nature-leopardo-con-aro-y-diseno-distintivo\/#primaryimage"},"image":{"@id":"https:\/\/mavisel.com\/producto\/top-bikini-nature-leopardo-con-aro-y-diseno-distintivo\/#primaryimage"},"thumbnailUrl":"https:\/\/mavisel.com\/wp-content\/uploads\/2026\/03\/621-1091D-top-bikini-nature-leopardo-cay-detalle-1.png","datePublished":"2026-03-05T13:01:23+00:00","dateModified":"2026-03-11T09:52:52+00:00","description":"Top bikini Nature Leopardo con aro y l\u00ednea dorada en el borde del escote, con estampado leopardo en el resto. Un dise\u00f1o elegante, femenino y atrevido para el verano.","breadcrumb":{"@id":"https:\/\/mavisel.com\/producto\/top-bikini-nature-leopardo-con-aro-y-diseno-distintivo\/#breadcrumb"},"inLanguage":"es","potentialAction":[{"@type":"ReadAction","target":["https:\/\/mavisel.com\/producto\/top-bikini-nature-leopardo-con-aro-y-diseno-distintivo\/"]}]},{"@type":"ImageObject","inLanguage":"es","@id":"https:\/\/mavisel.com\/producto\/top-bikini-nature-leopardo-con-aro-y-diseno-distintivo\/#primaryimage","url":"https:\/\/mavisel.com\/wp-content\/uploads\/2026\/03\/621-1091D-top-bikini-nature-leopardo-cay-detalle-1.png","contentUrl":"https:\/\/mavisel.com\/wp-content\/uploads\/2026\/03\/621-1091D-top-bikini-nature-leopardo-cay-detalle-1.png","width":295,"height":500,"caption":"Top bikini Nature Leopardo con aro ydetalle distintivo"},{"@type":"BreadcrumbList","@id":"https:\/\/mavisel.com\/producto\/top-bikini-nature-leopardo-con-aro-y-diseno-distintivo\/#breadcrumb","itemListElement":[{"@type":"ListItem","position":1,"name":"Portada","item":"https:\/\/mavisel.com\/"},{"@type":"ListItem","position":2,"name":"Home","item":"https:\/\/mavisel.com\/"},{"@type":"ListItem","position":3,"name":"Top Bikini Nature Leopardo Con aro y dise\u00f1o distintivo"}]},{"@type":"WebSite","@id":"http:\/\/mavisel.com\/#website","url":"http:\/\/mavisel.com\/","name":"Mavisel","description":"Marca espa\u00f1ola de moda de ba\u00f1o para mujer","publisher":{"@id":"http:\/\/mavisel.com\/#organization"},"potentialAction":[{"@type":"SearchAction","target":{"@type":"EntryPoint","urlTemplate":"http:\/\/mavisel.com\/?s={search_term_string}"},"query-input":{"@type":"PropertyValueSpecification","valueRequired":true,"valueName":"search_term_string"}}],"inLanguage":"es"},{"@type":"Organization","@id":"http:\/\/mavisel.com\/#organization","name":"Mavisel","url":"http:\/\/mavisel.com\/","logo":{"@type":"ImageObject","inLanguage":"es","@id":"http:\/\/mavisel.com\/#\/schema\/logo\/image\/","url":"https:\/\/mavisel.com\/wp-content\/uploads\/2024\/09\/cropped-cropped-MAVISEL-1.png","contentUrl":"https:\/\/mavisel.com\/wp-content\/uploads\/2024\/09\/cropped-cropped-MAVISEL-1.png","width":512,"height":213,"caption":"Mavisel"},"image":{"@id":"http:\/\/mavisel.com\/#\/schema\/logo\/image\/"}}]}},"_links":{"self":[{"href":"https:\/\/mavisel.com\/index.php?rest_route=\/wp\/v2\/product\/3275","targetHints":{"allow":["GET"]}}],"collection":[{"href":"https:\/\/mavisel.com\/index.php?rest_route=\/wp\/v2\/product"}],"about":[{"href":"https:\/\/mavisel.com\/index.php?rest_route=\/wp\/v2\/types\/product"}],"replies":[{"embeddable":true,"href":"https:\/\/mavisel.com\/index.php?rest_route=%2Fwp%2Fv2%2Fcomments&post=3275"}],"wp:featuredmedia":[{"embeddable":true,"href":"https:\/\/mavisel.com\/index.php?rest_route=\/wp\/v2\/media\/3516"}],"wp:attachment":[{"href":"https:\/\/mavisel.com\/index.php?rest_route=%2Fwp%2Fv2%2Fmedia&parent=3275"}],"wp:term":[{"taxonomy":"product_brand","embeddable":true,"href":"https:\/\/mavisel.com\/index.php?rest_route=%2Fwp%2Fv2%2Fproduct_brand&post=3275"},{"taxonomy":"product_cat","embeddable":true,"href":"https:\/\/mavisel.com\/index.php?rest_route=%2Fwp%2Fv2%2Fproduct_cat&post=3275"},{"taxonomy":"product_tag","embeddable":true,"href":"https:\/\/mavisel.com\/index.php?rest_route=%2Fwp%2Fv2%2Fproduct_tag&post=3275"}],"curies":[{"name":"wp","href":"https:\/\/api.w.org\/{rel}","templated":true}]}}