{"id":3273,"date":"2026-03-05T14:01:22","date_gmt":"2026-03-05T13:01:22","guid":{"rendered":"https:\/\/mavisel.com\/?post_type=product&#038;p=3273"},"modified":"2026-03-06T14:32:51","modified_gmt":"2026-03-06T13:32:51","slug":"top-bikini-nature-botanico-con-aro-y-doble-tirante","status":"publish","type":"product","link":"https:\/\/mavisel.com\/?product=top-bikini-nature-botanico-con-aro-y-doble-tirante","title":{"rendered":"Top Bikini Nature Bot\u00e1nico Con aro y doble tirante"},"content":{"rendered":"<p>Top bikini Nature Bot\u00e1nico con <strong>aro<\/strong> que ofrece sujeci\u00f3n y realza el escote de forma favorecedora. Cuenta con <strong>doble tirante regulable<\/strong> para un ajuste c\u00f3modo y personalizado. Presenta el mismo <strong>dise\u00f1o completo de flores y hojas<\/strong> en tonos blancos, amarillos y azules, creando un look fresco, natural y femenino. Una pieza ideal para lucir en la playa o la piscina con estilo veraniego, sofisticado y lleno de vida.<\/p>\n<p>Tambi\u00e9n tienes la opci\u00f3n del \u00a0<strong><a href=\"https:\/\/mavisel.com\/producto\/top-bikini-nature-botanico-con-aro\/\">Top Bikini Nature Bot\u00e1nico Con aro <\/a><\/strong> o si prefieres ba\u00f1adores tienes la opci\u00f3n del <strong><a href=\"https:\/\/mavisel.com\/producto\/banador-nature-botanico-corte-pico-escote-cruzado\/\">Ba\u00f1ador Nature Bot\u00e1nico Corte pico escote cruzado<\/a><\/strong> o el <strong><a href=\"https:\/\/mavisel.com\/producto\/banador-nature-botanico-corte-pico\/\">Ba\u00f1ador Nature Bot\u00e1nico Corte pico.<\/a><\/strong><\/p>\n","protected":false},"excerpt":{"rendered":"<p>Top bikini Nature Bot\u00e1nico con <strong>aro<\/strong> y <strong>doble tirante regulable<\/strong>, con dise\u00f1o de flores y hojas en tonos blancos, amarillos y azules. Un look fresco, femenino y elegante para el verano.<\/p>\n","protected":false},"featured_media":3490,"comment_status":"open","ping_status":"closed","template":"","meta":[],"product_brand":[70],"product_cat":[34,163,164],"product_tag":[],"class_list":{"0":"post-3273","1":"product","2":"type-product","3":"status-publish","4":"has-post-thumbnail","6":"product_brand-mavisel","7":"product_cat-top-bikinis","8":"product_cat-moda-de-bano","9":"product_cat-con-aro","10":"pa_color-estampado","11":"pa_talla-talla-85c","12":"pa_talla-talla-90c","13":"pa_talla-talla-95c","14":"pa_talla-talla-100c","15":"pa_talla-talla-105c","16":"pa_talla-talla-110c","17":"pa_talla-talla-115c","19":"first","20":"instock","21":"shipping-taxable","22":"product-type-variable"},"yoast_head":"<!-- This site is optimized with the Yoast SEO plugin v26.8 - https:\/\/yoast.com\/product\/yoast-seo-wordpress\/ -->\n<title>Top Bikini Nature Bot\u00e1nico Con aro y doble tirante - Mavisel<\/title>\n<meta name=\"description\" content=\"Top bikini Nature Bot\u00e1nico con aro y doble tirante regulable, con dise\u00f1o de flores y hojas en tonos blancos, amarillos y azules. Un look fresco, femenino y elegante para el verano\" \/>\n<meta name=\"robots\" content=\"index, follow, max-snippet:-1, max-image-preview:large, max-video-preview:-1\" \/>\n<link rel=\"canonical\" href=\"https:\/\/mavisel.com\/producto\/top-bikini-nature-botanico-con-aro-y-doble-tirante\/\" \/>\n<meta property=\"og:locale\" content=\"es_ES\" \/>\n<meta property=\"og:type\" content=\"article\" \/>\n<meta property=\"og:title\" content=\"Top Bikini Nature Bot\u00e1nico Con aro y doble tirante - Mavisel\" \/>\n<meta property=\"og:description\" content=\"Top bikini Nature Bot\u00e1nico con aro y doble tirante regulable, con dise\u00f1o de flores y hojas en tonos blancos, amarillos y azules. Un look fresco, femenino y elegante para el verano\" \/>\n<meta property=\"og:url\" content=\"https:\/\/mavisel.com\/producto\/top-bikini-nature-botanico-con-aro-y-doble-tirante\/\" \/>\n<meta property=\"og:site_name\" content=\"Mavisel\" \/>\n<meta property=\"article:modified_time\" content=\"2026-03-06T13:32:51+00:00\" \/>\n<meta property=\"og:image\" content=\"https:\/\/mavisel.com\/wp-content\/uploads\/2026\/03\/620-1319C-Top-bikini-con-aro-y-doble-tirante.png\" \/>\n\t<meta property=\"og:image:width\" content=\"254\" \/>\n\t<meta property=\"og:image:height\" content=\"508\" \/>\n\t<meta property=\"og:image:type\" content=\"image\/png\" \/>\n<meta name=\"twitter:card\" content=\"summary_large_image\" \/>\n<meta name=\"twitter:label1\" content=\"Tiempo de lectura\" \/>\n\t<meta name=\"twitter:data1\" content=\"1 minuto\" \/>\n<script type=\"application\/ld+json\" class=\"yoast-schema-graph\">{\"@context\":\"https:\/\/schema.org\",\"@graph\":[{\"@type\":\"WebPage\",\"@id\":\"https:\/\/mavisel.com\/producto\/top-bikini-nature-botanico-con-aro-y-doble-tirante\/\",\"url\":\"https:\/\/mavisel.com\/producto\/top-bikini-nature-botanico-con-aro-y-doble-tirante\/\",\"name\":\"Top Bikini Nature Bot\u00e1nico Con aro y doble tirante - Mavisel\",\"isPartOf\":{\"@id\":\"http:\/\/mavisel.com\/#website\"},\"primaryImageOfPage\":{\"@id\":\"https:\/\/mavisel.com\/producto\/top-bikini-nature-botanico-con-aro-y-doble-tirante\/#primaryimage\"},\"image\":{\"@id\":\"https:\/\/mavisel.com\/producto\/top-bikini-nature-botanico-con-aro-y-doble-tirante\/#primaryimage\"},\"thumbnailUrl\":\"https:\/\/mavisel.com\/wp-content\/uploads\/2026\/03\/620-1319C-Top-bikini-con-aro-y-doble-tirante.png\",\"datePublished\":\"2026-03-05T13:01:22+00:00\",\"dateModified\":\"2026-03-06T13:32:51+00:00\",\"description\":\"Top bikini Nature Bot\u00e1nico con aro y doble tirante regulable, con dise\u00f1o de flores y hojas en tonos blancos, amarillos y azules. Un look fresco, femenino y elegante para el verano\",\"breadcrumb\":{\"@id\":\"https:\/\/mavisel.com\/producto\/top-bikini-nature-botanico-con-aro-y-doble-tirante\/#breadcrumb\"},\"inLanguage\":\"es\",\"potentialAction\":[{\"@type\":\"ReadAction\",\"target\":[\"https:\/\/mavisel.com\/producto\/top-bikini-nature-botanico-con-aro-y-doble-tirante\/\"]}]},{\"@type\":\"ImageObject\",\"inLanguage\":\"es\",\"@id\":\"https:\/\/mavisel.com\/producto\/top-bikini-nature-botanico-con-aro-y-doble-tirante\/#primaryimage\",\"url\":\"https:\/\/mavisel.com\/wp-content\/uploads\/2026\/03\/620-1319C-Top-bikini-con-aro-y-doble-tirante.png\",\"contentUrl\":\"https:\/\/mavisel.com\/wp-content\/uploads\/2026\/03\/620-1319C-Top-bikini-con-aro-y-doble-tirante.png\",\"width\":254,\"height\":508,\"caption\":\"Top bikini con aro y doble tirante\"},{\"@type\":\"BreadcrumbList\",\"@id\":\"https:\/\/mavisel.com\/producto\/top-bikini-nature-botanico-con-aro-y-doble-tirante\/#breadcrumb\",\"itemListElement\":[{\"@type\":\"ListItem\",\"position\":1,\"name\":\"Portada\",\"item\":\"https:\/\/mavisel.com\/\"},{\"@type\":\"ListItem\",\"position\":2,\"name\":\"Home\",\"item\":\"https:\/\/mavisel.com\/\"},{\"@type\":\"ListItem\",\"position\":3,\"name\":\"Top Bikini Nature Bot\u00e1nico Con aro y doble tirante\"}]},{\"@type\":\"WebSite\",\"@id\":\"http:\/\/mavisel.com\/#website\",\"url\":\"http:\/\/mavisel.com\/\",\"name\":\"Mavisel\",\"description\":\"Marca espa\u00f1ola de moda de ba\u00f1o para mujer\",\"publisher\":{\"@id\":\"http:\/\/mavisel.com\/#organization\"},\"potentialAction\":[{\"@type\":\"SearchAction\",\"target\":{\"@type\":\"EntryPoint\",\"urlTemplate\":\"http:\/\/mavisel.com\/?s={search_term_string}\"},\"query-input\":{\"@type\":\"PropertyValueSpecification\",\"valueRequired\":true,\"valueName\":\"search_term_string\"}}],\"inLanguage\":\"es\"},{\"@type\":\"Organization\",\"@id\":\"http:\/\/mavisel.com\/#organization\",\"name\":\"Mavisel\",\"url\":\"http:\/\/mavisel.com\/\",\"logo\":{\"@type\":\"ImageObject\",\"inLanguage\":\"es\",\"@id\":\"http:\/\/mavisel.com\/#\/schema\/logo\/image\/\",\"url\":\"https:\/\/mavisel.com\/wp-content\/uploads\/2024\/09\/cropped-cropped-MAVISEL-1.png\",\"contentUrl\":\"https:\/\/mavisel.com\/wp-content\/uploads\/2024\/09\/cropped-cropped-MAVISEL-1.png\",\"width\":512,\"height\":213,\"caption\":\"Mavisel\"},\"image\":{\"@id\":\"http:\/\/mavisel.com\/#\/schema\/logo\/image\/\"}}]}<\/script>\n<!-- \/ Yoast SEO plugin. -->","yoast_head_json":{"title":"Top Bikini Nature Bot\u00e1nico Con aro y doble tirante - Mavisel","description":"Top bikini Nature Bot\u00e1nico con aro y doble tirante regulable, con dise\u00f1o de flores y hojas en tonos blancos, amarillos y azules. Un look fresco, femenino y elegante para el verano","robots":{"index":"index","follow":"follow","max-snippet":"max-snippet:-1","max-image-preview":"max-image-preview:large","max-video-preview":"max-video-preview:-1"},"canonical":"https:\/\/mavisel.com\/producto\/top-bikini-nature-botanico-con-aro-y-doble-tirante\/","og_locale":"es_ES","og_type":"article","og_title":"Top Bikini Nature Bot\u00e1nico Con aro y doble tirante - Mavisel","og_description":"Top bikini Nature Bot\u00e1nico con aro y doble tirante regulable, con dise\u00f1o de flores y hojas en tonos blancos, amarillos y azules. Un look fresco, femenino y elegante para el verano","og_url":"https:\/\/mavisel.com\/producto\/top-bikini-nature-botanico-con-aro-y-doble-tirante\/","og_site_name":"Mavisel","article_modified_time":"2026-03-06T13:32:51+00:00","og_image":[{"width":254,"height":508,"url":"https:\/\/mavisel.com\/wp-content\/uploads\/2026\/03\/620-1319C-Top-bikini-con-aro-y-doble-tirante.png","type":"image\/png"}],"twitter_card":"summary_large_image","twitter_misc":{"Tiempo de lectura":"1 minuto"},"schema":{"@context":"https:\/\/schema.org","@graph":[{"@type":"WebPage","@id":"https:\/\/mavisel.com\/producto\/top-bikini-nature-botanico-con-aro-y-doble-tirante\/","url":"https:\/\/mavisel.com\/producto\/top-bikini-nature-botanico-con-aro-y-doble-tirante\/","name":"Top Bikini Nature Bot\u00e1nico Con aro y doble tirante - Mavisel","isPartOf":{"@id":"http:\/\/mavisel.com\/#website"},"primaryImageOfPage":{"@id":"https:\/\/mavisel.com\/producto\/top-bikini-nature-botanico-con-aro-y-doble-tirante\/#primaryimage"},"image":{"@id":"https:\/\/mavisel.com\/producto\/top-bikini-nature-botanico-con-aro-y-doble-tirante\/#primaryimage"},"thumbnailUrl":"https:\/\/mavisel.com\/wp-content\/uploads\/2026\/03\/620-1319C-Top-bikini-con-aro-y-doble-tirante.png","datePublished":"2026-03-05T13:01:22+00:00","dateModified":"2026-03-06T13:32:51+00:00","description":"Top bikini Nature Bot\u00e1nico con aro y doble tirante regulable, con dise\u00f1o de flores y hojas en tonos blancos, amarillos y azules. Un look fresco, femenino y elegante para el verano","breadcrumb":{"@id":"https:\/\/mavisel.com\/producto\/top-bikini-nature-botanico-con-aro-y-doble-tirante\/#breadcrumb"},"inLanguage":"es","potentialAction":[{"@type":"ReadAction","target":["https:\/\/mavisel.com\/producto\/top-bikini-nature-botanico-con-aro-y-doble-tirante\/"]}]},{"@type":"ImageObject","inLanguage":"es","@id":"https:\/\/mavisel.com\/producto\/top-bikini-nature-botanico-con-aro-y-doble-tirante\/#primaryimage","url":"https:\/\/mavisel.com\/wp-content\/uploads\/2026\/03\/620-1319C-Top-bikini-con-aro-y-doble-tirante.png","contentUrl":"https:\/\/mavisel.com\/wp-content\/uploads\/2026\/03\/620-1319C-Top-bikini-con-aro-y-doble-tirante.png","width":254,"height":508,"caption":"Top bikini con aro y doble tirante"},{"@type":"BreadcrumbList","@id":"https:\/\/mavisel.com\/producto\/top-bikini-nature-botanico-con-aro-y-doble-tirante\/#breadcrumb","itemListElement":[{"@type":"ListItem","position":1,"name":"Portada","item":"https:\/\/mavisel.com\/"},{"@type":"ListItem","position":2,"name":"Home","item":"https:\/\/mavisel.com\/"},{"@type":"ListItem","position":3,"name":"Top Bikini Nature Bot\u00e1nico Con aro y doble tirante"}]},{"@type":"WebSite","@id":"http:\/\/mavisel.com\/#website","url":"http:\/\/mavisel.com\/","name":"Mavisel","description":"Marca espa\u00f1ola de moda de ba\u00f1o para mujer","publisher":{"@id":"http:\/\/mavisel.com\/#organization"},"potentialAction":[{"@type":"SearchAction","target":{"@type":"EntryPoint","urlTemplate":"http:\/\/mavisel.com\/?s={search_term_string}"},"query-input":{"@type":"PropertyValueSpecification","valueRequired":true,"valueName":"search_term_string"}}],"inLanguage":"es"},{"@type":"Organization","@id":"http:\/\/mavisel.com\/#organization","name":"Mavisel","url":"http:\/\/mavisel.com\/","logo":{"@type":"ImageObject","inLanguage":"es","@id":"http:\/\/mavisel.com\/#\/schema\/logo\/image\/","url":"https:\/\/mavisel.com\/wp-content\/uploads\/2024\/09\/cropped-cropped-MAVISEL-1.png","contentUrl":"https:\/\/mavisel.com\/wp-content\/uploads\/2024\/09\/cropped-cropped-MAVISEL-1.png","width":512,"height":213,"caption":"Mavisel"},"image":{"@id":"http:\/\/mavisel.com\/#\/schema\/logo\/image\/"}}]}},"_links":{"self":[{"href":"https:\/\/mavisel.com\/index.php?rest_route=\/wp\/v2\/product\/3273","targetHints":{"allow":["GET"]}}],"collection":[{"href":"https:\/\/mavisel.com\/index.php?rest_route=\/wp\/v2\/product"}],"about":[{"href":"https:\/\/mavisel.com\/index.php?rest_route=\/wp\/v2\/types\/product"}],"replies":[{"embeddable":true,"href":"https:\/\/mavisel.com\/index.php?rest_route=%2Fwp%2Fv2%2Fcomments&post=3273"}],"wp:featuredmedia":[{"embeddable":true,"href":"https:\/\/mavisel.com\/index.php?rest_route=\/wp\/v2\/media\/3490"}],"wp:attachment":[{"href":"https:\/\/mavisel.com\/index.php?rest_route=%2Fwp%2Fv2%2Fmedia&parent=3273"}],"wp:term":[{"taxonomy":"product_brand","embeddable":true,"href":"https:\/\/mavisel.com\/index.php?rest_route=%2Fwp%2Fv2%2Fproduct_brand&post=3273"},{"taxonomy":"product_cat","embeddable":true,"href":"https:\/\/mavisel.com\/index.php?rest_route=%2Fwp%2Fv2%2Fproduct_cat&post=3273"},{"taxonomy":"product_tag","embeddable":true,"href":"https:\/\/mavisel.com\/index.php?rest_route=%2Fwp%2Fv2%2Fproduct_tag&post=3273"}],"curies":[{"name":"wp","href":"https:\/\/api.w.org\/{rel}","templated":true}]}}