{"id":3243,"date":"2026-03-05T14:01:16","date_gmt":"2026-03-05T13:01:16","guid":{"rendered":"https:\/\/mavisel.com\/?post_type=product&#038;p=3243"},"modified":"2026-03-10T13:30:13","modified_gmt":"2026-03-10T12:30:13","slug":"top-bikini-nature-abstracto-triangulo","status":"publish","type":"product","link":"https:\/\/mavisel.com\/?product=top-bikini-nature-abstracto-triangulo","title":{"rendered":"Top Bikini Nature Abstracto Tri\u00e1ngulo"},"content":{"rendered":"<p>Top bikini Nature Abstracto con <strong>corte tri\u00e1ngulo<\/strong> que realza el escote y aporta un estilo femenino y favorecedor. Mantiene el mismo <strong>dise\u00f1o geom\u00e9trico de rombos y c\u00edrculos<\/strong> en tonos naranja, marr\u00f3n y azul sobre <strong>fondo blanco<\/strong>, creando un look moderno y lleno de personalidad. Incorpora un <strong>adorno en forma de anilla de resina en el escote<\/strong>, a\u00f1adiendo un detalle sofisticado y actual. Una pieza perfecta para destacar en la playa o la piscina con un estilo original y elegante.<\/p>\n<p>Tambi\u00e9n esta la opci\u00f3n del <strong><a href=\"https:\/\/mavisel.com\/producto\/top-tankini-nature-abstracto-corte-pico\/\">Top Tankini Nature Abstracto Corte pico<\/a><\/strong>,\u00a0<strong><a href=\"https:\/\/mavisel.com\/producto\/top-bikini-nature-abstracto-balconette\/\">Top Bikini Nature Abstracto Balconette<\/a><\/strong> \u00a0o si lo prefieres el <strong><a href=\"https:\/\/mavisel.com\/producto\/banador-nature-abstracto-corte-pico\/\">Ba\u00f1ador Nature Abstracto Corte pico<\/a><\/strong>.<\/p>\n","protected":false},"excerpt":{"rendered":"<p>Top bikini Nature Abstracto tri\u00e1ngulo con <strong>dise\u00f1o geom\u00e9trico<\/strong> en tonos naranja, marr\u00f3n y azul sobre fondo blanco y <strong>anilla de resina en el escote<\/strong>. Un look moderno, original y favorecedor.<\/p>\n","protected":false},"featured_media":3503,"comment_status":"open","ping_status":"closed","template":"","meta":[],"product_brand":[70],"product_cat":[15,34,163,167],"product_tag":[],"class_list":{"0":"post-3243","1":"product","2":"type-product","3":"status-publish","4":"has-post-thumbnail","6":"product_brand-mavisel","7":"product_cat-sin-categorizar","8":"product_cat-top-bikinis","9":"product_cat-moda-de-bano","10":"product_cat-triangulo","11":"pa_color-estampado","12":"pa_talla-talla-85c","13":"pa_talla-talla-90c","14":"pa_talla-talla-95c","15":"pa_talla-talla-100c","16":"pa_talla-talla-105c","18":"first","19":"instock","20":"shipping-taxable","21":"product-type-variable"},"yoast_head":"<!-- This site is optimized with the Yoast SEO plugin v26.8 - https:\/\/yoast.com\/product\/yoast-seo-wordpress\/ -->\n<title>Top Bikini Nature Abstracto Tri\u00e1ngulo - Mavisel<\/title>\n<meta name=\"description\" content=\"Top bikini Nature Abstracto tri\u00e1ngulo con dise\u00f1o geom\u00e9trico en tonos naranja, marr\u00f3n y azul sobre fondo blanco y anilla de resina en el escote. Un look moderno, original y favorecedor.\" \/>\n<meta name=\"robots\" content=\"index, follow, max-snippet:-1, max-image-preview:large, max-video-preview:-1\" \/>\n<link rel=\"canonical\" href=\"https:\/\/mavisel.com\/producto\/top-bikini-nature-abstracto-triangulo\/\" \/>\n<meta property=\"og:locale\" content=\"es_ES\" \/>\n<meta property=\"og:type\" content=\"article\" \/>\n<meta property=\"og:title\" content=\"Top Bikini Nature Abstracto Tri\u00e1ngulo - Mavisel\" \/>\n<meta property=\"og:description\" content=\"Top bikini Nature Abstracto tri\u00e1ngulo con dise\u00f1o geom\u00e9trico en tonos naranja, marr\u00f3n y azul sobre fondo blanco y anilla de resina en el escote. Un look moderno, original y favorecedor.\" \/>\n<meta property=\"og:url\" content=\"https:\/\/mavisel.com\/producto\/top-bikini-nature-abstracto-triangulo\/\" \/>\n<meta property=\"og:site_name\" content=\"Mavisel\" \/>\n<meta property=\"article:modified_time\" content=\"2026-03-10T12:30:13+00:00\" \/>\n<meta property=\"og:image\" content=\"https:\/\/mavisel.com\/wp-content\/uploads\/2026\/03\/618-1060B-top-bikini-nature-abstracto-triangulo.png\" \/>\n\t<meta property=\"og:image:width\" content=\"269\" \/>\n\t<meta property=\"og:image:height\" content=\"449\" \/>\n\t<meta property=\"og:image:type\" content=\"image\/png\" \/>\n<meta name=\"twitter:card\" content=\"summary_large_image\" \/>\n<meta name=\"twitter:label1\" content=\"Tiempo de lectura\" \/>\n\t<meta name=\"twitter:data1\" content=\"1 minuto\" \/>\n<script type=\"application\/ld+json\" class=\"yoast-schema-graph\">{\"@context\":\"https:\/\/schema.org\",\"@graph\":[{\"@type\":\"WebPage\",\"@id\":\"https:\/\/mavisel.com\/producto\/top-bikini-nature-abstracto-triangulo\/\",\"url\":\"https:\/\/mavisel.com\/producto\/top-bikini-nature-abstracto-triangulo\/\",\"name\":\"Top Bikini Nature Abstracto Tri\u00e1ngulo - Mavisel\",\"isPartOf\":{\"@id\":\"http:\/\/mavisel.com\/#website\"},\"primaryImageOfPage\":{\"@id\":\"https:\/\/mavisel.com\/producto\/top-bikini-nature-abstracto-triangulo\/#primaryimage\"},\"image\":{\"@id\":\"https:\/\/mavisel.com\/producto\/top-bikini-nature-abstracto-triangulo\/#primaryimage\"},\"thumbnailUrl\":\"https:\/\/mavisel.com\/wp-content\/uploads\/2026\/03\/618-1060B-top-bikini-nature-abstracto-triangulo.png\",\"datePublished\":\"2026-03-05T13:01:16+00:00\",\"dateModified\":\"2026-03-10T12:30:13+00:00\",\"description\":\"Top bikini Nature Abstracto tri\u00e1ngulo con dise\u00f1o geom\u00e9trico en tonos naranja, marr\u00f3n y azul sobre fondo blanco y anilla de resina en el escote. Un look moderno, original y favorecedor.\",\"breadcrumb\":{\"@id\":\"https:\/\/mavisel.com\/producto\/top-bikini-nature-abstracto-triangulo\/#breadcrumb\"},\"inLanguage\":\"es\",\"potentialAction\":[{\"@type\":\"ReadAction\",\"target\":[\"https:\/\/mavisel.com\/producto\/top-bikini-nature-abstracto-triangulo\/\"]}]},{\"@type\":\"ImageObject\",\"inLanguage\":\"es\",\"@id\":\"https:\/\/mavisel.com\/producto\/top-bikini-nature-abstracto-triangulo\/#primaryimage\",\"url\":\"https:\/\/mavisel.com\/wp-content\/uploads\/2026\/03\/618-1060B-top-bikini-nature-abstracto-triangulo.png\",\"contentUrl\":\"https:\/\/mavisel.com\/wp-content\/uploads\/2026\/03\/618-1060B-top-bikini-nature-abstracto-triangulo.png\",\"width\":269,\"height\":449,\"caption\":\"Top bIkini Nature Abstracto Tri\u00e1mgulo\"},{\"@type\":\"BreadcrumbList\",\"@id\":\"https:\/\/mavisel.com\/producto\/top-bikini-nature-abstracto-triangulo\/#breadcrumb\",\"itemListElement\":[{\"@type\":\"ListItem\",\"position\":1,\"name\":\"Portada\",\"item\":\"https:\/\/mavisel.com\/\"},{\"@type\":\"ListItem\",\"position\":2,\"name\":\"Home\",\"item\":\"https:\/\/mavisel.com\/\"},{\"@type\":\"ListItem\",\"position\":3,\"name\":\"Top Bikini Nature Abstracto Tri\u00e1ngulo\"}]},{\"@type\":\"WebSite\",\"@id\":\"http:\/\/mavisel.com\/#website\",\"url\":\"http:\/\/mavisel.com\/\",\"name\":\"Mavisel\",\"description\":\"Marca espa\u00f1ola de moda de ba\u00f1o para mujer\",\"publisher\":{\"@id\":\"http:\/\/mavisel.com\/#organization\"},\"potentialAction\":[{\"@type\":\"SearchAction\",\"target\":{\"@type\":\"EntryPoint\",\"urlTemplate\":\"http:\/\/mavisel.com\/?s={search_term_string}\"},\"query-input\":{\"@type\":\"PropertyValueSpecification\",\"valueRequired\":true,\"valueName\":\"search_term_string\"}}],\"inLanguage\":\"es\"},{\"@type\":\"Organization\",\"@id\":\"http:\/\/mavisel.com\/#organization\",\"name\":\"Mavisel\",\"url\":\"http:\/\/mavisel.com\/\",\"logo\":{\"@type\":\"ImageObject\",\"inLanguage\":\"es\",\"@id\":\"http:\/\/mavisel.com\/#\/schema\/logo\/image\/\",\"url\":\"https:\/\/mavisel.com\/wp-content\/uploads\/2024\/09\/cropped-cropped-MAVISEL-1.png\",\"contentUrl\":\"https:\/\/mavisel.com\/wp-content\/uploads\/2024\/09\/cropped-cropped-MAVISEL-1.png\",\"width\":512,\"height\":213,\"caption\":\"Mavisel\"},\"image\":{\"@id\":\"http:\/\/mavisel.com\/#\/schema\/logo\/image\/\"}}]}<\/script>\n<!-- \/ Yoast SEO plugin. -->","yoast_head_json":{"title":"Top Bikini Nature Abstracto Tri\u00e1ngulo - Mavisel","description":"Top bikini Nature Abstracto tri\u00e1ngulo con dise\u00f1o geom\u00e9trico en tonos naranja, marr\u00f3n y azul sobre fondo blanco y anilla de resina en el escote. Un look moderno, original y favorecedor.","robots":{"index":"index","follow":"follow","max-snippet":"max-snippet:-1","max-image-preview":"max-image-preview:large","max-video-preview":"max-video-preview:-1"},"canonical":"https:\/\/mavisel.com\/producto\/top-bikini-nature-abstracto-triangulo\/","og_locale":"es_ES","og_type":"article","og_title":"Top Bikini Nature Abstracto Tri\u00e1ngulo - Mavisel","og_description":"Top bikini Nature Abstracto tri\u00e1ngulo con dise\u00f1o geom\u00e9trico en tonos naranja, marr\u00f3n y azul sobre fondo blanco y anilla de resina en el escote. Un look moderno, original y favorecedor.","og_url":"https:\/\/mavisel.com\/producto\/top-bikini-nature-abstracto-triangulo\/","og_site_name":"Mavisel","article_modified_time":"2026-03-10T12:30:13+00:00","og_image":[{"width":269,"height":449,"url":"https:\/\/mavisel.com\/wp-content\/uploads\/2026\/03\/618-1060B-top-bikini-nature-abstracto-triangulo.png","type":"image\/png"}],"twitter_card":"summary_large_image","twitter_misc":{"Tiempo de lectura":"1 minuto"},"schema":{"@context":"https:\/\/schema.org","@graph":[{"@type":"WebPage","@id":"https:\/\/mavisel.com\/producto\/top-bikini-nature-abstracto-triangulo\/","url":"https:\/\/mavisel.com\/producto\/top-bikini-nature-abstracto-triangulo\/","name":"Top Bikini Nature Abstracto Tri\u00e1ngulo - Mavisel","isPartOf":{"@id":"http:\/\/mavisel.com\/#website"},"primaryImageOfPage":{"@id":"https:\/\/mavisel.com\/producto\/top-bikini-nature-abstracto-triangulo\/#primaryimage"},"image":{"@id":"https:\/\/mavisel.com\/producto\/top-bikini-nature-abstracto-triangulo\/#primaryimage"},"thumbnailUrl":"https:\/\/mavisel.com\/wp-content\/uploads\/2026\/03\/618-1060B-top-bikini-nature-abstracto-triangulo.png","datePublished":"2026-03-05T13:01:16+00:00","dateModified":"2026-03-10T12:30:13+00:00","description":"Top bikini Nature Abstracto tri\u00e1ngulo con dise\u00f1o geom\u00e9trico en tonos naranja, marr\u00f3n y azul sobre fondo blanco y anilla de resina en el escote. Un look moderno, original y favorecedor.","breadcrumb":{"@id":"https:\/\/mavisel.com\/producto\/top-bikini-nature-abstracto-triangulo\/#breadcrumb"},"inLanguage":"es","potentialAction":[{"@type":"ReadAction","target":["https:\/\/mavisel.com\/producto\/top-bikini-nature-abstracto-triangulo\/"]}]},{"@type":"ImageObject","inLanguage":"es","@id":"https:\/\/mavisel.com\/producto\/top-bikini-nature-abstracto-triangulo\/#primaryimage","url":"https:\/\/mavisel.com\/wp-content\/uploads\/2026\/03\/618-1060B-top-bikini-nature-abstracto-triangulo.png","contentUrl":"https:\/\/mavisel.com\/wp-content\/uploads\/2026\/03\/618-1060B-top-bikini-nature-abstracto-triangulo.png","width":269,"height":449,"caption":"Top bIkini Nature Abstracto Tri\u00e1mgulo"},{"@type":"BreadcrumbList","@id":"https:\/\/mavisel.com\/producto\/top-bikini-nature-abstracto-triangulo\/#breadcrumb","itemListElement":[{"@type":"ListItem","position":1,"name":"Portada","item":"https:\/\/mavisel.com\/"},{"@type":"ListItem","position":2,"name":"Home","item":"https:\/\/mavisel.com\/"},{"@type":"ListItem","position":3,"name":"Top Bikini Nature Abstracto Tri\u00e1ngulo"}]},{"@type":"WebSite","@id":"http:\/\/mavisel.com\/#website","url":"http:\/\/mavisel.com\/","name":"Mavisel","description":"Marca espa\u00f1ola de moda de ba\u00f1o para mujer","publisher":{"@id":"http:\/\/mavisel.com\/#organization"},"potentialAction":[{"@type":"SearchAction","target":{"@type":"EntryPoint","urlTemplate":"http:\/\/mavisel.com\/?s={search_term_string}"},"query-input":{"@type":"PropertyValueSpecification","valueRequired":true,"valueName":"search_term_string"}}],"inLanguage":"es"},{"@type":"Organization","@id":"http:\/\/mavisel.com\/#organization","name":"Mavisel","url":"http:\/\/mavisel.com\/","logo":{"@type":"ImageObject","inLanguage":"es","@id":"http:\/\/mavisel.com\/#\/schema\/logo\/image\/","url":"https:\/\/mavisel.com\/wp-content\/uploads\/2024\/09\/cropped-cropped-MAVISEL-1.png","contentUrl":"https:\/\/mavisel.com\/wp-content\/uploads\/2024\/09\/cropped-cropped-MAVISEL-1.png","width":512,"height":213,"caption":"Mavisel"},"image":{"@id":"http:\/\/mavisel.com\/#\/schema\/logo\/image\/"}}]}},"_links":{"self":[{"href":"https:\/\/mavisel.com\/index.php?rest_route=\/wp\/v2\/product\/3243","targetHints":{"allow":["GET"]}}],"collection":[{"href":"https:\/\/mavisel.com\/index.php?rest_route=\/wp\/v2\/product"}],"about":[{"href":"https:\/\/mavisel.com\/index.php?rest_route=\/wp\/v2\/types\/product"}],"replies":[{"embeddable":true,"href":"https:\/\/mavisel.com\/index.php?rest_route=%2Fwp%2Fv2%2Fcomments&post=3243"}],"wp:featuredmedia":[{"embeddable":true,"href":"https:\/\/mavisel.com\/index.php?rest_route=\/wp\/v2\/media\/3503"}],"wp:attachment":[{"href":"https:\/\/mavisel.com\/index.php?rest_route=%2Fwp%2Fv2%2Fmedia&parent=3243"}],"wp:term":[{"taxonomy":"product_brand","embeddable":true,"href":"https:\/\/mavisel.com\/index.php?rest_route=%2Fwp%2Fv2%2Fproduct_brand&post=3243"},{"taxonomy":"product_cat","embeddable":true,"href":"https:\/\/mavisel.com\/index.php?rest_route=%2Fwp%2Fv2%2Fproduct_cat&post=3243"},{"taxonomy":"product_tag","embeddable":true,"href":"https:\/\/mavisel.com\/index.php?rest_route=%2Fwp%2Fv2%2Fproduct_tag&post=3243"}],"curies":[{"name":"wp","href":"https:\/\/api.w.org\/{rel}","templated":true}]}}