{"id":3215,"date":"2026-03-05T14:01:08","date_gmt":"2026-03-05T13:01:08","guid":{"rendered":"https:\/\/mavisel.com\/?post_type=product&#038;p=3215"},"modified":"2026-03-12T12:39:42","modified_gmt":"2026-03-12T11:39:42","slug":"top-tankini-nature-corte-pico","status":"publish","type":"product","link":"https:\/\/mavisel.com\/?product=top-tankini-nature-corte-pico","title":{"rendered":"Top Tankini Nature Corte pico"},"content":{"rendered":"<p>Top tankini Nature con <strong>corte pico<\/strong> que estiliza el escote y realza la silueta de manera favorecedora. Presenta un <strong>dise\u00f1o en marr\u00f3n claro<\/strong> que crea una base c\u00e1lida y natural, decorada con un delicado <strong>estampado de ramas con flores en tonos azul, naranja, marr\u00f3n oscuro y blanco<\/strong>. Una combinaci\u00f3n armoniosa que aporta frescura, elegancia y un estilo sofisticado, ideal para disfrutar de la playa o la piscina con comodidad y estilo.<\/p>\n","protected":false},"excerpt":{"rendered":"<p>Top tankini Nature con <strong>corte en pico<\/strong> y <strong>estampado de ramas y flores<\/strong> en tonos azul, naranja, marr\u00f3n oscuro y blanco sobre fondo marr\u00f3n claro. Un dise\u00f1o elegante, fresco y favorecedor para la playa o la piscina.<\/p>\n","protected":false},"featured_media":3511,"comment_status":"open","ping_status":"closed","template":"","meta":[],"product_brand":[70],"product_cat":[163,201,202],"product_tag":[],"class_list":{"0":"post-3215","1":"product","2":"type-product","3":"status-publish","4":"has-post-thumbnail","6":"product_brand-mavisel","7":"product_cat-moda-de-bano","8":"product_cat-tankinis","9":"product_cat-corte-pico-tankinis","10":"pa_color-estampado","11":"pa_talla-talla-95c","12":"pa_talla-talla-100c","13":"pa_talla-talla-105c","14":"pa_talla-talla-110c","16":"first","17":"instock","18":"shipping-taxable","19":"product-type-variable"},"yoast_head":"<!-- This site is optimized with the Yoast SEO plugin v26.8 - https:\/\/yoast.com\/product\/yoast-seo-wordpress\/ -->\n<title>Top Tankini Nature Corte pico - Mavisel<\/title>\n<meta name=\"description\" content=\"Top tankini Nature con corte en pico y estampado de ramas y flores en tonos azul, naranja, marr\u00f3n oscuro y blanco sobre fondo marr\u00f3n claro. Un dise\u00f1o elegante, fresco y favorecedor para la playa o la piscina.\" \/>\n<meta name=\"robots\" content=\"index, follow, max-snippet:-1, max-image-preview:large, max-video-preview:-1\" \/>\n<link rel=\"canonical\" href=\"https:\/\/mavisel.com\/producto\/top-tankini-nature-corte-pico\/\" \/>\n<meta property=\"og:locale\" content=\"es_ES\" \/>\n<meta property=\"og:type\" content=\"article\" \/>\n<meta property=\"og:title\" content=\"Top Tankini Nature Corte pico - Mavisel\" \/>\n<meta property=\"og:description\" content=\"Top tankini Nature con corte en pico y estampado de ramas y flores en tonos azul, naranja, marr\u00f3n oscuro y blanco sobre fondo marr\u00f3n claro. Un dise\u00f1o elegante, fresco y favorecedor para la playa o la piscina.\" \/>\n<meta property=\"og:url\" content=\"https:\/\/mavisel.com\/producto\/top-tankini-nature-corte-pico\/\" \/>\n<meta property=\"og:site_name\" content=\"Mavisel\" \/>\n<meta property=\"article:modified_time\" content=\"2026-03-12T11:39:42+00:00\" \/>\n<meta property=\"og:image\" content=\"https:\/\/mavisel.com\/wp-content\/uploads\/2026\/03\/616-2024C-banador-nature-escote-redondo.png\" \/>\n\t<meta property=\"og:image:width\" content=\"290\" \/>\n\t<meta property=\"og:image:height\" content=\"509\" \/>\n\t<meta property=\"og:image:type\" content=\"image\/png\" \/>\n<meta name=\"twitter:card\" content=\"summary_large_image\" \/>\n<meta name=\"twitter:label1\" content=\"Tiempo de lectura\" \/>\n\t<meta name=\"twitter:data1\" content=\"1 minuto\" \/>\n<script type=\"application\/ld+json\" class=\"yoast-schema-graph\">{\"@context\":\"https:\/\/schema.org\",\"@graph\":[{\"@type\":\"WebPage\",\"@id\":\"https:\/\/mavisel.com\/producto\/top-tankini-nature-corte-pico\/\",\"url\":\"https:\/\/mavisel.com\/producto\/top-tankini-nature-corte-pico\/\",\"name\":\"Top Tankini Nature Corte pico - Mavisel\",\"isPartOf\":{\"@id\":\"http:\/\/mavisel.com\/#website\"},\"primaryImageOfPage\":{\"@id\":\"https:\/\/mavisel.com\/producto\/top-tankini-nature-corte-pico\/#primaryimage\"},\"image\":{\"@id\":\"https:\/\/mavisel.com\/producto\/top-tankini-nature-corte-pico\/#primaryimage\"},\"thumbnailUrl\":\"https:\/\/mavisel.com\/wp-content\/uploads\/2026\/03\/616-2024C-banador-nature-escote-redondo.png\",\"datePublished\":\"2026-03-05T13:01:08+00:00\",\"dateModified\":\"2026-03-12T11:39:42+00:00\",\"description\":\"Top tankini Nature con corte en pico y estampado de ramas y flores en tonos azul, naranja, marr\u00f3n oscuro y blanco sobre fondo marr\u00f3n claro. Un dise\u00f1o elegante, fresco y favorecedor para la playa o la piscina.\",\"breadcrumb\":{\"@id\":\"https:\/\/mavisel.com\/producto\/top-tankini-nature-corte-pico\/#breadcrumb\"},\"inLanguage\":\"es\",\"potentialAction\":[{\"@type\":\"ReadAction\",\"target\":[\"https:\/\/mavisel.com\/producto\/top-tankini-nature-corte-pico\/\"]}]},{\"@type\":\"ImageObject\",\"inLanguage\":\"es\",\"@id\":\"https:\/\/mavisel.com\/producto\/top-tankini-nature-corte-pico\/#primaryimage\",\"url\":\"https:\/\/mavisel.com\/wp-content\/uploads\/2026\/03\/616-2024C-banador-nature-escote-redondo.png\",\"contentUrl\":\"https:\/\/mavisel.com\/wp-content\/uploads\/2026\/03\/616-2024C-banador-nature-escote-redondo.png\",\"width\":290,\"height\":509,\"caption\":\"Ba\u00f1ador Nature escote redondo\"},{\"@type\":\"BreadcrumbList\",\"@id\":\"https:\/\/mavisel.com\/producto\/top-tankini-nature-corte-pico\/#breadcrumb\",\"itemListElement\":[{\"@type\":\"ListItem\",\"position\":1,\"name\":\"Portada\",\"item\":\"https:\/\/mavisel.com\/\"},{\"@type\":\"ListItem\",\"position\":2,\"name\":\"Home\",\"item\":\"https:\/\/mavisel.com\/\"},{\"@type\":\"ListItem\",\"position\":3,\"name\":\"Top Tankini Nature Corte pico\"}]},{\"@type\":\"WebSite\",\"@id\":\"http:\/\/mavisel.com\/#website\",\"url\":\"http:\/\/mavisel.com\/\",\"name\":\"Mavisel\",\"description\":\"Marca espa\u00f1ola de moda de ba\u00f1o para mujer\",\"publisher\":{\"@id\":\"http:\/\/mavisel.com\/#organization\"},\"potentialAction\":[{\"@type\":\"SearchAction\",\"target\":{\"@type\":\"EntryPoint\",\"urlTemplate\":\"http:\/\/mavisel.com\/?s={search_term_string}\"},\"query-input\":{\"@type\":\"PropertyValueSpecification\",\"valueRequired\":true,\"valueName\":\"search_term_string\"}}],\"inLanguage\":\"es\"},{\"@type\":\"Organization\",\"@id\":\"http:\/\/mavisel.com\/#organization\",\"name\":\"Mavisel\",\"url\":\"http:\/\/mavisel.com\/\",\"logo\":{\"@type\":\"ImageObject\",\"inLanguage\":\"es\",\"@id\":\"http:\/\/mavisel.com\/#\/schema\/logo\/image\/\",\"url\":\"https:\/\/mavisel.com\/wp-content\/uploads\/2024\/09\/cropped-cropped-MAVISEL-1.png\",\"contentUrl\":\"https:\/\/mavisel.com\/wp-content\/uploads\/2024\/09\/cropped-cropped-MAVISEL-1.png\",\"width\":512,\"height\":213,\"caption\":\"Mavisel\"},\"image\":{\"@id\":\"http:\/\/mavisel.com\/#\/schema\/logo\/image\/\"}}]}<\/script>\n<!-- \/ Yoast SEO plugin. -->","yoast_head_json":{"title":"Top Tankini Nature Corte pico - Mavisel","description":"Top tankini Nature con corte en pico y estampado de ramas y flores en tonos azul, naranja, marr\u00f3n oscuro y blanco sobre fondo marr\u00f3n claro. Un dise\u00f1o elegante, fresco y favorecedor para la playa o la piscina.","robots":{"index":"index","follow":"follow","max-snippet":"max-snippet:-1","max-image-preview":"max-image-preview:large","max-video-preview":"max-video-preview:-1"},"canonical":"https:\/\/mavisel.com\/producto\/top-tankini-nature-corte-pico\/","og_locale":"es_ES","og_type":"article","og_title":"Top Tankini Nature Corte pico - Mavisel","og_description":"Top tankini Nature con corte en pico y estampado de ramas y flores en tonos azul, naranja, marr\u00f3n oscuro y blanco sobre fondo marr\u00f3n claro. Un dise\u00f1o elegante, fresco y favorecedor para la playa o la piscina.","og_url":"https:\/\/mavisel.com\/producto\/top-tankini-nature-corte-pico\/","og_site_name":"Mavisel","article_modified_time":"2026-03-12T11:39:42+00:00","og_image":[{"width":290,"height":509,"url":"https:\/\/mavisel.com\/wp-content\/uploads\/2026\/03\/616-2024C-banador-nature-escote-redondo.png","type":"image\/png"}],"twitter_card":"summary_large_image","twitter_misc":{"Tiempo de lectura":"1 minuto"},"schema":{"@context":"https:\/\/schema.org","@graph":[{"@type":"WebPage","@id":"https:\/\/mavisel.com\/producto\/top-tankini-nature-corte-pico\/","url":"https:\/\/mavisel.com\/producto\/top-tankini-nature-corte-pico\/","name":"Top Tankini Nature Corte pico - Mavisel","isPartOf":{"@id":"http:\/\/mavisel.com\/#website"},"primaryImageOfPage":{"@id":"https:\/\/mavisel.com\/producto\/top-tankini-nature-corte-pico\/#primaryimage"},"image":{"@id":"https:\/\/mavisel.com\/producto\/top-tankini-nature-corte-pico\/#primaryimage"},"thumbnailUrl":"https:\/\/mavisel.com\/wp-content\/uploads\/2026\/03\/616-2024C-banador-nature-escote-redondo.png","datePublished":"2026-03-05T13:01:08+00:00","dateModified":"2026-03-12T11:39:42+00:00","description":"Top tankini Nature con corte en pico y estampado de ramas y flores en tonos azul, naranja, marr\u00f3n oscuro y blanco sobre fondo marr\u00f3n claro. Un dise\u00f1o elegante, fresco y favorecedor para la playa o la piscina.","breadcrumb":{"@id":"https:\/\/mavisel.com\/producto\/top-tankini-nature-corte-pico\/#breadcrumb"},"inLanguage":"es","potentialAction":[{"@type":"ReadAction","target":["https:\/\/mavisel.com\/producto\/top-tankini-nature-corte-pico\/"]}]},{"@type":"ImageObject","inLanguage":"es","@id":"https:\/\/mavisel.com\/producto\/top-tankini-nature-corte-pico\/#primaryimage","url":"https:\/\/mavisel.com\/wp-content\/uploads\/2026\/03\/616-2024C-banador-nature-escote-redondo.png","contentUrl":"https:\/\/mavisel.com\/wp-content\/uploads\/2026\/03\/616-2024C-banador-nature-escote-redondo.png","width":290,"height":509,"caption":"Ba\u00f1ador Nature escote redondo"},{"@type":"BreadcrumbList","@id":"https:\/\/mavisel.com\/producto\/top-tankini-nature-corte-pico\/#breadcrumb","itemListElement":[{"@type":"ListItem","position":1,"name":"Portada","item":"https:\/\/mavisel.com\/"},{"@type":"ListItem","position":2,"name":"Home","item":"https:\/\/mavisel.com\/"},{"@type":"ListItem","position":3,"name":"Top Tankini Nature Corte pico"}]},{"@type":"WebSite","@id":"http:\/\/mavisel.com\/#website","url":"http:\/\/mavisel.com\/","name":"Mavisel","description":"Marca espa\u00f1ola de moda de ba\u00f1o para mujer","publisher":{"@id":"http:\/\/mavisel.com\/#organization"},"potentialAction":[{"@type":"SearchAction","target":{"@type":"EntryPoint","urlTemplate":"http:\/\/mavisel.com\/?s={search_term_string}"},"query-input":{"@type":"PropertyValueSpecification","valueRequired":true,"valueName":"search_term_string"}}],"inLanguage":"es"},{"@type":"Organization","@id":"http:\/\/mavisel.com\/#organization","name":"Mavisel","url":"http:\/\/mavisel.com\/","logo":{"@type":"ImageObject","inLanguage":"es","@id":"http:\/\/mavisel.com\/#\/schema\/logo\/image\/","url":"https:\/\/mavisel.com\/wp-content\/uploads\/2024\/09\/cropped-cropped-MAVISEL-1.png","contentUrl":"https:\/\/mavisel.com\/wp-content\/uploads\/2024\/09\/cropped-cropped-MAVISEL-1.png","width":512,"height":213,"caption":"Mavisel"},"image":{"@id":"http:\/\/mavisel.com\/#\/schema\/logo\/image\/"}}]}},"_links":{"self":[{"href":"https:\/\/mavisel.com\/index.php?rest_route=\/wp\/v2\/product\/3215","targetHints":{"allow":["GET"]}}],"collection":[{"href":"https:\/\/mavisel.com\/index.php?rest_route=\/wp\/v2\/product"}],"about":[{"href":"https:\/\/mavisel.com\/index.php?rest_route=\/wp\/v2\/types\/product"}],"replies":[{"embeddable":true,"href":"https:\/\/mavisel.com\/index.php?rest_route=%2Fwp%2Fv2%2Fcomments&post=3215"}],"wp:featuredmedia":[{"embeddable":true,"href":"https:\/\/mavisel.com\/index.php?rest_route=\/wp\/v2\/media\/3511"}],"wp:attachment":[{"href":"https:\/\/mavisel.com\/index.php?rest_route=%2Fwp%2Fv2%2Fmedia&parent=3215"}],"wp:term":[{"taxonomy":"product_brand","embeddable":true,"href":"https:\/\/mavisel.com\/index.php?rest_route=%2Fwp%2Fv2%2Fproduct_brand&post=3215"},{"taxonomy":"product_cat","embeddable":true,"href":"https:\/\/mavisel.com\/index.php?rest_route=%2Fwp%2Fv2%2Fproduct_cat&post=3215"},{"taxonomy":"product_tag","embeddable":true,"href":"https:\/\/mavisel.com\/index.php?rest_route=%2Fwp%2Fv2%2Fproduct_tag&post=3215"}],"curies":[{"name":"wp","href":"https:\/\/api.w.org\/{rel}","templated":true}]}}