{"id":3185,"date":"2026-03-05T14:01:01","date_gmt":"2026-03-05T13:01:01","guid":{"rendered":"https:\/\/mavisel.com\/?post_type=product&#038;p=3185"},"modified":"2026-03-12T14:27:32","modified_gmt":"2026-03-12T13:27:32","slug":"banador-goldblackwhite-geometrico-corte-pico-con-adorno","status":"publish","type":"product","link":"https:\/\/mavisel.com\/?product=banador-goldblackwhite-geometrico-corte-pico-con-adorno","title":{"rendered":"Ba\u00f1ador Gold,Black&#038;White geom\u00e9trico Corte pico con adorno"},"content":{"rendered":"<p>Ba\u00f1ador Gold, Black &amp; White con <strong>corte en pico<\/strong> que estiliza la silueta y realza el escote. Incorpora un <strong>adorno en forma de anilla<\/strong> en la parte delantera que crea una <strong>abertura circular en el escote<\/strong>, aportando un toque moderno y sofisticado. Presenta un <strong>dise\u00f1o geom\u00e9trico en blanco y negro<\/strong> sobre fondo negro con <strong>l\u00edneas horizontales blancas<\/strong> en la parte superior. Desde la mitad del pecho hasta el ombligo el patr\u00f3n se invierte, y la parte inferior combina <strong>l\u00edneas verticales y horizontales formando cuadrados blancos<\/strong>, creando un contraste elegante y muy favorecedor para lucir en la playa o la piscina.<\/p>\n<p>Tambi\u00e9n est\u00e1n disponibles los modelos<strong><a href=\"https:\/\/mavisel.com\/producto\/top-tankini-goldblackwhite-corte-pico\/\">\u00a0 Top Tankini Gold,Black&amp;White Geom\u00e9trico Corte pico<\/a><\/strong>,\u00a0 <strong><a href=\"https:\/\/mavisel.com\/producto\/banador-goldblackwhite-geometrico-corte-pico\/\">Ba\u00f1ador Gold,Black&amp;White geom\u00e9trico Corte pico,<\/a><\/strong>\u00a0y el\u00a0 <strong><a href=\"https:\/\/mavisel.com\/producto\/top-bikini-goldblackwhite-geometrico-triangulo\/\"> Top Bikini Gold,Black&amp;White Geom\u00e9trico Tri\u00e1ngulo<\/a>.<\/strong><\/p>\n","protected":false},"excerpt":{"rendered":"<p>Ba\u00f1ador Gold, Black &amp; White con <strong>corte en pico<\/strong> y <strong>anilla en el escote con abertura circular<\/strong>. Su dise\u00f1o geom\u00e9trico en blanco y negro combina l\u00edneas y cuadrados para un look moderno, elegante y llamativo.<\/p>\n","protected":false},"featured_media":3623,"comment_status":"open","ping_status":"closed","template":"","meta":[],"product_brand":[70],"product_cat":[163,168,179],"product_tag":[],"class_list":{"0":"post-3185","1":"product","2":"type-product","3":"status-publish","4":"has-post-thumbnail","6":"product_brand-mavisel","7":"product_cat-moda-de-bano","8":"product_cat-banadores","9":"product_cat-corte-pico","10":"pa_color-estampado","11":"pa_talla-talla-90c","12":"pa_talla-talla-95c","13":"pa_talla-talla-100c","14":"pa_talla-talla-105c","15":"pa_talla-talla-110c","16":"pa_talla-talla-115c","18":"first","19":"instock","20":"shipping-taxable","21":"product-type-variable"},"yoast_head":"<!-- This site is optimized with the Yoast SEO plugin v26.8 - https:\/\/yoast.com\/product\/yoast-seo-wordpress\/ -->\n<title>Ba\u00f1ador Gold,Black&amp;White geom\u00e9trico Corte pico con adorno - Mavisel<\/title>\n<meta name=\"description\" content=\"Ba\u00f1ador Gold, Black &amp; White con corte en pico y anilla en el escote con abertura circular. Su dise\u00f1o geom\u00e9trico en blanco y negro combina l\u00edneas y cuadrados para un look moderno, elegante y llamativo.\" \/>\n<meta name=\"robots\" content=\"index, follow, max-snippet:-1, max-image-preview:large, max-video-preview:-1\" \/>\n<link rel=\"canonical\" href=\"https:\/\/mavisel.com\/producto\/banador-goldblackwhite-geometrico-corte-pico-con-adorno\/\" \/>\n<meta property=\"og:locale\" content=\"es_ES\" \/>\n<meta property=\"og:type\" content=\"article\" \/>\n<meta property=\"og:title\" content=\"Ba\u00f1ador Gold,Black&amp;White geom\u00e9trico Corte pico con adorno - Mavisel\" \/>\n<meta property=\"og:description\" content=\"Ba\u00f1ador Gold, Black &amp; White con corte en pico y anilla en el escote con abertura circular. Su dise\u00f1o geom\u00e9trico en blanco y negro combina l\u00edneas y cuadrados para un look moderno, elegante y llamativo.\" \/>\n<meta property=\"og:url\" content=\"https:\/\/mavisel.com\/producto\/banador-goldblackwhite-geometrico-corte-pico-con-adorno\/\" \/>\n<meta property=\"og:site_name\" content=\"Mavisel\" \/>\n<meta property=\"article:modified_time\" content=\"2026-03-12T13:27:32+00:00\" \/>\n<meta property=\"og:image\" content=\"https:\/\/mavisel.com\/wp-content\/uploads\/2026\/03\/641-2024C-banador-gbw-geometrico-cp-con-adorno.png\" \/>\n\t<meta property=\"og:image:width\" content=\"552\" \/>\n\t<meta property=\"og:image:height\" content=\"432\" \/>\n\t<meta property=\"og:image:type\" content=\"image\/png\" \/>\n<meta name=\"twitter:card\" content=\"summary_large_image\" \/>\n<meta name=\"twitter:label1\" content=\"Tiempo de lectura\" \/>\n\t<meta name=\"twitter:data1\" content=\"1 minuto\" \/>\n<script type=\"application\/ld+json\" class=\"yoast-schema-graph\">{\"@context\":\"https:\/\/schema.org\",\"@graph\":[{\"@type\":\"WebPage\",\"@id\":\"https:\/\/mavisel.com\/producto\/banador-goldblackwhite-geometrico-corte-pico-con-adorno\/\",\"url\":\"https:\/\/mavisel.com\/producto\/banador-goldblackwhite-geometrico-corte-pico-con-adorno\/\",\"name\":\"Ba\u00f1ador Gold,Black&White geom\u00e9trico Corte pico con adorno - Mavisel\",\"isPartOf\":{\"@id\":\"http:\/\/mavisel.com\/#website\"},\"primaryImageOfPage\":{\"@id\":\"https:\/\/mavisel.com\/producto\/banador-goldblackwhite-geometrico-corte-pico-con-adorno\/#primaryimage\"},\"image\":{\"@id\":\"https:\/\/mavisel.com\/producto\/banador-goldblackwhite-geometrico-corte-pico-con-adorno\/#primaryimage\"},\"thumbnailUrl\":\"https:\/\/mavisel.com\/wp-content\/uploads\/2026\/03\/641-2024C-banador-gbw-geometrico-cp-con-adorno.png\",\"datePublished\":\"2026-03-05T13:01:01+00:00\",\"dateModified\":\"2026-03-12T13:27:32+00:00\",\"description\":\"Ba\u00f1ador Gold, Black & White con corte en pico y anilla en el escote con abertura circular. Su dise\u00f1o geom\u00e9trico en blanco y negro combina l\u00edneas y cuadrados para un look moderno, elegante y llamativo.\",\"breadcrumb\":{\"@id\":\"https:\/\/mavisel.com\/producto\/banador-goldblackwhite-geometrico-corte-pico-con-adorno\/#breadcrumb\"},\"inLanguage\":\"es\",\"potentialAction\":[{\"@type\":\"ReadAction\",\"target\":[\"https:\/\/mavisel.com\/producto\/banador-goldblackwhite-geometrico-corte-pico-con-adorno\/\"]}]},{\"@type\":\"ImageObject\",\"inLanguage\":\"es\",\"@id\":\"https:\/\/mavisel.com\/producto\/banador-goldblackwhite-geometrico-corte-pico-con-adorno\/#primaryimage\",\"url\":\"https:\/\/mavisel.com\/wp-content\/uploads\/2026\/03\/641-2024C-banador-gbw-geometrico-cp-con-adorno.png\",\"contentUrl\":\"https:\/\/mavisel.com\/wp-content\/uploads\/2026\/03\/641-2024C-banador-gbw-geometrico-cp-con-adorno.png\",\"width\":552,\"height\":432,\"caption\":\"Ba\u00f1ador Gold, Black & White Geom\u00e9trico Cl\u00e1sico con adorno\"},{\"@type\":\"BreadcrumbList\",\"@id\":\"https:\/\/mavisel.com\/producto\/banador-goldblackwhite-geometrico-corte-pico-con-adorno\/#breadcrumb\",\"itemListElement\":[{\"@type\":\"ListItem\",\"position\":1,\"name\":\"Portada\",\"item\":\"https:\/\/mavisel.com\/\"},{\"@type\":\"ListItem\",\"position\":2,\"name\":\"Home\",\"item\":\"https:\/\/mavisel.com\/\"},{\"@type\":\"ListItem\",\"position\":3,\"name\":\"Ba\u00f1ador Gold,Black&#038;White geom\u00e9trico Corte pico con adorno\"}]},{\"@type\":\"WebSite\",\"@id\":\"http:\/\/mavisel.com\/#website\",\"url\":\"http:\/\/mavisel.com\/\",\"name\":\"Mavisel\",\"description\":\"Marca espa\u00f1ola de moda de ba\u00f1o para mujer\",\"publisher\":{\"@id\":\"http:\/\/mavisel.com\/#organization\"},\"potentialAction\":[{\"@type\":\"SearchAction\",\"target\":{\"@type\":\"EntryPoint\",\"urlTemplate\":\"http:\/\/mavisel.com\/?s={search_term_string}\"},\"query-input\":{\"@type\":\"PropertyValueSpecification\",\"valueRequired\":true,\"valueName\":\"search_term_string\"}}],\"inLanguage\":\"es\"},{\"@type\":\"Organization\",\"@id\":\"http:\/\/mavisel.com\/#organization\",\"name\":\"Mavisel\",\"url\":\"http:\/\/mavisel.com\/\",\"logo\":{\"@type\":\"ImageObject\",\"inLanguage\":\"es\",\"@id\":\"http:\/\/mavisel.com\/#\/schema\/logo\/image\/\",\"url\":\"https:\/\/mavisel.com\/wp-content\/uploads\/2024\/09\/cropped-cropped-MAVISEL-1.png\",\"contentUrl\":\"https:\/\/mavisel.com\/wp-content\/uploads\/2024\/09\/cropped-cropped-MAVISEL-1.png\",\"width\":512,\"height\":213,\"caption\":\"Mavisel\"},\"image\":{\"@id\":\"http:\/\/mavisel.com\/#\/schema\/logo\/image\/\"}}]}<\/script>\n<!-- \/ Yoast SEO plugin. -->","yoast_head_json":{"title":"Ba\u00f1ador Gold,Black&White geom\u00e9trico Corte pico con adorno - Mavisel","description":"Ba\u00f1ador Gold, Black & White con corte en pico y anilla en el escote con abertura circular. Su dise\u00f1o geom\u00e9trico en blanco y negro combina l\u00edneas y cuadrados para un look moderno, elegante y llamativo.","robots":{"index":"index","follow":"follow","max-snippet":"max-snippet:-1","max-image-preview":"max-image-preview:large","max-video-preview":"max-video-preview:-1"},"canonical":"https:\/\/mavisel.com\/producto\/banador-goldblackwhite-geometrico-corte-pico-con-adorno\/","og_locale":"es_ES","og_type":"article","og_title":"Ba\u00f1ador Gold,Black&White geom\u00e9trico Corte pico con adorno - Mavisel","og_description":"Ba\u00f1ador Gold, Black & White con corte en pico y anilla en el escote con abertura circular. Su dise\u00f1o geom\u00e9trico en blanco y negro combina l\u00edneas y cuadrados para un look moderno, elegante y llamativo.","og_url":"https:\/\/mavisel.com\/producto\/banador-goldblackwhite-geometrico-corte-pico-con-adorno\/","og_site_name":"Mavisel","article_modified_time":"2026-03-12T13:27:32+00:00","og_image":[{"width":552,"height":432,"url":"https:\/\/mavisel.com\/wp-content\/uploads\/2026\/03\/641-2024C-banador-gbw-geometrico-cp-con-adorno.png","type":"image\/png"}],"twitter_card":"summary_large_image","twitter_misc":{"Tiempo de lectura":"1 minuto"},"schema":{"@context":"https:\/\/schema.org","@graph":[{"@type":"WebPage","@id":"https:\/\/mavisel.com\/producto\/banador-goldblackwhite-geometrico-corte-pico-con-adorno\/","url":"https:\/\/mavisel.com\/producto\/banador-goldblackwhite-geometrico-corte-pico-con-adorno\/","name":"Ba\u00f1ador Gold,Black&White geom\u00e9trico Corte pico con adorno - Mavisel","isPartOf":{"@id":"http:\/\/mavisel.com\/#website"},"primaryImageOfPage":{"@id":"https:\/\/mavisel.com\/producto\/banador-goldblackwhite-geometrico-corte-pico-con-adorno\/#primaryimage"},"image":{"@id":"https:\/\/mavisel.com\/producto\/banador-goldblackwhite-geometrico-corte-pico-con-adorno\/#primaryimage"},"thumbnailUrl":"https:\/\/mavisel.com\/wp-content\/uploads\/2026\/03\/641-2024C-banador-gbw-geometrico-cp-con-adorno.png","datePublished":"2026-03-05T13:01:01+00:00","dateModified":"2026-03-12T13:27:32+00:00","description":"Ba\u00f1ador Gold, Black & White con corte en pico y anilla en el escote con abertura circular. Su dise\u00f1o geom\u00e9trico en blanco y negro combina l\u00edneas y cuadrados para un look moderno, elegante y llamativo.","breadcrumb":{"@id":"https:\/\/mavisel.com\/producto\/banador-goldblackwhite-geometrico-corte-pico-con-adorno\/#breadcrumb"},"inLanguage":"es","potentialAction":[{"@type":"ReadAction","target":["https:\/\/mavisel.com\/producto\/banador-goldblackwhite-geometrico-corte-pico-con-adorno\/"]}]},{"@type":"ImageObject","inLanguage":"es","@id":"https:\/\/mavisel.com\/producto\/banador-goldblackwhite-geometrico-corte-pico-con-adorno\/#primaryimage","url":"https:\/\/mavisel.com\/wp-content\/uploads\/2026\/03\/641-2024C-banador-gbw-geometrico-cp-con-adorno.png","contentUrl":"https:\/\/mavisel.com\/wp-content\/uploads\/2026\/03\/641-2024C-banador-gbw-geometrico-cp-con-adorno.png","width":552,"height":432,"caption":"Ba\u00f1ador Gold, Black & White Geom\u00e9trico Cl\u00e1sico con adorno"},{"@type":"BreadcrumbList","@id":"https:\/\/mavisel.com\/producto\/banador-goldblackwhite-geometrico-corte-pico-con-adorno\/#breadcrumb","itemListElement":[{"@type":"ListItem","position":1,"name":"Portada","item":"https:\/\/mavisel.com\/"},{"@type":"ListItem","position":2,"name":"Home","item":"https:\/\/mavisel.com\/"},{"@type":"ListItem","position":3,"name":"Ba\u00f1ador Gold,Black&#038;White geom\u00e9trico Corte pico con adorno"}]},{"@type":"WebSite","@id":"http:\/\/mavisel.com\/#website","url":"http:\/\/mavisel.com\/","name":"Mavisel","description":"Marca espa\u00f1ola de moda de ba\u00f1o para mujer","publisher":{"@id":"http:\/\/mavisel.com\/#organization"},"potentialAction":[{"@type":"SearchAction","target":{"@type":"EntryPoint","urlTemplate":"http:\/\/mavisel.com\/?s={search_term_string}"},"query-input":{"@type":"PropertyValueSpecification","valueRequired":true,"valueName":"search_term_string"}}],"inLanguage":"es"},{"@type":"Organization","@id":"http:\/\/mavisel.com\/#organization","name":"Mavisel","url":"http:\/\/mavisel.com\/","logo":{"@type":"ImageObject","inLanguage":"es","@id":"http:\/\/mavisel.com\/#\/schema\/logo\/image\/","url":"https:\/\/mavisel.com\/wp-content\/uploads\/2024\/09\/cropped-cropped-MAVISEL-1.png","contentUrl":"https:\/\/mavisel.com\/wp-content\/uploads\/2024\/09\/cropped-cropped-MAVISEL-1.png","width":512,"height":213,"caption":"Mavisel"},"image":{"@id":"http:\/\/mavisel.com\/#\/schema\/logo\/image\/"}}]}},"_links":{"self":[{"href":"https:\/\/mavisel.com\/index.php?rest_route=\/wp\/v2\/product\/3185","targetHints":{"allow":["GET"]}}],"collection":[{"href":"https:\/\/mavisel.com\/index.php?rest_route=\/wp\/v2\/product"}],"about":[{"href":"https:\/\/mavisel.com\/index.php?rest_route=\/wp\/v2\/types\/product"}],"replies":[{"embeddable":true,"href":"https:\/\/mavisel.com\/index.php?rest_route=%2Fwp%2Fv2%2Fcomments&post=3185"}],"wp:featuredmedia":[{"embeddable":true,"href":"https:\/\/mavisel.com\/index.php?rest_route=\/wp\/v2\/media\/3623"}],"wp:attachment":[{"href":"https:\/\/mavisel.com\/index.php?rest_route=%2Fwp%2Fv2%2Fmedia&parent=3185"}],"wp:term":[{"taxonomy":"product_brand","embeddable":true,"href":"https:\/\/mavisel.com\/index.php?rest_route=%2Fwp%2Fv2%2Fproduct_brand&post=3185"},{"taxonomy":"product_cat","embeddable":true,"href":"https:\/\/mavisel.com\/index.php?rest_route=%2Fwp%2Fv2%2Fproduct_cat&post=3185"},{"taxonomy":"product_tag","embeddable":true,"href":"https:\/\/mavisel.com\/index.php?rest_route=%2Fwp%2Fv2%2Fproduct_tag&post=3185"}],"curies":[{"name":"wp","href":"https:\/\/api.w.org\/{rel}","templated":true}]}}