{"id":3154,"date":"2026-03-05T14:00:54","date_gmt":"2026-03-05T13:00:54","guid":{"rendered":"https:\/\/mavisel.com\/?post_type=product&#038;p=3154"},"modified":"2026-03-13T10:59:11","modified_gmt":"2026-03-13T09:59:11","slug":"banador-goldblackwhite-flor-corte-pico","status":"publish","type":"product","link":"https:\/\/mavisel.com\/?product=banador-goldblackwhite-flor-corte-pico","title":{"rendered":"Ba\u00f1ador Gold,Black&#038;White Flor Corte pico"},"content":{"rendered":"<p>Ba\u00f1ador Gold, Black &amp; White Flor con <strong>corte en pico<\/strong> y <strong>tirantes regulables<\/strong> que permiten un ajuste c\u00f3modo y favorecedor. Presenta una <strong>l\u00ednea negra en el borde del escote<\/strong> que aporta definici\u00f3n, y un <strong>dise\u00f1o floral en colores negro y blanco<\/strong> que crea un contraste elegante y moderno. Una pieza femenina y sofisticada, perfecta para lucir un estilo veraniego y llamativo en la playa o la piscina.<\/p>\n<p>Tambi\u00e9n est\u00e1 disponible el Ba\u00f1ador <strong><a href=\"https:\/\/mavisel.com\/producto\/banador-goldblackwhite-flor-anudado-al-cuello\/\">Gold, Black &amp; White Flor Anudado al cuello<\/a><\/strong>.<\/p>\n","protected":false},"excerpt":{"rendered":"<p>Ba\u00f1ador Gold, Black &amp; White Flor con <strong>corte en pico<\/strong>, <strong>tirantes regulables<\/strong>, <strong>l\u00ednea negra en el escote<\/strong> y <strong>flores negro y blanco<\/strong> para un look elegante y moderno.<\/p>\n","protected":false},"featured_media":3644,"comment_status":"open","ping_status":"closed","template":"","meta":[],"product_brand":[70],"product_cat":[163,168,179],"product_tag":[],"class_list":{"0":"post-3154","1":"product","2":"type-product","3":"status-publish","4":"has-post-thumbnail","6":"product_brand-mavisel","7":"product_cat-moda-de-bano","8":"product_cat-banadores","9":"product_cat-corte-pico","10":"pa_color-estampado","11":"pa_talla-talla-90d","12":"pa_talla-talla-95d","13":"pa_talla-talla-100d","14":"pa_talla-talla-105d","15":"pa_talla-talla-110d","16":"pa_talla-talla-de-pecho-115-d","18":"first","19":"instock","20":"shipping-taxable","21":"product-type-variable"},"yoast_head":"<!-- This site is optimized with the Yoast SEO plugin v26.8 - https:\/\/yoast.com\/product\/yoast-seo-wordpress\/ -->\n<title>Ba\u00f1ador Gold,Black&amp;White Flor Corte pico - Mavisel<\/title>\n<meta name=\"description\" content=\"Ba\u00f1ador Gold, Black &amp; White Flor con corte en pico, tirantes regulables, l\u00ednea negra en el escote y flores negro y blanco para un look elegante y moderno.\" \/>\n<meta name=\"robots\" content=\"index, follow, max-snippet:-1, max-image-preview:large, max-video-preview:-1\" \/>\n<link rel=\"canonical\" href=\"https:\/\/mavisel.com\/producto\/banador-goldblackwhite-flor-corte-pico\/\" \/>\n<meta property=\"og:locale\" content=\"es_ES\" \/>\n<meta property=\"og:type\" content=\"article\" \/>\n<meta property=\"og:title\" content=\"Ba\u00f1ador Gold,Black&amp;White Flor Corte pico - Mavisel\" \/>\n<meta property=\"og:description\" content=\"Ba\u00f1ador Gold, Black &amp; White Flor con corte en pico, tirantes regulables, l\u00ednea negra en el escote y flores negro y blanco para un look elegante y moderno.\" \/>\n<meta property=\"og:url\" content=\"https:\/\/mavisel.com\/producto\/banador-goldblackwhite-flor-corte-pico\/\" \/>\n<meta property=\"og:site_name\" content=\"Mavisel\" \/>\n<meta property=\"article:modified_time\" content=\"2026-03-13T09:59:11+00:00\" \/>\n<meta property=\"og:image\" content=\"https:\/\/mavisel.com\/wp-content\/uploads\/2026\/03\/639-2002D-banador-gbw-flor-cp.png\" \/>\n\t<meta property=\"og:image:width\" content=\"275\" \/>\n\t<meta property=\"og:image:height\" content=\"527\" \/>\n\t<meta property=\"og:image:type\" content=\"image\/png\" \/>\n<meta name=\"twitter:card\" content=\"summary_large_image\" \/>\n<meta name=\"twitter:label1\" content=\"Tiempo de lectura\" \/>\n\t<meta name=\"twitter:data1\" content=\"1 minuto\" \/>\n<script type=\"application\/ld+json\" class=\"yoast-schema-graph\">{\"@context\":\"https:\/\/schema.org\",\"@graph\":[{\"@type\":\"WebPage\",\"@id\":\"https:\/\/mavisel.com\/producto\/banador-goldblackwhite-flor-corte-pico\/\",\"url\":\"https:\/\/mavisel.com\/producto\/banador-goldblackwhite-flor-corte-pico\/\",\"name\":\"Ba\u00f1ador Gold,Black&White Flor Corte pico - Mavisel\",\"isPartOf\":{\"@id\":\"http:\/\/mavisel.com\/#website\"},\"primaryImageOfPage\":{\"@id\":\"https:\/\/mavisel.com\/producto\/banador-goldblackwhite-flor-corte-pico\/#primaryimage\"},\"image\":{\"@id\":\"https:\/\/mavisel.com\/producto\/banador-goldblackwhite-flor-corte-pico\/#primaryimage\"},\"thumbnailUrl\":\"https:\/\/mavisel.com\/wp-content\/uploads\/2026\/03\/639-2002D-banador-gbw-flor-cp.png\",\"datePublished\":\"2026-03-05T13:00:54+00:00\",\"dateModified\":\"2026-03-13T09:59:11+00:00\",\"description\":\"Ba\u00f1ador Gold, Black & White Flor con corte en pico, tirantes regulables, l\u00ednea negra en el escote y flores negro y blanco para un look elegante y moderno.\",\"breadcrumb\":{\"@id\":\"https:\/\/mavisel.com\/producto\/banador-goldblackwhite-flor-corte-pico\/#breadcrumb\"},\"inLanguage\":\"es\",\"potentialAction\":[{\"@type\":\"ReadAction\",\"target\":[\"https:\/\/mavisel.com\/producto\/banador-goldblackwhite-flor-corte-pico\/\"]}]},{\"@type\":\"ImageObject\",\"inLanguage\":\"es\",\"@id\":\"https:\/\/mavisel.com\/producto\/banador-goldblackwhite-flor-corte-pico\/#primaryimage\",\"url\":\"https:\/\/mavisel.com\/wp-content\/uploads\/2026\/03\/639-2002D-banador-gbw-flor-cp.png\",\"contentUrl\":\"https:\/\/mavisel.com\/wp-content\/uploads\/2026\/03\/639-2002D-banador-gbw-flor-cp.png\",\"width\":275,\"height\":527,\"caption\":\"Ba\u00f1ador Gold, Black & White Flor Corte pico\"},{\"@type\":\"BreadcrumbList\",\"@id\":\"https:\/\/mavisel.com\/producto\/banador-goldblackwhite-flor-corte-pico\/#breadcrumb\",\"itemListElement\":[{\"@type\":\"ListItem\",\"position\":1,\"name\":\"Portada\",\"item\":\"https:\/\/mavisel.com\/\"},{\"@type\":\"ListItem\",\"position\":2,\"name\":\"Home\",\"item\":\"https:\/\/mavisel.com\/\"},{\"@type\":\"ListItem\",\"position\":3,\"name\":\"Ba\u00f1ador Gold,Black&#038;White Flor Corte pico\"}]},{\"@type\":\"WebSite\",\"@id\":\"http:\/\/mavisel.com\/#website\",\"url\":\"http:\/\/mavisel.com\/\",\"name\":\"Mavisel\",\"description\":\"Marca espa\u00f1ola de moda de ba\u00f1o para mujer\",\"publisher\":{\"@id\":\"http:\/\/mavisel.com\/#organization\"},\"potentialAction\":[{\"@type\":\"SearchAction\",\"target\":{\"@type\":\"EntryPoint\",\"urlTemplate\":\"http:\/\/mavisel.com\/?s={search_term_string}\"},\"query-input\":{\"@type\":\"PropertyValueSpecification\",\"valueRequired\":true,\"valueName\":\"search_term_string\"}}],\"inLanguage\":\"es\"},{\"@type\":\"Organization\",\"@id\":\"http:\/\/mavisel.com\/#organization\",\"name\":\"Mavisel\",\"url\":\"http:\/\/mavisel.com\/\",\"logo\":{\"@type\":\"ImageObject\",\"inLanguage\":\"es\",\"@id\":\"http:\/\/mavisel.com\/#\/schema\/logo\/image\/\",\"url\":\"https:\/\/mavisel.com\/wp-content\/uploads\/2024\/09\/cropped-cropped-MAVISEL-1.png\",\"contentUrl\":\"https:\/\/mavisel.com\/wp-content\/uploads\/2024\/09\/cropped-cropped-MAVISEL-1.png\",\"width\":512,\"height\":213,\"caption\":\"Mavisel\"},\"image\":{\"@id\":\"http:\/\/mavisel.com\/#\/schema\/logo\/image\/\"}}]}<\/script>\n<!-- \/ Yoast SEO plugin. -->","yoast_head_json":{"title":"Ba\u00f1ador Gold,Black&White Flor Corte pico - Mavisel","description":"Ba\u00f1ador Gold, Black & White Flor con corte en pico, tirantes regulables, l\u00ednea negra en el escote y flores negro y blanco para un look elegante y moderno.","robots":{"index":"index","follow":"follow","max-snippet":"max-snippet:-1","max-image-preview":"max-image-preview:large","max-video-preview":"max-video-preview:-1"},"canonical":"https:\/\/mavisel.com\/producto\/banador-goldblackwhite-flor-corte-pico\/","og_locale":"es_ES","og_type":"article","og_title":"Ba\u00f1ador Gold,Black&White Flor Corte pico - Mavisel","og_description":"Ba\u00f1ador Gold, Black & White Flor con corte en pico, tirantes regulables, l\u00ednea negra en el escote y flores negro y blanco para un look elegante y moderno.","og_url":"https:\/\/mavisel.com\/producto\/banador-goldblackwhite-flor-corte-pico\/","og_site_name":"Mavisel","article_modified_time":"2026-03-13T09:59:11+00:00","og_image":[{"width":275,"height":527,"url":"https:\/\/mavisel.com\/wp-content\/uploads\/2026\/03\/639-2002D-banador-gbw-flor-cp.png","type":"image\/png"}],"twitter_card":"summary_large_image","twitter_misc":{"Tiempo de lectura":"1 minuto"},"schema":{"@context":"https:\/\/schema.org","@graph":[{"@type":"WebPage","@id":"https:\/\/mavisel.com\/producto\/banador-goldblackwhite-flor-corte-pico\/","url":"https:\/\/mavisel.com\/producto\/banador-goldblackwhite-flor-corte-pico\/","name":"Ba\u00f1ador Gold,Black&White Flor Corte pico - Mavisel","isPartOf":{"@id":"http:\/\/mavisel.com\/#website"},"primaryImageOfPage":{"@id":"https:\/\/mavisel.com\/producto\/banador-goldblackwhite-flor-corte-pico\/#primaryimage"},"image":{"@id":"https:\/\/mavisel.com\/producto\/banador-goldblackwhite-flor-corte-pico\/#primaryimage"},"thumbnailUrl":"https:\/\/mavisel.com\/wp-content\/uploads\/2026\/03\/639-2002D-banador-gbw-flor-cp.png","datePublished":"2026-03-05T13:00:54+00:00","dateModified":"2026-03-13T09:59:11+00:00","description":"Ba\u00f1ador Gold, Black & White Flor con corte en pico, tirantes regulables, l\u00ednea negra en el escote y flores negro y blanco para un look elegante y moderno.","breadcrumb":{"@id":"https:\/\/mavisel.com\/producto\/banador-goldblackwhite-flor-corte-pico\/#breadcrumb"},"inLanguage":"es","potentialAction":[{"@type":"ReadAction","target":["https:\/\/mavisel.com\/producto\/banador-goldblackwhite-flor-corte-pico\/"]}]},{"@type":"ImageObject","inLanguage":"es","@id":"https:\/\/mavisel.com\/producto\/banador-goldblackwhite-flor-corte-pico\/#primaryimage","url":"https:\/\/mavisel.com\/wp-content\/uploads\/2026\/03\/639-2002D-banador-gbw-flor-cp.png","contentUrl":"https:\/\/mavisel.com\/wp-content\/uploads\/2026\/03\/639-2002D-banador-gbw-flor-cp.png","width":275,"height":527,"caption":"Ba\u00f1ador Gold, Black & White Flor Corte pico"},{"@type":"BreadcrumbList","@id":"https:\/\/mavisel.com\/producto\/banador-goldblackwhite-flor-corte-pico\/#breadcrumb","itemListElement":[{"@type":"ListItem","position":1,"name":"Portada","item":"https:\/\/mavisel.com\/"},{"@type":"ListItem","position":2,"name":"Home","item":"https:\/\/mavisel.com\/"},{"@type":"ListItem","position":3,"name":"Ba\u00f1ador Gold,Black&#038;White Flor Corte pico"}]},{"@type":"WebSite","@id":"http:\/\/mavisel.com\/#website","url":"http:\/\/mavisel.com\/","name":"Mavisel","description":"Marca espa\u00f1ola de moda de ba\u00f1o para mujer","publisher":{"@id":"http:\/\/mavisel.com\/#organization"},"potentialAction":[{"@type":"SearchAction","target":{"@type":"EntryPoint","urlTemplate":"http:\/\/mavisel.com\/?s={search_term_string}"},"query-input":{"@type":"PropertyValueSpecification","valueRequired":true,"valueName":"search_term_string"}}],"inLanguage":"es"},{"@type":"Organization","@id":"http:\/\/mavisel.com\/#organization","name":"Mavisel","url":"http:\/\/mavisel.com\/","logo":{"@type":"ImageObject","inLanguage":"es","@id":"http:\/\/mavisel.com\/#\/schema\/logo\/image\/","url":"https:\/\/mavisel.com\/wp-content\/uploads\/2024\/09\/cropped-cropped-MAVISEL-1.png","contentUrl":"https:\/\/mavisel.com\/wp-content\/uploads\/2024\/09\/cropped-cropped-MAVISEL-1.png","width":512,"height":213,"caption":"Mavisel"},"image":{"@id":"http:\/\/mavisel.com\/#\/schema\/logo\/image\/"}}]}},"_links":{"self":[{"href":"https:\/\/mavisel.com\/index.php?rest_route=\/wp\/v2\/product\/3154","targetHints":{"allow":["GET"]}}],"collection":[{"href":"https:\/\/mavisel.com\/index.php?rest_route=\/wp\/v2\/product"}],"about":[{"href":"https:\/\/mavisel.com\/index.php?rest_route=\/wp\/v2\/types\/product"}],"replies":[{"embeddable":true,"href":"https:\/\/mavisel.com\/index.php?rest_route=%2Fwp%2Fv2%2Fcomments&post=3154"}],"wp:featuredmedia":[{"embeddable":true,"href":"https:\/\/mavisel.com\/index.php?rest_route=\/wp\/v2\/media\/3644"}],"wp:attachment":[{"href":"https:\/\/mavisel.com\/index.php?rest_route=%2Fwp%2Fv2%2Fmedia&parent=3154"}],"wp:term":[{"taxonomy":"product_brand","embeddable":true,"href":"https:\/\/mavisel.com\/index.php?rest_route=%2Fwp%2Fv2%2Fproduct_brand&post=3154"},{"taxonomy":"product_cat","embeddable":true,"href":"https:\/\/mavisel.com\/index.php?rest_route=%2Fwp%2Fv2%2Fproduct_cat&post=3154"},{"taxonomy":"product_tag","embeddable":true,"href":"https:\/\/mavisel.com\/index.php?rest_route=%2Fwp%2Fv2%2Fproduct_tag&post=3154"}],"curies":[{"name":"wp","href":"https:\/\/api.w.org\/{rel}","templated":true}]}}