{"id":3127,"date":"2026-03-05T14:00:47","date_gmt":"2026-03-05T13:00:47","guid":{"rendered":"https:\/\/mavisel.com\/?post_type=product&#038;p=3127"},"modified":"2026-03-12T13:56:49","modified_gmt":"2026-03-12T12:56:49","slug":"banador-goldblackwhite-clasico-con-adorno-en-el-escote","status":"publish","type":"product","link":"https:\/\/mavisel.com\/?product=banador-goldblackwhite-clasico-con-adorno-en-el-escote","title":{"rendered":"Ba\u00f1ador Gold,Black&#038;White Cl\u00e1sico con adorno en el escote"},"content":{"rendered":"<p>Ba\u00f1ador Gold, Black &amp; White Cl\u00e1sico con <strong>escote adornado<\/strong> que aporta un toque elegante y sofisticado. Su <strong>fondo negro<\/strong> se combina con <strong>l\u00edneas horizontales doradas<\/strong>, mientras que el <strong>adorno plateado en el escote<\/strong> a\u00f1ade detalle y distinci\u00f3n al dise\u00f1o. Una pieza femenina y moderna, ideal para lucir un estilo veraniego con personalidad en la playa o la piscina.<\/p>\n<p>Tambi\u00e9n, existe el modelo <strong><a href=\"https:\/\/mavisel.com\/producto\/banador-goldblackwhite-lazo-lateral\/\">Ba\u00f1ador Gold,Black&amp;White Lazo lateral. <\/a><\/strong>\u00a0y las opciones del <strong><a href=\"https:\/\/mavisel.com\/producto\/top-bikini-goldblackwhitetriangulo\/\">Top Bikini Gold, Black &amp; White Tri\u00e1ngulo<\/a><\/strong>, y <strong><a href=\"https:\/\/mavisel.com\/producto\/top-tankini-goldblackwhite-corte-pico\/\">Top Tankini Gold,Black&amp;White Corte pico.\u00a0<\/a><\/strong><\/p>\n","protected":false},"excerpt":{"rendered":"<p>Ba\u00f1ador Gold, Black &amp; White Cl\u00e1sico con <strong>fondo negro<\/strong>, <strong>l\u00edneas doradas horizontales<\/strong> y <strong>adorno plateado en el escote<\/strong> para un look elegante y sofisticado.<\/p>\n","protected":false},"featured_media":3614,"comment_status":"open","ping_status":"closed","template":"","meta":[],"product_brand":[70],"product_cat":[163,168,180],"product_tag":[],"class_list":{"0":"post-3127","1":"product","2":"type-product","3":"status-publish","4":"has-post-thumbnail","6":"product_brand-mavisel","7":"product_cat-moda-de-bano","8":"product_cat-banadores","9":"product_cat-clasicos","10":"pa_color-negro","11":"pa_talla-talla-85c","12":"pa_talla-talla-90c","13":"pa_talla-talla-95c","14":"pa_talla-talla-100c","15":"pa_talla-talla-105c","16":"pa_talla-talla-110c","17":"pa_talla-talla-115c","19":"first","20":"instock","21":"shipping-taxable","22":"product-type-variable"},"yoast_head":"<!-- This site is optimized with the Yoast SEO plugin v26.8 - https:\/\/yoast.com\/product\/yoast-seo-wordpress\/ -->\n<title>Ba\u00f1ador Gold,Black&amp;White Cl\u00e1sico con adorno en el escote - Mavisel<\/title>\n<meta name=\"description\" content=\"Ba\u00f1ador Gold, Black &amp; White Cl\u00e1sico con fondo negro, l\u00edneas doradas horizontales y adorno plateado en el escote para un look elegante y sofisticado.\" \/>\n<meta name=\"robots\" content=\"index, follow, max-snippet:-1, max-image-preview:large, max-video-preview:-1\" \/>\n<link rel=\"canonical\" href=\"http:\/\/mavisel.com\/producto\/banador-goldblackwhite-clasico-con-adorno-en-el-escote\/\" \/>\n<meta property=\"og:locale\" content=\"es_ES\" \/>\n<meta property=\"og:type\" content=\"article\" \/>\n<meta property=\"og:title\" content=\"Ba\u00f1ador Gold,Black&amp;White Cl\u00e1sico con adorno en el escote - Mavisel\" \/>\n<meta property=\"og:description\" content=\"Ba\u00f1ador Gold, Black &amp; White Cl\u00e1sico con fondo negro, l\u00edneas doradas horizontales y adorno plateado en el escote para un look elegante y sofisticado.\" \/>\n<meta property=\"og:url\" content=\"http:\/\/mavisel.com\/producto\/banador-goldblackwhite-clasico-con-adorno-en-el-escote\/\" \/>\n<meta property=\"og:site_name\" content=\"Mavisel\" \/>\n<meta property=\"article:modified_time\" content=\"2026-03-12T12:56:49+00:00\" \/>\n<meta property=\"og:image\" content=\"http:\/\/mavisel.com\/wp-content\/uploads\/2026\/03\/638-2024C-banador-gbw-clasico.png\" \/>\n\t<meta property=\"og:image:width\" content=\"274\" \/>\n\t<meta property=\"og:image:height\" content=\"531\" \/>\n\t<meta property=\"og:image:type\" content=\"image\/png\" \/>\n<meta name=\"twitter:card\" content=\"summary_large_image\" \/>\n<meta name=\"twitter:label1\" content=\"Tiempo de lectura\" \/>\n\t<meta name=\"twitter:data1\" content=\"1 minuto\" \/>\n<script type=\"application\/ld+json\" class=\"yoast-schema-graph\">{\"@context\":\"https:\/\/schema.org\",\"@graph\":[{\"@type\":\"WebPage\",\"@id\":\"http:\/\/mavisel.com\/producto\/banador-goldblackwhite-clasico-con-adorno-en-el-escote\/\",\"url\":\"http:\/\/mavisel.com\/producto\/banador-goldblackwhite-clasico-con-adorno-en-el-escote\/\",\"name\":\"Ba\u00f1ador Gold,Black&White Cl\u00e1sico con adorno en el escote - Mavisel\",\"isPartOf\":{\"@id\":\"http:\/\/mavisel.com\/#website\"},\"primaryImageOfPage\":{\"@id\":\"http:\/\/mavisel.com\/producto\/banador-goldblackwhite-clasico-con-adorno-en-el-escote\/#primaryimage\"},\"image\":{\"@id\":\"http:\/\/mavisel.com\/producto\/banador-goldblackwhite-clasico-con-adorno-en-el-escote\/#primaryimage\"},\"thumbnailUrl\":\"https:\/\/mavisel.com\/wp-content\/uploads\/2026\/03\/638-2024C-banador-gbw-clasico.png\",\"datePublished\":\"2026-03-05T13:00:47+00:00\",\"dateModified\":\"2026-03-12T12:56:49+00:00\",\"description\":\"Ba\u00f1ador Gold, Black & White Cl\u00e1sico con fondo negro, l\u00edneas doradas horizontales y adorno plateado en el escote para un look elegante y sofisticado.\",\"breadcrumb\":{\"@id\":\"http:\/\/mavisel.com\/producto\/banador-goldblackwhite-clasico-con-adorno-en-el-escote\/#breadcrumb\"},\"inLanguage\":\"es\",\"potentialAction\":[{\"@type\":\"ReadAction\",\"target\":[\"http:\/\/mavisel.com\/producto\/banador-goldblackwhite-clasico-con-adorno-en-el-escote\/\"]}]},{\"@type\":\"ImageObject\",\"inLanguage\":\"es\",\"@id\":\"http:\/\/mavisel.com\/producto\/banador-goldblackwhite-clasico-con-adorno-en-el-escote\/#primaryimage\",\"url\":\"https:\/\/mavisel.com\/wp-content\/uploads\/2026\/03\/638-2024C-banador-gbw-clasico.png\",\"contentUrl\":\"https:\/\/mavisel.com\/wp-content\/uploads\/2026\/03\/638-2024C-banador-gbw-clasico.png\",\"width\":274,\"height\":531,\"caption\":\"Ba\u00f1ador Gold, Black & White Cl\u00e1sico\"},{\"@type\":\"BreadcrumbList\",\"@id\":\"http:\/\/mavisel.com\/producto\/banador-goldblackwhite-clasico-con-adorno-en-el-escote\/#breadcrumb\",\"itemListElement\":[{\"@type\":\"ListItem\",\"position\":1,\"name\":\"Portada\",\"item\":\"https:\/\/mavisel.com\/\"},{\"@type\":\"ListItem\",\"position\":2,\"name\":\"Home\",\"item\":\"https:\/\/mavisel.com\/\"},{\"@type\":\"ListItem\",\"position\":3,\"name\":\"Ba\u00f1ador Gold,Black&#038;White Cl\u00e1sico con adorno en el escote\"}]},{\"@type\":\"WebSite\",\"@id\":\"http:\/\/mavisel.com\/#website\",\"url\":\"http:\/\/mavisel.com\/\",\"name\":\"Mavisel\",\"description\":\"Marca espa\u00f1ola de moda de ba\u00f1o para mujer\",\"publisher\":{\"@id\":\"http:\/\/mavisel.com\/#organization\"},\"potentialAction\":[{\"@type\":\"SearchAction\",\"target\":{\"@type\":\"EntryPoint\",\"urlTemplate\":\"http:\/\/mavisel.com\/?s={search_term_string}\"},\"query-input\":{\"@type\":\"PropertyValueSpecification\",\"valueRequired\":true,\"valueName\":\"search_term_string\"}}],\"inLanguage\":\"es\"},{\"@type\":\"Organization\",\"@id\":\"http:\/\/mavisel.com\/#organization\",\"name\":\"Mavisel\",\"url\":\"http:\/\/mavisel.com\/\",\"logo\":{\"@type\":\"ImageObject\",\"inLanguage\":\"es\",\"@id\":\"http:\/\/mavisel.com\/#\/schema\/logo\/image\/\",\"url\":\"https:\/\/mavisel.com\/wp-content\/uploads\/2024\/09\/cropped-cropped-MAVISEL-1.png\",\"contentUrl\":\"https:\/\/mavisel.com\/wp-content\/uploads\/2024\/09\/cropped-cropped-MAVISEL-1.png\",\"width\":512,\"height\":213,\"caption\":\"Mavisel\"},\"image\":{\"@id\":\"http:\/\/mavisel.com\/#\/schema\/logo\/image\/\"}}]}<\/script>\n<!-- \/ Yoast SEO plugin. -->","yoast_head_json":{"title":"Ba\u00f1ador Gold,Black&White Cl\u00e1sico con adorno en el escote - Mavisel","description":"Ba\u00f1ador Gold, Black & White Cl\u00e1sico con fondo negro, l\u00edneas doradas horizontales y adorno plateado en el escote para un look elegante y sofisticado.","robots":{"index":"index","follow":"follow","max-snippet":"max-snippet:-1","max-image-preview":"max-image-preview:large","max-video-preview":"max-video-preview:-1"},"canonical":"http:\/\/mavisel.com\/producto\/banador-goldblackwhite-clasico-con-adorno-en-el-escote\/","og_locale":"es_ES","og_type":"article","og_title":"Ba\u00f1ador Gold,Black&White Cl\u00e1sico con adorno en el escote - Mavisel","og_description":"Ba\u00f1ador Gold, Black & White Cl\u00e1sico con fondo negro, l\u00edneas doradas horizontales y adorno plateado en el escote para un look elegante y sofisticado.","og_url":"http:\/\/mavisel.com\/producto\/banador-goldblackwhite-clasico-con-adorno-en-el-escote\/","og_site_name":"Mavisel","article_modified_time":"2026-03-12T12:56:49+00:00","og_image":[{"width":274,"height":531,"url":"http:\/\/mavisel.com\/wp-content\/uploads\/2026\/03\/638-2024C-banador-gbw-clasico.png","type":"image\/png"}],"twitter_card":"summary_large_image","twitter_misc":{"Tiempo de lectura":"1 minuto"},"schema":{"@context":"https:\/\/schema.org","@graph":[{"@type":"WebPage","@id":"http:\/\/mavisel.com\/producto\/banador-goldblackwhite-clasico-con-adorno-en-el-escote\/","url":"http:\/\/mavisel.com\/producto\/banador-goldblackwhite-clasico-con-adorno-en-el-escote\/","name":"Ba\u00f1ador Gold,Black&White Cl\u00e1sico con adorno en el escote - Mavisel","isPartOf":{"@id":"http:\/\/mavisel.com\/#website"},"primaryImageOfPage":{"@id":"http:\/\/mavisel.com\/producto\/banador-goldblackwhite-clasico-con-adorno-en-el-escote\/#primaryimage"},"image":{"@id":"http:\/\/mavisel.com\/producto\/banador-goldblackwhite-clasico-con-adorno-en-el-escote\/#primaryimage"},"thumbnailUrl":"https:\/\/mavisel.com\/wp-content\/uploads\/2026\/03\/638-2024C-banador-gbw-clasico.png","datePublished":"2026-03-05T13:00:47+00:00","dateModified":"2026-03-12T12:56:49+00:00","description":"Ba\u00f1ador Gold, Black & White Cl\u00e1sico con fondo negro, l\u00edneas doradas horizontales y adorno plateado en el escote para un look elegante y sofisticado.","breadcrumb":{"@id":"http:\/\/mavisel.com\/producto\/banador-goldblackwhite-clasico-con-adorno-en-el-escote\/#breadcrumb"},"inLanguage":"es","potentialAction":[{"@type":"ReadAction","target":["http:\/\/mavisel.com\/producto\/banador-goldblackwhite-clasico-con-adorno-en-el-escote\/"]}]},{"@type":"ImageObject","inLanguage":"es","@id":"http:\/\/mavisel.com\/producto\/banador-goldblackwhite-clasico-con-adorno-en-el-escote\/#primaryimage","url":"https:\/\/mavisel.com\/wp-content\/uploads\/2026\/03\/638-2024C-banador-gbw-clasico.png","contentUrl":"https:\/\/mavisel.com\/wp-content\/uploads\/2026\/03\/638-2024C-banador-gbw-clasico.png","width":274,"height":531,"caption":"Ba\u00f1ador Gold, Black & White Cl\u00e1sico"},{"@type":"BreadcrumbList","@id":"http:\/\/mavisel.com\/producto\/banador-goldblackwhite-clasico-con-adorno-en-el-escote\/#breadcrumb","itemListElement":[{"@type":"ListItem","position":1,"name":"Portada","item":"https:\/\/mavisel.com\/"},{"@type":"ListItem","position":2,"name":"Home","item":"https:\/\/mavisel.com\/"},{"@type":"ListItem","position":3,"name":"Ba\u00f1ador Gold,Black&#038;White Cl\u00e1sico con adorno en el escote"}]},{"@type":"WebSite","@id":"http:\/\/mavisel.com\/#website","url":"http:\/\/mavisel.com\/","name":"Mavisel","description":"Marca espa\u00f1ola de moda de ba\u00f1o para mujer","publisher":{"@id":"http:\/\/mavisel.com\/#organization"},"potentialAction":[{"@type":"SearchAction","target":{"@type":"EntryPoint","urlTemplate":"http:\/\/mavisel.com\/?s={search_term_string}"},"query-input":{"@type":"PropertyValueSpecification","valueRequired":true,"valueName":"search_term_string"}}],"inLanguage":"es"},{"@type":"Organization","@id":"http:\/\/mavisel.com\/#organization","name":"Mavisel","url":"http:\/\/mavisel.com\/","logo":{"@type":"ImageObject","inLanguage":"es","@id":"http:\/\/mavisel.com\/#\/schema\/logo\/image\/","url":"https:\/\/mavisel.com\/wp-content\/uploads\/2024\/09\/cropped-cropped-MAVISEL-1.png","contentUrl":"https:\/\/mavisel.com\/wp-content\/uploads\/2024\/09\/cropped-cropped-MAVISEL-1.png","width":512,"height":213,"caption":"Mavisel"},"image":{"@id":"http:\/\/mavisel.com\/#\/schema\/logo\/image\/"}}]}},"_links":{"self":[{"href":"https:\/\/mavisel.com\/index.php?rest_route=\/wp\/v2\/product\/3127","targetHints":{"allow":["GET"]}}],"collection":[{"href":"https:\/\/mavisel.com\/index.php?rest_route=\/wp\/v2\/product"}],"about":[{"href":"https:\/\/mavisel.com\/index.php?rest_route=\/wp\/v2\/types\/product"}],"replies":[{"embeddable":true,"href":"https:\/\/mavisel.com\/index.php?rest_route=%2Fwp%2Fv2%2Fcomments&post=3127"}],"wp:featuredmedia":[{"embeddable":true,"href":"https:\/\/mavisel.com\/index.php?rest_route=\/wp\/v2\/media\/3614"}],"wp:attachment":[{"href":"https:\/\/mavisel.com\/index.php?rest_route=%2Fwp%2Fv2%2Fmedia&parent=3127"}],"wp:term":[{"taxonomy":"product_brand","embeddable":true,"href":"https:\/\/mavisel.com\/index.php?rest_route=%2Fwp%2Fv2%2Fproduct_brand&post=3127"},{"taxonomy":"product_cat","embeddable":true,"href":"https:\/\/mavisel.com\/index.php?rest_route=%2Fwp%2Fv2%2Fproduct_cat&post=3127"},{"taxonomy":"product_tag","embeddable":true,"href":"https:\/\/mavisel.com\/index.php?rest_route=%2Fwp%2Fv2%2Fproduct_tag&post=3127"}],"curies":[{"name":"wp","href":"https:\/\/api.w.org\/{rel}","templated":true}]}}