{"id":3006,"date":"2026-03-05T14:00:19","date_gmt":"2026-03-05T13:00:19","guid":{"rendered":"https:\/\/mavisel.com\/?post_type=product&#038;p=3006"},"modified":"2026-03-11T10:48:40","modified_gmt":"2026-03-11T09:48:40","slug":"banador-nature-leopardo-corte-pico-con-diseno-distintivo","status":"publish","type":"product","link":"https:\/\/mavisel.com\/?product=banador-nature-leopardo-corte-pico-con-diseno-distintivo","title":{"rendered":"Ba\u00f1ador Nature Leopardo Corte pico con dise\u00f1o distintivo"},"content":{"rendered":"<p>Ba\u00f1ador Nature Leopardo con <strong>corte en pico<\/strong> que realza la silueta y aporta elegancia. Destaca por un <strong>dise\u00f1o distintivo en el escote<\/strong> con una <strong>l\u00ednea dorada<\/strong> que a\u00f1ade un detalle sofisticado y moderno al cl\u00e1sico estampado leopardo. Una pieza llamativa y femenina, perfecta para lucir un estilo atrevido y elegante en la playa o la piscina.<\/p>\n<p>Si te gustan los ba\u00f1adores, tienes tambi\u00e9n la opci\u00f3n del <strong><a href=\"https:\/\/mavisel.com\/producto\/banador-nature-leopardo-corte-pico\/\">Ba\u00f1ador Nature Leopardo Corte pico<\/a><\/strong>, o si lo prefieres est\u00e1n disponibles el <strong><a href=\"https:\/\/mavisel.com\/producto\/top-bikini-nature-leopardo-con-aro\/\">Top Bikini Nature Leopardo Con aro<\/a><\/strong> y el <strong><a href=\"https:\/\/mavisel.com\/producto\/top-bikini-nature-leopardo-con-aro-y-diseno-distintivo\/\">Top Bikini Nature Leopardo Con aro y detalle distintivo.<\/a><\/strong><\/p>\n","protected":false},"excerpt":{"rendered":"<p>Ba\u00f1ador Nature Leopardo con <strong>corte en pico<\/strong> y <strong>l\u00ednea dorada en el escote<\/strong> sobre el <strong>estampado leopardo<\/strong> para un look femenino y sofisticado.<\/p>\n","protected":false},"featured_media":3519,"comment_status":"open","ping_status":"closed","template":"","meta":[],"product_brand":[70],"product_cat":[163,168,179],"product_tag":[],"class_list":{"0":"post-3006","1":"product","2":"type-product","3":"status-publish","4":"has-post-thumbnail","6":"product_brand-mavisel","7":"product_cat-moda-de-bano","8":"product_cat-banadores","9":"product_cat-corte-pico","10":"pa_color-estampado","11":"pa_talla-talla-85c","12":"pa_talla-talla-90c","13":"pa_talla-talla-95c","14":"pa_talla-talla-100c","15":"pa_talla-talla-105c","16":"pa_talla-talla-110c","18":"first","19":"instock","20":"shipping-taxable","21":"product-type-variable"},"yoast_head":"<!-- This site is optimized with the Yoast SEO plugin v26.8 - https:\/\/yoast.com\/product\/yoast-seo-wordpress\/ -->\n<title>Ba\u00f1ador Nature Leopardo Corte pico con dise\u00f1o distintivo - Mavisel<\/title>\n<meta name=\"description\" content=\"Ba\u00f1ador Nature Leopardo con corte en pico y l\u00ednea dorada en el escote sobre el estampado leopardo para un look femenino y sofisticado.\" \/>\n<meta name=\"robots\" content=\"index, follow, max-snippet:-1, max-image-preview:large, max-video-preview:-1\" \/>\n<link rel=\"canonical\" href=\"https:\/\/mavisel.com\/producto\/banador-nature-leopardo-corte-pico-con-diseno-distintivo\/\" \/>\n<meta property=\"og:locale\" content=\"es_ES\" \/>\n<meta property=\"og:type\" content=\"article\" \/>\n<meta property=\"og:title\" content=\"Ba\u00f1ador Nature Leopardo Corte pico con dise\u00f1o distintivo - Mavisel\" \/>\n<meta property=\"og:description\" content=\"Ba\u00f1ador Nature Leopardo con corte en pico y l\u00ednea dorada en el escote sobre el estampado leopardo para un look femenino y sofisticado.\" \/>\n<meta property=\"og:url\" content=\"https:\/\/mavisel.com\/producto\/banador-nature-leopardo-corte-pico-con-diseno-distintivo\/\" \/>\n<meta property=\"og:site_name\" content=\"Mavisel\" \/>\n<meta property=\"article:modified_time\" content=\"2026-03-11T09:48:40+00:00\" \/>\n<meta property=\"og:image\" content=\"http:\/\/mavisel.com\/wp-content\/uploads\/2026\/03\/621-2094C-banador-leopardo-cp-detalle.png\" \/>\n\t<meta property=\"og:image:width\" content=\"163\" \/>\n\t<meta property=\"og:image:height\" content=\"437\" \/>\n\t<meta property=\"og:image:type\" content=\"image\/png\" \/>\n<meta name=\"twitter:card\" content=\"summary_large_image\" \/>\n<meta name=\"twitter:label1\" content=\"Tiempo de lectura\" \/>\n\t<meta name=\"twitter:data1\" content=\"1 minuto\" \/>\n<script type=\"application\/ld+json\" class=\"yoast-schema-graph\">{\"@context\":\"https:\/\/schema.org\",\"@graph\":[{\"@type\":\"WebPage\",\"@id\":\"https:\/\/mavisel.com\/producto\/banador-nature-leopardo-corte-pico-con-diseno-distintivo\/\",\"url\":\"https:\/\/mavisel.com\/producto\/banador-nature-leopardo-corte-pico-con-diseno-distintivo\/\",\"name\":\"Ba\u00f1ador Nature Leopardo Corte pico con dise\u00f1o distintivo - Mavisel\",\"isPartOf\":{\"@id\":\"http:\/\/mavisel.com\/#website\"},\"primaryImageOfPage\":{\"@id\":\"https:\/\/mavisel.com\/producto\/banador-nature-leopardo-corte-pico-con-diseno-distintivo\/#primaryimage\"},\"image\":{\"@id\":\"https:\/\/mavisel.com\/producto\/banador-nature-leopardo-corte-pico-con-diseno-distintivo\/#primaryimage\"},\"thumbnailUrl\":\"https:\/\/mavisel.com\/wp-content\/uploads\/2026\/03\/621-2094C-banador-leopardo-cp-detalle.png\",\"datePublished\":\"2026-03-05T13:00:19+00:00\",\"dateModified\":\"2026-03-11T09:48:40+00:00\",\"description\":\"Ba\u00f1ador Nature Leopardo con corte en pico y l\u00ednea dorada en el escote sobre el estampado leopardo para un look femenino y sofisticado.\",\"breadcrumb\":{\"@id\":\"https:\/\/mavisel.com\/producto\/banador-nature-leopardo-corte-pico-con-diseno-distintivo\/#breadcrumb\"},\"inLanguage\":\"es\",\"potentialAction\":[{\"@type\":\"ReadAction\",\"target\":[\"https:\/\/mavisel.com\/producto\/banador-nature-leopardo-corte-pico-con-diseno-distintivo\/\"]}]},{\"@type\":\"ImageObject\",\"inLanguage\":\"es\",\"@id\":\"https:\/\/mavisel.com\/producto\/banador-nature-leopardo-corte-pico-con-diseno-distintivo\/#primaryimage\",\"url\":\"https:\/\/mavisel.com\/wp-content\/uploads\/2026\/03\/621-2094C-banador-leopardo-cp-detalle.png\",\"contentUrl\":\"https:\/\/mavisel.com\/wp-content\/uploads\/2026\/03\/621-2094C-banador-leopardo-cp-detalle.png\",\"width\":163,\"height\":437,\"caption\":\"Ba\u00f1ador Nature Leopardo con aro y detalle\"},{\"@type\":\"BreadcrumbList\",\"@id\":\"https:\/\/mavisel.com\/producto\/banador-nature-leopardo-corte-pico-con-diseno-distintivo\/#breadcrumb\",\"itemListElement\":[{\"@type\":\"ListItem\",\"position\":1,\"name\":\"Portada\",\"item\":\"https:\/\/mavisel.com\/\"},{\"@type\":\"ListItem\",\"position\":2,\"name\":\"Home\",\"item\":\"https:\/\/mavisel.com\/\"},{\"@type\":\"ListItem\",\"position\":3,\"name\":\"Ba\u00f1ador Nature Leopardo Corte pico con dise\u00f1o distintivo\"}]},{\"@type\":\"WebSite\",\"@id\":\"http:\/\/mavisel.com\/#website\",\"url\":\"http:\/\/mavisel.com\/\",\"name\":\"Mavisel\",\"description\":\"Marca espa\u00f1ola de moda de ba\u00f1o para mujer\",\"publisher\":{\"@id\":\"http:\/\/mavisel.com\/#organization\"},\"potentialAction\":[{\"@type\":\"SearchAction\",\"target\":{\"@type\":\"EntryPoint\",\"urlTemplate\":\"http:\/\/mavisel.com\/?s={search_term_string}\"},\"query-input\":{\"@type\":\"PropertyValueSpecification\",\"valueRequired\":true,\"valueName\":\"search_term_string\"}}],\"inLanguage\":\"es\"},{\"@type\":\"Organization\",\"@id\":\"http:\/\/mavisel.com\/#organization\",\"name\":\"Mavisel\",\"url\":\"http:\/\/mavisel.com\/\",\"logo\":{\"@type\":\"ImageObject\",\"inLanguage\":\"es\",\"@id\":\"http:\/\/mavisel.com\/#\/schema\/logo\/image\/\",\"url\":\"https:\/\/mavisel.com\/wp-content\/uploads\/2024\/09\/cropped-cropped-MAVISEL-1.png\",\"contentUrl\":\"https:\/\/mavisel.com\/wp-content\/uploads\/2024\/09\/cropped-cropped-MAVISEL-1.png\",\"width\":512,\"height\":213,\"caption\":\"Mavisel\"},\"image\":{\"@id\":\"http:\/\/mavisel.com\/#\/schema\/logo\/image\/\"}}]}<\/script>\n<!-- \/ Yoast SEO plugin. -->","yoast_head_json":{"title":"Ba\u00f1ador Nature Leopardo Corte pico con dise\u00f1o distintivo - Mavisel","description":"Ba\u00f1ador Nature Leopardo con corte en pico y l\u00ednea dorada en el escote sobre el estampado leopardo para un look femenino y sofisticado.","robots":{"index":"index","follow":"follow","max-snippet":"max-snippet:-1","max-image-preview":"max-image-preview:large","max-video-preview":"max-video-preview:-1"},"canonical":"https:\/\/mavisel.com\/producto\/banador-nature-leopardo-corte-pico-con-diseno-distintivo\/","og_locale":"es_ES","og_type":"article","og_title":"Ba\u00f1ador Nature Leopardo Corte pico con dise\u00f1o distintivo - Mavisel","og_description":"Ba\u00f1ador Nature Leopardo con corte en pico y l\u00ednea dorada en el escote sobre el estampado leopardo para un look femenino y sofisticado.","og_url":"https:\/\/mavisel.com\/producto\/banador-nature-leopardo-corte-pico-con-diseno-distintivo\/","og_site_name":"Mavisel","article_modified_time":"2026-03-11T09:48:40+00:00","og_image":[{"width":163,"height":437,"url":"http:\/\/mavisel.com\/wp-content\/uploads\/2026\/03\/621-2094C-banador-leopardo-cp-detalle.png","type":"image\/png"}],"twitter_card":"summary_large_image","twitter_misc":{"Tiempo de lectura":"1 minuto"},"schema":{"@context":"https:\/\/schema.org","@graph":[{"@type":"WebPage","@id":"https:\/\/mavisel.com\/producto\/banador-nature-leopardo-corte-pico-con-diseno-distintivo\/","url":"https:\/\/mavisel.com\/producto\/banador-nature-leopardo-corte-pico-con-diseno-distintivo\/","name":"Ba\u00f1ador Nature Leopardo Corte pico con dise\u00f1o distintivo - Mavisel","isPartOf":{"@id":"http:\/\/mavisel.com\/#website"},"primaryImageOfPage":{"@id":"https:\/\/mavisel.com\/producto\/banador-nature-leopardo-corte-pico-con-diseno-distintivo\/#primaryimage"},"image":{"@id":"https:\/\/mavisel.com\/producto\/banador-nature-leopardo-corte-pico-con-diseno-distintivo\/#primaryimage"},"thumbnailUrl":"https:\/\/mavisel.com\/wp-content\/uploads\/2026\/03\/621-2094C-banador-leopardo-cp-detalle.png","datePublished":"2026-03-05T13:00:19+00:00","dateModified":"2026-03-11T09:48:40+00:00","description":"Ba\u00f1ador Nature Leopardo con corte en pico y l\u00ednea dorada en el escote sobre el estampado leopardo para un look femenino y sofisticado.","breadcrumb":{"@id":"https:\/\/mavisel.com\/producto\/banador-nature-leopardo-corte-pico-con-diseno-distintivo\/#breadcrumb"},"inLanguage":"es","potentialAction":[{"@type":"ReadAction","target":["https:\/\/mavisel.com\/producto\/banador-nature-leopardo-corte-pico-con-diseno-distintivo\/"]}]},{"@type":"ImageObject","inLanguage":"es","@id":"https:\/\/mavisel.com\/producto\/banador-nature-leopardo-corte-pico-con-diseno-distintivo\/#primaryimage","url":"https:\/\/mavisel.com\/wp-content\/uploads\/2026\/03\/621-2094C-banador-leopardo-cp-detalle.png","contentUrl":"https:\/\/mavisel.com\/wp-content\/uploads\/2026\/03\/621-2094C-banador-leopardo-cp-detalle.png","width":163,"height":437,"caption":"Ba\u00f1ador Nature Leopardo con aro y detalle"},{"@type":"BreadcrumbList","@id":"https:\/\/mavisel.com\/producto\/banador-nature-leopardo-corte-pico-con-diseno-distintivo\/#breadcrumb","itemListElement":[{"@type":"ListItem","position":1,"name":"Portada","item":"https:\/\/mavisel.com\/"},{"@type":"ListItem","position":2,"name":"Home","item":"https:\/\/mavisel.com\/"},{"@type":"ListItem","position":3,"name":"Ba\u00f1ador Nature Leopardo Corte pico con dise\u00f1o distintivo"}]},{"@type":"WebSite","@id":"http:\/\/mavisel.com\/#website","url":"http:\/\/mavisel.com\/","name":"Mavisel","description":"Marca espa\u00f1ola de moda de ba\u00f1o para mujer","publisher":{"@id":"http:\/\/mavisel.com\/#organization"},"potentialAction":[{"@type":"SearchAction","target":{"@type":"EntryPoint","urlTemplate":"http:\/\/mavisel.com\/?s={search_term_string}"},"query-input":{"@type":"PropertyValueSpecification","valueRequired":true,"valueName":"search_term_string"}}],"inLanguage":"es"},{"@type":"Organization","@id":"http:\/\/mavisel.com\/#organization","name":"Mavisel","url":"http:\/\/mavisel.com\/","logo":{"@type":"ImageObject","inLanguage":"es","@id":"http:\/\/mavisel.com\/#\/schema\/logo\/image\/","url":"https:\/\/mavisel.com\/wp-content\/uploads\/2024\/09\/cropped-cropped-MAVISEL-1.png","contentUrl":"https:\/\/mavisel.com\/wp-content\/uploads\/2024\/09\/cropped-cropped-MAVISEL-1.png","width":512,"height":213,"caption":"Mavisel"},"image":{"@id":"http:\/\/mavisel.com\/#\/schema\/logo\/image\/"}}]}},"_links":{"self":[{"href":"https:\/\/mavisel.com\/index.php?rest_route=\/wp\/v2\/product\/3006","targetHints":{"allow":["GET"]}}],"collection":[{"href":"https:\/\/mavisel.com\/index.php?rest_route=\/wp\/v2\/product"}],"about":[{"href":"https:\/\/mavisel.com\/index.php?rest_route=\/wp\/v2\/types\/product"}],"replies":[{"embeddable":true,"href":"https:\/\/mavisel.com\/index.php?rest_route=%2Fwp%2Fv2%2Fcomments&post=3006"}],"wp:featuredmedia":[{"embeddable":true,"href":"https:\/\/mavisel.com\/index.php?rest_route=\/wp\/v2\/media\/3519"}],"wp:attachment":[{"href":"https:\/\/mavisel.com\/index.php?rest_route=%2Fwp%2Fv2%2Fmedia&parent=3006"}],"wp:term":[{"taxonomy":"product_brand","embeddable":true,"href":"https:\/\/mavisel.com\/index.php?rest_route=%2Fwp%2Fv2%2Fproduct_brand&post=3006"},{"taxonomy":"product_cat","embeddable":true,"href":"https:\/\/mavisel.com\/index.php?rest_route=%2Fwp%2Fv2%2Fproduct_cat&post=3006"},{"taxonomy":"product_tag","embeddable":true,"href":"https:\/\/mavisel.com\/index.php?rest_route=%2Fwp%2Fv2%2Fproduct_tag&post=3006"}],"curies":[{"name":"wp","href":"https:\/\/api.w.org\/{rel}","templated":true}]}}