{"id":2944,"date":"2026-03-05T14:00:05","date_gmt":"2026-03-05T13:00:05","guid":{"rendered":"https:\/\/mavisel.com\/?post_type=product&#038;p=2944"},"modified":"2026-03-10T13:01:34","modified_gmt":"2026-03-10T12:01:34","slug":"banador-sunset-frida-palabra-de-honor","status":"publish","type":"product","link":"https:\/\/mavisel.com\/?product=banador-sunset-frida-palabra-de-honor","title":{"rendered":"Ba\u00f1ador Sunset Frida Palabra de honor"},"content":{"rendered":"<p>Ba\u00f1ador Sunset Frida <strong>palabra de honor<\/strong> que realza los hombros y estiliza la silueta con un dise\u00f1o femenino y favorecedor. Su <strong>estructura sin tirantes<\/strong> aporta un toque elegante y sofisticado, mientras que su <strong>combinaci\u00f3n de colores vibrantes<\/strong> realza el bronceado y a\u00f1ade personalidad al look. Una pieza ideal para lucir con confianza en la playa o la piscina.<\/p>\n<p>Completa tu conjunto del verano con la <strong><a href=\"https:\/\/mavisel.com\/producto\/camisola-sunset-frida\/\">Camisola Sunset Frida<\/a><\/strong>.<\/p>\n","protected":false},"excerpt":{"rendered":"<p>Ba\u00f1ador Sunset Frida <strong>palabra de honor<\/strong> con <strong>dise\u00f1o sin tirantes<\/strong> y <strong>colores vibrantes<\/strong> para un estilo femenino, elegante y veraniego.<\/p>\n","protected":false},"featured_media":3463,"comment_status":"open","ping_status":"closed","template":"","meta":[],"product_brand":[70],"product_cat":[163,168,182],"product_tag":[],"class_list":{"0":"post-2944","1":"product","2":"type-product","3":"status-publish","4":"has-post-thumbnail","6":"product_brand-mavisel","7":"product_cat-moda-de-bano","8":"product_cat-banadores","9":"product_cat-palabra-de-honor","10":"pa_color-estampado","11":"pa_talla-talla-85b","12":"pa_talla-talla-90b","13":"pa_talla-talla-95b","14":"pa_talla-talla-100b","15":"pa_talla-talla-105b","16":"pa_talla-talla-110b","18":"first","19":"instock","20":"shipping-taxable","21":"product-type-variable"},"yoast_head":"<!-- This site is optimized with the Yoast SEO plugin v26.8 - https:\/\/yoast.com\/product\/yoast-seo-wordpress\/ -->\n<title>Ba\u00f1ador Sunset Frida Palabra de honor - Mavisel<\/title>\n<meta name=\"description\" content=\"Ba\u00f1ador Sunset Frida palabra de honor con dise\u00f1o sin tirantes y colores vibrantes para un estilo femenino, elegante y veraniego.\" \/>\n<meta name=\"robots\" content=\"index, follow, max-snippet:-1, max-image-preview:large, max-video-preview:-1\" \/>\n<link rel=\"canonical\" href=\"http:\/\/mavisel.com\/producto\/banador-sunset-frida-palabra-de-honor\/\" \/>\n<meta property=\"og:locale\" content=\"es_ES\" \/>\n<meta property=\"og:type\" content=\"article\" \/>\n<meta property=\"og:title\" content=\"Ba\u00f1ador Sunset Frida Palabra de honor - Mavisel\" \/>\n<meta property=\"og:description\" content=\"Ba\u00f1ador Sunset Frida palabra de honor con dise\u00f1o sin tirantes y colores vibrantes para un estilo femenino, elegante y veraniego.\" \/>\n<meta property=\"og:url\" content=\"http:\/\/mavisel.com\/producto\/banador-sunset-frida-palabra-de-honor\/\" \/>\n<meta property=\"og:site_name\" content=\"Mavisel\" \/>\n<meta property=\"article:modified_time\" content=\"2026-03-10T12:01:34+00:00\" \/>\n<meta property=\"og:image\" content=\"http:\/\/mavisel.com\/wp-content\/uploads\/2026\/03\/banador-sunset-frida-palabra-de-honor-610-2084B.png\" \/>\n\t<meta property=\"og:image:width\" content=\"297\" \/>\n\t<meta property=\"og:image:height\" content=\"549\" \/>\n\t<meta property=\"og:image:type\" content=\"image\/png\" \/>\n<meta name=\"twitter:card\" content=\"summary_large_image\" \/>\n<meta name=\"twitter:label1\" content=\"Tiempo de lectura\" \/>\n\t<meta name=\"twitter:data1\" content=\"1 minuto\" \/>\n<script type=\"application\/ld+json\" class=\"yoast-schema-graph\">{\"@context\":\"https:\/\/schema.org\",\"@graph\":[{\"@type\":\"WebPage\",\"@id\":\"http:\/\/mavisel.com\/producto\/banador-sunset-frida-palabra-de-honor\/\",\"url\":\"http:\/\/mavisel.com\/producto\/banador-sunset-frida-palabra-de-honor\/\",\"name\":\"Ba\u00f1ador Sunset Frida Palabra de honor - Mavisel\",\"isPartOf\":{\"@id\":\"http:\/\/mavisel.com\/#website\"},\"primaryImageOfPage\":{\"@id\":\"http:\/\/mavisel.com\/producto\/banador-sunset-frida-palabra-de-honor\/#primaryimage\"},\"image\":{\"@id\":\"http:\/\/mavisel.com\/producto\/banador-sunset-frida-palabra-de-honor\/#primaryimage\"},\"thumbnailUrl\":\"https:\/\/mavisel.com\/wp-content\/uploads\/2026\/03\/banador-sunset-frida-palabra-de-honor-610-2084B.png\",\"datePublished\":\"2026-03-05T13:00:05+00:00\",\"dateModified\":\"2026-03-10T12:01:34+00:00\",\"description\":\"Ba\u00f1ador Sunset Frida palabra de honor con dise\u00f1o sin tirantes y colores vibrantes para un estilo femenino, elegante y veraniego.\",\"breadcrumb\":{\"@id\":\"http:\/\/mavisel.com\/producto\/banador-sunset-frida-palabra-de-honor\/#breadcrumb\"},\"inLanguage\":\"es\",\"potentialAction\":[{\"@type\":\"ReadAction\",\"target\":[\"http:\/\/mavisel.com\/producto\/banador-sunset-frida-palabra-de-honor\/\"]}]},{\"@type\":\"ImageObject\",\"inLanguage\":\"es\",\"@id\":\"http:\/\/mavisel.com\/producto\/banador-sunset-frida-palabra-de-honor\/#primaryimage\",\"url\":\"https:\/\/mavisel.com\/wp-content\/uploads\/2026\/03\/banador-sunset-frida-palabra-de-honor-610-2084B.png\",\"contentUrl\":\"https:\/\/mavisel.com\/wp-content\/uploads\/2026\/03\/banador-sunset-frida-palabra-de-honor-610-2084B.png\",\"width\":297,\"height\":549,\"caption\":\"Ba\u00f1ador Sunset Frida palabra de honor\"},{\"@type\":\"BreadcrumbList\",\"@id\":\"http:\/\/mavisel.com\/producto\/banador-sunset-frida-palabra-de-honor\/#breadcrumb\",\"itemListElement\":[{\"@type\":\"ListItem\",\"position\":1,\"name\":\"Portada\",\"item\":\"https:\/\/mavisel.com\/\"},{\"@type\":\"ListItem\",\"position\":2,\"name\":\"Home\",\"item\":\"https:\/\/mavisel.com\/\"},{\"@type\":\"ListItem\",\"position\":3,\"name\":\"Ba\u00f1ador Sunset Frida Palabra de honor\"}]},{\"@type\":\"WebSite\",\"@id\":\"http:\/\/mavisel.com\/#website\",\"url\":\"http:\/\/mavisel.com\/\",\"name\":\"Mavisel\",\"description\":\"Marca espa\u00f1ola de moda de ba\u00f1o para mujer\",\"publisher\":{\"@id\":\"http:\/\/mavisel.com\/#organization\"},\"potentialAction\":[{\"@type\":\"SearchAction\",\"target\":{\"@type\":\"EntryPoint\",\"urlTemplate\":\"http:\/\/mavisel.com\/?s={search_term_string}\"},\"query-input\":{\"@type\":\"PropertyValueSpecification\",\"valueRequired\":true,\"valueName\":\"search_term_string\"}}],\"inLanguage\":\"es\"},{\"@type\":\"Organization\",\"@id\":\"http:\/\/mavisel.com\/#organization\",\"name\":\"Mavisel\",\"url\":\"http:\/\/mavisel.com\/\",\"logo\":{\"@type\":\"ImageObject\",\"inLanguage\":\"es\",\"@id\":\"http:\/\/mavisel.com\/#\/schema\/logo\/image\/\",\"url\":\"https:\/\/mavisel.com\/wp-content\/uploads\/2024\/09\/cropped-cropped-MAVISEL-1.png\",\"contentUrl\":\"https:\/\/mavisel.com\/wp-content\/uploads\/2024\/09\/cropped-cropped-MAVISEL-1.png\",\"width\":512,\"height\":213,\"caption\":\"Mavisel\"},\"image\":{\"@id\":\"http:\/\/mavisel.com\/#\/schema\/logo\/image\/\"}}]}<\/script>\n<!-- \/ Yoast SEO plugin. -->","yoast_head_json":{"title":"Ba\u00f1ador Sunset Frida Palabra de honor - Mavisel","description":"Ba\u00f1ador Sunset Frida palabra de honor con dise\u00f1o sin tirantes y colores vibrantes para un estilo femenino, elegante y veraniego.","robots":{"index":"index","follow":"follow","max-snippet":"max-snippet:-1","max-image-preview":"max-image-preview:large","max-video-preview":"max-video-preview:-1"},"canonical":"http:\/\/mavisel.com\/producto\/banador-sunset-frida-palabra-de-honor\/","og_locale":"es_ES","og_type":"article","og_title":"Ba\u00f1ador Sunset Frida Palabra de honor - Mavisel","og_description":"Ba\u00f1ador Sunset Frida palabra de honor con dise\u00f1o sin tirantes y colores vibrantes para un estilo femenino, elegante y veraniego.","og_url":"http:\/\/mavisel.com\/producto\/banador-sunset-frida-palabra-de-honor\/","og_site_name":"Mavisel","article_modified_time":"2026-03-10T12:01:34+00:00","og_image":[{"width":297,"height":549,"url":"http:\/\/mavisel.com\/wp-content\/uploads\/2026\/03\/banador-sunset-frida-palabra-de-honor-610-2084B.png","type":"image\/png"}],"twitter_card":"summary_large_image","twitter_misc":{"Tiempo de lectura":"1 minuto"},"schema":{"@context":"https:\/\/schema.org","@graph":[{"@type":"WebPage","@id":"http:\/\/mavisel.com\/producto\/banador-sunset-frida-palabra-de-honor\/","url":"http:\/\/mavisel.com\/producto\/banador-sunset-frida-palabra-de-honor\/","name":"Ba\u00f1ador Sunset Frida Palabra de honor - Mavisel","isPartOf":{"@id":"http:\/\/mavisel.com\/#website"},"primaryImageOfPage":{"@id":"http:\/\/mavisel.com\/producto\/banador-sunset-frida-palabra-de-honor\/#primaryimage"},"image":{"@id":"http:\/\/mavisel.com\/producto\/banador-sunset-frida-palabra-de-honor\/#primaryimage"},"thumbnailUrl":"https:\/\/mavisel.com\/wp-content\/uploads\/2026\/03\/banador-sunset-frida-palabra-de-honor-610-2084B.png","datePublished":"2026-03-05T13:00:05+00:00","dateModified":"2026-03-10T12:01:34+00:00","description":"Ba\u00f1ador Sunset Frida palabra de honor con dise\u00f1o sin tirantes y colores vibrantes para un estilo femenino, elegante y veraniego.","breadcrumb":{"@id":"http:\/\/mavisel.com\/producto\/banador-sunset-frida-palabra-de-honor\/#breadcrumb"},"inLanguage":"es","potentialAction":[{"@type":"ReadAction","target":["http:\/\/mavisel.com\/producto\/banador-sunset-frida-palabra-de-honor\/"]}]},{"@type":"ImageObject","inLanguage":"es","@id":"http:\/\/mavisel.com\/producto\/banador-sunset-frida-palabra-de-honor\/#primaryimage","url":"https:\/\/mavisel.com\/wp-content\/uploads\/2026\/03\/banador-sunset-frida-palabra-de-honor-610-2084B.png","contentUrl":"https:\/\/mavisel.com\/wp-content\/uploads\/2026\/03\/banador-sunset-frida-palabra-de-honor-610-2084B.png","width":297,"height":549,"caption":"Ba\u00f1ador Sunset Frida palabra de honor"},{"@type":"BreadcrumbList","@id":"http:\/\/mavisel.com\/producto\/banador-sunset-frida-palabra-de-honor\/#breadcrumb","itemListElement":[{"@type":"ListItem","position":1,"name":"Portada","item":"https:\/\/mavisel.com\/"},{"@type":"ListItem","position":2,"name":"Home","item":"https:\/\/mavisel.com\/"},{"@type":"ListItem","position":3,"name":"Ba\u00f1ador Sunset Frida Palabra de honor"}]},{"@type":"WebSite","@id":"http:\/\/mavisel.com\/#website","url":"http:\/\/mavisel.com\/","name":"Mavisel","description":"Marca espa\u00f1ola de moda de ba\u00f1o para mujer","publisher":{"@id":"http:\/\/mavisel.com\/#organization"},"potentialAction":[{"@type":"SearchAction","target":{"@type":"EntryPoint","urlTemplate":"http:\/\/mavisel.com\/?s={search_term_string}"},"query-input":{"@type":"PropertyValueSpecification","valueRequired":true,"valueName":"search_term_string"}}],"inLanguage":"es"},{"@type":"Organization","@id":"http:\/\/mavisel.com\/#organization","name":"Mavisel","url":"http:\/\/mavisel.com\/","logo":{"@type":"ImageObject","inLanguage":"es","@id":"http:\/\/mavisel.com\/#\/schema\/logo\/image\/","url":"https:\/\/mavisel.com\/wp-content\/uploads\/2024\/09\/cropped-cropped-MAVISEL-1.png","contentUrl":"https:\/\/mavisel.com\/wp-content\/uploads\/2024\/09\/cropped-cropped-MAVISEL-1.png","width":512,"height":213,"caption":"Mavisel"},"image":{"@id":"http:\/\/mavisel.com\/#\/schema\/logo\/image\/"}}]}},"_links":{"self":[{"href":"https:\/\/mavisel.com\/index.php?rest_route=\/wp\/v2\/product\/2944","targetHints":{"allow":["GET"]}}],"collection":[{"href":"https:\/\/mavisel.com\/index.php?rest_route=\/wp\/v2\/product"}],"about":[{"href":"https:\/\/mavisel.com\/index.php?rest_route=\/wp\/v2\/types\/product"}],"replies":[{"embeddable":true,"href":"https:\/\/mavisel.com\/index.php?rest_route=%2Fwp%2Fv2%2Fcomments&post=2944"}],"wp:featuredmedia":[{"embeddable":true,"href":"https:\/\/mavisel.com\/index.php?rest_route=\/wp\/v2\/media\/3463"}],"wp:attachment":[{"href":"https:\/\/mavisel.com\/index.php?rest_route=%2Fwp%2Fv2%2Fmedia&parent=2944"}],"wp:term":[{"taxonomy":"product_brand","embeddable":true,"href":"https:\/\/mavisel.com\/index.php?rest_route=%2Fwp%2Fv2%2Fproduct_brand&post=2944"},{"taxonomy":"product_cat","embeddable":true,"href":"https:\/\/mavisel.com\/index.php?rest_route=%2Fwp%2Fv2%2Fproduct_cat&post=2944"},{"taxonomy":"product_tag","embeddable":true,"href":"https:\/\/mavisel.com\/index.php?rest_route=%2Fwp%2Fv2%2Fproduct_tag&post=2944"}],"curies":[{"name":"wp","href":"https:\/\/api.w.org\/{rel}","templated":true}]}}