{"id":2875,"date":"2026-02-18T14:58:38","date_gmt":"2026-02-18T13:58:38","guid":{"rendered":"https:\/\/mavisel.com\/?post_type=product&#038;p=2875"},"modified":"2026-02-19T13:48:57","modified_gmt":"2026-02-19T12:48:57","slug":"braguita-serie-max-f-clasica","status":"publish","type":"product","link":"https:\/\/mavisel.com\/?product=braguita-serie-max-f-clasica","title":{"rendered":"Braguita Serie Max-F cielo cl\u00e1sica"},"content":{"rendered":"<p>Braguita Serie Max-F de <strong>talle bajo<\/strong> en color azul, dise\u00f1ada para un ajuste c\u00f3modo y discreto. Una prenda vers\u00e1til y elegante, ideal para combinar con el top a juego y disfrutar de la playa o la piscina.<\/p>\n<p>Completa tu conjunto de ba\u00f1o con el <strong><a href=\"https:\/\/mavisel.com\/producto\/top-bikini-serie-max-f-cielo-con-aro\/\">top bikini serie Max-F cielo con aro<\/a><\/strong> a juego con la brgauita.<\/p>\n","protected":false},"excerpt":{"rendered":"<p>Braguita Serie Max-F de <strong>talle bajo<\/strong> en azul, para un estilo c\u00f3modo y elegante.<\/p>\n","protected":false},"featured_media":0,"comment_status":"open","ping_status":"closed","template":"","meta":[],"product_brand":[70],"product_cat":[37,45,163],"product_tag":[],"class_list":{"0":"post-2875","1":"product","2":"type-product","3":"status-publish","5":"product_brand-mavisel","6":"product_cat-braguitas","7":"product_cat-clasicas","8":"product_cat-moda-de-bano","9":"pa_color-azul","10":"pa_talla-talla-l","11":"pa_talla-talla-xl","13":"first","14":"instock","15":"shipping-taxable","16":"purchasable","17":"product-type-variable"},"yoast_head":"<!-- This site is optimized with the Yoast SEO plugin v26.8 - https:\/\/yoast.com\/product\/yoast-seo-wordpress\/ -->\n<title>Braguita Serie Max-F cielo cl\u00e1sica - Mavisel<\/title>\n<meta name=\"description\" content=\"Descubre la nueva Braguita Serie Max-F cla\u00e1sica que es de talle bajo en azul, para un estilo c\u00f3modo y elegante para lucir este verano.\" \/>\n<meta name=\"robots\" content=\"index, follow, max-snippet:-1, max-image-preview:large, max-video-preview:-1\" \/>\n<link rel=\"canonical\" href=\"http:\/\/mavisel.com\/producto\/braguita-serie-max-f-clasica\/\" \/>\n<meta property=\"og:locale\" content=\"es_ES\" \/>\n<meta property=\"og:type\" content=\"article\" \/>\n<meta property=\"og:title\" content=\"Braguita Serie Max-F cielo cl\u00e1sica - Mavisel\" \/>\n<meta property=\"og:description\" content=\"Descubre la nueva Braguita Serie Max-F cla\u00e1sica que es de talle bajo en azul, para un estilo c\u00f3modo y elegante para lucir este verano.\" \/>\n<meta property=\"og:url\" content=\"http:\/\/mavisel.com\/producto\/braguita-serie-max-f-clasica\/\" \/>\n<meta property=\"og:site_name\" content=\"Mavisel\" \/>\n<meta property=\"article:modified_time\" content=\"2026-02-19T12:48:57+00:00\" \/>\n<meta name=\"twitter:card\" content=\"summary_large_image\" \/>\n<meta name=\"twitter:label1\" content=\"Tiempo de lectura\" \/>\n\t<meta name=\"twitter:data1\" content=\"1 minuto\" \/>\n<script type=\"application\/ld+json\" class=\"yoast-schema-graph\">{\"@context\":\"https:\/\/schema.org\",\"@graph\":[{\"@type\":\"WebPage\",\"@id\":\"http:\/\/mavisel.com\/producto\/braguita-serie-max-f-clasica\/\",\"url\":\"http:\/\/mavisel.com\/producto\/braguita-serie-max-f-clasica\/\",\"name\":\"Braguita Serie Max-F cielo cl\u00e1sica - Mavisel\",\"isPartOf\":{\"@id\":\"http:\/\/mavisel.com\/#website\"},\"datePublished\":\"2026-02-18T13:58:38+00:00\",\"dateModified\":\"2026-02-19T12:48:57+00:00\",\"description\":\"Descubre la nueva Braguita Serie Max-F cla\u00e1sica que es de talle bajo en azul, para un estilo c\u00f3modo y elegante para lucir este verano.\",\"breadcrumb\":{\"@id\":\"http:\/\/mavisel.com\/producto\/braguita-serie-max-f-clasica\/#breadcrumb\"},\"inLanguage\":\"es\",\"potentialAction\":[{\"@type\":\"ReadAction\",\"target\":[\"http:\/\/mavisel.com\/producto\/braguita-serie-max-f-clasica\/\"]}]},{\"@type\":\"BreadcrumbList\",\"@id\":\"http:\/\/mavisel.com\/producto\/braguita-serie-max-f-clasica\/#breadcrumb\",\"itemListElement\":[{\"@type\":\"ListItem\",\"position\":1,\"name\":\"Portada\",\"item\":\"https:\/\/mavisel.com\/\"},{\"@type\":\"ListItem\",\"position\":2,\"name\":\"Home\",\"item\":\"https:\/\/mavisel.com\/\"},{\"@type\":\"ListItem\",\"position\":3,\"name\":\"Braguita Serie Max-F cielo cl\u00e1sica\"}]},{\"@type\":\"WebSite\",\"@id\":\"http:\/\/mavisel.com\/#website\",\"url\":\"http:\/\/mavisel.com\/\",\"name\":\"Mavisel\",\"description\":\"Marca espa\u00f1ola de moda de ba\u00f1o para mujer\",\"publisher\":{\"@id\":\"http:\/\/mavisel.com\/#organization\"},\"potentialAction\":[{\"@type\":\"SearchAction\",\"target\":{\"@type\":\"EntryPoint\",\"urlTemplate\":\"http:\/\/mavisel.com\/?s={search_term_string}\"},\"query-input\":{\"@type\":\"PropertyValueSpecification\",\"valueRequired\":true,\"valueName\":\"search_term_string\"}}],\"inLanguage\":\"es\"},{\"@type\":\"Organization\",\"@id\":\"http:\/\/mavisel.com\/#organization\",\"name\":\"Mavisel\",\"url\":\"http:\/\/mavisel.com\/\",\"logo\":{\"@type\":\"ImageObject\",\"inLanguage\":\"es\",\"@id\":\"http:\/\/mavisel.com\/#\/schema\/logo\/image\/\",\"url\":\"https:\/\/mavisel.com\/wp-content\/uploads\/2024\/09\/cropped-cropped-MAVISEL-1.png\",\"contentUrl\":\"https:\/\/mavisel.com\/wp-content\/uploads\/2024\/09\/cropped-cropped-MAVISEL-1.png\",\"width\":512,\"height\":213,\"caption\":\"Mavisel\"},\"image\":{\"@id\":\"http:\/\/mavisel.com\/#\/schema\/logo\/image\/\"}}]}<\/script>\n<!-- \/ Yoast SEO plugin. -->","yoast_head_json":{"title":"Braguita Serie Max-F cielo cl\u00e1sica - Mavisel","description":"Descubre la nueva Braguita Serie Max-F cla\u00e1sica que es de talle bajo en azul, para un estilo c\u00f3modo y elegante para lucir este verano.","robots":{"index":"index","follow":"follow","max-snippet":"max-snippet:-1","max-image-preview":"max-image-preview:large","max-video-preview":"max-video-preview:-1"},"canonical":"http:\/\/mavisel.com\/producto\/braguita-serie-max-f-clasica\/","og_locale":"es_ES","og_type":"article","og_title":"Braguita Serie Max-F cielo cl\u00e1sica - Mavisel","og_description":"Descubre la nueva Braguita Serie Max-F cla\u00e1sica que es de talle bajo en azul, para un estilo c\u00f3modo y elegante para lucir este verano.","og_url":"http:\/\/mavisel.com\/producto\/braguita-serie-max-f-clasica\/","og_site_name":"Mavisel","article_modified_time":"2026-02-19T12:48:57+00:00","twitter_card":"summary_large_image","twitter_misc":{"Tiempo de lectura":"1 minuto"},"schema":{"@context":"https:\/\/schema.org","@graph":[{"@type":"WebPage","@id":"http:\/\/mavisel.com\/producto\/braguita-serie-max-f-clasica\/","url":"http:\/\/mavisel.com\/producto\/braguita-serie-max-f-clasica\/","name":"Braguita Serie Max-F cielo cl\u00e1sica - Mavisel","isPartOf":{"@id":"http:\/\/mavisel.com\/#website"},"datePublished":"2026-02-18T13:58:38+00:00","dateModified":"2026-02-19T12:48:57+00:00","description":"Descubre la nueva Braguita Serie Max-F cla\u00e1sica que es de talle bajo en azul, para un estilo c\u00f3modo y elegante para lucir este verano.","breadcrumb":{"@id":"http:\/\/mavisel.com\/producto\/braguita-serie-max-f-clasica\/#breadcrumb"},"inLanguage":"es","potentialAction":[{"@type":"ReadAction","target":["http:\/\/mavisel.com\/producto\/braguita-serie-max-f-clasica\/"]}]},{"@type":"BreadcrumbList","@id":"http:\/\/mavisel.com\/producto\/braguita-serie-max-f-clasica\/#breadcrumb","itemListElement":[{"@type":"ListItem","position":1,"name":"Portada","item":"https:\/\/mavisel.com\/"},{"@type":"ListItem","position":2,"name":"Home","item":"https:\/\/mavisel.com\/"},{"@type":"ListItem","position":3,"name":"Braguita Serie Max-F cielo cl\u00e1sica"}]},{"@type":"WebSite","@id":"http:\/\/mavisel.com\/#website","url":"http:\/\/mavisel.com\/","name":"Mavisel","description":"Marca espa\u00f1ola de moda de ba\u00f1o para mujer","publisher":{"@id":"http:\/\/mavisel.com\/#organization"},"potentialAction":[{"@type":"SearchAction","target":{"@type":"EntryPoint","urlTemplate":"http:\/\/mavisel.com\/?s={search_term_string}"},"query-input":{"@type":"PropertyValueSpecification","valueRequired":true,"valueName":"search_term_string"}}],"inLanguage":"es"},{"@type":"Organization","@id":"http:\/\/mavisel.com\/#organization","name":"Mavisel","url":"http:\/\/mavisel.com\/","logo":{"@type":"ImageObject","inLanguage":"es","@id":"http:\/\/mavisel.com\/#\/schema\/logo\/image\/","url":"https:\/\/mavisel.com\/wp-content\/uploads\/2024\/09\/cropped-cropped-MAVISEL-1.png","contentUrl":"https:\/\/mavisel.com\/wp-content\/uploads\/2024\/09\/cropped-cropped-MAVISEL-1.png","width":512,"height":213,"caption":"Mavisel"},"image":{"@id":"http:\/\/mavisel.com\/#\/schema\/logo\/image\/"}}]}},"_links":{"self":[{"href":"https:\/\/mavisel.com\/index.php?rest_route=\/wp\/v2\/product\/2875","targetHints":{"allow":["GET"]}}],"collection":[{"href":"https:\/\/mavisel.com\/index.php?rest_route=\/wp\/v2\/product"}],"about":[{"href":"https:\/\/mavisel.com\/index.php?rest_route=\/wp\/v2\/types\/product"}],"replies":[{"embeddable":true,"href":"https:\/\/mavisel.com\/index.php?rest_route=%2Fwp%2Fv2%2Fcomments&post=2875"}],"wp:attachment":[{"href":"https:\/\/mavisel.com\/index.php?rest_route=%2Fwp%2Fv2%2Fmedia&parent=2875"}],"wp:term":[{"taxonomy":"product_brand","embeddable":true,"href":"https:\/\/mavisel.com\/index.php?rest_route=%2Fwp%2Fv2%2Fproduct_brand&post=2875"},{"taxonomy":"product_cat","embeddable":true,"href":"https:\/\/mavisel.com\/index.php?rest_route=%2Fwp%2Fv2%2Fproduct_cat&post=2875"},{"taxonomy":"product_tag","embeddable":true,"href":"https:\/\/mavisel.com\/index.php?rest_route=%2Fwp%2Fv2%2Fproduct_tag&post=2875"}],"curies":[{"name":"wp","href":"https:\/\/api.w.org\/{rel}","templated":true}]}}