{"id":2820,"date":"2026-02-18T14:58:25","date_gmt":"2026-02-18T13:58:25","guid":{"rendered":"https:\/\/mavisel.com\/?post_type=product&#038;p=2820"},"modified":"2026-02-19T13:14:37","modified_gmt":"2026-02-19T12:14:37","slug":"top-bikini-serie-3-tropical-triangulo","status":"publish","type":"product","link":"https:\/\/mavisel.com\/?product=top-bikini-serie-3-tropical-triangulo","title":{"rendered":"Top bikini Serie 3 Tropical tri\u00e1ngulo"},"content":{"rendered":"<p>Top bikini Serie 3 Tropical en dise\u00f1o <strong>tri\u00e1ngulo<\/strong> con <strong>tirante ancho anudado al cuello y a la espalda<\/strong> para un ajuste c\u00f3modo y personalizado. Presenta un <strong>adorno de anilla en el escote<\/strong> que aporta un detalle elegante y sofisticado. Su <strong>estampado de flores en tonos azul, verde, amarillo y m\u00e1s<\/strong> crea un look veraniego, fresco y lleno de color, ideal para destacar en la playa o la piscina<\/p>\n<p>Completa el look con la<strong><a href=\"https:\/\/mavisel.com\/producto\/braguita-serie-3-tropical-clasica\/\"> braguita Serie 3 Tropical cl\u00e1sica <\/a><\/strong>o con la <strong><a href=\"https:\/\/mavisel.com\/producto\/braguita-serie-3-tropical-cintura-alta-con-lazo-lateral\/\">braguita Serie 3 Tropical cintura alta con lazo lateral<\/a><\/strong>.<\/p>\n","protected":false},"excerpt":{"rendered":"<p>Top bikini Serie 3 Tropical tri\u00e1ngulo con <strong>tirante ancho anudado al cuello y espalda<\/strong> y <strong>adorno de anilla en el escote<\/strong>. Su estampado floral multicolor aporta un estilo veraniego y fresco.<\/p>\n","protected":false},"featured_media":2932,"comment_status":"open","ping_status":"closed","template":"","meta":[],"product_brand":[],"product_cat":[34,163,167],"product_tag":[],"class_list":{"0":"post-2820","1":"product","2":"type-product","3":"status-publish","4":"has-post-thumbnail","6":"product_cat-top-bikinis","7":"product_cat-moda-de-bano","8":"product_cat-triangulo","9":"pa_color-estampado","10":"pa_talla-talla-90c","11":"pa_talla-talla-95c","12":"pa_talla-talla-100c","13":"pa_talla-talla-105c","15":"first","16":"instock","17":"shipping-taxable","18":"purchasable","19":"product-type-variable"},"yoast_head":"<!-- This site is optimized with the Yoast SEO plugin v26.8 - https:\/\/yoast.com\/product\/yoast-seo-wordpress\/ -->\n<title>Top bikini Serie 3 Tropical tri\u00e1ngulo - Mavisel<\/title>\n<meta name=\"description\" content=\"Para un estilo veraniego es el Top bikini Serie 3 Tropical tri\u00e1ngulo con tirante ancho anudado al cuello y espalda y adorno de anilla en el escote.\" \/>\n<meta name=\"robots\" content=\"index, follow, max-snippet:-1, max-image-preview:large, max-video-preview:-1\" \/>\n<link rel=\"canonical\" href=\"http:\/\/mavisel.com\/producto\/top-bikini-serie-3-tropical-triangulo\/\" \/>\n<meta property=\"og:locale\" content=\"es_ES\" \/>\n<meta property=\"og:type\" content=\"article\" \/>\n<meta property=\"og:title\" content=\"Top bikini Serie 3 Tropical tri\u00e1ngulo - Mavisel\" \/>\n<meta property=\"og:description\" content=\"Para un estilo veraniego es el Top bikini Serie 3 Tropical tri\u00e1ngulo con tirante ancho anudado al cuello y espalda y adorno de anilla en el escote.\" \/>\n<meta property=\"og:url\" content=\"http:\/\/mavisel.com\/producto\/top-bikini-serie-3-tropical-triangulo\/\" \/>\n<meta property=\"og:site_name\" content=\"Mavisel\" \/>\n<meta property=\"article:modified_time\" content=\"2026-02-19T12:14:37+00:00\" \/>\n<meta property=\"og:image\" content=\"http:\/\/mavisel.com\/wp-content\/uploads\/2026\/02\/top-bikini-serie-3-tropical-8062.064.png\" \/>\n\t<meta property=\"og:image:width\" content=\"275\" \/>\n\t<meta property=\"og:image:height\" content=\"489\" \/>\n\t<meta property=\"og:image:type\" content=\"image\/png\" \/>\n<meta name=\"twitter:card\" content=\"summary_large_image\" \/>\n<meta name=\"twitter:label1\" content=\"Tiempo de lectura\" \/>\n\t<meta name=\"twitter:data1\" content=\"1 minuto\" \/>\n<script type=\"application\/ld+json\" class=\"yoast-schema-graph\">{\"@context\":\"https:\/\/schema.org\",\"@graph\":[{\"@type\":\"WebPage\",\"@id\":\"http:\/\/mavisel.com\/producto\/top-bikini-serie-3-tropical-triangulo\/\",\"url\":\"http:\/\/mavisel.com\/producto\/top-bikini-serie-3-tropical-triangulo\/\",\"name\":\"Top bikini Serie 3 Tropical tri\u00e1ngulo - Mavisel\",\"isPartOf\":{\"@id\":\"http:\/\/mavisel.com\/#website\"},\"primaryImageOfPage\":{\"@id\":\"http:\/\/mavisel.com\/producto\/top-bikini-serie-3-tropical-triangulo\/#primaryimage\"},\"image\":{\"@id\":\"http:\/\/mavisel.com\/producto\/top-bikini-serie-3-tropical-triangulo\/#primaryimage\"},\"thumbnailUrl\":\"https:\/\/mavisel.com\/wp-content\/uploads\/2026\/02\/top-bikini-serie-3-tropical-8062.064.png\",\"datePublished\":\"2026-02-18T13:58:25+00:00\",\"dateModified\":\"2026-02-19T12:14:37+00:00\",\"description\":\"Para un estilo veraniego es el Top bikini Serie 3 Tropical tri\u00e1ngulo con tirante ancho anudado al cuello y espalda y adorno de anilla en el escote.\",\"breadcrumb\":{\"@id\":\"http:\/\/mavisel.com\/producto\/top-bikini-serie-3-tropical-triangulo\/#breadcrumb\"},\"inLanguage\":\"es\",\"potentialAction\":[{\"@type\":\"ReadAction\",\"target\":[\"http:\/\/mavisel.com\/producto\/top-bikini-serie-3-tropical-triangulo\/\"]}]},{\"@type\":\"ImageObject\",\"inLanguage\":\"es\",\"@id\":\"http:\/\/mavisel.com\/producto\/top-bikini-serie-3-tropical-triangulo\/#primaryimage\",\"url\":\"https:\/\/mavisel.com\/wp-content\/uploads\/2026\/02\/top-bikini-serie-3-tropical-8062.064.png\",\"contentUrl\":\"https:\/\/mavisel.com\/wp-content\/uploads\/2026\/02\/top-bikini-serie-3-tropical-8062.064.png\",\"width\":275,\"height\":489,\"caption\":\"Top bikini serie 3 Tropical\"},{\"@type\":\"BreadcrumbList\",\"@id\":\"http:\/\/mavisel.com\/producto\/top-bikini-serie-3-tropical-triangulo\/#breadcrumb\",\"itemListElement\":[{\"@type\":\"ListItem\",\"position\":1,\"name\":\"Portada\",\"item\":\"https:\/\/mavisel.com\/\"},{\"@type\":\"ListItem\",\"position\":2,\"name\":\"Home\",\"item\":\"https:\/\/mavisel.com\/\"},{\"@type\":\"ListItem\",\"position\":3,\"name\":\"Top bikini Serie 3 Tropical tri\u00e1ngulo\"}]},{\"@type\":\"WebSite\",\"@id\":\"http:\/\/mavisel.com\/#website\",\"url\":\"http:\/\/mavisel.com\/\",\"name\":\"Mavisel\",\"description\":\"Marca espa\u00f1ola de moda de ba\u00f1o para mujer\",\"publisher\":{\"@id\":\"http:\/\/mavisel.com\/#organization\"},\"potentialAction\":[{\"@type\":\"SearchAction\",\"target\":{\"@type\":\"EntryPoint\",\"urlTemplate\":\"http:\/\/mavisel.com\/?s={search_term_string}\"},\"query-input\":{\"@type\":\"PropertyValueSpecification\",\"valueRequired\":true,\"valueName\":\"search_term_string\"}}],\"inLanguage\":\"es\"},{\"@type\":\"Organization\",\"@id\":\"http:\/\/mavisel.com\/#organization\",\"name\":\"Mavisel\",\"url\":\"http:\/\/mavisel.com\/\",\"logo\":{\"@type\":\"ImageObject\",\"inLanguage\":\"es\",\"@id\":\"http:\/\/mavisel.com\/#\/schema\/logo\/image\/\",\"url\":\"https:\/\/mavisel.com\/wp-content\/uploads\/2024\/09\/cropped-cropped-MAVISEL-1.png\",\"contentUrl\":\"https:\/\/mavisel.com\/wp-content\/uploads\/2024\/09\/cropped-cropped-MAVISEL-1.png\",\"width\":512,\"height\":213,\"caption\":\"Mavisel\"},\"image\":{\"@id\":\"http:\/\/mavisel.com\/#\/schema\/logo\/image\/\"}}]}<\/script>\n<!-- \/ Yoast SEO plugin. -->","yoast_head_json":{"title":"Top bikini Serie 3 Tropical tri\u00e1ngulo - Mavisel","description":"Para un estilo veraniego es el Top bikini Serie 3 Tropical tri\u00e1ngulo con tirante ancho anudado al cuello y espalda y adorno de anilla en el escote.","robots":{"index":"index","follow":"follow","max-snippet":"max-snippet:-1","max-image-preview":"max-image-preview:large","max-video-preview":"max-video-preview:-1"},"canonical":"http:\/\/mavisel.com\/producto\/top-bikini-serie-3-tropical-triangulo\/","og_locale":"es_ES","og_type":"article","og_title":"Top bikini Serie 3 Tropical tri\u00e1ngulo - Mavisel","og_description":"Para un estilo veraniego es el Top bikini Serie 3 Tropical tri\u00e1ngulo con tirante ancho anudado al cuello y espalda y adorno de anilla en el escote.","og_url":"http:\/\/mavisel.com\/producto\/top-bikini-serie-3-tropical-triangulo\/","og_site_name":"Mavisel","article_modified_time":"2026-02-19T12:14:37+00:00","og_image":[{"width":275,"height":489,"url":"http:\/\/mavisel.com\/wp-content\/uploads\/2026\/02\/top-bikini-serie-3-tropical-8062.064.png","type":"image\/png"}],"twitter_card":"summary_large_image","twitter_misc":{"Tiempo de lectura":"1 minuto"},"schema":{"@context":"https:\/\/schema.org","@graph":[{"@type":"WebPage","@id":"http:\/\/mavisel.com\/producto\/top-bikini-serie-3-tropical-triangulo\/","url":"http:\/\/mavisel.com\/producto\/top-bikini-serie-3-tropical-triangulo\/","name":"Top bikini Serie 3 Tropical tri\u00e1ngulo - Mavisel","isPartOf":{"@id":"http:\/\/mavisel.com\/#website"},"primaryImageOfPage":{"@id":"http:\/\/mavisel.com\/producto\/top-bikini-serie-3-tropical-triangulo\/#primaryimage"},"image":{"@id":"http:\/\/mavisel.com\/producto\/top-bikini-serie-3-tropical-triangulo\/#primaryimage"},"thumbnailUrl":"https:\/\/mavisel.com\/wp-content\/uploads\/2026\/02\/top-bikini-serie-3-tropical-8062.064.png","datePublished":"2026-02-18T13:58:25+00:00","dateModified":"2026-02-19T12:14:37+00:00","description":"Para un estilo veraniego es el Top bikini Serie 3 Tropical tri\u00e1ngulo con tirante ancho anudado al cuello y espalda y adorno de anilla en el escote.","breadcrumb":{"@id":"http:\/\/mavisel.com\/producto\/top-bikini-serie-3-tropical-triangulo\/#breadcrumb"},"inLanguage":"es","potentialAction":[{"@type":"ReadAction","target":["http:\/\/mavisel.com\/producto\/top-bikini-serie-3-tropical-triangulo\/"]}]},{"@type":"ImageObject","inLanguage":"es","@id":"http:\/\/mavisel.com\/producto\/top-bikini-serie-3-tropical-triangulo\/#primaryimage","url":"https:\/\/mavisel.com\/wp-content\/uploads\/2026\/02\/top-bikini-serie-3-tropical-8062.064.png","contentUrl":"https:\/\/mavisel.com\/wp-content\/uploads\/2026\/02\/top-bikini-serie-3-tropical-8062.064.png","width":275,"height":489,"caption":"Top bikini serie 3 Tropical"},{"@type":"BreadcrumbList","@id":"http:\/\/mavisel.com\/producto\/top-bikini-serie-3-tropical-triangulo\/#breadcrumb","itemListElement":[{"@type":"ListItem","position":1,"name":"Portada","item":"https:\/\/mavisel.com\/"},{"@type":"ListItem","position":2,"name":"Home","item":"https:\/\/mavisel.com\/"},{"@type":"ListItem","position":3,"name":"Top bikini Serie 3 Tropical tri\u00e1ngulo"}]},{"@type":"WebSite","@id":"http:\/\/mavisel.com\/#website","url":"http:\/\/mavisel.com\/","name":"Mavisel","description":"Marca espa\u00f1ola de moda de ba\u00f1o para mujer","publisher":{"@id":"http:\/\/mavisel.com\/#organization"},"potentialAction":[{"@type":"SearchAction","target":{"@type":"EntryPoint","urlTemplate":"http:\/\/mavisel.com\/?s={search_term_string}"},"query-input":{"@type":"PropertyValueSpecification","valueRequired":true,"valueName":"search_term_string"}}],"inLanguage":"es"},{"@type":"Organization","@id":"http:\/\/mavisel.com\/#organization","name":"Mavisel","url":"http:\/\/mavisel.com\/","logo":{"@type":"ImageObject","inLanguage":"es","@id":"http:\/\/mavisel.com\/#\/schema\/logo\/image\/","url":"https:\/\/mavisel.com\/wp-content\/uploads\/2024\/09\/cropped-cropped-MAVISEL-1.png","contentUrl":"https:\/\/mavisel.com\/wp-content\/uploads\/2024\/09\/cropped-cropped-MAVISEL-1.png","width":512,"height":213,"caption":"Mavisel"},"image":{"@id":"http:\/\/mavisel.com\/#\/schema\/logo\/image\/"}}]}},"_links":{"self":[{"href":"https:\/\/mavisel.com\/index.php?rest_route=\/wp\/v2\/product\/2820","targetHints":{"allow":["GET"]}}],"collection":[{"href":"https:\/\/mavisel.com\/index.php?rest_route=\/wp\/v2\/product"}],"about":[{"href":"https:\/\/mavisel.com\/index.php?rest_route=\/wp\/v2\/types\/product"}],"replies":[{"embeddable":true,"href":"https:\/\/mavisel.com\/index.php?rest_route=%2Fwp%2Fv2%2Fcomments&post=2820"}],"wp:featuredmedia":[{"embeddable":true,"href":"https:\/\/mavisel.com\/index.php?rest_route=\/wp\/v2\/media\/2932"}],"wp:attachment":[{"href":"https:\/\/mavisel.com\/index.php?rest_route=%2Fwp%2Fv2%2Fmedia&parent=2820"}],"wp:term":[{"taxonomy":"product_brand","embeddable":true,"href":"https:\/\/mavisel.com\/index.php?rest_route=%2Fwp%2Fv2%2Fproduct_brand&post=2820"},{"taxonomy":"product_cat","embeddable":true,"href":"https:\/\/mavisel.com\/index.php?rest_route=%2Fwp%2Fv2%2Fproduct_cat&post=2820"},{"taxonomy":"product_tag","embeddable":true,"href":"https:\/\/mavisel.com\/index.php?rest_route=%2Fwp%2Fv2%2Fproduct_tag&post=2820"}],"curies":[{"name":"wp","href":"https:\/\/api.w.org\/{rel}","templated":true}]}}