{"id":2789,"date":"2026-02-18T14:58:18","date_gmt":"2026-02-18T13:58:18","guid":{"rendered":"https:\/\/mavisel.com\/?post_type=product&#038;p=2789"},"modified":"2026-02-19T11:20:07","modified_gmt":"2026-02-19T10:20:07","slug":"top-bikini-serie-cuadrille-con-aro-y-reductor","status":"publish","type":"product","link":"https:\/\/mavisel.com\/?product=top-bikini-serie-cuadrille-con-aro-y-reductor","title":{"rendered":"Top bikini Serie cuadrill\u00e9 con aro y reductor"},"content":{"rendered":"<p>Top bikini Serie Cuadrill\u00e9 en color frambuesa con <strong>aro y efecto reductor<\/strong> que proporciona mayor sujeci\u00f3n y realza el pecho de forma natural. Incorpora <strong>fruncido en los laterales<\/strong>, aportando un detalle favorecedor que estiliza la zona. Sus <strong>tirantes regulables<\/strong> permiten un ajuste c\u00f3modo y personalizado. Un dise\u00f1o femenino y elegante, ideal para lucir con confianza en la playa o la piscina.<\/p>\n<p>Completa tu conjunto con la <strong><a href=\"https:\/\/mavisel.com\/producto\/braguita-serie-cuadrille-cintura-alta\/\">braguita Serie Cuadrill\u00e9 cintura alta<\/a><\/strong>.<\/p>\n","protected":false},"excerpt":{"rendered":"<p>Top bikini Serie Cuadrill\u00e9 color frambuesa con <strong>aro y efecto reductor<\/strong>, <strong>fruncido lateral<\/strong> y <strong>tirantes regulables<\/strong> para una sujeci\u00f3n c\u00f3moda y favorecedora.<\/p>\n","protected":false},"featured_media":2914,"comment_status":"open","ping_status":"closed","template":"","meta":[],"product_brand":[70],"product_cat":[34,163,164],"product_tag":[],"class_list":{"0":"post-2789","1":"product","2":"type-product","3":"status-publish","4":"has-post-thumbnail","6":"product_brand-mavisel","7":"product_cat-top-bikinis","8":"product_cat-moda-de-bano","9":"product_cat-con-aro","10":"pa_color-frambuesa","11":"pa_talla-talla-95c","12":"pa_talla-talla-100c","13":"pa_talla-talla-105c","14":"pa_talla-talla-110c","16":"first","17":"instock","18":"shipping-taxable","19":"purchasable","20":"product-type-variable"},"yoast_head":"<!-- This site is optimized with the Yoast SEO plugin v26.8 - https:\/\/yoast.com\/product\/yoast-seo-wordpress\/ -->\n<title>Top bikini Serie cuadrill\u00e9 con aro y reductor - Mavisel<\/title>\n<meta name=\"description\" content=\"Top bikini Serie Cuadrill\u00e9 color frambuesa con aro y efecto reductor, fruncido lateral y tirantes regulables para una sujeci\u00f3n c\u00f3moda y favorecedora.\" \/>\n<meta name=\"robots\" content=\"index, follow, max-snippet:-1, max-image-preview:large, max-video-preview:-1\" \/>\n<link rel=\"canonical\" href=\"http:\/\/mavisel.com\/producto\/top-bikini-serie-cuadrille-con-aro-y-reductor\/\" \/>\n<meta property=\"og:locale\" content=\"es_ES\" \/>\n<meta property=\"og:type\" content=\"article\" \/>\n<meta property=\"og:title\" content=\"Top bikini Serie cuadrill\u00e9 con aro y reductor - Mavisel\" \/>\n<meta property=\"og:description\" content=\"Top bikini Serie Cuadrill\u00e9 color frambuesa con aro y efecto reductor, fruncido lateral y tirantes regulables para una sujeci\u00f3n c\u00f3moda y favorecedora.\" \/>\n<meta property=\"og:url\" content=\"http:\/\/mavisel.com\/producto\/top-bikini-serie-cuadrille-con-aro-y-reductor\/\" \/>\n<meta property=\"og:site_name\" content=\"Mavisel\" \/>\n<meta property=\"article:modified_time\" content=\"2026-02-19T10:20:07+00:00\" \/>\n<meta property=\"og:image\" content=\"http:\/\/mavisel.com\/wp-content\/uploads\/2026\/02\/top-bikini-cuadrille-8062.055.png\" \/>\n\t<meta property=\"og:image:width\" content=\"245\" \/>\n\t<meta property=\"og:image:height\" content=\"488\" \/>\n\t<meta property=\"og:image:type\" content=\"image\/png\" \/>\n<meta name=\"twitter:card\" content=\"summary_large_image\" \/>\n<meta name=\"twitter:label1\" content=\"Tiempo de lectura\" \/>\n\t<meta name=\"twitter:data1\" content=\"1 minuto\" \/>\n<script type=\"application\/ld+json\" class=\"yoast-schema-graph\">{\"@context\":\"https:\/\/schema.org\",\"@graph\":[{\"@type\":\"WebPage\",\"@id\":\"http:\/\/mavisel.com\/producto\/top-bikini-serie-cuadrille-con-aro-y-reductor\/\",\"url\":\"http:\/\/mavisel.com\/producto\/top-bikini-serie-cuadrille-con-aro-y-reductor\/\",\"name\":\"Top bikini Serie cuadrill\u00e9 con aro y reductor - Mavisel\",\"isPartOf\":{\"@id\":\"http:\/\/mavisel.com\/#website\"},\"primaryImageOfPage\":{\"@id\":\"http:\/\/mavisel.com\/producto\/top-bikini-serie-cuadrille-con-aro-y-reductor\/#primaryimage\"},\"image\":{\"@id\":\"http:\/\/mavisel.com\/producto\/top-bikini-serie-cuadrille-con-aro-y-reductor\/#primaryimage\"},\"thumbnailUrl\":\"https:\/\/mavisel.com\/wp-content\/uploads\/2026\/02\/top-bikini-cuadrille-8062.055.png\",\"datePublished\":\"2026-02-18T13:58:18+00:00\",\"dateModified\":\"2026-02-19T10:20:07+00:00\",\"description\":\"Top bikini Serie Cuadrill\u00e9 color frambuesa con aro y efecto reductor, fruncido lateral y tirantes regulables para una sujeci\u00f3n c\u00f3moda y favorecedora.\",\"breadcrumb\":{\"@id\":\"http:\/\/mavisel.com\/producto\/top-bikini-serie-cuadrille-con-aro-y-reductor\/#breadcrumb\"},\"inLanguage\":\"es\",\"potentialAction\":[{\"@type\":\"ReadAction\",\"target\":[\"http:\/\/mavisel.com\/producto\/top-bikini-serie-cuadrille-con-aro-y-reductor\/\"]}]},{\"@type\":\"ImageObject\",\"inLanguage\":\"es\",\"@id\":\"http:\/\/mavisel.com\/producto\/top-bikini-serie-cuadrille-con-aro-y-reductor\/#primaryimage\",\"url\":\"https:\/\/mavisel.com\/wp-content\/uploads\/2026\/02\/top-bikini-cuadrille-8062.055.png\",\"contentUrl\":\"https:\/\/mavisel.com\/wp-content\/uploads\/2026\/02\/top-bikini-cuadrille-8062.055.png\",\"width\":245,\"height\":488,\"caption\":\"Top bikini serie cuadrill\u00e9 con aro y reductor\"},{\"@type\":\"BreadcrumbList\",\"@id\":\"http:\/\/mavisel.com\/producto\/top-bikini-serie-cuadrille-con-aro-y-reductor\/#breadcrumb\",\"itemListElement\":[{\"@type\":\"ListItem\",\"position\":1,\"name\":\"Portada\",\"item\":\"https:\/\/mavisel.com\/\"},{\"@type\":\"ListItem\",\"position\":2,\"name\":\"Home\",\"item\":\"https:\/\/mavisel.com\/\"},{\"@type\":\"ListItem\",\"position\":3,\"name\":\"Top bikini Serie cuadrill\u00e9 con aro y reductor\"}]},{\"@type\":\"WebSite\",\"@id\":\"http:\/\/mavisel.com\/#website\",\"url\":\"http:\/\/mavisel.com\/\",\"name\":\"Mavisel\",\"description\":\"Marca espa\u00f1ola de moda de ba\u00f1o para mujer\",\"publisher\":{\"@id\":\"http:\/\/mavisel.com\/#organization\"},\"potentialAction\":[{\"@type\":\"SearchAction\",\"target\":{\"@type\":\"EntryPoint\",\"urlTemplate\":\"http:\/\/mavisel.com\/?s={search_term_string}\"},\"query-input\":{\"@type\":\"PropertyValueSpecification\",\"valueRequired\":true,\"valueName\":\"search_term_string\"}}],\"inLanguage\":\"es\"},{\"@type\":\"Organization\",\"@id\":\"http:\/\/mavisel.com\/#organization\",\"name\":\"Mavisel\",\"url\":\"http:\/\/mavisel.com\/\",\"logo\":{\"@type\":\"ImageObject\",\"inLanguage\":\"es\",\"@id\":\"http:\/\/mavisel.com\/#\/schema\/logo\/image\/\",\"url\":\"https:\/\/mavisel.com\/wp-content\/uploads\/2024\/09\/cropped-cropped-MAVISEL-1.png\",\"contentUrl\":\"https:\/\/mavisel.com\/wp-content\/uploads\/2024\/09\/cropped-cropped-MAVISEL-1.png\",\"width\":512,\"height\":213,\"caption\":\"Mavisel\"},\"image\":{\"@id\":\"http:\/\/mavisel.com\/#\/schema\/logo\/image\/\"}}]}<\/script>\n<!-- \/ Yoast SEO plugin. -->","yoast_head_json":{"title":"Top bikini Serie cuadrill\u00e9 con aro y reductor - Mavisel","description":"Top bikini Serie Cuadrill\u00e9 color frambuesa con aro y efecto reductor, fruncido lateral y tirantes regulables para una sujeci\u00f3n c\u00f3moda y favorecedora.","robots":{"index":"index","follow":"follow","max-snippet":"max-snippet:-1","max-image-preview":"max-image-preview:large","max-video-preview":"max-video-preview:-1"},"canonical":"http:\/\/mavisel.com\/producto\/top-bikini-serie-cuadrille-con-aro-y-reductor\/","og_locale":"es_ES","og_type":"article","og_title":"Top bikini Serie cuadrill\u00e9 con aro y reductor - Mavisel","og_description":"Top bikini Serie Cuadrill\u00e9 color frambuesa con aro y efecto reductor, fruncido lateral y tirantes regulables para una sujeci\u00f3n c\u00f3moda y favorecedora.","og_url":"http:\/\/mavisel.com\/producto\/top-bikini-serie-cuadrille-con-aro-y-reductor\/","og_site_name":"Mavisel","article_modified_time":"2026-02-19T10:20:07+00:00","og_image":[{"width":245,"height":488,"url":"http:\/\/mavisel.com\/wp-content\/uploads\/2026\/02\/top-bikini-cuadrille-8062.055.png","type":"image\/png"}],"twitter_card":"summary_large_image","twitter_misc":{"Tiempo de lectura":"1 minuto"},"schema":{"@context":"https:\/\/schema.org","@graph":[{"@type":"WebPage","@id":"http:\/\/mavisel.com\/producto\/top-bikini-serie-cuadrille-con-aro-y-reductor\/","url":"http:\/\/mavisel.com\/producto\/top-bikini-serie-cuadrille-con-aro-y-reductor\/","name":"Top bikini Serie cuadrill\u00e9 con aro y reductor - Mavisel","isPartOf":{"@id":"http:\/\/mavisel.com\/#website"},"primaryImageOfPage":{"@id":"http:\/\/mavisel.com\/producto\/top-bikini-serie-cuadrille-con-aro-y-reductor\/#primaryimage"},"image":{"@id":"http:\/\/mavisel.com\/producto\/top-bikini-serie-cuadrille-con-aro-y-reductor\/#primaryimage"},"thumbnailUrl":"https:\/\/mavisel.com\/wp-content\/uploads\/2026\/02\/top-bikini-cuadrille-8062.055.png","datePublished":"2026-02-18T13:58:18+00:00","dateModified":"2026-02-19T10:20:07+00:00","description":"Top bikini Serie Cuadrill\u00e9 color frambuesa con aro y efecto reductor, fruncido lateral y tirantes regulables para una sujeci\u00f3n c\u00f3moda y favorecedora.","breadcrumb":{"@id":"http:\/\/mavisel.com\/producto\/top-bikini-serie-cuadrille-con-aro-y-reductor\/#breadcrumb"},"inLanguage":"es","potentialAction":[{"@type":"ReadAction","target":["http:\/\/mavisel.com\/producto\/top-bikini-serie-cuadrille-con-aro-y-reductor\/"]}]},{"@type":"ImageObject","inLanguage":"es","@id":"http:\/\/mavisel.com\/producto\/top-bikini-serie-cuadrille-con-aro-y-reductor\/#primaryimage","url":"https:\/\/mavisel.com\/wp-content\/uploads\/2026\/02\/top-bikini-cuadrille-8062.055.png","contentUrl":"https:\/\/mavisel.com\/wp-content\/uploads\/2026\/02\/top-bikini-cuadrille-8062.055.png","width":245,"height":488,"caption":"Top bikini serie cuadrill\u00e9 con aro y reductor"},{"@type":"BreadcrumbList","@id":"http:\/\/mavisel.com\/producto\/top-bikini-serie-cuadrille-con-aro-y-reductor\/#breadcrumb","itemListElement":[{"@type":"ListItem","position":1,"name":"Portada","item":"https:\/\/mavisel.com\/"},{"@type":"ListItem","position":2,"name":"Home","item":"https:\/\/mavisel.com\/"},{"@type":"ListItem","position":3,"name":"Top bikini Serie cuadrill\u00e9 con aro y reductor"}]},{"@type":"WebSite","@id":"http:\/\/mavisel.com\/#website","url":"http:\/\/mavisel.com\/","name":"Mavisel","description":"Marca espa\u00f1ola de moda de ba\u00f1o para mujer","publisher":{"@id":"http:\/\/mavisel.com\/#organization"},"potentialAction":[{"@type":"SearchAction","target":{"@type":"EntryPoint","urlTemplate":"http:\/\/mavisel.com\/?s={search_term_string}"},"query-input":{"@type":"PropertyValueSpecification","valueRequired":true,"valueName":"search_term_string"}}],"inLanguage":"es"},{"@type":"Organization","@id":"http:\/\/mavisel.com\/#organization","name":"Mavisel","url":"http:\/\/mavisel.com\/","logo":{"@type":"ImageObject","inLanguage":"es","@id":"http:\/\/mavisel.com\/#\/schema\/logo\/image\/","url":"https:\/\/mavisel.com\/wp-content\/uploads\/2024\/09\/cropped-cropped-MAVISEL-1.png","contentUrl":"https:\/\/mavisel.com\/wp-content\/uploads\/2024\/09\/cropped-cropped-MAVISEL-1.png","width":512,"height":213,"caption":"Mavisel"},"image":{"@id":"http:\/\/mavisel.com\/#\/schema\/logo\/image\/"}}]}},"_links":{"self":[{"href":"https:\/\/mavisel.com\/index.php?rest_route=\/wp\/v2\/product\/2789","targetHints":{"allow":["GET"]}}],"collection":[{"href":"https:\/\/mavisel.com\/index.php?rest_route=\/wp\/v2\/product"}],"about":[{"href":"https:\/\/mavisel.com\/index.php?rest_route=\/wp\/v2\/types\/product"}],"replies":[{"embeddable":true,"href":"https:\/\/mavisel.com\/index.php?rest_route=%2Fwp%2Fv2%2Fcomments&post=2789"}],"wp:featuredmedia":[{"embeddable":true,"href":"https:\/\/mavisel.com\/index.php?rest_route=\/wp\/v2\/media\/2914"}],"wp:attachment":[{"href":"https:\/\/mavisel.com\/index.php?rest_route=%2Fwp%2Fv2%2Fmedia&parent=2789"}],"wp:term":[{"taxonomy":"product_brand","embeddable":true,"href":"https:\/\/mavisel.com\/index.php?rest_route=%2Fwp%2Fv2%2Fproduct_brand&post=2789"},{"taxonomy":"product_cat","embeddable":true,"href":"https:\/\/mavisel.com\/index.php?rest_route=%2Fwp%2Fv2%2Fproduct_cat&post=2789"},{"taxonomy":"product_tag","embeddable":true,"href":"https:\/\/mavisel.com\/index.php?rest_route=%2Fwp%2Fv2%2Fproduct_tag&post=2789"}],"curies":[{"name":"wp","href":"https:\/\/api.w.org\/{rel}","templated":true}]}}