{"id":2784,"date":"2026-02-18T14:58:17","date_gmt":"2026-02-18T13:58:17","guid":{"rendered":"https:\/\/mavisel.com\/?post_type=product&#038;p=2784"},"modified":"2026-02-19T10:36:26","modified_gmt":"2026-02-19T09:36:26","slug":"banador-serie-2-castano-escote-redondo","status":"publish","type":"product","link":"https:\/\/mavisel.com\/?product=banador-serie-2-castano-escote-redondo","title":{"rendered":"Ba\u00f1ador Serie 2 casta\u00f1o escote redondo"},"content":{"rendered":"<p>Ba\u00f1ador Serie 2 Casta\u00f1o con <strong>escote redondo<\/strong> que aporta un acabado favorecedor y elegante al dise\u00f1o. Incorpora <strong>doble tirante regulable<\/strong>, ofreciendo mayor sujeci\u00f3n y un ajuste c\u00f3modo y personalizado. Presenta un estampado inspirado en hojas en tonos oto\u00f1ales, combinando matices casta\u00f1os y tierra que crean un look c\u00e1lido, sofisticado y actual. Una prenda vers\u00e1til y estilosa, ideal para disfrutar de la playa o la piscina con comodidad y personalidad.<\/p>\n","protected":false},"excerpt":{"rendered":"<p>Ba\u00f1ador Serie 2 Casta\u00f1o con <strong>escote redondo<\/strong> y <strong>doble tirante regulable<\/strong> para un ajuste c\u00f3modo y favorecedor. Su estampado de hojas en tonos oto\u00f1ales aporta un estilo elegante y sofisticado, perfecto para la playa o la piscina.<\/p>\n","protected":false},"featured_media":2902,"comment_status":"open","ping_status":"closed","template":"","meta":[],"product_brand":[70],"product_cat":[163,168,181],"product_tag":[],"class_list":{"0":"post-2784","1":"product","2":"type-product","3":"status-publish","4":"has-post-thumbnail","6":"product_brand-mavisel","7":"product_cat-moda-de-bano","8":"product_cat-banadores","9":"product_cat-escote-redondo","10":"pa_color-estampado","11":"pa_talla-talla-95b","12":"pa_talla-talla-100b","13":"pa_talla-talla-105b","14":"pa_talla-talla-110b","16":"first","17":"instock","18":"shipping-taxable","19":"purchasable","20":"product-type-variable"},"yoast_head":"<!-- This site is optimized with the Yoast SEO plugin v26.8 - https:\/\/yoast.com\/product\/yoast-seo-wordpress\/ -->\n<title>Ba\u00f1ador Serie 2 casta\u00f1o escote redondo - Mavisel<\/title>\n<meta name=\"description\" content=\"Para la playa o la piscina est\u00e1 el Ba\u00f1ador Serie 2 Casta\u00f1o con escote redondo y doble tirante regulable para un ajuste c\u00f3modo y favorecedor.\" \/>\n<meta name=\"robots\" content=\"index, follow, max-snippet:-1, max-image-preview:large, max-video-preview:-1\" \/>\n<link rel=\"canonical\" href=\"https:\/\/mavisel.com\/producto\/banador-serie-2-castano-escote-redondo\/\" \/>\n<meta property=\"og:locale\" content=\"es_ES\" \/>\n<meta property=\"og:type\" content=\"article\" \/>\n<meta property=\"og:title\" content=\"Ba\u00f1ador Serie 2 casta\u00f1o escote redondo - Mavisel\" \/>\n<meta property=\"og:description\" content=\"Para la playa o la piscina est\u00e1 el Ba\u00f1ador Serie 2 Casta\u00f1o con escote redondo y doble tirante regulable para un ajuste c\u00f3modo y favorecedor.\" \/>\n<meta property=\"og:url\" content=\"https:\/\/mavisel.com\/producto\/banador-serie-2-castano-escote-redondo\/\" \/>\n<meta property=\"og:site_name\" content=\"Mavisel\" \/>\n<meta property=\"article:modified_time\" content=\"2026-02-19T09:36:26+00:00\" \/>\n<meta property=\"og:image\" content=\"https:\/\/mavisel.com\/wp-content\/uploads\/2026\/02\/banador-serie-2-castano-4062.055.png\" \/>\n\t<meta property=\"og:image:width\" content=\"377\" \/>\n\t<meta property=\"og:image:height\" content=\"493\" \/>\n\t<meta property=\"og:image:type\" content=\"image\/png\" \/>\n<meta name=\"twitter:card\" content=\"summary_large_image\" \/>\n<meta name=\"twitter:label1\" content=\"Tiempo de lectura\" \/>\n\t<meta name=\"twitter:data1\" content=\"1 minuto\" \/>\n<script type=\"application\/ld+json\" class=\"yoast-schema-graph\">{\"@context\":\"https:\/\/schema.org\",\"@graph\":[{\"@type\":\"WebPage\",\"@id\":\"https:\/\/mavisel.com\/producto\/banador-serie-2-castano-escote-redondo\/\",\"url\":\"https:\/\/mavisel.com\/producto\/banador-serie-2-castano-escote-redondo\/\",\"name\":\"Ba\u00f1ador Serie 2 casta\u00f1o escote redondo - Mavisel\",\"isPartOf\":{\"@id\":\"http:\/\/mavisel.com\/#website\"},\"primaryImageOfPage\":{\"@id\":\"https:\/\/mavisel.com\/producto\/banador-serie-2-castano-escote-redondo\/#primaryimage\"},\"image\":{\"@id\":\"https:\/\/mavisel.com\/producto\/banador-serie-2-castano-escote-redondo\/#primaryimage\"},\"thumbnailUrl\":\"https:\/\/mavisel.com\/wp-content\/uploads\/2026\/02\/banador-serie-2-castano-4062.055.png\",\"datePublished\":\"2026-02-18T13:58:17+00:00\",\"dateModified\":\"2026-02-19T09:36:26+00:00\",\"description\":\"Para la playa o la piscina est\u00e1 el Ba\u00f1ador Serie 2 Casta\u00f1o con escote redondo y doble tirante regulable para un ajuste c\u00f3modo y favorecedor.\",\"breadcrumb\":{\"@id\":\"https:\/\/mavisel.com\/producto\/banador-serie-2-castano-escote-redondo\/#breadcrumb\"},\"inLanguage\":\"es\",\"potentialAction\":[{\"@type\":\"ReadAction\",\"target\":[\"https:\/\/mavisel.com\/producto\/banador-serie-2-castano-escote-redondo\/\"]}]},{\"@type\":\"ImageObject\",\"inLanguage\":\"es\",\"@id\":\"https:\/\/mavisel.com\/producto\/banador-serie-2-castano-escote-redondo\/#primaryimage\",\"url\":\"https:\/\/mavisel.com\/wp-content\/uploads\/2026\/02\/banador-serie-2-castano-4062.055.png\",\"contentUrl\":\"https:\/\/mavisel.com\/wp-content\/uploads\/2026\/02\/banador-serie-2-castano-4062.055.png\",\"width\":377,\"height\":493,\"caption\":\"Ba\u00f1ador Serie 2 casta\u00f1o\"},{\"@type\":\"BreadcrumbList\",\"@id\":\"https:\/\/mavisel.com\/producto\/banador-serie-2-castano-escote-redondo\/#breadcrumb\",\"itemListElement\":[{\"@type\":\"ListItem\",\"position\":1,\"name\":\"Portada\",\"item\":\"https:\/\/mavisel.com\/\"},{\"@type\":\"ListItem\",\"position\":2,\"name\":\"Home\",\"item\":\"https:\/\/mavisel.com\/\"},{\"@type\":\"ListItem\",\"position\":3,\"name\":\"Ba\u00f1ador Serie 2 casta\u00f1o escote redondo\"}]},{\"@type\":\"WebSite\",\"@id\":\"http:\/\/mavisel.com\/#website\",\"url\":\"http:\/\/mavisel.com\/\",\"name\":\"Mavisel\",\"description\":\"Marca espa\u00f1ola de moda de ba\u00f1o para mujer\",\"publisher\":{\"@id\":\"http:\/\/mavisel.com\/#organization\"},\"potentialAction\":[{\"@type\":\"SearchAction\",\"target\":{\"@type\":\"EntryPoint\",\"urlTemplate\":\"http:\/\/mavisel.com\/?s={search_term_string}\"},\"query-input\":{\"@type\":\"PropertyValueSpecification\",\"valueRequired\":true,\"valueName\":\"search_term_string\"}}],\"inLanguage\":\"es\"},{\"@type\":\"Organization\",\"@id\":\"http:\/\/mavisel.com\/#organization\",\"name\":\"Mavisel\",\"url\":\"http:\/\/mavisel.com\/\",\"logo\":{\"@type\":\"ImageObject\",\"inLanguage\":\"es\",\"@id\":\"http:\/\/mavisel.com\/#\/schema\/logo\/image\/\",\"url\":\"https:\/\/mavisel.com\/wp-content\/uploads\/2024\/09\/cropped-cropped-MAVISEL-1.png\",\"contentUrl\":\"https:\/\/mavisel.com\/wp-content\/uploads\/2024\/09\/cropped-cropped-MAVISEL-1.png\",\"width\":512,\"height\":213,\"caption\":\"Mavisel\"},\"image\":{\"@id\":\"http:\/\/mavisel.com\/#\/schema\/logo\/image\/\"}}]}<\/script>\n<!-- \/ Yoast SEO plugin. -->","yoast_head_json":{"title":"Ba\u00f1ador Serie 2 casta\u00f1o escote redondo - Mavisel","description":"Para la playa o la piscina est\u00e1 el Ba\u00f1ador Serie 2 Casta\u00f1o con escote redondo y doble tirante regulable para un ajuste c\u00f3modo y favorecedor.","robots":{"index":"index","follow":"follow","max-snippet":"max-snippet:-1","max-image-preview":"max-image-preview:large","max-video-preview":"max-video-preview:-1"},"canonical":"https:\/\/mavisel.com\/producto\/banador-serie-2-castano-escote-redondo\/","og_locale":"es_ES","og_type":"article","og_title":"Ba\u00f1ador Serie 2 casta\u00f1o escote redondo - Mavisel","og_description":"Para la playa o la piscina est\u00e1 el Ba\u00f1ador Serie 2 Casta\u00f1o con escote redondo y doble tirante regulable para un ajuste c\u00f3modo y favorecedor.","og_url":"https:\/\/mavisel.com\/producto\/banador-serie-2-castano-escote-redondo\/","og_site_name":"Mavisel","article_modified_time":"2026-02-19T09:36:26+00:00","og_image":[{"width":377,"height":493,"url":"https:\/\/mavisel.com\/wp-content\/uploads\/2026\/02\/banador-serie-2-castano-4062.055.png","type":"image\/png"}],"twitter_card":"summary_large_image","twitter_misc":{"Tiempo de lectura":"1 minuto"},"schema":{"@context":"https:\/\/schema.org","@graph":[{"@type":"WebPage","@id":"https:\/\/mavisel.com\/producto\/banador-serie-2-castano-escote-redondo\/","url":"https:\/\/mavisel.com\/producto\/banador-serie-2-castano-escote-redondo\/","name":"Ba\u00f1ador Serie 2 casta\u00f1o escote redondo - Mavisel","isPartOf":{"@id":"http:\/\/mavisel.com\/#website"},"primaryImageOfPage":{"@id":"https:\/\/mavisel.com\/producto\/banador-serie-2-castano-escote-redondo\/#primaryimage"},"image":{"@id":"https:\/\/mavisel.com\/producto\/banador-serie-2-castano-escote-redondo\/#primaryimage"},"thumbnailUrl":"https:\/\/mavisel.com\/wp-content\/uploads\/2026\/02\/banador-serie-2-castano-4062.055.png","datePublished":"2026-02-18T13:58:17+00:00","dateModified":"2026-02-19T09:36:26+00:00","description":"Para la playa o la piscina est\u00e1 el Ba\u00f1ador Serie 2 Casta\u00f1o con escote redondo y doble tirante regulable para un ajuste c\u00f3modo y favorecedor.","breadcrumb":{"@id":"https:\/\/mavisel.com\/producto\/banador-serie-2-castano-escote-redondo\/#breadcrumb"},"inLanguage":"es","potentialAction":[{"@type":"ReadAction","target":["https:\/\/mavisel.com\/producto\/banador-serie-2-castano-escote-redondo\/"]}]},{"@type":"ImageObject","inLanguage":"es","@id":"https:\/\/mavisel.com\/producto\/banador-serie-2-castano-escote-redondo\/#primaryimage","url":"https:\/\/mavisel.com\/wp-content\/uploads\/2026\/02\/banador-serie-2-castano-4062.055.png","contentUrl":"https:\/\/mavisel.com\/wp-content\/uploads\/2026\/02\/banador-serie-2-castano-4062.055.png","width":377,"height":493,"caption":"Ba\u00f1ador Serie 2 casta\u00f1o"},{"@type":"BreadcrumbList","@id":"https:\/\/mavisel.com\/producto\/banador-serie-2-castano-escote-redondo\/#breadcrumb","itemListElement":[{"@type":"ListItem","position":1,"name":"Portada","item":"https:\/\/mavisel.com\/"},{"@type":"ListItem","position":2,"name":"Home","item":"https:\/\/mavisel.com\/"},{"@type":"ListItem","position":3,"name":"Ba\u00f1ador Serie 2 casta\u00f1o escote redondo"}]},{"@type":"WebSite","@id":"http:\/\/mavisel.com\/#website","url":"http:\/\/mavisel.com\/","name":"Mavisel","description":"Marca espa\u00f1ola de moda de ba\u00f1o para mujer","publisher":{"@id":"http:\/\/mavisel.com\/#organization"},"potentialAction":[{"@type":"SearchAction","target":{"@type":"EntryPoint","urlTemplate":"http:\/\/mavisel.com\/?s={search_term_string}"},"query-input":{"@type":"PropertyValueSpecification","valueRequired":true,"valueName":"search_term_string"}}],"inLanguage":"es"},{"@type":"Organization","@id":"http:\/\/mavisel.com\/#organization","name":"Mavisel","url":"http:\/\/mavisel.com\/","logo":{"@type":"ImageObject","inLanguage":"es","@id":"http:\/\/mavisel.com\/#\/schema\/logo\/image\/","url":"https:\/\/mavisel.com\/wp-content\/uploads\/2024\/09\/cropped-cropped-MAVISEL-1.png","contentUrl":"https:\/\/mavisel.com\/wp-content\/uploads\/2024\/09\/cropped-cropped-MAVISEL-1.png","width":512,"height":213,"caption":"Mavisel"},"image":{"@id":"http:\/\/mavisel.com\/#\/schema\/logo\/image\/"}}]}},"_links":{"self":[{"href":"https:\/\/mavisel.com\/index.php?rest_route=\/wp\/v2\/product\/2784","targetHints":{"allow":["GET"]}}],"collection":[{"href":"https:\/\/mavisel.com\/index.php?rest_route=\/wp\/v2\/product"}],"about":[{"href":"https:\/\/mavisel.com\/index.php?rest_route=\/wp\/v2\/types\/product"}],"replies":[{"embeddable":true,"href":"https:\/\/mavisel.com\/index.php?rest_route=%2Fwp%2Fv2%2Fcomments&post=2784"}],"wp:featuredmedia":[{"embeddable":true,"href":"https:\/\/mavisel.com\/index.php?rest_route=\/wp\/v2\/media\/2902"}],"wp:attachment":[{"href":"https:\/\/mavisel.com\/index.php?rest_route=%2Fwp%2Fv2%2Fmedia&parent=2784"}],"wp:term":[{"taxonomy":"product_brand","embeddable":true,"href":"https:\/\/mavisel.com\/index.php?rest_route=%2Fwp%2Fv2%2Fproduct_brand&post=2784"},{"taxonomy":"product_cat","embeddable":true,"href":"https:\/\/mavisel.com\/index.php?rest_route=%2Fwp%2Fv2%2Fproduct_cat&post=2784"},{"taxonomy":"product_tag","embeddable":true,"href":"https:\/\/mavisel.com\/index.php?rest_route=%2Fwp%2Fv2%2Fproduct_tag&post=2784"}],"curies":[{"name":"wp","href":"https:\/\/api.w.org\/{rel}","templated":true}]}}