{"id":2646,"date":"2026-02-12T12:43:13","date_gmt":"2026-02-12T11:43:13","guid":{"rendered":"https:\/\/mavisel.com\/?post_type=product&#038;p=2646"},"modified":"2026-02-18T15:01:06","modified_gmt":"2026-02-18T14:01:06","slug":"camisola-shira","status":"publish","type":"product","link":"https:\/\/mavisel.com\/?product=camisola-shira","title":{"rendered":"Camisola Shira"},"content":{"rendered":"<p>Camisola Shira con <strong>botones en el centro<\/strong> que aportan un toque pr\u00e1ctico y elegante al dise\u00f1o. Presenta el caracter\u00edstico <strong>estampado Shira<\/strong>, con flores en diferentes tonalidades de azul y blanco, creando un look fresco, femenino y veraniego. Una prenda ligera y vers\u00e1til, ideal para llevar sobre el ba\u00f1ador o bikini y complementar tu conjunto de playa o piscina con estilo.<\/p>\n<p>Completa tu look del verano con el conjunto de bikini; <strong><a href=\"https:\/\/mavisel.com\/producto\/braguita-shira-clasica-con-anilla-lateral\/\">braguita Shira cl\u00e1sica con anilla lateral <\/a><\/strong>y el <strong><a href=\"https:\/\/mavisel.com\/producto\/top-bikini-shira-bandeau\/\">top bikini Shira bandeau<\/a><\/strong> o sino el <strong><a href=\"https:\/\/mavisel.com\/producto\/banador-shira-anudado-al-cuello-con-aro\/\">ba\u00f1ador Shira anudado al cuello con aro.\u00a0<\/a><\/strong><\/p>\n","protected":false},"excerpt":{"rendered":"<p>Camisola Shira con <strong>botones en el centro<\/strong> y <strong>estampado floral en azul y blanco<\/strong>. Fresca, ligera y veraniega, perfecta para llevar sobre el ba\u00f1ador o bikini.<\/p>\n","protected":false},"featured_media":2781,"comment_status":"open","ping_status":"closed","template":"","meta":[],"product_brand":[70],"product_cat":[177,188],"product_tag":[],"class_list":{"0":"post-2646","1":"product","2":"type-product","3":"status-publish","4":"has-post-thumbnail","6":"product_brand-mavisel","7":"product_cat-ropa-de-playa","8":"product_cat-camisola","9":"pa_color-estampado","10":"pa_talla-talla-l","12":"first","13":"instock","14":"shipping-taxable","15":"purchasable","16":"product-type-variable"},"yoast_head":"<!-- This site is optimized with the Yoast SEO plugin v26.8 - https:\/\/yoast.com\/product\/yoast-seo-wordpress\/ -->\n<title>Camisola Shira - Mavisel<\/title>\n<meta name=\"description\" content=\"Camisola Shira con botones en el centro y estampado floral en azul y blanco. Fresca, ligera y veraniega, perfecta para llevar sobre el ba\u00f1ador o bikini.\" \/>\n<meta name=\"robots\" content=\"index, follow, max-snippet:-1, max-image-preview:large, max-video-preview:-1\" \/>\n<link rel=\"canonical\" href=\"https:\/\/mavisel.com\/producto\/camisola-shira\/\" \/>\n<meta property=\"og:locale\" content=\"es_ES\" \/>\n<meta property=\"og:type\" content=\"article\" \/>\n<meta property=\"og:title\" content=\"Camisola Shira - Mavisel\" \/>\n<meta property=\"og:description\" content=\"Camisola Shira con botones en el centro y estampado floral en azul y blanco. Fresca, ligera y veraniega, perfecta para llevar sobre el ba\u00f1ador o bikini.\" \/>\n<meta property=\"og:url\" content=\"https:\/\/mavisel.com\/producto\/camisola-shira\/\" \/>\n<meta property=\"og:site_name\" content=\"Mavisel\" \/>\n<meta property=\"article:modified_time\" content=\"2026-02-18T14:01:06+00:00\" \/>\n<meta property=\"og:image\" content=\"https:\/\/mavisel.com\/wp-content\/uploads\/2026\/02\/Camisola-shira-6962.040.png\" \/>\n\t<meta property=\"og:image:width\" content=\"301\" \/>\n\t<meta property=\"og:image:height\" content=\"554\" \/>\n\t<meta property=\"og:image:type\" content=\"image\/png\" \/>\n<meta name=\"twitter:card\" content=\"summary_large_image\" \/>\n<meta name=\"twitter:label1\" content=\"Tiempo de lectura\" \/>\n\t<meta name=\"twitter:data1\" content=\"1 minuto\" \/>\n<script type=\"application\/ld+json\" class=\"yoast-schema-graph\">{\"@context\":\"https:\/\/schema.org\",\"@graph\":[{\"@type\":\"WebPage\",\"@id\":\"https:\/\/mavisel.com\/producto\/camisola-shira\/\",\"url\":\"https:\/\/mavisel.com\/producto\/camisola-shira\/\",\"name\":\"Camisola Shira - Mavisel\",\"isPartOf\":{\"@id\":\"http:\/\/mavisel.com\/#website\"},\"primaryImageOfPage\":{\"@id\":\"https:\/\/mavisel.com\/producto\/camisola-shira\/#primaryimage\"},\"image\":{\"@id\":\"https:\/\/mavisel.com\/producto\/camisola-shira\/#primaryimage\"},\"thumbnailUrl\":\"https:\/\/mavisel.com\/wp-content\/uploads\/2026\/02\/Camisola-shira-6962.040.png\",\"datePublished\":\"2026-02-12T11:43:13+00:00\",\"dateModified\":\"2026-02-18T14:01:06+00:00\",\"description\":\"Camisola Shira con botones en el centro y estampado floral en azul y blanco. Fresca, ligera y veraniega, perfecta para llevar sobre el ba\u00f1ador o bikini.\",\"breadcrumb\":{\"@id\":\"https:\/\/mavisel.com\/producto\/camisola-shira\/#breadcrumb\"},\"inLanguage\":\"es\",\"potentialAction\":[{\"@type\":\"ReadAction\",\"target\":[\"https:\/\/mavisel.com\/producto\/camisola-shira\/\"]}]},{\"@type\":\"ImageObject\",\"inLanguage\":\"es\",\"@id\":\"https:\/\/mavisel.com\/producto\/camisola-shira\/#primaryimage\",\"url\":\"https:\/\/mavisel.com\/wp-content\/uploads\/2026\/02\/Camisola-shira-6962.040.png\",\"contentUrl\":\"https:\/\/mavisel.com\/wp-content\/uploads\/2026\/02\/Camisola-shira-6962.040.png\",\"width\":301,\"height\":554,\"caption\":\"Camisola Shira\"},{\"@type\":\"BreadcrumbList\",\"@id\":\"https:\/\/mavisel.com\/producto\/camisola-shira\/#breadcrumb\",\"itemListElement\":[{\"@type\":\"ListItem\",\"position\":1,\"name\":\"Portada\",\"item\":\"https:\/\/mavisel.com\/\"},{\"@type\":\"ListItem\",\"position\":2,\"name\":\"Home\",\"item\":\"https:\/\/mavisel.com\/\"},{\"@type\":\"ListItem\",\"position\":3,\"name\":\"Camisola Shira\"}]},{\"@type\":\"WebSite\",\"@id\":\"http:\/\/mavisel.com\/#website\",\"url\":\"http:\/\/mavisel.com\/\",\"name\":\"Mavisel\",\"description\":\"Marca espa\u00f1ola de moda de ba\u00f1o para mujer\",\"publisher\":{\"@id\":\"http:\/\/mavisel.com\/#organization\"},\"potentialAction\":[{\"@type\":\"SearchAction\",\"target\":{\"@type\":\"EntryPoint\",\"urlTemplate\":\"http:\/\/mavisel.com\/?s={search_term_string}\"},\"query-input\":{\"@type\":\"PropertyValueSpecification\",\"valueRequired\":true,\"valueName\":\"search_term_string\"}}],\"inLanguage\":\"es\"},{\"@type\":\"Organization\",\"@id\":\"http:\/\/mavisel.com\/#organization\",\"name\":\"Mavisel\",\"url\":\"http:\/\/mavisel.com\/\",\"logo\":{\"@type\":\"ImageObject\",\"inLanguage\":\"es\",\"@id\":\"http:\/\/mavisel.com\/#\/schema\/logo\/image\/\",\"url\":\"https:\/\/mavisel.com\/wp-content\/uploads\/2024\/09\/cropped-cropped-MAVISEL-1.png\",\"contentUrl\":\"https:\/\/mavisel.com\/wp-content\/uploads\/2024\/09\/cropped-cropped-MAVISEL-1.png\",\"width\":512,\"height\":213,\"caption\":\"Mavisel\"},\"image\":{\"@id\":\"http:\/\/mavisel.com\/#\/schema\/logo\/image\/\"}}]}<\/script>\n<!-- \/ Yoast SEO plugin. -->","yoast_head_json":{"title":"Camisola Shira - Mavisel","description":"Camisola Shira con botones en el centro y estampado floral en azul y blanco. Fresca, ligera y veraniega, perfecta para llevar sobre el ba\u00f1ador o bikini.","robots":{"index":"index","follow":"follow","max-snippet":"max-snippet:-1","max-image-preview":"max-image-preview:large","max-video-preview":"max-video-preview:-1"},"canonical":"https:\/\/mavisel.com\/producto\/camisola-shira\/","og_locale":"es_ES","og_type":"article","og_title":"Camisola Shira - Mavisel","og_description":"Camisola Shira con botones en el centro y estampado floral en azul y blanco. Fresca, ligera y veraniega, perfecta para llevar sobre el ba\u00f1ador o bikini.","og_url":"https:\/\/mavisel.com\/producto\/camisola-shira\/","og_site_name":"Mavisel","article_modified_time":"2026-02-18T14:01:06+00:00","og_image":[{"width":301,"height":554,"url":"https:\/\/mavisel.com\/wp-content\/uploads\/2026\/02\/Camisola-shira-6962.040.png","type":"image\/png"}],"twitter_card":"summary_large_image","twitter_misc":{"Tiempo de lectura":"1 minuto"},"schema":{"@context":"https:\/\/schema.org","@graph":[{"@type":"WebPage","@id":"https:\/\/mavisel.com\/producto\/camisola-shira\/","url":"https:\/\/mavisel.com\/producto\/camisola-shira\/","name":"Camisola Shira - Mavisel","isPartOf":{"@id":"http:\/\/mavisel.com\/#website"},"primaryImageOfPage":{"@id":"https:\/\/mavisel.com\/producto\/camisola-shira\/#primaryimage"},"image":{"@id":"https:\/\/mavisel.com\/producto\/camisola-shira\/#primaryimage"},"thumbnailUrl":"https:\/\/mavisel.com\/wp-content\/uploads\/2026\/02\/Camisola-shira-6962.040.png","datePublished":"2026-02-12T11:43:13+00:00","dateModified":"2026-02-18T14:01:06+00:00","description":"Camisola Shira con botones en el centro y estampado floral en azul y blanco. Fresca, ligera y veraniega, perfecta para llevar sobre el ba\u00f1ador o bikini.","breadcrumb":{"@id":"https:\/\/mavisel.com\/producto\/camisola-shira\/#breadcrumb"},"inLanguage":"es","potentialAction":[{"@type":"ReadAction","target":["https:\/\/mavisel.com\/producto\/camisola-shira\/"]}]},{"@type":"ImageObject","inLanguage":"es","@id":"https:\/\/mavisel.com\/producto\/camisola-shira\/#primaryimage","url":"https:\/\/mavisel.com\/wp-content\/uploads\/2026\/02\/Camisola-shira-6962.040.png","contentUrl":"https:\/\/mavisel.com\/wp-content\/uploads\/2026\/02\/Camisola-shira-6962.040.png","width":301,"height":554,"caption":"Camisola Shira"},{"@type":"BreadcrumbList","@id":"https:\/\/mavisel.com\/producto\/camisola-shira\/#breadcrumb","itemListElement":[{"@type":"ListItem","position":1,"name":"Portada","item":"https:\/\/mavisel.com\/"},{"@type":"ListItem","position":2,"name":"Home","item":"https:\/\/mavisel.com\/"},{"@type":"ListItem","position":3,"name":"Camisola Shira"}]},{"@type":"WebSite","@id":"http:\/\/mavisel.com\/#website","url":"http:\/\/mavisel.com\/","name":"Mavisel","description":"Marca espa\u00f1ola de moda de ba\u00f1o para mujer","publisher":{"@id":"http:\/\/mavisel.com\/#organization"},"potentialAction":[{"@type":"SearchAction","target":{"@type":"EntryPoint","urlTemplate":"http:\/\/mavisel.com\/?s={search_term_string}"},"query-input":{"@type":"PropertyValueSpecification","valueRequired":true,"valueName":"search_term_string"}}],"inLanguage":"es"},{"@type":"Organization","@id":"http:\/\/mavisel.com\/#organization","name":"Mavisel","url":"http:\/\/mavisel.com\/","logo":{"@type":"ImageObject","inLanguage":"es","@id":"http:\/\/mavisel.com\/#\/schema\/logo\/image\/","url":"https:\/\/mavisel.com\/wp-content\/uploads\/2024\/09\/cropped-cropped-MAVISEL-1.png","contentUrl":"https:\/\/mavisel.com\/wp-content\/uploads\/2024\/09\/cropped-cropped-MAVISEL-1.png","width":512,"height":213,"caption":"Mavisel"},"image":{"@id":"http:\/\/mavisel.com\/#\/schema\/logo\/image\/"}}]}},"_links":{"self":[{"href":"https:\/\/mavisel.com\/index.php?rest_route=\/wp\/v2\/product\/2646","targetHints":{"allow":["GET"]}}],"collection":[{"href":"https:\/\/mavisel.com\/index.php?rest_route=\/wp\/v2\/product"}],"about":[{"href":"https:\/\/mavisel.com\/index.php?rest_route=\/wp\/v2\/types\/product"}],"replies":[{"embeddable":true,"href":"https:\/\/mavisel.com\/index.php?rest_route=%2Fwp%2Fv2%2Fcomments&post=2646"}],"wp:featuredmedia":[{"embeddable":true,"href":"https:\/\/mavisel.com\/index.php?rest_route=\/wp\/v2\/media\/2781"}],"wp:attachment":[{"href":"https:\/\/mavisel.com\/index.php?rest_route=%2Fwp%2Fv2%2Fmedia&parent=2646"}],"wp:term":[{"taxonomy":"product_brand","embeddable":true,"href":"https:\/\/mavisel.com\/index.php?rest_route=%2Fwp%2Fv2%2Fproduct_brand&post=2646"},{"taxonomy":"product_cat","embeddable":true,"href":"https:\/\/mavisel.com\/index.php?rest_route=%2Fwp%2Fv2%2Fproduct_cat&post=2646"},{"taxonomy":"product_tag","embeddable":true,"href":"https:\/\/mavisel.com\/index.php?rest_route=%2Fwp%2Fv2%2Fproduct_tag&post=2646"}],"curies":[{"name":"wp","href":"https:\/\/api.w.org\/{rel}","templated":true}]}}