{"id":2645,"date":"2026-02-12T12:43:13","date_gmt":"2026-02-12T11:43:13","guid":{"rendered":"https:\/\/mavisel.com\/?post_type=product&#038;p=2645"},"modified":"2026-02-16T13:43:25","modified_gmt":"2026-02-16T12:43:25","slug":"vestido-leila","status":"publish","type":"product","link":"https:\/\/mavisel.com\/?product=vestido-leila","title":{"rendered":"Vestido Leila"},"content":{"rendered":"<p>Vestido Leila por encima de la rodilla con <strong>mangas vers\u00e1tiles que se pueden recoger hasta el codo<\/strong>, combinando comodidad y estilo. Presenta <strong>botones en el centro<\/strong> que a\u00f1aden un detalle pr\u00e1ctico y elegante, y luce el caracter\u00edstico <strong>estampado floral del modelo Leila<\/strong>, con flores grandes en tonos naranja, rosa y blanco, creando un look femenino, vibrante y veraniego. Perfecto para llevar sobre el ba\u00f1ador o bikini y para paseos de verano con estilo.<\/p>\n<p>Completa tu look con el conunto de bikini; <strong><a href=\"https:\/\/mavisel.com\/producto\/braguita-leila-cintura-alta-con-lazo-lateral\/\">braguita Leila cintura alta con lazo lateral<\/a><\/strong> y <strong><a href=\"https:\/\/mavisel.com\/producto\/top-bikini-leila-con-aro-y-escote-con-lazo\/\">Top bikini con aro y escote con lazo<\/a><\/strong> o si prefieres ba\u00f1ador tienes la posibilidad del <strong><a href=\"https:\/\/mavisel.com\/producto\/banador-leila-escote-redondo-con-adorno\/\">ba\u00f1ador Leila escote redondo con adorno<\/a><\/strong> y <strong><a href=\"https:\/\/mavisel.com\/producto\/banador-leila-escote-redondo\/\">ba\u00f1ador Leila escote redondo<\/a><\/strong>.<\/p>\n","protected":false},"excerpt":{"rendered":"<p>Vestido Leila por encima de la rodilla con <strong>mangas que se recogen hasta el codo<\/strong>, <strong>botones en el centro<\/strong> y <strong>estampado floral del modelo Leila<\/strong>. Fresco, femenino y veraniego.<\/p>\n","protected":false},"featured_media":2779,"comment_status":"open","ping_status":"closed","template":"","meta":[],"product_brand":[70],"product_cat":[177,185],"product_tag":[],"class_list":{"0":"post-2645","1":"product","2":"type-product","3":"status-publish","4":"has-post-thumbnail","6":"product_brand-mavisel","7":"product_cat-ropa-de-playa","8":"product_cat-vestidos","9":"pa_color-estampado","10":"pa_talla-u","12":"first","13":"instock","14":"shipping-taxable","15":"purchasable","16":"product-type-variable"},"yoast_head":"<!-- This site is optimized with the Yoast SEO plugin v26.8 - https:\/\/yoast.com\/product\/yoast-seo-wordpress\/ -->\n<title>Vestido Leila - Mavisel<\/title>\n<meta name=\"description\" content=\"Vestido Leila por encima de la rodilla con mangas que se recogen hasta el codo, botones en el centro y estampado floral del modelo Leila. Fresco, femenino y veraniego.\" \/>\n<meta name=\"robots\" content=\"index, follow, max-snippet:-1, max-image-preview:large, max-video-preview:-1\" \/>\n<link rel=\"canonical\" href=\"https:\/\/mavisel.com\/producto\/vestido-leila\/\" \/>\n<meta property=\"og:locale\" content=\"es_ES\" \/>\n<meta property=\"og:type\" content=\"article\" \/>\n<meta property=\"og:title\" content=\"Vestido Leila - Mavisel\" \/>\n<meta property=\"og:description\" content=\"Vestido Leila por encima de la rodilla con mangas que se recogen hasta el codo, botones en el centro y estampado floral del modelo Leila. Fresco, femenino y veraniego.\" \/>\n<meta property=\"og:url\" content=\"https:\/\/mavisel.com\/producto\/vestido-leila\/\" \/>\n<meta property=\"og:site_name\" content=\"Mavisel\" \/>\n<meta property=\"article:modified_time\" content=\"2026-02-16T12:43:25+00:00\" \/>\n<meta property=\"og:image\" content=\"https:\/\/mavisel.com\/wp-content\/uploads\/2026\/02\/vestido-leila-6962.037.png\" \/>\n\t<meta property=\"og:image:width\" content=\"280\" \/>\n\t<meta property=\"og:image:height\" content=\"560\" \/>\n\t<meta property=\"og:image:type\" content=\"image\/png\" \/>\n<meta name=\"twitter:card\" content=\"summary_large_image\" \/>\n<meta name=\"twitter:label1\" content=\"Tiempo de lectura\" \/>\n\t<meta name=\"twitter:data1\" content=\"1 minuto\" \/>\n<script type=\"application\/ld+json\" class=\"yoast-schema-graph\">{\"@context\":\"https:\/\/schema.org\",\"@graph\":[{\"@type\":\"WebPage\",\"@id\":\"https:\/\/mavisel.com\/producto\/vestido-leila\/\",\"url\":\"https:\/\/mavisel.com\/producto\/vestido-leila\/\",\"name\":\"Vestido Leila - Mavisel\",\"isPartOf\":{\"@id\":\"http:\/\/mavisel.com\/#website\"},\"primaryImageOfPage\":{\"@id\":\"https:\/\/mavisel.com\/producto\/vestido-leila\/#primaryimage\"},\"image\":{\"@id\":\"https:\/\/mavisel.com\/producto\/vestido-leila\/#primaryimage\"},\"thumbnailUrl\":\"https:\/\/mavisel.com\/wp-content\/uploads\/2026\/02\/vestido-leila-6962.037.png\",\"datePublished\":\"2026-02-12T11:43:13+00:00\",\"dateModified\":\"2026-02-16T12:43:25+00:00\",\"description\":\"Vestido Leila por encima de la rodilla con mangas que se recogen hasta el codo, botones en el centro y estampado floral del modelo Leila. Fresco, femenino y veraniego.\",\"breadcrumb\":{\"@id\":\"https:\/\/mavisel.com\/producto\/vestido-leila\/#breadcrumb\"},\"inLanguage\":\"es\",\"potentialAction\":[{\"@type\":\"ReadAction\",\"target\":[\"https:\/\/mavisel.com\/producto\/vestido-leila\/\"]}]},{\"@type\":\"ImageObject\",\"inLanguage\":\"es\",\"@id\":\"https:\/\/mavisel.com\/producto\/vestido-leila\/#primaryimage\",\"url\":\"https:\/\/mavisel.com\/wp-content\/uploads\/2026\/02\/vestido-leila-6962.037.png\",\"contentUrl\":\"https:\/\/mavisel.com\/wp-content\/uploads\/2026\/02\/vestido-leila-6962.037.png\",\"width\":280,\"height\":560,\"caption\":\"Vestido Leila\"},{\"@type\":\"BreadcrumbList\",\"@id\":\"https:\/\/mavisel.com\/producto\/vestido-leila\/#breadcrumb\",\"itemListElement\":[{\"@type\":\"ListItem\",\"position\":1,\"name\":\"Portada\",\"item\":\"https:\/\/mavisel.com\/\"},{\"@type\":\"ListItem\",\"position\":2,\"name\":\"Home\",\"item\":\"https:\/\/mavisel.com\/\"},{\"@type\":\"ListItem\",\"position\":3,\"name\":\"Vestido Leila\"}]},{\"@type\":\"WebSite\",\"@id\":\"http:\/\/mavisel.com\/#website\",\"url\":\"http:\/\/mavisel.com\/\",\"name\":\"Mavisel\",\"description\":\"Marca espa\u00f1ola de moda de ba\u00f1o para mujer\",\"publisher\":{\"@id\":\"http:\/\/mavisel.com\/#organization\"},\"potentialAction\":[{\"@type\":\"SearchAction\",\"target\":{\"@type\":\"EntryPoint\",\"urlTemplate\":\"http:\/\/mavisel.com\/?s={search_term_string}\"},\"query-input\":{\"@type\":\"PropertyValueSpecification\",\"valueRequired\":true,\"valueName\":\"search_term_string\"}}],\"inLanguage\":\"es\"},{\"@type\":\"Organization\",\"@id\":\"http:\/\/mavisel.com\/#organization\",\"name\":\"Mavisel\",\"url\":\"http:\/\/mavisel.com\/\",\"logo\":{\"@type\":\"ImageObject\",\"inLanguage\":\"es\",\"@id\":\"http:\/\/mavisel.com\/#\/schema\/logo\/image\/\",\"url\":\"https:\/\/mavisel.com\/wp-content\/uploads\/2024\/09\/cropped-cropped-MAVISEL-1.png\",\"contentUrl\":\"https:\/\/mavisel.com\/wp-content\/uploads\/2024\/09\/cropped-cropped-MAVISEL-1.png\",\"width\":512,\"height\":213,\"caption\":\"Mavisel\"},\"image\":{\"@id\":\"http:\/\/mavisel.com\/#\/schema\/logo\/image\/\"}}]}<\/script>\n<!-- \/ Yoast SEO plugin. -->","yoast_head_json":{"title":"Vestido Leila - Mavisel","description":"Vestido Leila por encima de la rodilla con mangas que se recogen hasta el codo, botones en el centro y estampado floral del modelo Leila. Fresco, femenino y veraniego.","robots":{"index":"index","follow":"follow","max-snippet":"max-snippet:-1","max-image-preview":"max-image-preview:large","max-video-preview":"max-video-preview:-1"},"canonical":"https:\/\/mavisel.com\/producto\/vestido-leila\/","og_locale":"es_ES","og_type":"article","og_title":"Vestido Leila - Mavisel","og_description":"Vestido Leila por encima de la rodilla con mangas que se recogen hasta el codo, botones en el centro y estampado floral del modelo Leila. Fresco, femenino y veraniego.","og_url":"https:\/\/mavisel.com\/producto\/vestido-leila\/","og_site_name":"Mavisel","article_modified_time":"2026-02-16T12:43:25+00:00","og_image":[{"width":280,"height":560,"url":"https:\/\/mavisel.com\/wp-content\/uploads\/2026\/02\/vestido-leila-6962.037.png","type":"image\/png"}],"twitter_card":"summary_large_image","twitter_misc":{"Tiempo de lectura":"1 minuto"},"schema":{"@context":"https:\/\/schema.org","@graph":[{"@type":"WebPage","@id":"https:\/\/mavisel.com\/producto\/vestido-leila\/","url":"https:\/\/mavisel.com\/producto\/vestido-leila\/","name":"Vestido Leila - Mavisel","isPartOf":{"@id":"http:\/\/mavisel.com\/#website"},"primaryImageOfPage":{"@id":"https:\/\/mavisel.com\/producto\/vestido-leila\/#primaryimage"},"image":{"@id":"https:\/\/mavisel.com\/producto\/vestido-leila\/#primaryimage"},"thumbnailUrl":"https:\/\/mavisel.com\/wp-content\/uploads\/2026\/02\/vestido-leila-6962.037.png","datePublished":"2026-02-12T11:43:13+00:00","dateModified":"2026-02-16T12:43:25+00:00","description":"Vestido Leila por encima de la rodilla con mangas que se recogen hasta el codo, botones en el centro y estampado floral del modelo Leila. Fresco, femenino y veraniego.","breadcrumb":{"@id":"https:\/\/mavisel.com\/producto\/vestido-leila\/#breadcrumb"},"inLanguage":"es","potentialAction":[{"@type":"ReadAction","target":["https:\/\/mavisel.com\/producto\/vestido-leila\/"]}]},{"@type":"ImageObject","inLanguage":"es","@id":"https:\/\/mavisel.com\/producto\/vestido-leila\/#primaryimage","url":"https:\/\/mavisel.com\/wp-content\/uploads\/2026\/02\/vestido-leila-6962.037.png","contentUrl":"https:\/\/mavisel.com\/wp-content\/uploads\/2026\/02\/vestido-leila-6962.037.png","width":280,"height":560,"caption":"Vestido Leila"},{"@type":"BreadcrumbList","@id":"https:\/\/mavisel.com\/producto\/vestido-leila\/#breadcrumb","itemListElement":[{"@type":"ListItem","position":1,"name":"Portada","item":"https:\/\/mavisel.com\/"},{"@type":"ListItem","position":2,"name":"Home","item":"https:\/\/mavisel.com\/"},{"@type":"ListItem","position":3,"name":"Vestido Leila"}]},{"@type":"WebSite","@id":"http:\/\/mavisel.com\/#website","url":"http:\/\/mavisel.com\/","name":"Mavisel","description":"Marca espa\u00f1ola de moda de ba\u00f1o para mujer","publisher":{"@id":"http:\/\/mavisel.com\/#organization"},"potentialAction":[{"@type":"SearchAction","target":{"@type":"EntryPoint","urlTemplate":"http:\/\/mavisel.com\/?s={search_term_string}"},"query-input":{"@type":"PropertyValueSpecification","valueRequired":true,"valueName":"search_term_string"}}],"inLanguage":"es"},{"@type":"Organization","@id":"http:\/\/mavisel.com\/#organization","name":"Mavisel","url":"http:\/\/mavisel.com\/","logo":{"@type":"ImageObject","inLanguage":"es","@id":"http:\/\/mavisel.com\/#\/schema\/logo\/image\/","url":"https:\/\/mavisel.com\/wp-content\/uploads\/2024\/09\/cropped-cropped-MAVISEL-1.png","contentUrl":"https:\/\/mavisel.com\/wp-content\/uploads\/2024\/09\/cropped-cropped-MAVISEL-1.png","width":512,"height":213,"caption":"Mavisel"},"image":{"@id":"http:\/\/mavisel.com\/#\/schema\/logo\/image\/"}}]}},"_links":{"self":[{"href":"https:\/\/mavisel.com\/index.php?rest_route=\/wp\/v2\/product\/2645","targetHints":{"allow":["GET"]}}],"collection":[{"href":"https:\/\/mavisel.com\/index.php?rest_route=\/wp\/v2\/product"}],"about":[{"href":"https:\/\/mavisel.com\/index.php?rest_route=\/wp\/v2\/types\/product"}],"replies":[{"embeddable":true,"href":"https:\/\/mavisel.com\/index.php?rest_route=%2Fwp%2Fv2%2Fcomments&post=2645"}],"wp:featuredmedia":[{"embeddable":true,"href":"https:\/\/mavisel.com\/index.php?rest_route=\/wp\/v2\/media\/2779"}],"wp:attachment":[{"href":"https:\/\/mavisel.com\/index.php?rest_route=%2Fwp%2Fv2%2Fmedia&parent=2645"}],"wp:term":[{"taxonomy":"product_brand","embeddable":true,"href":"https:\/\/mavisel.com\/index.php?rest_route=%2Fwp%2Fv2%2Fproduct_brand&post=2645"},{"taxonomy":"product_cat","embeddable":true,"href":"https:\/\/mavisel.com\/index.php?rest_route=%2Fwp%2Fv2%2Fproduct_cat&post=2645"},{"taxonomy":"product_tag","embeddable":true,"href":"https:\/\/mavisel.com\/index.php?rest_route=%2Fwp%2Fv2%2Fproduct_tag&post=2645"}],"curies":[{"name":"wp","href":"https:\/\/api.w.org\/{rel}","templated":true}]}}