{"id":2581,"date":"2026-02-12T12:42:57","date_gmt":"2026-02-12T11:42:57","guid":{"rendered":"https:\/\/mavisel.com\/?post_type=product&#038;p=2581"},"modified":"2026-02-13T11:55:00","modified_gmt":"2026-02-13T10:55:00","slug":"braguita-estrella-cintura-alta","status":"publish","type":"product","link":"https:\/\/mavisel.com\/?product=braguita-estrella-cintura-alta","title":{"rendered":"Braguita Estrella cintura alta"},"content":{"rendered":"<p>Braguita Estrella de <strong>cintura alta<\/strong> que ofrece un ajuste c\u00f3modo y favorecedor, realzando la silueta con estilo. Su <strong>estampado en blanco y negro<\/strong> aporta un aire elegante y atemporal, combinando sofisticaci\u00f3n y modernidad. Una prenda vers\u00e1til que se puede combinar f\u00e1cilmente con el top a juego para crear un conjunto completo y lleno de estilo.<\/p>\n<p>Completa el conjunto del bikini con el <strong><a href=\"https:\/\/mavisel.com\/producto\/top-bikini-estrella-bandeau\/\">top bikini Estrella bandeau .<\/a><\/strong><\/p>\n<p>&nbsp;<\/p>\n","protected":false},"excerpt":{"rendered":"<p>Braguita Estrella de <strong>cintura alta<\/strong> con <strong>estampado blanco y negro<\/strong> que aporta elegancia y estilo. Ideal para un conjunto veraniego moderno y favorecedor.<\/p>\n","protected":false},"featured_media":2707,"comment_status":"open","ping_status":"closed","template":"","meta":[],"product_brand":[70],"product_cat":[37,47,163],"product_tag":[],"class_list":{"0":"post-2581","1":"product","2":"type-product","3":"status-publish","4":"has-post-thumbnail","6":"product_brand-mavisel","7":"product_cat-braguitas","8":"product_cat-cintura-alta","9":"product_cat-moda-de-bano","10":"pa_color-estampado","11":"pa_talla-talla-l","12":"pa_talla-talla-xl","13":"pa_talla-talla-2xl","14":"pa_talla-talla-3xl","16":"first","17":"instock","18":"shipping-taxable","19":"purchasable","20":"product-type-variable"},"yoast_head":"<!-- This site is optimized with the Yoast SEO plugin v26.8 - https:\/\/yoast.com\/product\/yoast-seo-wordpress\/ -->\n<title>Braguita Estrella cintura alta - Mavisel<\/title>\n<meta name=\"description\" content=\"Es ideal para un conjunto veraniego moderno y favorecedor la braguita Estrella de cintura alta con estampado blanco y negro que aporta elegancia y estilo.\" \/>\n<meta name=\"robots\" content=\"index, follow, max-snippet:-1, max-image-preview:large, max-video-preview:-1\" \/>\n<link rel=\"canonical\" href=\"https:\/\/mavisel.com\/producto\/braguita-estrella-cintura-alta\/\" \/>\n<meta property=\"og:locale\" content=\"es_ES\" \/>\n<meta property=\"og:type\" content=\"article\" \/>\n<meta property=\"og:title\" content=\"Braguita Estrella cintura alta - Mavisel\" \/>\n<meta property=\"og:description\" content=\"Es ideal para un conjunto veraniego moderno y favorecedor la braguita Estrella de cintura alta con estampado blanco y negro que aporta elegancia y estilo.\" \/>\n<meta property=\"og:url\" content=\"https:\/\/mavisel.com\/producto\/braguita-estrella-cintura-alta\/\" \/>\n<meta property=\"og:site_name\" content=\"Mavisel\" \/>\n<meta property=\"article:modified_time\" content=\"2026-02-13T10:55:00+00:00\" \/>\n<meta property=\"og:image\" content=\"https:\/\/mavisel.com\/wp-content\/uploads\/2026\/02\/braguita-estrella-8162.126.png\" \/>\n\t<meta property=\"og:image:width\" content=\"274\" \/>\n\t<meta property=\"og:image:height\" content=\"293\" \/>\n\t<meta property=\"og:image:type\" content=\"image\/png\" \/>\n<meta name=\"twitter:card\" content=\"summary_large_image\" \/>\n<meta name=\"twitter:label1\" content=\"Tiempo de lectura\" \/>\n\t<meta name=\"twitter:data1\" content=\"1 minuto\" \/>\n<script type=\"application\/ld+json\" class=\"yoast-schema-graph\">{\"@context\":\"https:\/\/schema.org\",\"@graph\":[{\"@type\":\"WebPage\",\"@id\":\"https:\/\/mavisel.com\/producto\/braguita-estrella-cintura-alta\/\",\"url\":\"https:\/\/mavisel.com\/producto\/braguita-estrella-cintura-alta\/\",\"name\":\"Braguita Estrella cintura alta - Mavisel\",\"isPartOf\":{\"@id\":\"http:\/\/mavisel.com\/#website\"},\"primaryImageOfPage\":{\"@id\":\"https:\/\/mavisel.com\/producto\/braguita-estrella-cintura-alta\/#primaryimage\"},\"image\":{\"@id\":\"https:\/\/mavisel.com\/producto\/braguita-estrella-cintura-alta\/#primaryimage\"},\"thumbnailUrl\":\"https:\/\/mavisel.com\/wp-content\/uploads\/2026\/02\/braguita-estrella-8162.126.png\",\"datePublished\":\"2026-02-12T11:42:57+00:00\",\"dateModified\":\"2026-02-13T10:55:00+00:00\",\"description\":\"Es ideal para un conjunto veraniego moderno y favorecedor la braguita Estrella de cintura alta con estampado blanco y negro que aporta elegancia y estilo.\",\"breadcrumb\":{\"@id\":\"https:\/\/mavisel.com\/producto\/braguita-estrella-cintura-alta\/#breadcrumb\"},\"inLanguage\":\"es\",\"potentialAction\":[{\"@type\":\"ReadAction\",\"target\":[\"https:\/\/mavisel.com\/producto\/braguita-estrella-cintura-alta\/\"]}]},{\"@type\":\"ImageObject\",\"inLanguage\":\"es\",\"@id\":\"https:\/\/mavisel.com\/producto\/braguita-estrella-cintura-alta\/#primaryimage\",\"url\":\"https:\/\/mavisel.com\/wp-content\/uploads\/2026\/02\/braguita-estrella-8162.126.png\",\"contentUrl\":\"https:\/\/mavisel.com\/wp-content\/uploads\/2026\/02\/braguita-estrella-8162.126.png\",\"width\":274,\"height\":293,\"caption\":\"Braguita Estrella\"},{\"@type\":\"BreadcrumbList\",\"@id\":\"https:\/\/mavisel.com\/producto\/braguita-estrella-cintura-alta\/#breadcrumb\",\"itemListElement\":[{\"@type\":\"ListItem\",\"position\":1,\"name\":\"Portada\",\"item\":\"https:\/\/mavisel.com\/\"},{\"@type\":\"ListItem\",\"position\":2,\"name\":\"Home\",\"item\":\"https:\/\/mavisel.com\/\"},{\"@type\":\"ListItem\",\"position\":3,\"name\":\"Braguita Estrella cintura alta\"}]},{\"@type\":\"WebSite\",\"@id\":\"http:\/\/mavisel.com\/#website\",\"url\":\"http:\/\/mavisel.com\/\",\"name\":\"Mavisel\",\"description\":\"Marca espa\u00f1ola de moda de ba\u00f1o para mujer\",\"publisher\":{\"@id\":\"http:\/\/mavisel.com\/#organization\"},\"potentialAction\":[{\"@type\":\"SearchAction\",\"target\":{\"@type\":\"EntryPoint\",\"urlTemplate\":\"http:\/\/mavisel.com\/?s={search_term_string}\"},\"query-input\":{\"@type\":\"PropertyValueSpecification\",\"valueRequired\":true,\"valueName\":\"search_term_string\"}}],\"inLanguage\":\"es\"},{\"@type\":\"Organization\",\"@id\":\"http:\/\/mavisel.com\/#organization\",\"name\":\"Mavisel\",\"url\":\"http:\/\/mavisel.com\/\",\"logo\":{\"@type\":\"ImageObject\",\"inLanguage\":\"es\",\"@id\":\"http:\/\/mavisel.com\/#\/schema\/logo\/image\/\",\"url\":\"https:\/\/mavisel.com\/wp-content\/uploads\/2024\/09\/cropped-cropped-MAVISEL-1.png\",\"contentUrl\":\"https:\/\/mavisel.com\/wp-content\/uploads\/2024\/09\/cropped-cropped-MAVISEL-1.png\",\"width\":512,\"height\":213,\"caption\":\"Mavisel\"},\"image\":{\"@id\":\"http:\/\/mavisel.com\/#\/schema\/logo\/image\/\"}}]}<\/script>\n<!-- \/ Yoast SEO plugin. -->","yoast_head_json":{"title":"Braguita Estrella cintura alta - Mavisel","description":"Es ideal para un conjunto veraniego moderno y favorecedor la braguita Estrella de cintura alta con estampado blanco y negro que aporta elegancia y estilo.","robots":{"index":"index","follow":"follow","max-snippet":"max-snippet:-1","max-image-preview":"max-image-preview:large","max-video-preview":"max-video-preview:-1"},"canonical":"https:\/\/mavisel.com\/producto\/braguita-estrella-cintura-alta\/","og_locale":"es_ES","og_type":"article","og_title":"Braguita Estrella cintura alta - Mavisel","og_description":"Es ideal para un conjunto veraniego moderno y favorecedor la braguita Estrella de cintura alta con estampado blanco y negro que aporta elegancia y estilo.","og_url":"https:\/\/mavisel.com\/producto\/braguita-estrella-cintura-alta\/","og_site_name":"Mavisel","article_modified_time":"2026-02-13T10:55:00+00:00","og_image":[{"width":274,"height":293,"url":"https:\/\/mavisel.com\/wp-content\/uploads\/2026\/02\/braguita-estrella-8162.126.png","type":"image\/png"}],"twitter_card":"summary_large_image","twitter_misc":{"Tiempo de lectura":"1 minuto"},"schema":{"@context":"https:\/\/schema.org","@graph":[{"@type":"WebPage","@id":"https:\/\/mavisel.com\/producto\/braguita-estrella-cintura-alta\/","url":"https:\/\/mavisel.com\/producto\/braguita-estrella-cintura-alta\/","name":"Braguita Estrella cintura alta - Mavisel","isPartOf":{"@id":"http:\/\/mavisel.com\/#website"},"primaryImageOfPage":{"@id":"https:\/\/mavisel.com\/producto\/braguita-estrella-cintura-alta\/#primaryimage"},"image":{"@id":"https:\/\/mavisel.com\/producto\/braguita-estrella-cintura-alta\/#primaryimage"},"thumbnailUrl":"https:\/\/mavisel.com\/wp-content\/uploads\/2026\/02\/braguita-estrella-8162.126.png","datePublished":"2026-02-12T11:42:57+00:00","dateModified":"2026-02-13T10:55:00+00:00","description":"Es ideal para un conjunto veraniego moderno y favorecedor la braguita Estrella de cintura alta con estampado blanco y negro que aporta elegancia y estilo.","breadcrumb":{"@id":"https:\/\/mavisel.com\/producto\/braguita-estrella-cintura-alta\/#breadcrumb"},"inLanguage":"es","potentialAction":[{"@type":"ReadAction","target":["https:\/\/mavisel.com\/producto\/braguita-estrella-cintura-alta\/"]}]},{"@type":"ImageObject","inLanguage":"es","@id":"https:\/\/mavisel.com\/producto\/braguita-estrella-cintura-alta\/#primaryimage","url":"https:\/\/mavisel.com\/wp-content\/uploads\/2026\/02\/braguita-estrella-8162.126.png","contentUrl":"https:\/\/mavisel.com\/wp-content\/uploads\/2026\/02\/braguita-estrella-8162.126.png","width":274,"height":293,"caption":"Braguita Estrella"},{"@type":"BreadcrumbList","@id":"https:\/\/mavisel.com\/producto\/braguita-estrella-cintura-alta\/#breadcrumb","itemListElement":[{"@type":"ListItem","position":1,"name":"Portada","item":"https:\/\/mavisel.com\/"},{"@type":"ListItem","position":2,"name":"Home","item":"https:\/\/mavisel.com\/"},{"@type":"ListItem","position":3,"name":"Braguita Estrella cintura alta"}]},{"@type":"WebSite","@id":"http:\/\/mavisel.com\/#website","url":"http:\/\/mavisel.com\/","name":"Mavisel","description":"Marca espa\u00f1ola de moda de ba\u00f1o para mujer","publisher":{"@id":"http:\/\/mavisel.com\/#organization"},"potentialAction":[{"@type":"SearchAction","target":{"@type":"EntryPoint","urlTemplate":"http:\/\/mavisel.com\/?s={search_term_string}"},"query-input":{"@type":"PropertyValueSpecification","valueRequired":true,"valueName":"search_term_string"}}],"inLanguage":"es"},{"@type":"Organization","@id":"http:\/\/mavisel.com\/#organization","name":"Mavisel","url":"http:\/\/mavisel.com\/","logo":{"@type":"ImageObject","inLanguage":"es","@id":"http:\/\/mavisel.com\/#\/schema\/logo\/image\/","url":"https:\/\/mavisel.com\/wp-content\/uploads\/2024\/09\/cropped-cropped-MAVISEL-1.png","contentUrl":"https:\/\/mavisel.com\/wp-content\/uploads\/2024\/09\/cropped-cropped-MAVISEL-1.png","width":512,"height":213,"caption":"Mavisel"},"image":{"@id":"http:\/\/mavisel.com\/#\/schema\/logo\/image\/"}}]}},"_links":{"self":[{"href":"https:\/\/mavisel.com\/index.php?rest_route=\/wp\/v2\/product\/2581","targetHints":{"allow":["GET"]}}],"collection":[{"href":"https:\/\/mavisel.com\/index.php?rest_route=\/wp\/v2\/product"}],"about":[{"href":"https:\/\/mavisel.com\/index.php?rest_route=\/wp\/v2\/types\/product"}],"replies":[{"embeddable":true,"href":"https:\/\/mavisel.com\/index.php?rest_route=%2Fwp%2Fv2%2Fcomments&post=2581"}],"wp:featuredmedia":[{"embeddable":true,"href":"https:\/\/mavisel.com\/index.php?rest_route=\/wp\/v2\/media\/2707"}],"wp:attachment":[{"href":"https:\/\/mavisel.com\/index.php?rest_route=%2Fwp%2Fv2%2Fmedia&parent=2581"}],"wp:term":[{"taxonomy":"product_brand","embeddable":true,"href":"https:\/\/mavisel.com\/index.php?rest_route=%2Fwp%2Fv2%2Fproduct_brand&post=2581"},{"taxonomy":"product_cat","embeddable":true,"href":"https:\/\/mavisel.com\/index.php?rest_route=%2Fwp%2Fv2%2Fproduct_cat&post=2581"},{"taxonomy":"product_tag","embeddable":true,"href":"https:\/\/mavisel.com\/index.php?rest_route=%2Fwp%2Fv2%2Fproduct_tag&post=2581"}],"curies":[{"name":"wp","href":"https:\/\/api.w.org\/{rel}","templated":true}]}}