{"id":2521,"date":"2026-02-12T12:42:44","date_gmt":"2026-02-12T11:42:44","guid":{"rendered":"https:\/\/mavisel.com\/?post_type=product&#038;p=2521"},"modified":"2026-02-13T13:39:48","modified_gmt":"2026-02-13T12:39:48","slug":"top-bikini-eden-bandeau","status":"publish","type":"product","link":"https:\/\/mavisel.com\/?product=top-bikini-eden-bandeau","title":{"rendered":"Top bikini Eden bandeau"},"content":{"rendered":"<p>Top bikini Eden <strong>bandeau<\/strong> con <strong>tirantes desmontables<\/strong> que permiten usarlo de forma vers\u00e1til y c\u00f3moda. Su <strong>fondo estampado con flores peque\u00f1as<\/strong> en tonos verdes predominantes, combinados con toques de amarillo y rosa, aporta un look fresco, alegre y femenino. Una pieza delicada y moderna, ideal para combinar con el resto del conjunto de playa o piscina, manteniendo estilo y comodidad.<\/p>\n<p>Puedes completar tu conjunto del verano con la opci\u00f3n de <strong><a href=\"https:\/\/mavisel.com\/producto\/braguita-eden-cintura-alta\/\">braguita Eden cintura alta<\/a><\/strong> o <strong><a href=\"https:\/\/mavisel.com\/producto\/braguita-eden-cintura-alta-con-anilla-lateral\/\">braguita Eden cintura alta con anilla lateral<\/a>.<\/strong><\/p>\n","protected":false},"excerpt":{"rendered":"<p>Top bikini Eden <strong>bandeau<\/strong> con <strong>tirantes desmontables<\/strong> y <strong>estampado de flores peque\u00f1as<\/strong> en verdes, amarillo y rosa. Una opci\u00f3n fresca, femenina y vers\u00e1til para lucir un look veraniego lleno de color.<\/p>\n","protected":false},"featured_media":2718,"comment_status":"open","ping_status":"closed","template":"","meta":[],"product_brand":[70],"product_cat":[34,163,166],"product_tag":[],"class_list":{"0":"post-2521","1":"product","2":"type-product","3":"status-publish","4":"has-post-thumbnail","6":"product_brand-mavisel","7":"product_cat-top-bikinis","8":"product_cat-moda-de-bano","9":"product_cat-bandeau","10":"pa_color-estampado","11":"pa_talla-talla-90c","12":"pa_talla-talla-90d","13":"pa_talla-talla-95c","14":"pa_talla-talla-95d","15":"pa_talla-talla-100c","16":"pa_talla-talla-100d","17":"pa_talla-talla-105c","19":"first","20":"instock","21":"shipping-taxable","22":"purchasable","23":"product-type-variable"},"yoast_head":"<!-- This site is optimized with the Yoast SEO plugin v26.8 - https:\/\/yoast.com\/product\/yoast-seo-wordpress\/ -->\n<title>Top bikini Eden bandeau - Mavisel<\/title>\n<meta name=\"description\" content=\"Un look veraniego lleno de color es el top bikini Eden bandeau con tirantes desmontables y estampado de flores peque\u00f1as en verdes, amarillo y rosa.\" \/>\n<meta name=\"robots\" content=\"index, follow, max-snippet:-1, max-image-preview:large, max-video-preview:-1\" \/>\n<link rel=\"canonical\" href=\"https:\/\/mavisel.com\/producto\/top-bikini-eden-bandeau\/\" \/>\n<meta property=\"og:locale\" content=\"es_ES\" \/>\n<meta property=\"og:type\" content=\"article\" \/>\n<meta property=\"og:title\" content=\"Top bikini Eden bandeau - Mavisel\" \/>\n<meta property=\"og:description\" content=\"Un look veraniego lleno de color es el top bikini Eden bandeau con tirantes desmontables y estampado de flores peque\u00f1as en verdes, amarillo y rosa.\" \/>\n<meta property=\"og:url\" content=\"https:\/\/mavisel.com\/producto\/top-bikini-eden-bandeau\/\" \/>\n<meta property=\"og:site_name\" content=\"Mavisel\" \/>\n<meta property=\"article:modified_time\" content=\"2026-02-13T12:39:48+00:00\" \/>\n<meta property=\"og:image\" content=\"https:\/\/mavisel.com\/wp-content\/uploads\/2026\/02\/top-bikini-eden-8062.130.png\" \/>\n\t<meta property=\"og:image:width\" content=\"303\" \/>\n\t<meta property=\"og:image:height\" content=\"451\" \/>\n\t<meta property=\"og:image:type\" content=\"image\/png\" \/>\n<meta name=\"twitter:card\" content=\"summary_large_image\" \/>\n<meta name=\"twitter:label1\" content=\"Tiempo de lectura\" \/>\n\t<meta name=\"twitter:data1\" content=\"1 minuto\" \/>\n<script type=\"application\/ld+json\" class=\"yoast-schema-graph\">{\"@context\":\"https:\/\/schema.org\",\"@graph\":[{\"@type\":\"WebPage\",\"@id\":\"https:\/\/mavisel.com\/producto\/top-bikini-eden-bandeau\/\",\"url\":\"https:\/\/mavisel.com\/producto\/top-bikini-eden-bandeau\/\",\"name\":\"Top bikini Eden bandeau - Mavisel\",\"isPartOf\":{\"@id\":\"http:\/\/mavisel.com\/#website\"},\"primaryImageOfPage\":{\"@id\":\"https:\/\/mavisel.com\/producto\/top-bikini-eden-bandeau\/#primaryimage\"},\"image\":{\"@id\":\"https:\/\/mavisel.com\/producto\/top-bikini-eden-bandeau\/#primaryimage\"},\"thumbnailUrl\":\"https:\/\/mavisel.com\/wp-content\/uploads\/2026\/02\/top-bikini-eden-8062.130.png\",\"datePublished\":\"2026-02-12T11:42:44+00:00\",\"dateModified\":\"2026-02-13T12:39:48+00:00\",\"description\":\"Un look veraniego lleno de color es el top bikini Eden bandeau con tirantes desmontables y estampado de flores peque\u00f1as en verdes, amarillo y rosa.\",\"breadcrumb\":{\"@id\":\"https:\/\/mavisel.com\/producto\/top-bikini-eden-bandeau\/#breadcrumb\"},\"inLanguage\":\"es\",\"potentialAction\":[{\"@type\":\"ReadAction\",\"target\":[\"https:\/\/mavisel.com\/producto\/top-bikini-eden-bandeau\/\"]}]},{\"@type\":\"ImageObject\",\"inLanguage\":\"es\",\"@id\":\"https:\/\/mavisel.com\/producto\/top-bikini-eden-bandeau\/#primaryimage\",\"url\":\"https:\/\/mavisel.com\/wp-content\/uploads\/2026\/02\/top-bikini-eden-8062.130.png\",\"contentUrl\":\"https:\/\/mavisel.com\/wp-content\/uploads\/2026\/02\/top-bikini-eden-8062.130.png\",\"width\":303,\"height\":451,\"caption\":\"Top bikini Eden\"},{\"@type\":\"BreadcrumbList\",\"@id\":\"https:\/\/mavisel.com\/producto\/top-bikini-eden-bandeau\/#breadcrumb\",\"itemListElement\":[{\"@type\":\"ListItem\",\"position\":1,\"name\":\"Portada\",\"item\":\"https:\/\/mavisel.com\/\"},{\"@type\":\"ListItem\",\"position\":2,\"name\":\"Home\",\"item\":\"https:\/\/mavisel.com\/\"},{\"@type\":\"ListItem\",\"position\":3,\"name\":\"Top bikini Eden bandeau\"}]},{\"@type\":\"WebSite\",\"@id\":\"http:\/\/mavisel.com\/#website\",\"url\":\"http:\/\/mavisel.com\/\",\"name\":\"Mavisel\",\"description\":\"Marca espa\u00f1ola de moda de ba\u00f1o para mujer\",\"publisher\":{\"@id\":\"http:\/\/mavisel.com\/#organization\"},\"potentialAction\":[{\"@type\":\"SearchAction\",\"target\":{\"@type\":\"EntryPoint\",\"urlTemplate\":\"http:\/\/mavisel.com\/?s={search_term_string}\"},\"query-input\":{\"@type\":\"PropertyValueSpecification\",\"valueRequired\":true,\"valueName\":\"search_term_string\"}}],\"inLanguage\":\"es\"},{\"@type\":\"Organization\",\"@id\":\"http:\/\/mavisel.com\/#organization\",\"name\":\"Mavisel\",\"url\":\"http:\/\/mavisel.com\/\",\"logo\":{\"@type\":\"ImageObject\",\"inLanguage\":\"es\",\"@id\":\"http:\/\/mavisel.com\/#\/schema\/logo\/image\/\",\"url\":\"https:\/\/mavisel.com\/wp-content\/uploads\/2024\/09\/cropped-cropped-MAVISEL-1.png\",\"contentUrl\":\"https:\/\/mavisel.com\/wp-content\/uploads\/2024\/09\/cropped-cropped-MAVISEL-1.png\",\"width\":512,\"height\":213,\"caption\":\"Mavisel\"},\"image\":{\"@id\":\"http:\/\/mavisel.com\/#\/schema\/logo\/image\/\"}}]}<\/script>\n<!-- \/ Yoast SEO plugin. -->","yoast_head_json":{"title":"Top bikini Eden bandeau - Mavisel","description":"Un look veraniego lleno de color es el top bikini Eden bandeau con tirantes desmontables y estampado de flores peque\u00f1as en verdes, amarillo y rosa.","robots":{"index":"index","follow":"follow","max-snippet":"max-snippet:-1","max-image-preview":"max-image-preview:large","max-video-preview":"max-video-preview:-1"},"canonical":"https:\/\/mavisel.com\/producto\/top-bikini-eden-bandeau\/","og_locale":"es_ES","og_type":"article","og_title":"Top bikini Eden bandeau - Mavisel","og_description":"Un look veraniego lleno de color es el top bikini Eden bandeau con tirantes desmontables y estampado de flores peque\u00f1as en verdes, amarillo y rosa.","og_url":"https:\/\/mavisel.com\/producto\/top-bikini-eden-bandeau\/","og_site_name":"Mavisel","article_modified_time":"2026-02-13T12:39:48+00:00","og_image":[{"width":303,"height":451,"url":"https:\/\/mavisel.com\/wp-content\/uploads\/2026\/02\/top-bikini-eden-8062.130.png","type":"image\/png"}],"twitter_card":"summary_large_image","twitter_misc":{"Tiempo de lectura":"1 minuto"},"schema":{"@context":"https:\/\/schema.org","@graph":[{"@type":"WebPage","@id":"https:\/\/mavisel.com\/producto\/top-bikini-eden-bandeau\/","url":"https:\/\/mavisel.com\/producto\/top-bikini-eden-bandeau\/","name":"Top bikini Eden bandeau - Mavisel","isPartOf":{"@id":"http:\/\/mavisel.com\/#website"},"primaryImageOfPage":{"@id":"https:\/\/mavisel.com\/producto\/top-bikini-eden-bandeau\/#primaryimage"},"image":{"@id":"https:\/\/mavisel.com\/producto\/top-bikini-eden-bandeau\/#primaryimage"},"thumbnailUrl":"https:\/\/mavisel.com\/wp-content\/uploads\/2026\/02\/top-bikini-eden-8062.130.png","datePublished":"2026-02-12T11:42:44+00:00","dateModified":"2026-02-13T12:39:48+00:00","description":"Un look veraniego lleno de color es el top bikini Eden bandeau con tirantes desmontables y estampado de flores peque\u00f1as en verdes, amarillo y rosa.","breadcrumb":{"@id":"https:\/\/mavisel.com\/producto\/top-bikini-eden-bandeau\/#breadcrumb"},"inLanguage":"es","potentialAction":[{"@type":"ReadAction","target":["https:\/\/mavisel.com\/producto\/top-bikini-eden-bandeau\/"]}]},{"@type":"ImageObject","inLanguage":"es","@id":"https:\/\/mavisel.com\/producto\/top-bikini-eden-bandeau\/#primaryimage","url":"https:\/\/mavisel.com\/wp-content\/uploads\/2026\/02\/top-bikini-eden-8062.130.png","contentUrl":"https:\/\/mavisel.com\/wp-content\/uploads\/2026\/02\/top-bikini-eden-8062.130.png","width":303,"height":451,"caption":"Top bikini Eden"},{"@type":"BreadcrumbList","@id":"https:\/\/mavisel.com\/producto\/top-bikini-eden-bandeau\/#breadcrumb","itemListElement":[{"@type":"ListItem","position":1,"name":"Portada","item":"https:\/\/mavisel.com\/"},{"@type":"ListItem","position":2,"name":"Home","item":"https:\/\/mavisel.com\/"},{"@type":"ListItem","position":3,"name":"Top bikini Eden bandeau"}]},{"@type":"WebSite","@id":"http:\/\/mavisel.com\/#website","url":"http:\/\/mavisel.com\/","name":"Mavisel","description":"Marca espa\u00f1ola de moda de ba\u00f1o para mujer","publisher":{"@id":"http:\/\/mavisel.com\/#organization"},"potentialAction":[{"@type":"SearchAction","target":{"@type":"EntryPoint","urlTemplate":"http:\/\/mavisel.com\/?s={search_term_string}"},"query-input":{"@type":"PropertyValueSpecification","valueRequired":true,"valueName":"search_term_string"}}],"inLanguage":"es"},{"@type":"Organization","@id":"http:\/\/mavisel.com\/#organization","name":"Mavisel","url":"http:\/\/mavisel.com\/","logo":{"@type":"ImageObject","inLanguage":"es","@id":"http:\/\/mavisel.com\/#\/schema\/logo\/image\/","url":"https:\/\/mavisel.com\/wp-content\/uploads\/2024\/09\/cropped-cropped-MAVISEL-1.png","contentUrl":"https:\/\/mavisel.com\/wp-content\/uploads\/2024\/09\/cropped-cropped-MAVISEL-1.png","width":512,"height":213,"caption":"Mavisel"},"image":{"@id":"http:\/\/mavisel.com\/#\/schema\/logo\/image\/"}}]}},"_links":{"self":[{"href":"https:\/\/mavisel.com\/index.php?rest_route=\/wp\/v2\/product\/2521","targetHints":{"allow":["GET"]}}],"collection":[{"href":"https:\/\/mavisel.com\/index.php?rest_route=\/wp\/v2\/product"}],"about":[{"href":"https:\/\/mavisel.com\/index.php?rest_route=\/wp\/v2\/types\/product"}],"replies":[{"embeddable":true,"href":"https:\/\/mavisel.com\/index.php?rest_route=%2Fwp%2Fv2%2Fcomments&post=2521"}],"wp:featuredmedia":[{"embeddable":true,"href":"https:\/\/mavisel.com\/index.php?rest_route=\/wp\/v2\/media\/2718"}],"wp:attachment":[{"href":"https:\/\/mavisel.com\/index.php?rest_route=%2Fwp%2Fv2%2Fmedia&parent=2521"}],"wp:term":[{"taxonomy":"product_brand","embeddable":true,"href":"https:\/\/mavisel.com\/index.php?rest_route=%2Fwp%2Fv2%2Fproduct_brand&post=2521"},{"taxonomy":"product_cat","embeddable":true,"href":"https:\/\/mavisel.com\/index.php?rest_route=%2Fwp%2Fv2%2Fproduct_cat&post=2521"},{"taxonomy":"product_tag","embeddable":true,"href":"https:\/\/mavisel.com\/index.php?rest_route=%2Fwp%2Fv2%2Fproduct_tag&post=2521"}],"curies":[{"name":"wp","href":"https:\/\/api.w.org\/{rel}","templated":true}]}}