{"id":2491,"date":"2026-02-12T12:42:36","date_gmt":"2026-02-12T11:42:36","guid":{"rendered":"https:\/\/mavisel.com\/?post_type=product&#038;p=2491"},"modified":"2026-02-12T14:06:06","modified_gmt":"2026-02-12T13:06:06","slug":"banador-zafiro-corte-pico","status":"publish","type":"product","link":"https:\/\/mavisel.com\/?product=banador-zafiro-corte-pico","title":{"rendered":"Ba\u00f1ador Zafiro corte pico"},"content":{"rendered":"<p>Ba\u00f1ador Zafiro con favorecedor <strong>corte pico<\/strong> que estiliza la silueta y aporta un toque femenino y atemporal. Su <strong>color azul liso intenso<\/strong> transmite elegancia y simplicidad, convirti\u00e9ndolo en un b\u00e1sico imprescindible del verano. De dise\u00f1o minimalista y limpio, con <strong>espalda tipo nadadora<\/strong> que garantiza sujeci\u00f3n y libertad de movimiento, combinando comodidad y estilo en una pieza vers\u00e1til para la playa o la piscina<\/p>\n","protected":false},"excerpt":{"rendered":"<p>Ba\u00f1ador Zafiro <strong>corte pico<\/strong> y <strong>azul liso intenso<\/strong>, un modelo sencillo y elegante. Su <strong>espalda tipo nadadora<\/strong> ofrece comodidad y sujeci\u00f3n para un look veraniego pr\u00e1ctico y favorecedor.<\/p>\n","protected":false},"featured_media":2690,"comment_status":"open","ping_status":"closed","template":"","meta":[],"product_brand":[70],"product_cat":[163,168,179],"product_tag":[],"class_list":{"0":"post-2491","1":"product","2":"type-product","3":"status-publish","4":"has-post-thumbnail","6":"product_brand-mavisel","7":"product_cat-moda-de-bano","8":"product_cat-banadores","9":"product_cat-corte-pico","10":"pa_color-azul","11":"pa_talla-talla-85c","12":"pa_talla-talla-90c","13":"pa_talla-talla-95c","14":"pa_talla-talla-100c","15":"pa_talla-talla-105c","16":"pa_talla-talla-110c","18":"first","19":"instock","20":"shipping-taxable","21":"purchasable","22":"product-type-variable"},"yoast_head":"<!-- This site is optimized with the Yoast SEO plugin v26.8 - https:\/\/yoast.com\/product\/yoast-seo-wordpress\/ -->\n<title>Ba\u00f1ador Zafiro corte pico - Mavisel<\/title>\n<meta name=\"description\" content=\"El favorecedor ba\u00f1ador Zafiro corte pico y azul liso intenso, un modelo sencillo y elegante para las mujeres buscan comodidad y sujeci\u00f3n.\" \/>\n<meta name=\"robots\" content=\"index, follow, max-snippet:-1, max-image-preview:large, max-video-preview:-1\" \/>\n<link rel=\"canonical\" href=\"https:\/\/mavisel.com\/producto\/banador-zafiro-corte-pico\/\" \/>\n<meta property=\"og:locale\" content=\"es_ES\" \/>\n<meta property=\"og:type\" content=\"article\" \/>\n<meta property=\"og:title\" content=\"Ba\u00f1ador Zafiro corte pico - Mavisel\" \/>\n<meta property=\"og:description\" content=\"El favorecedor ba\u00f1ador Zafiro corte pico y azul liso intenso, un modelo sencillo y elegante para las mujeres buscan comodidad y sujeci\u00f3n.\" \/>\n<meta property=\"og:url\" content=\"https:\/\/mavisel.com\/producto\/banador-zafiro-corte-pico\/\" \/>\n<meta property=\"og:site_name\" content=\"Mavisel\" \/>\n<meta property=\"article:modified_time\" content=\"2026-02-12T13:06:06+00:00\" \/>\n<meta property=\"og:image\" content=\"https:\/\/mavisel.com\/wp-content\/uploads\/2026\/02\/Banador-zafiro-4062.128.png\" \/>\n\t<meta property=\"og:image:width\" content=\"252\" \/>\n\t<meta property=\"og:image:height\" content=\"429\" \/>\n\t<meta property=\"og:image:type\" content=\"image\/png\" \/>\n<meta name=\"twitter:card\" content=\"summary_large_image\" \/>\n<meta name=\"twitter:label1\" content=\"Tiempo de lectura\" \/>\n\t<meta name=\"twitter:data1\" content=\"1 minuto\" \/>\n<script type=\"application\/ld+json\" class=\"yoast-schema-graph\">{\"@context\":\"https:\/\/schema.org\",\"@graph\":[{\"@type\":\"WebPage\",\"@id\":\"https:\/\/mavisel.com\/producto\/banador-zafiro-corte-pico\/\",\"url\":\"https:\/\/mavisel.com\/producto\/banador-zafiro-corte-pico\/\",\"name\":\"Ba\u00f1ador Zafiro corte pico - Mavisel\",\"isPartOf\":{\"@id\":\"http:\/\/mavisel.com\/#website\"},\"primaryImageOfPage\":{\"@id\":\"https:\/\/mavisel.com\/producto\/banador-zafiro-corte-pico\/#primaryimage\"},\"image\":{\"@id\":\"https:\/\/mavisel.com\/producto\/banador-zafiro-corte-pico\/#primaryimage\"},\"thumbnailUrl\":\"https:\/\/mavisel.com\/wp-content\/uploads\/2026\/02\/Banador-zafiro-4062.128.png\",\"datePublished\":\"2026-02-12T11:42:36+00:00\",\"dateModified\":\"2026-02-12T13:06:06+00:00\",\"description\":\"El favorecedor ba\u00f1ador Zafiro corte pico y azul liso intenso, un modelo sencillo y elegante para las mujeres buscan comodidad y sujeci\u00f3n.\",\"breadcrumb\":{\"@id\":\"https:\/\/mavisel.com\/producto\/banador-zafiro-corte-pico\/#breadcrumb\"},\"inLanguage\":\"es\",\"potentialAction\":[{\"@type\":\"ReadAction\",\"target\":[\"https:\/\/mavisel.com\/producto\/banador-zafiro-corte-pico\/\"]}]},{\"@type\":\"ImageObject\",\"inLanguage\":\"es\",\"@id\":\"https:\/\/mavisel.com\/producto\/banador-zafiro-corte-pico\/#primaryimage\",\"url\":\"https:\/\/mavisel.com\/wp-content\/uploads\/2026\/02\/Banador-zafiro-4062.128.png\",\"contentUrl\":\"https:\/\/mavisel.com\/wp-content\/uploads\/2026\/02\/Banador-zafiro-4062.128.png\",\"width\":252,\"height\":429,\"caption\":\"Ba\u00f1ador zafiro\"},{\"@type\":\"BreadcrumbList\",\"@id\":\"https:\/\/mavisel.com\/producto\/banador-zafiro-corte-pico\/#breadcrumb\",\"itemListElement\":[{\"@type\":\"ListItem\",\"position\":1,\"name\":\"Portada\",\"item\":\"https:\/\/mavisel.com\/\"},{\"@type\":\"ListItem\",\"position\":2,\"name\":\"Home\",\"item\":\"https:\/\/mavisel.com\/\"},{\"@type\":\"ListItem\",\"position\":3,\"name\":\"Ba\u00f1ador Zafiro corte pico\"}]},{\"@type\":\"WebSite\",\"@id\":\"http:\/\/mavisel.com\/#website\",\"url\":\"http:\/\/mavisel.com\/\",\"name\":\"Mavisel\",\"description\":\"Marca espa\u00f1ola de moda de ba\u00f1o para mujer\",\"publisher\":{\"@id\":\"http:\/\/mavisel.com\/#organization\"},\"potentialAction\":[{\"@type\":\"SearchAction\",\"target\":{\"@type\":\"EntryPoint\",\"urlTemplate\":\"http:\/\/mavisel.com\/?s={search_term_string}\"},\"query-input\":{\"@type\":\"PropertyValueSpecification\",\"valueRequired\":true,\"valueName\":\"search_term_string\"}}],\"inLanguage\":\"es\"},{\"@type\":\"Organization\",\"@id\":\"http:\/\/mavisel.com\/#organization\",\"name\":\"Mavisel\",\"url\":\"http:\/\/mavisel.com\/\",\"logo\":{\"@type\":\"ImageObject\",\"inLanguage\":\"es\",\"@id\":\"http:\/\/mavisel.com\/#\/schema\/logo\/image\/\",\"url\":\"https:\/\/mavisel.com\/wp-content\/uploads\/2024\/09\/cropped-cropped-MAVISEL-1.png\",\"contentUrl\":\"https:\/\/mavisel.com\/wp-content\/uploads\/2024\/09\/cropped-cropped-MAVISEL-1.png\",\"width\":512,\"height\":213,\"caption\":\"Mavisel\"},\"image\":{\"@id\":\"http:\/\/mavisel.com\/#\/schema\/logo\/image\/\"}}]}<\/script>\n<!-- \/ Yoast SEO plugin. -->","yoast_head_json":{"title":"Ba\u00f1ador Zafiro corte pico - Mavisel","description":"El favorecedor ba\u00f1ador Zafiro corte pico y azul liso intenso, un modelo sencillo y elegante para las mujeres buscan comodidad y sujeci\u00f3n.","robots":{"index":"index","follow":"follow","max-snippet":"max-snippet:-1","max-image-preview":"max-image-preview:large","max-video-preview":"max-video-preview:-1"},"canonical":"https:\/\/mavisel.com\/producto\/banador-zafiro-corte-pico\/","og_locale":"es_ES","og_type":"article","og_title":"Ba\u00f1ador Zafiro corte pico - Mavisel","og_description":"El favorecedor ba\u00f1ador Zafiro corte pico y azul liso intenso, un modelo sencillo y elegante para las mujeres buscan comodidad y sujeci\u00f3n.","og_url":"https:\/\/mavisel.com\/producto\/banador-zafiro-corte-pico\/","og_site_name":"Mavisel","article_modified_time":"2026-02-12T13:06:06+00:00","og_image":[{"width":252,"height":429,"url":"https:\/\/mavisel.com\/wp-content\/uploads\/2026\/02\/Banador-zafiro-4062.128.png","type":"image\/png"}],"twitter_card":"summary_large_image","twitter_misc":{"Tiempo de lectura":"1 minuto"},"schema":{"@context":"https:\/\/schema.org","@graph":[{"@type":"WebPage","@id":"https:\/\/mavisel.com\/producto\/banador-zafiro-corte-pico\/","url":"https:\/\/mavisel.com\/producto\/banador-zafiro-corte-pico\/","name":"Ba\u00f1ador Zafiro corte pico - Mavisel","isPartOf":{"@id":"http:\/\/mavisel.com\/#website"},"primaryImageOfPage":{"@id":"https:\/\/mavisel.com\/producto\/banador-zafiro-corte-pico\/#primaryimage"},"image":{"@id":"https:\/\/mavisel.com\/producto\/banador-zafiro-corte-pico\/#primaryimage"},"thumbnailUrl":"https:\/\/mavisel.com\/wp-content\/uploads\/2026\/02\/Banador-zafiro-4062.128.png","datePublished":"2026-02-12T11:42:36+00:00","dateModified":"2026-02-12T13:06:06+00:00","description":"El favorecedor ba\u00f1ador Zafiro corte pico y azul liso intenso, un modelo sencillo y elegante para las mujeres buscan comodidad y sujeci\u00f3n.","breadcrumb":{"@id":"https:\/\/mavisel.com\/producto\/banador-zafiro-corte-pico\/#breadcrumb"},"inLanguage":"es","potentialAction":[{"@type":"ReadAction","target":["https:\/\/mavisel.com\/producto\/banador-zafiro-corte-pico\/"]}]},{"@type":"ImageObject","inLanguage":"es","@id":"https:\/\/mavisel.com\/producto\/banador-zafiro-corte-pico\/#primaryimage","url":"https:\/\/mavisel.com\/wp-content\/uploads\/2026\/02\/Banador-zafiro-4062.128.png","contentUrl":"https:\/\/mavisel.com\/wp-content\/uploads\/2026\/02\/Banador-zafiro-4062.128.png","width":252,"height":429,"caption":"Ba\u00f1ador zafiro"},{"@type":"BreadcrumbList","@id":"https:\/\/mavisel.com\/producto\/banador-zafiro-corte-pico\/#breadcrumb","itemListElement":[{"@type":"ListItem","position":1,"name":"Portada","item":"https:\/\/mavisel.com\/"},{"@type":"ListItem","position":2,"name":"Home","item":"https:\/\/mavisel.com\/"},{"@type":"ListItem","position":3,"name":"Ba\u00f1ador Zafiro corte pico"}]},{"@type":"WebSite","@id":"http:\/\/mavisel.com\/#website","url":"http:\/\/mavisel.com\/","name":"Mavisel","description":"Marca espa\u00f1ola de moda de ba\u00f1o para mujer","publisher":{"@id":"http:\/\/mavisel.com\/#organization"},"potentialAction":[{"@type":"SearchAction","target":{"@type":"EntryPoint","urlTemplate":"http:\/\/mavisel.com\/?s={search_term_string}"},"query-input":{"@type":"PropertyValueSpecification","valueRequired":true,"valueName":"search_term_string"}}],"inLanguage":"es"},{"@type":"Organization","@id":"http:\/\/mavisel.com\/#organization","name":"Mavisel","url":"http:\/\/mavisel.com\/","logo":{"@type":"ImageObject","inLanguage":"es","@id":"http:\/\/mavisel.com\/#\/schema\/logo\/image\/","url":"https:\/\/mavisel.com\/wp-content\/uploads\/2024\/09\/cropped-cropped-MAVISEL-1.png","contentUrl":"https:\/\/mavisel.com\/wp-content\/uploads\/2024\/09\/cropped-cropped-MAVISEL-1.png","width":512,"height":213,"caption":"Mavisel"},"image":{"@id":"http:\/\/mavisel.com\/#\/schema\/logo\/image\/"}}]}},"_links":{"self":[{"href":"https:\/\/mavisel.com\/index.php?rest_route=\/wp\/v2\/product\/2491","targetHints":{"allow":["GET"]}}],"collection":[{"href":"https:\/\/mavisel.com\/index.php?rest_route=\/wp\/v2\/product"}],"about":[{"href":"https:\/\/mavisel.com\/index.php?rest_route=\/wp\/v2\/types\/product"}],"replies":[{"embeddable":true,"href":"https:\/\/mavisel.com\/index.php?rest_route=%2Fwp%2Fv2%2Fcomments&post=2491"}],"wp:featuredmedia":[{"embeddable":true,"href":"https:\/\/mavisel.com\/index.php?rest_route=\/wp\/v2\/media\/2690"}],"wp:attachment":[{"href":"https:\/\/mavisel.com\/index.php?rest_route=%2Fwp%2Fv2%2Fmedia&parent=2491"}],"wp:term":[{"taxonomy":"product_brand","embeddable":true,"href":"https:\/\/mavisel.com\/index.php?rest_route=%2Fwp%2Fv2%2Fproduct_brand&post=2491"},{"taxonomy":"product_cat","embeddable":true,"href":"https:\/\/mavisel.com\/index.php?rest_route=%2Fwp%2Fv2%2Fproduct_cat&post=2491"},{"taxonomy":"product_tag","embeddable":true,"href":"https:\/\/mavisel.com\/index.php?rest_route=%2Fwp%2Fv2%2Fproduct_tag&post=2491"}],"curies":[{"name":"wp","href":"https:\/\/api.w.org\/{rel}","templated":true}]}}