{"id":2461,"date":"2026-02-12T12:42:30","date_gmt":"2026-02-12T11:42:30","guid":{"rendered":"https:\/\/mavisel.com\/?post_type=product&#038;p=2461"},"modified":"2026-02-16T12:40:00","modified_gmt":"2026-02-16T11:40:00","slug":"banador-eden-corte-pico","status":"publish","type":"product","link":"https:\/\/mavisel.com\/?product=banador-eden-corte-pico","title":{"rendered":"Ba\u00f1ador Eden corte pico"},"content":{"rendered":"<p>Ba\u00f1ador Eden completo con favorecedor <strong>corte pico<\/strong> que estiliza la figura y aporta un toque femenino y delicado con su escote en V. Su <strong>estampado floral<\/strong> en tonos vibrantes crea un look fresco y rom\u00e1ntico, ideal para los d\u00edas de verano. El dise\u00f1o realza la silueta con naturalidad, combinando comodidad y estilo en una prenda vers\u00e1til perfecta para la playa o la piscina.<\/p>\n<p>Conj\u00fantalo con el <strong><a href=\"https:\/\/mavisel.com\/producto\/vestido-eden\/\">vestido Eden<\/a><\/strong> para lucirlo este verano.<\/p>\n","protected":false},"excerpt":{"rendered":"<p>Ba\u00f1ador Eden <strong>corte pico<\/strong> y encantador <strong>estampado floral<\/strong> que aporta un aire fresco y femenino. Una pieza c\u00f3moda y favorecedora, ideal para lucir un look veraniego lleno de color y estilo.<\/p>\n","protected":false},"featured_media":2672,"comment_status":"open","ping_status":"closed","template":"","meta":[],"product_brand":[70],"product_cat":[163,168,179],"product_tag":[],"class_list":{"0":"post-2461","1":"product","2":"type-product","3":"status-publish","4":"has-post-thumbnail","6":"product_brand-mavisel","7":"product_cat-moda-de-bano","8":"product_cat-banadores","9":"product_cat-corte-pico","10":"pa_color-estampado","11":"pa_talla-talla-85c","12":"pa_talla-talla-90c","13":"pa_talla-talla-95c","14":"pa_talla-talla-100c","15":"pa_talla-talla-105c","16":"pa_talla-talla-110c","18":"first","19":"instock","20":"shipping-taxable","21":"purchasable","22":"product-type-variable"},"yoast_head":"<!-- This site is optimized with the Yoast SEO plugin v26.8 - https:\/\/yoast.com\/product\/yoast-seo-wordpress\/ -->\n<title>Ba\u00f1ador Eden corte pico - Mavisel<\/title>\n<meta name=\"description\" content=\"Luce el nuevo ba\u00f1ador Eden corte pico y encantador estampado floral que aporta un aire fresco y femenino. Una pieza c\u00f3moda y favorecedora.\" \/>\n<meta name=\"robots\" content=\"index, follow, max-snippet:-1, max-image-preview:large, max-video-preview:-1\" \/>\n<link rel=\"canonical\" href=\"http:\/\/mavisel.com\/producto\/banador-eden-corte-pico\/\" \/>\n<meta property=\"og:locale\" content=\"es_ES\" \/>\n<meta property=\"og:type\" content=\"article\" \/>\n<meta property=\"og:title\" content=\"Ba\u00f1ador Eden corte pico - Mavisel\" \/>\n<meta property=\"og:description\" content=\"Luce el nuevo ba\u00f1ador Eden corte pico y encantador estampado floral que aporta un aire fresco y femenino. Una pieza c\u00f3moda y favorecedora.\" \/>\n<meta property=\"og:url\" content=\"http:\/\/mavisel.com\/producto\/banador-eden-corte-pico\/\" \/>\n<meta property=\"og:site_name\" content=\"Mavisel\" \/>\n<meta property=\"article:modified_time\" content=\"2026-02-16T11:40:00+00:00\" \/>\n<meta property=\"og:image\" content=\"http:\/\/mavisel.com\/wp-content\/uploads\/2026\/02\/banador-eden-4062.121.png\" \/>\n\t<meta property=\"og:image:width\" content=\"192\" \/>\n\t<meta property=\"og:image:height\" content=\"347\" \/>\n\t<meta property=\"og:image:type\" content=\"image\/png\" \/>\n<meta name=\"twitter:card\" content=\"summary_large_image\" \/>\n<meta name=\"twitter:label1\" content=\"Tiempo de lectura\" \/>\n\t<meta name=\"twitter:data1\" content=\"1 minuto\" \/>\n<script type=\"application\/ld+json\" class=\"yoast-schema-graph\">{\"@context\":\"https:\/\/schema.org\",\"@graph\":[{\"@type\":\"WebPage\",\"@id\":\"http:\/\/mavisel.com\/producto\/banador-eden-corte-pico\/\",\"url\":\"http:\/\/mavisel.com\/producto\/banador-eden-corte-pico\/\",\"name\":\"Ba\u00f1ador Eden corte pico - Mavisel\",\"isPartOf\":{\"@id\":\"http:\/\/mavisel.com\/#website\"},\"primaryImageOfPage\":{\"@id\":\"http:\/\/mavisel.com\/producto\/banador-eden-corte-pico\/#primaryimage\"},\"image\":{\"@id\":\"http:\/\/mavisel.com\/producto\/banador-eden-corte-pico\/#primaryimage\"},\"thumbnailUrl\":\"https:\/\/mavisel.com\/wp-content\/uploads\/2026\/02\/banador-eden-4062.121.png\",\"datePublished\":\"2026-02-12T11:42:30+00:00\",\"dateModified\":\"2026-02-16T11:40:00+00:00\",\"description\":\"Luce el nuevo ba\u00f1ador Eden corte pico y encantador estampado floral que aporta un aire fresco y femenino. Una pieza c\u00f3moda y favorecedora.\",\"breadcrumb\":{\"@id\":\"http:\/\/mavisel.com\/producto\/banador-eden-corte-pico\/#breadcrumb\"},\"inLanguage\":\"es\",\"potentialAction\":[{\"@type\":\"ReadAction\",\"target\":[\"http:\/\/mavisel.com\/producto\/banador-eden-corte-pico\/\"]}]},{\"@type\":\"ImageObject\",\"inLanguage\":\"es\",\"@id\":\"http:\/\/mavisel.com\/producto\/banador-eden-corte-pico\/#primaryimage\",\"url\":\"https:\/\/mavisel.com\/wp-content\/uploads\/2026\/02\/banador-eden-4062.121.png\",\"contentUrl\":\"https:\/\/mavisel.com\/wp-content\/uploads\/2026\/02\/banador-eden-4062.121.png\",\"width\":192,\"height\":347,\"caption\":\"ba\u00f1ador eden\"},{\"@type\":\"BreadcrumbList\",\"@id\":\"http:\/\/mavisel.com\/producto\/banador-eden-corte-pico\/#breadcrumb\",\"itemListElement\":[{\"@type\":\"ListItem\",\"position\":1,\"name\":\"Portada\",\"item\":\"https:\/\/mavisel.com\/\"},{\"@type\":\"ListItem\",\"position\":2,\"name\":\"Home\",\"item\":\"https:\/\/mavisel.com\/\"},{\"@type\":\"ListItem\",\"position\":3,\"name\":\"Ba\u00f1ador Eden corte pico\"}]},{\"@type\":\"WebSite\",\"@id\":\"http:\/\/mavisel.com\/#website\",\"url\":\"http:\/\/mavisel.com\/\",\"name\":\"Mavisel\",\"description\":\"Marca espa\u00f1ola de moda de ba\u00f1o para mujer\",\"publisher\":{\"@id\":\"http:\/\/mavisel.com\/#organization\"},\"potentialAction\":[{\"@type\":\"SearchAction\",\"target\":{\"@type\":\"EntryPoint\",\"urlTemplate\":\"http:\/\/mavisel.com\/?s={search_term_string}\"},\"query-input\":{\"@type\":\"PropertyValueSpecification\",\"valueRequired\":true,\"valueName\":\"search_term_string\"}}],\"inLanguage\":\"es\"},{\"@type\":\"Organization\",\"@id\":\"http:\/\/mavisel.com\/#organization\",\"name\":\"Mavisel\",\"url\":\"http:\/\/mavisel.com\/\",\"logo\":{\"@type\":\"ImageObject\",\"inLanguage\":\"es\",\"@id\":\"http:\/\/mavisel.com\/#\/schema\/logo\/image\/\",\"url\":\"https:\/\/mavisel.com\/wp-content\/uploads\/2024\/09\/cropped-cropped-MAVISEL-1.png\",\"contentUrl\":\"https:\/\/mavisel.com\/wp-content\/uploads\/2024\/09\/cropped-cropped-MAVISEL-1.png\",\"width\":512,\"height\":213,\"caption\":\"Mavisel\"},\"image\":{\"@id\":\"http:\/\/mavisel.com\/#\/schema\/logo\/image\/\"}}]}<\/script>\n<!-- \/ Yoast SEO plugin. -->","yoast_head_json":{"title":"Ba\u00f1ador Eden corte pico - Mavisel","description":"Luce el nuevo ba\u00f1ador Eden corte pico y encantador estampado floral que aporta un aire fresco y femenino. Una pieza c\u00f3moda y favorecedora.","robots":{"index":"index","follow":"follow","max-snippet":"max-snippet:-1","max-image-preview":"max-image-preview:large","max-video-preview":"max-video-preview:-1"},"canonical":"http:\/\/mavisel.com\/producto\/banador-eden-corte-pico\/","og_locale":"es_ES","og_type":"article","og_title":"Ba\u00f1ador Eden corte pico - Mavisel","og_description":"Luce el nuevo ba\u00f1ador Eden corte pico y encantador estampado floral que aporta un aire fresco y femenino. Una pieza c\u00f3moda y favorecedora.","og_url":"http:\/\/mavisel.com\/producto\/banador-eden-corte-pico\/","og_site_name":"Mavisel","article_modified_time":"2026-02-16T11:40:00+00:00","og_image":[{"width":192,"height":347,"url":"http:\/\/mavisel.com\/wp-content\/uploads\/2026\/02\/banador-eden-4062.121.png","type":"image\/png"}],"twitter_card":"summary_large_image","twitter_misc":{"Tiempo de lectura":"1 minuto"},"schema":{"@context":"https:\/\/schema.org","@graph":[{"@type":"WebPage","@id":"http:\/\/mavisel.com\/producto\/banador-eden-corte-pico\/","url":"http:\/\/mavisel.com\/producto\/banador-eden-corte-pico\/","name":"Ba\u00f1ador Eden corte pico - Mavisel","isPartOf":{"@id":"http:\/\/mavisel.com\/#website"},"primaryImageOfPage":{"@id":"http:\/\/mavisel.com\/producto\/banador-eden-corte-pico\/#primaryimage"},"image":{"@id":"http:\/\/mavisel.com\/producto\/banador-eden-corte-pico\/#primaryimage"},"thumbnailUrl":"https:\/\/mavisel.com\/wp-content\/uploads\/2026\/02\/banador-eden-4062.121.png","datePublished":"2026-02-12T11:42:30+00:00","dateModified":"2026-02-16T11:40:00+00:00","description":"Luce el nuevo ba\u00f1ador Eden corte pico y encantador estampado floral que aporta un aire fresco y femenino. Una pieza c\u00f3moda y favorecedora.","breadcrumb":{"@id":"http:\/\/mavisel.com\/producto\/banador-eden-corte-pico\/#breadcrumb"},"inLanguage":"es","potentialAction":[{"@type":"ReadAction","target":["http:\/\/mavisel.com\/producto\/banador-eden-corte-pico\/"]}]},{"@type":"ImageObject","inLanguage":"es","@id":"http:\/\/mavisel.com\/producto\/banador-eden-corte-pico\/#primaryimage","url":"https:\/\/mavisel.com\/wp-content\/uploads\/2026\/02\/banador-eden-4062.121.png","contentUrl":"https:\/\/mavisel.com\/wp-content\/uploads\/2026\/02\/banador-eden-4062.121.png","width":192,"height":347,"caption":"ba\u00f1ador eden"},{"@type":"BreadcrumbList","@id":"http:\/\/mavisel.com\/producto\/banador-eden-corte-pico\/#breadcrumb","itemListElement":[{"@type":"ListItem","position":1,"name":"Portada","item":"https:\/\/mavisel.com\/"},{"@type":"ListItem","position":2,"name":"Home","item":"https:\/\/mavisel.com\/"},{"@type":"ListItem","position":3,"name":"Ba\u00f1ador Eden corte pico"}]},{"@type":"WebSite","@id":"http:\/\/mavisel.com\/#website","url":"http:\/\/mavisel.com\/","name":"Mavisel","description":"Marca espa\u00f1ola de moda de ba\u00f1o para mujer","publisher":{"@id":"http:\/\/mavisel.com\/#organization"},"potentialAction":[{"@type":"SearchAction","target":{"@type":"EntryPoint","urlTemplate":"http:\/\/mavisel.com\/?s={search_term_string}"},"query-input":{"@type":"PropertyValueSpecification","valueRequired":true,"valueName":"search_term_string"}}],"inLanguage":"es"},{"@type":"Organization","@id":"http:\/\/mavisel.com\/#organization","name":"Mavisel","url":"http:\/\/mavisel.com\/","logo":{"@type":"ImageObject","inLanguage":"es","@id":"http:\/\/mavisel.com\/#\/schema\/logo\/image\/","url":"https:\/\/mavisel.com\/wp-content\/uploads\/2024\/09\/cropped-cropped-MAVISEL-1.png","contentUrl":"https:\/\/mavisel.com\/wp-content\/uploads\/2024\/09\/cropped-cropped-MAVISEL-1.png","width":512,"height":213,"caption":"Mavisel"},"image":{"@id":"http:\/\/mavisel.com\/#\/schema\/logo\/image\/"}}]}},"_links":{"self":[{"href":"https:\/\/mavisel.com\/index.php?rest_route=\/wp\/v2\/product\/2461","targetHints":{"allow":["GET"]}}],"collection":[{"href":"https:\/\/mavisel.com\/index.php?rest_route=\/wp\/v2\/product"}],"about":[{"href":"https:\/\/mavisel.com\/index.php?rest_route=\/wp\/v2\/types\/product"}],"replies":[{"embeddable":true,"href":"https:\/\/mavisel.com\/index.php?rest_route=%2Fwp%2Fv2%2Fcomments&post=2461"}],"wp:featuredmedia":[{"embeddable":true,"href":"https:\/\/mavisel.com\/index.php?rest_route=\/wp\/v2\/media\/2672"}],"wp:attachment":[{"href":"https:\/\/mavisel.com\/index.php?rest_route=%2Fwp%2Fv2%2Fmedia&parent=2461"}],"wp:term":[{"taxonomy":"product_brand","embeddable":true,"href":"https:\/\/mavisel.com\/index.php?rest_route=%2Fwp%2Fv2%2Fproduct_brand&post=2461"},{"taxonomy":"product_cat","embeddable":true,"href":"https:\/\/mavisel.com\/index.php?rest_route=%2Fwp%2Fv2%2Fproduct_cat&post=2461"},{"taxonomy":"product_tag","embeddable":true,"href":"https:\/\/mavisel.com\/index.php?rest_route=%2Fwp%2Fv2%2Fproduct_tag&post=2461"}],"curies":[{"name":"wp","href":"https:\/\/api.w.org\/{rel}","templated":true}]}}