{"id":2459,"date":"2026-02-12T12:42:29","date_gmt":"2026-02-12T11:42:29","guid":{"rendered":"https:\/\/mavisel.com\/?post_type=product&#038;p=2459"},"modified":"2026-02-16T12:18:07","modified_gmt":"2026-02-16T11:18:07","slug":"banador-estrella-escote-redondo-con-adorno","status":"publish","type":"product","link":"https:\/\/mavisel.com\/?product=banador-estrella-escote-redondo-con-adorno","title":{"rendered":"Ba\u00f1ador Estrella escote redondo con adorno"},"content":{"rendered":"<p>Ba\u00f1ador Estrella <strong>escote redondo<\/strong> y delicado <strong>adorno frontal<\/strong> que aporta un toque sofisticado y femenino. Su dise\u00f1o en <strong>blanco y negro<\/strong> crea un contraste elegante y atemporal, ideal para lucir con estilo en la playa o la piscina. Los <strong>tirantes dobles<\/strong> estilizan los hombros y brindan mayor sujeci\u00f3n y comodidad, adapt\u00e1ndose perfectamente al cuerpo. Una prenda vers\u00e1til y favorecedora, pensada para realzar la silueta con un aire moderno y refinado.<\/p>\n<p>Completa el look con el <strong><a href=\"https:\/\/mavisel.com\/producto\/kaftan-estrella-con-manga\/\">kaft\u00e1n Estrella con mangas.<\/a><\/strong><\/p>\n","protected":false},"excerpt":{"rendered":"<p>Ba\u00f1ador Estrella con <strong>escote redondo<\/strong> y elegante <strong>adorno frontal<\/strong> que realza la silueta con un toque sofisticado. Su dise\u00f1o en <strong>blanco y negro<\/strong> aporta un estilo atemporal y favorecedor, mientras que los <strong>tirantes dobles<\/strong> garantizan mayor sujeci\u00f3n y comodidad. Una pieza moderna y vers\u00e1til para lucir impecable en la playa o la piscina.<\/p>\n","protected":false},"featured_media":2665,"comment_status":"open","ping_status":"closed","template":"","meta":[],"product_brand":[70],"product_cat":[163,168,181],"product_tag":[],"class_list":{"0":"post-2459","1":"product","2":"type-product","3":"status-publish","4":"has-post-thumbnail","6":"product_brand-mavisel","7":"product_cat-moda-de-bano","8":"product_cat-banadores","9":"product_cat-escote-redondo","10":"pa_color-estampado","11":"pa_talla-talla-85c","12":"pa_talla-talla-90c","13":"pa_talla-talla-95c","14":"pa_talla-talla-100c","15":"pa_talla-talla-105c","17":"first","18":"instock","19":"shipping-taxable","20":"purchasable","21":"product-type-variable"},"yoast_head":"<!-- This site is optimized with the Yoast SEO plugin v26.8 - https:\/\/yoast.com\/product\/yoast-seo-wordpress\/ -->\n<title>Ba\u00f1ador Estrella escote redondo con adorno - Mavisel<\/title>\n<meta name=\"description\" content=\"Ba\u00f1ador Estrella con escote redondo y elegante adorno frontal que realza la silueta con un toque sofisticado. Su dise\u00f1o es un estilo atemporal y favorecedor\" \/>\n<meta name=\"robots\" content=\"index, follow, max-snippet:-1, max-image-preview:large, max-video-preview:-1\" \/>\n<link rel=\"canonical\" href=\"http:\/\/mavisel.com\/producto\/banador-estrella-escote-redondo-con-adorno\/\" \/>\n<meta property=\"og:locale\" content=\"es_ES\" \/>\n<meta property=\"og:type\" content=\"article\" \/>\n<meta property=\"og:title\" content=\"Ba\u00f1ador Estrella escote redondo con adorno - Mavisel\" \/>\n<meta property=\"og:description\" content=\"Ba\u00f1ador Estrella con escote redondo y elegante adorno frontal que realza la silueta con un toque sofisticado. Su dise\u00f1o es un estilo atemporal y favorecedor\" \/>\n<meta property=\"og:url\" content=\"http:\/\/mavisel.com\/producto\/banador-estrella-escote-redondo-con-adorno\/\" \/>\n<meta property=\"og:site_name\" content=\"Mavisel\" \/>\n<meta property=\"article:modified_time\" content=\"2026-02-16T11:18:07+00:00\" \/>\n<meta property=\"og:image\" content=\"http:\/\/mavisel.com\/wp-content\/uploads\/2026\/02\/banador-estrella-4062-117-2.png\" \/>\n\t<meta property=\"og:image:width\" content=\"418\" \/>\n\t<meta property=\"og:image:height\" content=\"624\" \/>\n\t<meta property=\"og:image:type\" content=\"image\/png\" \/>\n<meta name=\"twitter:card\" content=\"summary_large_image\" \/>\n<meta name=\"twitter:label1\" content=\"Tiempo de lectura\" \/>\n\t<meta name=\"twitter:data1\" content=\"1 minuto\" \/>\n<script type=\"application\/ld+json\" class=\"yoast-schema-graph\">{\"@context\":\"https:\/\/schema.org\",\"@graph\":[{\"@type\":\"WebPage\",\"@id\":\"http:\/\/mavisel.com\/producto\/banador-estrella-escote-redondo-con-adorno\/\",\"url\":\"http:\/\/mavisel.com\/producto\/banador-estrella-escote-redondo-con-adorno\/\",\"name\":\"Ba\u00f1ador Estrella escote redondo con adorno - Mavisel\",\"isPartOf\":{\"@id\":\"http:\/\/mavisel.com\/#website\"},\"primaryImageOfPage\":{\"@id\":\"http:\/\/mavisel.com\/producto\/banador-estrella-escote-redondo-con-adorno\/#primaryimage\"},\"image\":{\"@id\":\"http:\/\/mavisel.com\/producto\/banador-estrella-escote-redondo-con-adorno\/#primaryimage\"},\"thumbnailUrl\":\"https:\/\/mavisel.com\/wp-content\/uploads\/2026\/02\/banador-estrella-4062-117-2.png\",\"datePublished\":\"2026-02-12T11:42:29+00:00\",\"dateModified\":\"2026-02-16T11:18:07+00:00\",\"description\":\"Ba\u00f1ador Estrella con escote redondo y elegante adorno frontal que realza la silueta con un toque sofisticado. Su dise\u00f1o es un estilo atemporal y favorecedor\",\"breadcrumb\":{\"@id\":\"http:\/\/mavisel.com\/producto\/banador-estrella-escote-redondo-con-adorno\/#breadcrumb\"},\"inLanguage\":\"es\",\"potentialAction\":[{\"@type\":\"ReadAction\",\"target\":[\"http:\/\/mavisel.com\/producto\/banador-estrella-escote-redondo-con-adorno\/\"]}]},{\"@type\":\"ImageObject\",\"inLanguage\":\"es\",\"@id\":\"http:\/\/mavisel.com\/producto\/banador-estrella-escote-redondo-con-adorno\/#primaryimage\",\"url\":\"https:\/\/mavisel.com\/wp-content\/uploads\/2026\/02\/banador-estrella-4062-117-2.png\",\"contentUrl\":\"https:\/\/mavisel.com\/wp-content\/uploads\/2026\/02\/banador-estrella-4062-117-2.png\",\"width\":418,\"height\":624,\"caption\":\"Ba\u00f1ador estrella\"},{\"@type\":\"BreadcrumbList\",\"@id\":\"http:\/\/mavisel.com\/producto\/banador-estrella-escote-redondo-con-adorno\/#breadcrumb\",\"itemListElement\":[{\"@type\":\"ListItem\",\"position\":1,\"name\":\"Portada\",\"item\":\"https:\/\/mavisel.com\/\"},{\"@type\":\"ListItem\",\"position\":2,\"name\":\"Home\",\"item\":\"https:\/\/mavisel.com\/\"},{\"@type\":\"ListItem\",\"position\":3,\"name\":\"Ba\u00f1ador Estrella escote redondo con adorno\"}]},{\"@type\":\"WebSite\",\"@id\":\"http:\/\/mavisel.com\/#website\",\"url\":\"http:\/\/mavisel.com\/\",\"name\":\"Mavisel\",\"description\":\"Marca espa\u00f1ola de moda de ba\u00f1o para mujer\",\"publisher\":{\"@id\":\"http:\/\/mavisel.com\/#organization\"},\"potentialAction\":[{\"@type\":\"SearchAction\",\"target\":{\"@type\":\"EntryPoint\",\"urlTemplate\":\"http:\/\/mavisel.com\/?s={search_term_string}\"},\"query-input\":{\"@type\":\"PropertyValueSpecification\",\"valueRequired\":true,\"valueName\":\"search_term_string\"}}],\"inLanguage\":\"es\"},{\"@type\":\"Organization\",\"@id\":\"http:\/\/mavisel.com\/#organization\",\"name\":\"Mavisel\",\"url\":\"http:\/\/mavisel.com\/\",\"logo\":{\"@type\":\"ImageObject\",\"inLanguage\":\"es\",\"@id\":\"http:\/\/mavisel.com\/#\/schema\/logo\/image\/\",\"url\":\"https:\/\/mavisel.com\/wp-content\/uploads\/2024\/09\/cropped-cropped-MAVISEL-1.png\",\"contentUrl\":\"https:\/\/mavisel.com\/wp-content\/uploads\/2024\/09\/cropped-cropped-MAVISEL-1.png\",\"width\":512,\"height\":213,\"caption\":\"Mavisel\"},\"image\":{\"@id\":\"http:\/\/mavisel.com\/#\/schema\/logo\/image\/\"}}]}<\/script>\n<!-- \/ Yoast SEO plugin. -->","yoast_head_json":{"title":"Ba\u00f1ador Estrella escote redondo con adorno - Mavisel","description":"Ba\u00f1ador Estrella con escote redondo y elegante adorno frontal que realza la silueta con un toque sofisticado. Su dise\u00f1o es un estilo atemporal y favorecedor","robots":{"index":"index","follow":"follow","max-snippet":"max-snippet:-1","max-image-preview":"max-image-preview:large","max-video-preview":"max-video-preview:-1"},"canonical":"http:\/\/mavisel.com\/producto\/banador-estrella-escote-redondo-con-adorno\/","og_locale":"es_ES","og_type":"article","og_title":"Ba\u00f1ador Estrella escote redondo con adorno - Mavisel","og_description":"Ba\u00f1ador Estrella con escote redondo y elegante adorno frontal que realza la silueta con un toque sofisticado. Su dise\u00f1o es un estilo atemporal y favorecedor","og_url":"http:\/\/mavisel.com\/producto\/banador-estrella-escote-redondo-con-adorno\/","og_site_name":"Mavisel","article_modified_time":"2026-02-16T11:18:07+00:00","og_image":[{"width":418,"height":624,"url":"http:\/\/mavisel.com\/wp-content\/uploads\/2026\/02\/banador-estrella-4062-117-2.png","type":"image\/png"}],"twitter_card":"summary_large_image","twitter_misc":{"Tiempo de lectura":"1 minuto"},"schema":{"@context":"https:\/\/schema.org","@graph":[{"@type":"WebPage","@id":"http:\/\/mavisel.com\/producto\/banador-estrella-escote-redondo-con-adorno\/","url":"http:\/\/mavisel.com\/producto\/banador-estrella-escote-redondo-con-adorno\/","name":"Ba\u00f1ador Estrella escote redondo con adorno - Mavisel","isPartOf":{"@id":"http:\/\/mavisel.com\/#website"},"primaryImageOfPage":{"@id":"http:\/\/mavisel.com\/producto\/banador-estrella-escote-redondo-con-adorno\/#primaryimage"},"image":{"@id":"http:\/\/mavisel.com\/producto\/banador-estrella-escote-redondo-con-adorno\/#primaryimage"},"thumbnailUrl":"https:\/\/mavisel.com\/wp-content\/uploads\/2026\/02\/banador-estrella-4062-117-2.png","datePublished":"2026-02-12T11:42:29+00:00","dateModified":"2026-02-16T11:18:07+00:00","description":"Ba\u00f1ador Estrella con escote redondo y elegante adorno frontal que realza la silueta con un toque sofisticado. Su dise\u00f1o es un estilo atemporal y favorecedor","breadcrumb":{"@id":"http:\/\/mavisel.com\/producto\/banador-estrella-escote-redondo-con-adorno\/#breadcrumb"},"inLanguage":"es","potentialAction":[{"@type":"ReadAction","target":["http:\/\/mavisel.com\/producto\/banador-estrella-escote-redondo-con-adorno\/"]}]},{"@type":"ImageObject","inLanguage":"es","@id":"http:\/\/mavisel.com\/producto\/banador-estrella-escote-redondo-con-adorno\/#primaryimage","url":"https:\/\/mavisel.com\/wp-content\/uploads\/2026\/02\/banador-estrella-4062-117-2.png","contentUrl":"https:\/\/mavisel.com\/wp-content\/uploads\/2026\/02\/banador-estrella-4062-117-2.png","width":418,"height":624,"caption":"Ba\u00f1ador estrella"},{"@type":"BreadcrumbList","@id":"http:\/\/mavisel.com\/producto\/banador-estrella-escote-redondo-con-adorno\/#breadcrumb","itemListElement":[{"@type":"ListItem","position":1,"name":"Portada","item":"https:\/\/mavisel.com\/"},{"@type":"ListItem","position":2,"name":"Home","item":"https:\/\/mavisel.com\/"},{"@type":"ListItem","position":3,"name":"Ba\u00f1ador Estrella escote redondo con adorno"}]},{"@type":"WebSite","@id":"http:\/\/mavisel.com\/#website","url":"http:\/\/mavisel.com\/","name":"Mavisel","description":"Marca espa\u00f1ola de moda de ba\u00f1o para mujer","publisher":{"@id":"http:\/\/mavisel.com\/#organization"},"potentialAction":[{"@type":"SearchAction","target":{"@type":"EntryPoint","urlTemplate":"http:\/\/mavisel.com\/?s={search_term_string}"},"query-input":{"@type":"PropertyValueSpecification","valueRequired":true,"valueName":"search_term_string"}}],"inLanguage":"es"},{"@type":"Organization","@id":"http:\/\/mavisel.com\/#organization","name":"Mavisel","url":"http:\/\/mavisel.com\/","logo":{"@type":"ImageObject","inLanguage":"es","@id":"http:\/\/mavisel.com\/#\/schema\/logo\/image\/","url":"https:\/\/mavisel.com\/wp-content\/uploads\/2024\/09\/cropped-cropped-MAVISEL-1.png","contentUrl":"https:\/\/mavisel.com\/wp-content\/uploads\/2024\/09\/cropped-cropped-MAVISEL-1.png","width":512,"height":213,"caption":"Mavisel"},"image":{"@id":"http:\/\/mavisel.com\/#\/schema\/logo\/image\/"}}]}},"_links":{"self":[{"href":"https:\/\/mavisel.com\/index.php?rest_route=\/wp\/v2\/product\/2459","targetHints":{"allow":["GET"]}}],"collection":[{"href":"https:\/\/mavisel.com\/index.php?rest_route=\/wp\/v2\/product"}],"about":[{"href":"https:\/\/mavisel.com\/index.php?rest_route=\/wp\/v2\/types\/product"}],"replies":[{"embeddable":true,"href":"https:\/\/mavisel.com\/index.php?rest_route=%2Fwp%2Fv2%2Fcomments&post=2459"}],"wp:featuredmedia":[{"embeddable":true,"href":"https:\/\/mavisel.com\/index.php?rest_route=\/wp\/v2\/media\/2665"}],"wp:attachment":[{"href":"https:\/\/mavisel.com\/index.php?rest_route=%2Fwp%2Fv2%2Fmedia&parent=2459"}],"wp:term":[{"taxonomy":"product_brand","embeddable":true,"href":"https:\/\/mavisel.com\/index.php?rest_route=%2Fwp%2Fv2%2Fproduct_brand&post=2459"},{"taxonomy":"product_cat","embeddable":true,"href":"https:\/\/mavisel.com\/index.php?rest_route=%2Fwp%2Fv2%2Fproduct_cat&post=2459"},{"taxonomy":"product_tag","embeddable":true,"href":"https:\/\/mavisel.com\/index.php?rest_route=%2Fwp%2Fv2%2Fproduct_tag&post=2459"}],"curies":[{"name":"wp","href":"https:\/\/api.w.org\/{rel}","templated":true}]}}