{"id":2345,"date":"2026-02-06T12:18:19","date_gmt":"2026-02-06T11:18:19","guid":{"rendered":"https:\/\/mavisel.com\/?post_type=product&#038;p=2345"},"modified":"2026-02-06T13:23:50","modified_gmt":"2026-02-06T12:23:50","slug":"top-bikini-fruitopia-con-aro-y-escote-entrelazado","status":"publish","type":"product","link":"https:\/\/mavisel.com\/?product=top-bikini-fruitopia-con-aro-y-escote-entrelazado","title":{"rendered":"Top bikini Fruitop\u00eda con aro y escote entrelazado"},"content":{"rendered":"<p>El top bikini fruitop\u00eda con aro y escote entrelazado ofrece una sujeci\u00f3n \u00f3ptima que permite que sea\u00a0muy favorecedor. Incorpora tirantes regulables para adaptar el ancho de la espalda y asegurar un ajuste c\u00f3modo. Su estampado floral destaca por la combinaci\u00f3n de flores rosas, naranjas, amarillas y verdes sobre un fondo azul. Disponible en <strong data-start=\"336\" data-end=\"346\">copa C<\/strong>, desde la <strong data-start=\"357\" data-end=\"382\">talla 95 hasta la 105<\/strong>.<br data-start=\"383\" data-end=\"386\" \/><strong data-start=\"386\" data-end=\"420\"><a href=\"https:\/\/mavisel.com\/producto\/braguita-fruitopia-cintura-alta-con-lazo-lateral\/\">La braguita Fruitop\u00eda cintura alta y lazo lateral<\/a> se vende por separado<\/strong>, lo que permite elegir la talla y el estilo que mejor se adapten a cada cuerpo para formar el mejor conjunto para este verano.<\/p>\n","protected":false},"excerpt":{"rendered":"<p>Top bikini Fruitop\u00eda con aro y escote entrelazado est\u00e1 dise\u00f1ado para ofrecer sujeci\u00f3n y realzar la figura con su favorecedor escote. Sus tirantes regulables permiten un ajuste c\u00f3modo y personalizado en la espalda. Destaca por su estampado floral sobre fondo azul, con una combinaci\u00f3n de colores vivos que transmite frescura, alegr\u00eda y esp\u00edritu veraniego. Disponible en copa C tallas de la 95 a la 105.<\/p>\n<p>La braga se vende por separado, permitiendo combinar y adaptar el conjunto al gusto de cada persona.<\/p>\n","protected":false},"featured_media":2351,"comment_status":"open","ping_status":"closed","template":"","meta":[],"product_brand":[70],"product_cat":[34,164],"product_tag":[],"class_list":{"0":"post-2345","1":"product","2":"type-product","3":"status-publish","4":"has-post-thumbnail","6":"product_brand-mavisel","7":"product_cat-top-bikinis","8":"product_cat-con-aro","9":"pa_color-azul","10":"pa_color-estampado","11":"pa_talla-talla-95c","12":"pa_talla-talla-100c","13":"pa_talla-talla-105c","15":"first","16":"instock","17":"shipping-taxable","18":"purchasable","19":"product-type-variable"},"yoast_head":"<!-- This site is optimized with the Yoast SEO plugin v26.8 - https:\/\/yoast.com\/product\/yoast-seo-wordpress\/ -->\n<title>Top bikini Fruitop\u00eda con aro y escote entrelazado - Mavisel<\/title>\n<meta name=\"description\" content=\"Top bikini Fruitop\u00eda con aro y escote entrelazado es de inspiraci\u00f3n veraniega y alegre por su estampado floral que aporta frescura, color y feminidad.\" \/>\n<meta name=\"robots\" content=\"index, follow, max-snippet:-1, max-image-preview:large, max-video-preview:-1\" \/>\n<link rel=\"canonical\" href=\"http:\/\/mavisel.com\/producto\/top-bikini-fruitopia-con-aro-y-escote-entrelazado\/\" \/>\n<meta property=\"og:locale\" content=\"es_ES\" \/>\n<meta property=\"og:type\" content=\"article\" \/>\n<meta property=\"og:title\" content=\"Top bikini Fruitop\u00eda con aro y escote entrelazado - Mavisel\" \/>\n<meta property=\"og:description\" content=\"Top bikini Fruitop\u00eda con aro y escote entrelazado es de inspiraci\u00f3n veraniega y alegre por su estampado floral que aporta frescura, color y feminidad.\" \/>\n<meta property=\"og:url\" content=\"http:\/\/mavisel.com\/producto\/top-bikini-fruitopia-con-aro-y-escote-entrelazado\/\" \/>\n<meta property=\"og:site_name\" content=\"Mavisel\" \/>\n<meta property=\"article:modified_time\" content=\"2026-02-06T12:23:50+00:00\" \/>\n<meta property=\"og:image\" content=\"http:\/\/mavisel.com\/wp-content\/uploads\/2026\/02\/top-bikini-fruitopia-con-aro-8062.151c.png\" \/>\n\t<meta property=\"og:image:width\" content=\"218\" \/>\n\t<meta property=\"og:image:height\" content=\"425\" \/>\n\t<meta property=\"og:image:type\" content=\"image\/png\" \/>\n<meta name=\"twitter:card\" content=\"summary_large_image\" \/>\n<meta name=\"twitter:label1\" content=\"Tiempo de lectura\" \/>\n\t<meta name=\"twitter:data1\" content=\"1 minuto\" \/>\n<script type=\"application\/ld+json\" class=\"yoast-schema-graph\">{\"@context\":\"https:\/\/schema.org\",\"@graph\":[{\"@type\":\"WebPage\",\"@id\":\"http:\/\/mavisel.com\/producto\/top-bikini-fruitopia-con-aro-y-escote-entrelazado\/\",\"url\":\"http:\/\/mavisel.com\/producto\/top-bikini-fruitopia-con-aro-y-escote-entrelazado\/\",\"name\":\"Top bikini Fruitop\u00eda con aro y escote entrelazado - Mavisel\",\"isPartOf\":{\"@id\":\"http:\/\/mavisel.com\/#website\"},\"primaryImageOfPage\":{\"@id\":\"http:\/\/mavisel.com\/producto\/top-bikini-fruitopia-con-aro-y-escote-entrelazado\/#primaryimage\"},\"image\":{\"@id\":\"http:\/\/mavisel.com\/producto\/top-bikini-fruitopia-con-aro-y-escote-entrelazado\/#primaryimage\"},\"thumbnailUrl\":\"https:\/\/mavisel.com\/wp-content\/uploads\/2026\/02\/top-bikini-fruitopia-con-aro-8062.151c.png\",\"datePublished\":\"2026-02-06T11:18:19+00:00\",\"dateModified\":\"2026-02-06T12:23:50+00:00\",\"description\":\"Top bikini Fruitop\u00eda con aro y escote entrelazado es de inspiraci\u00f3n veraniega y alegre por su estampado floral que aporta frescura, color y feminidad.\",\"breadcrumb\":{\"@id\":\"http:\/\/mavisel.com\/producto\/top-bikini-fruitopia-con-aro-y-escote-entrelazado\/#breadcrumb\"},\"inLanguage\":\"es\",\"potentialAction\":[{\"@type\":\"ReadAction\",\"target\":[\"http:\/\/mavisel.com\/producto\/top-bikini-fruitopia-con-aro-y-escote-entrelazado\/\"]}]},{\"@type\":\"ImageObject\",\"inLanguage\":\"es\",\"@id\":\"http:\/\/mavisel.com\/producto\/top-bikini-fruitopia-con-aro-y-escote-entrelazado\/#primaryimage\",\"url\":\"https:\/\/mavisel.com\/wp-content\/uploads\/2026\/02\/top-bikini-fruitopia-con-aro-8062.151c.png\",\"contentUrl\":\"https:\/\/mavisel.com\/wp-content\/uploads\/2026\/02\/top-bikini-fruitopia-con-aro-8062.151c.png\",\"width\":218,\"height\":425,\"caption\":\"Top bikini fruitop\u00eda con aro y esocte entrelazado\"},{\"@type\":\"BreadcrumbList\",\"@id\":\"http:\/\/mavisel.com\/producto\/top-bikini-fruitopia-con-aro-y-escote-entrelazado\/#breadcrumb\",\"itemListElement\":[{\"@type\":\"ListItem\",\"position\":1,\"name\":\"Portada\",\"item\":\"https:\/\/mavisel.com\/\"},{\"@type\":\"ListItem\",\"position\":2,\"name\":\"Home\",\"item\":\"https:\/\/mavisel.com\/\"},{\"@type\":\"ListItem\",\"position\":3,\"name\":\"Top bikini Fruitop\u00eda con aro y escote entrelazado\"}]},{\"@type\":\"WebSite\",\"@id\":\"http:\/\/mavisel.com\/#website\",\"url\":\"http:\/\/mavisel.com\/\",\"name\":\"Mavisel\",\"description\":\"Marca espa\u00f1ola de moda de ba\u00f1o para mujer\",\"publisher\":{\"@id\":\"http:\/\/mavisel.com\/#organization\"},\"potentialAction\":[{\"@type\":\"SearchAction\",\"target\":{\"@type\":\"EntryPoint\",\"urlTemplate\":\"http:\/\/mavisel.com\/?s={search_term_string}\"},\"query-input\":{\"@type\":\"PropertyValueSpecification\",\"valueRequired\":true,\"valueName\":\"search_term_string\"}}],\"inLanguage\":\"es\"},{\"@type\":\"Organization\",\"@id\":\"http:\/\/mavisel.com\/#organization\",\"name\":\"Mavisel\",\"url\":\"http:\/\/mavisel.com\/\",\"logo\":{\"@type\":\"ImageObject\",\"inLanguage\":\"es\",\"@id\":\"http:\/\/mavisel.com\/#\/schema\/logo\/image\/\",\"url\":\"https:\/\/mavisel.com\/wp-content\/uploads\/2024\/09\/cropped-cropped-MAVISEL-1.png\",\"contentUrl\":\"https:\/\/mavisel.com\/wp-content\/uploads\/2024\/09\/cropped-cropped-MAVISEL-1.png\",\"width\":512,\"height\":213,\"caption\":\"Mavisel\"},\"image\":{\"@id\":\"http:\/\/mavisel.com\/#\/schema\/logo\/image\/\"}}]}<\/script>\n<!-- \/ Yoast SEO plugin. -->","yoast_head_json":{"title":"Top bikini Fruitop\u00eda con aro y escote entrelazado - Mavisel","description":"Top bikini Fruitop\u00eda con aro y escote entrelazado es de inspiraci\u00f3n veraniega y alegre por su estampado floral que aporta frescura, color y feminidad.","robots":{"index":"index","follow":"follow","max-snippet":"max-snippet:-1","max-image-preview":"max-image-preview:large","max-video-preview":"max-video-preview:-1"},"canonical":"http:\/\/mavisel.com\/producto\/top-bikini-fruitopia-con-aro-y-escote-entrelazado\/","og_locale":"es_ES","og_type":"article","og_title":"Top bikini Fruitop\u00eda con aro y escote entrelazado - Mavisel","og_description":"Top bikini Fruitop\u00eda con aro y escote entrelazado es de inspiraci\u00f3n veraniega y alegre por su estampado floral que aporta frescura, color y feminidad.","og_url":"http:\/\/mavisel.com\/producto\/top-bikini-fruitopia-con-aro-y-escote-entrelazado\/","og_site_name":"Mavisel","article_modified_time":"2026-02-06T12:23:50+00:00","og_image":[{"width":218,"height":425,"url":"http:\/\/mavisel.com\/wp-content\/uploads\/2026\/02\/top-bikini-fruitopia-con-aro-8062.151c.png","type":"image\/png"}],"twitter_card":"summary_large_image","twitter_misc":{"Tiempo de lectura":"1 minuto"},"schema":{"@context":"https:\/\/schema.org","@graph":[{"@type":"WebPage","@id":"http:\/\/mavisel.com\/producto\/top-bikini-fruitopia-con-aro-y-escote-entrelazado\/","url":"http:\/\/mavisel.com\/producto\/top-bikini-fruitopia-con-aro-y-escote-entrelazado\/","name":"Top bikini Fruitop\u00eda con aro y escote entrelazado - Mavisel","isPartOf":{"@id":"http:\/\/mavisel.com\/#website"},"primaryImageOfPage":{"@id":"http:\/\/mavisel.com\/producto\/top-bikini-fruitopia-con-aro-y-escote-entrelazado\/#primaryimage"},"image":{"@id":"http:\/\/mavisel.com\/producto\/top-bikini-fruitopia-con-aro-y-escote-entrelazado\/#primaryimage"},"thumbnailUrl":"https:\/\/mavisel.com\/wp-content\/uploads\/2026\/02\/top-bikini-fruitopia-con-aro-8062.151c.png","datePublished":"2026-02-06T11:18:19+00:00","dateModified":"2026-02-06T12:23:50+00:00","description":"Top bikini Fruitop\u00eda con aro y escote entrelazado es de inspiraci\u00f3n veraniega y alegre por su estampado floral que aporta frescura, color y feminidad.","breadcrumb":{"@id":"http:\/\/mavisel.com\/producto\/top-bikini-fruitopia-con-aro-y-escote-entrelazado\/#breadcrumb"},"inLanguage":"es","potentialAction":[{"@type":"ReadAction","target":["http:\/\/mavisel.com\/producto\/top-bikini-fruitopia-con-aro-y-escote-entrelazado\/"]}]},{"@type":"ImageObject","inLanguage":"es","@id":"http:\/\/mavisel.com\/producto\/top-bikini-fruitopia-con-aro-y-escote-entrelazado\/#primaryimage","url":"https:\/\/mavisel.com\/wp-content\/uploads\/2026\/02\/top-bikini-fruitopia-con-aro-8062.151c.png","contentUrl":"https:\/\/mavisel.com\/wp-content\/uploads\/2026\/02\/top-bikini-fruitopia-con-aro-8062.151c.png","width":218,"height":425,"caption":"Top bikini fruitop\u00eda con aro y esocte entrelazado"},{"@type":"BreadcrumbList","@id":"http:\/\/mavisel.com\/producto\/top-bikini-fruitopia-con-aro-y-escote-entrelazado\/#breadcrumb","itemListElement":[{"@type":"ListItem","position":1,"name":"Portada","item":"https:\/\/mavisel.com\/"},{"@type":"ListItem","position":2,"name":"Home","item":"https:\/\/mavisel.com\/"},{"@type":"ListItem","position":3,"name":"Top bikini Fruitop\u00eda con aro y escote entrelazado"}]},{"@type":"WebSite","@id":"http:\/\/mavisel.com\/#website","url":"http:\/\/mavisel.com\/","name":"Mavisel","description":"Marca espa\u00f1ola de moda de ba\u00f1o para mujer","publisher":{"@id":"http:\/\/mavisel.com\/#organization"},"potentialAction":[{"@type":"SearchAction","target":{"@type":"EntryPoint","urlTemplate":"http:\/\/mavisel.com\/?s={search_term_string}"},"query-input":{"@type":"PropertyValueSpecification","valueRequired":true,"valueName":"search_term_string"}}],"inLanguage":"es"},{"@type":"Organization","@id":"http:\/\/mavisel.com\/#organization","name":"Mavisel","url":"http:\/\/mavisel.com\/","logo":{"@type":"ImageObject","inLanguage":"es","@id":"http:\/\/mavisel.com\/#\/schema\/logo\/image\/","url":"https:\/\/mavisel.com\/wp-content\/uploads\/2024\/09\/cropped-cropped-MAVISEL-1.png","contentUrl":"https:\/\/mavisel.com\/wp-content\/uploads\/2024\/09\/cropped-cropped-MAVISEL-1.png","width":512,"height":213,"caption":"Mavisel"},"image":{"@id":"http:\/\/mavisel.com\/#\/schema\/logo\/image\/"}}]}},"_links":{"self":[{"href":"https:\/\/mavisel.com\/index.php?rest_route=\/wp\/v2\/product\/2345","targetHints":{"allow":["GET"]}}],"collection":[{"href":"https:\/\/mavisel.com\/index.php?rest_route=\/wp\/v2\/product"}],"about":[{"href":"https:\/\/mavisel.com\/index.php?rest_route=\/wp\/v2\/types\/product"}],"replies":[{"embeddable":true,"href":"https:\/\/mavisel.com\/index.php?rest_route=%2Fwp%2Fv2%2Fcomments&post=2345"}],"wp:featuredmedia":[{"embeddable":true,"href":"https:\/\/mavisel.com\/index.php?rest_route=\/wp\/v2\/media\/2351"}],"wp:attachment":[{"href":"https:\/\/mavisel.com\/index.php?rest_route=%2Fwp%2Fv2%2Fmedia&parent=2345"}],"wp:term":[{"taxonomy":"product_brand","embeddable":true,"href":"https:\/\/mavisel.com\/index.php?rest_route=%2Fwp%2Fv2%2Fproduct_brand&post=2345"},{"taxonomy":"product_cat","embeddable":true,"href":"https:\/\/mavisel.com\/index.php?rest_route=%2Fwp%2Fv2%2Fproduct_cat&post=2345"},{"taxonomy":"product_tag","embeddable":true,"href":"https:\/\/mavisel.com\/index.php?rest_route=%2Fwp%2Fv2%2Fproduct_tag&post=2345"}],"curies":[{"name":"wp","href":"https:\/\/api.w.org\/{rel}","templated":true}]}}