{"id":10,"date":"2024-09-03T09:12:31","date_gmt":"2024-09-03T09:12:31","guid":{"rendered":"https:\/\/mavisel.com\/?page_id=10"},"modified":"2026-01-20T13:34:18","modified_gmt":"2026-01-20T13:34:18","slug":"10-2","status":"publish","type":"page","link":"https:\/\/mavisel.com\/?page_id=10","title":{"rendered":""},"content":{"rendered":"<div class=\"woocommerce\"><div class=\"woocommerce-notices-wrapper\"><\/div>\r\n\r\n<div class=\"xoo-el-form-container xoo-el-form-inline\" data-active=\"login\">\r\n\r\n\t\r\n\t\r\n\t\r\n<div class=\"xoo-el-header\">\r\n\t<ul class=\"xoo-el-tabs\">\r\n\t\t\r\n        \t\t  <li data-tab=\"login\" class=\"xoo-el-login-tgr\" style=\"order: 0 \">Acceder<\/li>\r\n        \r\n\t\t \r\n\t\t\t<li data-tab=\"register\" class=\"xoo-el-reg-tgr\" style=\"order: 1\">Registro<\/li>\r\n\t\t\r\n\t<\/ul>\r\n<\/div>\r\n\t\r\n\t\r\n\t\t\r\n\t\t\t\r\n\t\t<div data-section=\"login\" class=\"xoo-el-section\">\r\n\r\n\t\t\t<div class=\"xoo-el-fields\">\r\n\r\n\t\t\t\t<div class=\"xoo-el-notice\"><\/div>\r\n\t\t\t\t<form class=\"xoo-el-action-form xoo-el-form-login\">\r\n\r\n\t\t\t\t\t\r\n\t\t\t\t\t<div class=\"xoo-el-fields-cont\"><div class=\"xoo-aff-group xoo-aff-cont-text one xoo-aff-cont-required xoo-el-username_cont\"><div class=\"xoo-aff-input-group\"><span class=\"xoo-aff-input-icon far fa-envelope\"><\/span><input type=\"text\" class=\"xoo-aff-required xoo-aff-text xoo-aff-field\" name=\"xoo-el-username\" placeholder=\"Nombre de usuario \/ Correo electr\u00f3nico\"  value=\"\" required=\"\t\" autocomplete=\"username\"\/><\/div><\/div><div class=\"xoo-aff-group xoo-aff-cont-password one xoo-aff-cont-required xoo-el-password_cont\"><div class=\"xoo-aff-input-group\"><span class=\"xoo-aff-input-icon fas fa-key\"><\/span><input type=\"password\" class=\"xoo-aff-required xoo-aff-password xoo-aff-field\" name=\"xoo-el-password\" placeholder=\"Contrase\u00f1a\"  value=\"\" required=\"\t\" autocomplete=\"current-password\"\/><div class=\"xoo-aff-pw-toggle\">\r\n\t\t\t\t\t<span class=\"xoo-aff-pwtog-show\"><i class=\"far fa-eye\"><\/i><\/span>\r\n\t\t\t\t\t<span class=\"xoo-aff-pwtog-hide\"><i class=\"far fa-eye-slash\"><\/i><\/span>\r\n\t\t\t\t\t<\/div><\/div><\/div><\/div>\r\n<div class=\"xoo-aff-group xoo-el-login-btm-fields\">\r\n\t<label class=\"xoo-el-form-label\">\r\n\t\t<input type=\"checkbox\" name=\"xoo-el-rememberme\" value=\"forever\" \/>\r\n\t\t<span>Recu\u00e9rdame<\/span>\r\n\t<\/label>\r\n\t<a class=\"xoo-el-lostpw-tgr\" rel=\"nofollow\" href=\"#\">\u00bfHas olvidado la contrase\u00f1a?<\/a>\r\n<\/div>\r\n\r\n\r\n<input type=\"hidden\" name=\"_xoo_el_form\" value=\"login\">\r\n\r\n<button type=\"submit\" class=\"button btn xoo-el-action-btn xoo-el-login-btn\" >Acceder<\/button>\r\n\r\n<input type=\"hidden\" name=\"xoo_el_redirect\" value=\"\/index.php?rest_route=%2Fwp%2Fv2%2Fpages%2F10\">\r\n\t\t\t\t\t\r\n\t\t\t\t<\/form>\r\n\r\n\t\t\t\t\r\n\t\r\n\t\r\n\r\n\t\r\n\t\r\n\t\t\t<\/div>\r\n\r\n\t\t<\/div>\r\n\r\n\t\r\n\t\t\t\r\n\t\t<div data-section=\"register\" class=\"xoo-el-section\">\r\n\r\n\t\t\t<div class=\"xoo-el-fields\">\r\n\r\n\t\t\t\t<div class=\"xoo-el-notice\"><\/div>\r\n\t\t\t\t<form class=\"xoo-el-action-form xoo-el-form-register\">\r\n\r\n\t\t\t\t\t\r\n\t\t\t\t\t<div class=\"xoo-el-fields-cont\"><div class=\"xoo-aff-group xoo-aff-cont-email one xoo-aff-cont-required xoo_el_reg_email_cont\"><div class=\"xoo-aff-input-group\"><span class=\"xoo-aff-input-icon far fa-envelope\"><\/span><input type=\"email\" class=\"xoo-aff-required xoo-aff-email xoo-aff-field\" name=\"xoo_el_reg_email\" placeholder=\"Email\"  value=\"\" required=\"\t\" autocomplete=\"email\"\/><\/div><\/div><div class=\"xoo-aff-group xoo-aff-cont-password one xoo-aff-cont-required xoo_el_reg_pass_cont\"><div class=\"xoo-aff-input-group\"><span class=\"xoo-aff-input-icon fas fa-lock\"><\/span><input type=\"password\" class=\"xoo-aff-required xoo-aff-password xoo-aff-field\" name=\"xoo_el_reg_pass\" placeholder=\"Password\"  value=\"\" maxlength=\"20\" minlength=\"6\" required=\"\t\" autocomplete=\"new-password\"\/><div class=\"xoo-aff-pw-toggle\">\r\n\t\t\t\t\t<span class=\"xoo-aff-pwtog-show\"><i class=\"far fa-eye\"><\/i><\/span>\r\n\t\t\t\t\t<span class=\"xoo-aff-pwtog-hide\"><i class=\"far fa-eye-slash\"><\/i><\/span>\r\n\t\t\t\t\t<\/div><\/div><\/div><div class=\"xoo-aff-group xoo-aff-cont-password one xoo-aff-cont-required xoo_el_reg_pass_again_cont\"><div class=\"xoo-aff-input-group\"><span class=\"xoo-aff-input-icon fas fa-lock\"><\/span><input type=\"password\" class=\"xoo-aff-required xoo-aff-password xoo-aff-field\" name=\"xoo_el_reg_pass_again\" placeholder=\"Confirm Password\"  value=\"\" required=\"\t\" autocomplete=\"new-password\"\/><div class=\"xoo-aff-pw-toggle\">\r\n\t\t\t\t\t<span class=\"xoo-aff-pwtog-show\"><i class=\"far fa-eye\"><\/i><\/span>\r\n\t\t\t\t\t<span class=\"xoo-aff-pwtog-hide\"><i class=\"far fa-eye-slash\"><\/i><\/span>\r\n\t\t\t\t\t<\/div><\/div><\/div><div class=\"xoo-aff-group xoo-aff-cont-text onehalf xoo-aff-cont-required xoo_el_reg_fname_cont\"><div class=\"xoo-aff-input-group\"><span class=\"xoo-aff-input-icon far fa-user\"><\/span><input type=\"text\" class=\"xoo-aff-required xoo-aff-text xoo-aff-field\" name=\"xoo_el_reg_fname\" placeholder=\"First Name\"  value=\"\" required=\"\t\"\/><\/div><\/div><div class=\"xoo-aff-group xoo-aff-cont-text onehalf xoo-aff-cont-required xoo_el_reg_lname_cont\"><div class=\"xoo-aff-input-group\"><span class=\"xoo-aff-input-icon far fa-user\"><\/span><input type=\"text\" class=\"xoo-aff-required xoo-aff-text xoo-aff-field\" name=\"xoo_el_reg_lname\" placeholder=\"Last Name\"  value=\"\" required=\"\t\"\/><\/div><\/div><div class=\"xoo-aff-group xoo-aff-cont-checkbox_single one xoo-aff-cont-required xoo_el_reg_terms_cont\"><div class=\"xoo-aff-required xoo-aff-checkbox_single xoo-aff-field\"><label><input type=\"checkbox\" name=\"xoo_el_reg_terms\" class=\"xoo-aff-required xoo-aff-checkbox_single xoo-aff-field\" value=\"yes\" >I accept the <a href=\"privacy-policy\" target=\"_blank\"> Terms of Service and Privacy Policy <\/a><\/label><\/div><\/div><\/div>\r\n<input type=\"hidden\" name=\"_xoo_el_form\" value=\"register\">\r\n\r\n\r\n<button type=\"submit\" class=\"button btn xoo-el-action-btn xoo-el-register-btn\">Registro<\/button>\r\n\r\n<input type=\"hidden\" name=\"xoo_el_redirect\" value=\"\/index.php?rest_route=%2Fwp%2Fv2%2Fpages%2F10\">\r\n\t\t\t\t\t\r\n\t\t\t\t<\/form>\r\n\r\n\t\t\t\t\r\n\t\r\n\t\r\n\r\n\t\r\n\t\r\n\t\t\t<\/div>\r\n\r\n\t\t<\/div>\r\n\r\n\t\r\n\t\t\t\r\n\t\t<div data-section=\"lostpw\" class=\"xoo-el-section\">\r\n\r\n\t\t\t<div class=\"xoo-el-fields\">\r\n\r\n\t\t\t\t<div class=\"xoo-el-notice\"><\/div>\r\n\t\t\t\t<form class=\"xoo-el-action-form xoo-el-form-lostpw\">\r\n\r\n\t\t\t\t\t\r\n\t\t\t\t\t\r\n\r\n<span class=\"xoo-el-form-txt\">\u00bfHas perdido tu contrase\u00f1a? Por favor, introduce tu nombre de usuario o direcci\u00f3n de correo electr\u00f3nico. Recibir\u00e1s por correo electr\u00f3nico un enlace para crear una nueva contrase\u00f1a.<\/span>\r\n\r\n<div class=\"xoo-el-fields-cont\"><div class=\"xoo-aff-group xoo-aff-cont-text one xoo-aff-cont-required user_login_cont\"><div class=\"xoo-aff-input-group\"><span class=\"xoo-aff-input-icon fas fa-user-plus\"><\/span><input type=\"text\" class=\"xoo-aff-required xoo-aff-text xoo-aff-field\" name=\"user_login\" placeholder=\"Nombre de usuario \/ Correo electr\u00f3nico\"  value=\"\" required=\"\t\"\/><\/div><\/div><\/div>\r\n\r\n<input type=\"hidden\" name=\"_xoo_el_form\" value=\"lostPassword\">\r\n\r\n<input type=\"hidden\" name=\"_wp_http_referer\" value=\"\/index.php?rest_route=%2Fwp%2Fv2%2Fpages%2F10\" \/>\r\n<button type=\"submit\" class=\"button btn xoo-el-action-btn xoo-el-lostpw-btn\">Enviar el enlace para restablecer<\/button>\r\n\t\t\t\t\t\r\n\t\t\t\t<\/form>\r\n\r\n\t\t\t\t\r\n\t\r\n\t\r\n\r\n\t\r\n\t\r\n\t\t\t<\/div>\r\n\r\n\t\t<\/div>\r\n\r\n\t\r\n\t\r\n<\/div>\t\t\r\n<\/div>\n","protected":false},"excerpt":{"rendered":"","protected":false},"author":1,"featured_media":0,"parent":0,"menu_order":0,"comment_status":"closed","ping_status":"closed","template":"elementor_header_footer","meta":{"footnotes":""},"class_list":["post-10","page","type-page","status-publish","hentry"],"yoast_head":"<!-- This site is optimized with the Yoast SEO plugin v26.8 - https:\/\/yoast.com\/product\/yoast-seo-wordpress\/ -->\n<title>- Mavisel<\/title>\n<meta name=\"robots\" content=\"index, follow, max-snippet:-1, max-image-preview:large, max-video-preview:-1\" \/>\n<link rel=\"canonical\" href=\"https:\/\/mavisel.com\/?page_id=10\" \/>\n<meta property=\"og:locale\" content=\"es_ES\" \/>\n<meta property=\"og:type\" content=\"article\" \/>\n<meta property=\"og:title\" content=\"- Mavisel\" \/>\n<meta property=\"og:url\" content=\"https:\/\/mavisel.com\/?page_id=10\" \/>\n<meta property=\"og:site_name\" content=\"Mavisel\" \/>\n<meta property=\"article:modified_time\" content=\"2026-01-20T13:34:18+00:00\" \/>\n<meta name=\"twitter:card\" content=\"summary_large_image\" \/>\n<meta name=\"twitter:label1\" content=\"Tiempo de lectura\" \/>\n\t<meta name=\"twitter:data1\" content=\"1 minuto\" \/>\n<script type=\"application\/ld+json\" class=\"yoast-schema-graph\">{\"@context\":\"https:\/\/schema.org\",\"@graph\":[{\"@type\":\"WebPage\",\"@id\":\"https:\/\/mavisel.com\/?page_id=10\",\"url\":\"https:\/\/mavisel.com\/?page_id=10\",\"name\":\"- Mavisel\",\"isPartOf\":{\"@id\":\"http:\/\/mavisel.com\/#website\"},\"datePublished\":\"2024-09-03T09:12:31+00:00\",\"dateModified\":\"2026-01-20T13:34:18+00:00\",\"inLanguage\":\"es\",\"potentialAction\":[{\"@type\":\"ReadAction\",\"target\":[\"https:\/\/mavisel.com\/?page_id=10\"]}]},{\"@type\":\"WebSite\",\"@id\":\"http:\/\/mavisel.com\/#website\",\"url\":\"http:\/\/mavisel.com\/\",\"name\":\"Mavisel\",\"description\":\"Marca espa\u00f1ola de moda de ba\u00f1o para mujer\",\"publisher\":{\"@id\":\"http:\/\/mavisel.com\/#organization\"},\"potentialAction\":[{\"@type\":\"SearchAction\",\"target\":{\"@type\":\"EntryPoint\",\"urlTemplate\":\"http:\/\/mavisel.com\/?s={search_term_string}\"},\"query-input\":{\"@type\":\"PropertyValueSpecification\",\"valueRequired\":true,\"valueName\":\"search_term_string\"}}],\"inLanguage\":\"es\"},{\"@type\":\"Organization\",\"@id\":\"http:\/\/mavisel.com\/#organization\",\"name\":\"Mavisel\",\"url\":\"http:\/\/mavisel.com\/\",\"logo\":{\"@type\":\"ImageObject\",\"inLanguage\":\"es\",\"@id\":\"http:\/\/mavisel.com\/#\/schema\/logo\/image\/\",\"url\":\"https:\/\/mavisel.com\/wp-content\/uploads\/2024\/09\/cropped-cropped-MAVISEL-1.png\",\"contentUrl\":\"https:\/\/mavisel.com\/wp-content\/uploads\/2024\/09\/cropped-cropped-MAVISEL-1.png\",\"width\":512,\"height\":213,\"caption\":\"Mavisel\"},\"image\":{\"@id\":\"http:\/\/mavisel.com\/#\/schema\/logo\/image\/\"}}]}<\/script>\n<!-- \/ Yoast SEO plugin. -->","yoast_head_json":{"title":"- Mavisel","robots":{"index":"index","follow":"follow","max-snippet":"max-snippet:-1","max-image-preview":"max-image-preview:large","max-video-preview":"max-video-preview:-1"},"canonical":"https:\/\/mavisel.com\/?page_id=10","og_locale":"es_ES","og_type":"article","og_title":"- Mavisel","og_url":"https:\/\/mavisel.com\/?page_id=10","og_site_name":"Mavisel","article_modified_time":"2026-01-20T13:34:18+00:00","twitter_card":"summary_large_image","twitter_misc":{"Tiempo de lectura":"1 minuto"},"schema":{"@context":"https:\/\/schema.org","@graph":[{"@type":"WebPage","@id":"https:\/\/mavisel.com\/?page_id=10","url":"https:\/\/mavisel.com\/?page_id=10","name":"- Mavisel","isPartOf":{"@id":"http:\/\/mavisel.com\/#website"},"datePublished":"2024-09-03T09:12:31+00:00","dateModified":"2026-01-20T13:34:18+00:00","inLanguage":"es","potentialAction":[{"@type":"ReadAction","target":["https:\/\/mavisel.com\/?page_id=10"]}]},{"@type":"WebSite","@id":"http:\/\/mavisel.com\/#website","url":"http:\/\/mavisel.com\/","name":"Mavisel","description":"Marca espa\u00f1ola de moda de ba\u00f1o para mujer","publisher":{"@id":"http:\/\/mavisel.com\/#organization"},"potentialAction":[{"@type":"SearchAction","target":{"@type":"EntryPoint","urlTemplate":"http:\/\/mavisel.com\/?s={search_term_string}"},"query-input":{"@type":"PropertyValueSpecification","valueRequired":true,"valueName":"search_term_string"}}],"inLanguage":"es"},{"@type":"Organization","@id":"http:\/\/mavisel.com\/#organization","name":"Mavisel","url":"http:\/\/mavisel.com\/","logo":{"@type":"ImageObject","inLanguage":"es","@id":"http:\/\/mavisel.com\/#\/schema\/logo\/image\/","url":"https:\/\/mavisel.com\/wp-content\/uploads\/2024\/09\/cropped-cropped-MAVISEL-1.png","contentUrl":"https:\/\/mavisel.com\/wp-content\/uploads\/2024\/09\/cropped-cropped-MAVISEL-1.png","width":512,"height":213,"caption":"Mavisel"},"image":{"@id":"http:\/\/mavisel.com\/#\/schema\/logo\/image\/"}}]}},"_links":{"self":[{"href":"https:\/\/mavisel.com\/index.php?rest_route=\/wp\/v2\/pages\/10","targetHints":{"allow":["GET"]}}],"collection":[{"href":"https:\/\/mavisel.com\/index.php?rest_route=\/wp\/v2\/pages"}],"about":[{"href":"https:\/\/mavisel.com\/index.php?rest_route=\/wp\/v2\/types\/page"}],"author":[{"embeddable":true,"href":"https:\/\/mavisel.com\/index.php?rest_route=\/wp\/v2\/users\/1"}],"replies":[{"embeddable":true,"href":"https:\/\/mavisel.com\/index.php?rest_route=%2Fwp%2Fv2%2Fcomments&post=10"}],"version-history":[{"count":2,"href":"https:\/\/mavisel.com\/index.php?rest_route=\/wp\/v2\/pages\/10\/revisions"}],"predecessor-version":[{"id":2106,"href":"https:\/\/mavisel.com\/index.php?rest_route=\/wp\/v2\/pages\/10\/revisions\/2106"}],"wp:attachment":[{"href":"https:\/\/mavisel.com\/index.php?rest_route=%2Fwp%2Fv2%2Fmedia&parent=10"}],"curies":[{"name":"wp","href":"https:\/\/api.w.org\/{rel}","templated":true}]}}